{"id":16996,"date":"2025-06-02T12:52:50","date_gmt":"2025-06-02T10:52:50","guid":{"rendered":"https:\/\/www.garagemania.ch\/merci-de-nous-avoir-choisis\/"},"modified":"2025-06-02T12:52:51","modified_gmt":"2025-06-02T10:52:51","slug":"merci-de-nous-avoir-choisis","status":"publish","type":"page","link":"https:\/\/www.garagemania.ch\/fr\/merci-de-nous-avoir-choisis\/","title":{"rendered":"Merci de nous avoir choisis."},"content":{"rendered":"\t\t<div data-elementor-type=\"wp-page\" data-elementor-id=\"16996\" class=\"elementor elementor-16996 elementor-16950\" data-elementor-post-type=\"page\">\n\t\t\t\t<div class=\"elementor-element elementor-element-730afaa e-flex e-con-boxed e-con e-parent\" data-id=\"730afaa\" data-element_type=\"container\" data-e-type=\"container\" data-settings=\"{&quot;background_background&quot;:&quot;classic&quot;}\">\n\t\t\t\t\t<div class=\"e-con-inner\">\n\t\t<div class=\"elementor-element elementor-element-73c8d3a e-con-full e-flex e-con e-child\" data-id=\"73c8d3a\" data-element_type=\"container\" data-e-type=\"container\" data-settings=\"{&quot;background_background&quot;:&quot;classic&quot;}\">\n\t\t\t\t<div class=\"elementor-element elementor-element-ed1eea5 elementor-widget elementor-widget-heading\" data-id=\"ed1eea5\" data-element_type=\"widget\" data-e-type=\"widget\" data-widget_type=\"heading.default\">\n\t\t\t\t<div class=\"elementor-widget-container\">\n\t\t\t\t\t<h1 class=\"elementor-heading-title elementor-size-default\">Merci de nous avoir choisis.<\/h1>\t\t\t\t<\/div>\n\t\t\t\t<\/div>\n\t\t\t\t<div class=\"elementor-element elementor-element-8f57723 elementor-align-center elementor-widget elementor-widget-button\" data-id=\"8f57723\" data-element_type=\"widget\" data-e-type=\"widget\" data-widget_type=\"button.default\">\n\t\t\t\t<div class=\"elementor-widget-container\">\n\t\t\t\t\t\t\t\t\t<div class=\"elementor-button-wrapper\">\n\t\t\t\t\t<a class=\"elementor-button elementor-button-link elementor-size-sm\" href=\"https:\/\/www.garagemania.ch\/fr\/\">\n\t\t\t\t\t\t<span class=\"elementor-button-content-wrapper\">\n\t\t\t\t\t\t<span class=\"elementor-button-icon\">\n\t\t\t\t<i aria-hidden=\"true\" class=\"fas fa-arrow-right\"><\/i>\t\t\t<\/span>\n\t\t\t\t\t\t\t\t\t<span class=\"elementor-button-text\">Retour \u00e0 la page d'accueil<\/span>\n\t\t\t\t\t<\/span>\n\t\t\t\t\t<\/a>\n\t\t\t\t<\/div>\n\t\t\t\t\t\t\t\t<\/div>\n\t\t\t\t<\/div>\n\t\t\t\t<\/div>\n\t\t\t\t\t<\/div>\n\t\t\t\t<\/div>\n\t\t\t\t<\/div>\n\t\t","protected":false},"excerpt":{"rendered":"<p>Merci de nous avoir choisis. Retour \u00e0 la page d&rsquo;accueil<\/p>\n","protected":false},"author":2,"featured_media":16953,"parent":0,"menu_order":0,"comment_status":"closed","ping_status":"closed","template":"","meta":{"site-sidebar-layout":"no-sidebar","site-content-layout":"page-builder","ast-site-content-layout":"full-width-container","site-content-style":"default","site-sidebar-style":"default","ast-global-header-display":"","ast-banner-title-visibility":"","ast-main-header-display":"","ast-hfb-above-header-display":"","ast-hfb-below-header-display":"","ast-hfb-mobile-header-display":"","site-post-title":"disabled","ast-breadcrumbs-content":"","ast-featured-img":"disabled","footer-sml-layout":"","ast-disable-related-posts":"","theme-transparent-header-meta":"","adv-header-id-meta":"","stick-header-meta":"","header-above-stick-meta":"","header-main-stick-meta":"","header-below-stick-meta":"","astra-migrate-meta-layouts":"default","ast-page-background-enabled":"default","ast-page-background-meta":{"desktop":{"background-color":"","background-image":"","background-repeat":"repeat","background-position":"center center","background-size":"auto","background-attachment":"scroll","background-type":"","background-media":"","overlay-type":"","overlay-color":"","overlay-opacity":"","overlay-gradient":""},"tablet":{"background-color":"","background-image":"","background-repeat":"repeat","background-position":"center center","background-size":"auto","background-attachment":"scroll","background-type":"","background-media":"","overlay-type":"","overlay-color":"","overlay-opacity":"","overlay-gradient":""},"mobile":{"background-color":"","background-image":"","background-repeat":"repeat","background-position":"center center","background-size":"auto","background-attachment":"scroll","background-type":"","background-media":"","overlay-type":"","overlay-color":"","overlay-opacity":"","overlay-gradient":""}},"ast-content-background-meta":{"desktop":{"background-color":"var(--ast-global-color-5)","background-image":"","background-repeat":"repeat","background-position":"center center","background-size":"auto","background-attachment":"scroll","background-type":"","background-media":"","overlay-type":"","overlay-color":"","overlay-opacity":"","overlay-gradient":""},"tablet":{"background-color":"var(--ast-global-color-5)","background-image":"","background-repeat":"repeat","background-position":"center center","background-size":"auto","background-attachment":"scroll","background-type":"","background-media":"","overlay-type":"","overlay-color":"","overlay-opacity":"","overlay-gradient":""},"mobile":{"background-color":"var(--ast-global-color-5)","background-image":"","background-repeat":"repeat","background-position":"center center","background-size":"auto","background-attachment":"scroll","background-type":"","background-media":"","overlay-type":"","overlay-color":"","overlay-opacity":"","overlay-gradient":""}},"footnotes":""},"class_list":["post-16996","page","type-page","status-publish","has-post-thumbnail","hentry"],"yoast_head":"<!-- This site is optimized with the Yoast SEO Premium plugin v27.5 (Yoast SEO v27.5) - https:\/\/yoast.com\/product\/yoast-seo-premium-wordpress\/ -->\n<title>Merci d&#039;avoir choisi Garage Mania.<\/title>\n<meta name=\"description\" content=\"D\u00e9couvrez notre s\u00e9lection de produits GLADIATOR FABRIQU\u00c9S PAR WHIRLPOOL CORPORATION et con\u00e7us pour optimiser et am\u00e9nager votre garage.\" \/>\n<meta name=\"robots\" content=\"index, follow, max-snippet:-1, max-image-preview:large, max-video-preview:-1\" \/>\n<link rel=\"canonical\" href=\"https:\/\/www.garagemania.ch\/fr\/merci-de-nous-avoir-choisis\/\" \/>\n<meta property=\"og:locale\" content=\"fr_FR\" \/>\n<meta property=\"og:type\" content=\"article\" \/>\n<meta property=\"og:title\" content=\"Merci de nous avoir choisis.\" \/>\n<meta property=\"og:description\" content=\"D\u00e9couvrez notre s\u00e9lection de produits GLADIATOR FABRIQU\u00c9S PAR WHIRLPOOL CORPORATION et con\u00e7us pour optimiser et am\u00e9nager votre garage.\" \/>\n<meta property=\"og:url\" content=\"https:\/\/www.garagemania.ch\/fr\/merci-de-nous-avoir-choisis\/\" \/>\n<meta property=\"og:site_name\" content=\"Garage Mania\" \/>\n<meta property=\"article:publisher\" content=\"https:\/\/www.facebook.com\/garagemania.it\/\" \/>\n<meta property=\"article:modified_time\" content=\"2025-06-02T10:52:51+00:00\" \/>\n<meta property=\"og:image\" content=\"https:\/\/www.garagemania.ch\/wp-content\/uploads\/2025\/05\/grazie-per-aver-scelto-garage-mania.jpg\" \/>\n\t<meta property=\"og:image:width\" content=\"400\" \/>\n\t<meta property=\"og:image:height\" content=\"400\" \/>\n\t<meta property=\"og:image:type\" content=\"image\/jpeg\" \/>\n<meta name=\"twitter:card\" content=\"summary_large_image\" \/>\n<script type=\"application\/ld+json\" class=\"yoast-schema-graph\">{\"@context\":\"https:\\\/\\\/schema.org\",\"@graph\":[{\"@type\":\"WebPage\",\"@id\":\"https:\\\/\\\/www.garagemania.ch\\\/fr\\\/merci-de-nous-avoir-choisis\\\/\",\"url\":\"https:\\\/\\\/www.garagemania.ch\\\/fr\\\/merci-de-nous-avoir-choisis\\\/\",\"name\":\"Merci d'avoir choisi Garage Mania.\",\"isPartOf\":{\"@id\":\"https:\\\/\\\/www.garagemania.ch\\\/fr\\\/#website\"},\"primaryImageOfPage\":{\"@id\":\"https:\\\/\\\/www.garagemania.ch\\\/fr\\\/merci-de-nous-avoir-choisis\\\/#primaryimage\"},\"image\":{\"@id\":\"https:\\\/\\\/www.garagemania.ch\\\/fr\\\/merci-de-nous-avoir-choisis\\\/#primaryimage\"},\"thumbnailUrl\":\"https:\\\/\\\/www.garagemania.ch\\\/wp-content\\\/uploads\\\/2025\\\/05\\\/grazie-per-aver-scelto-garage-mania.jpg\",\"datePublished\":\"2025-06-02T10:52:50+00:00\",\"dateModified\":\"2025-06-02T10:52:51+00:00\",\"description\":\"D\u00e9couvrez notre s\u00e9lection de produits GLADIATOR FABRIQU\u00c9S PAR WHIRLPOOL CORPORATION et con\u00e7us pour optimiser et am\u00e9nager votre garage.\",\"breadcrumb\":{\"@id\":\"https:\\\/\\\/www.garagemania.ch\\\/fr\\\/merci-de-nous-avoir-choisis\\\/#breadcrumb\"},\"inLanguage\":\"fr-FR\",\"potentialAction\":[{\"@type\":\"ReadAction\",\"target\":[\"https:\\\/\\\/www.garagemania.ch\\\/fr\\\/merci-de-nous-avoir-choisis\\\/\"]}]},{\"@type\":\"ImageObject\",\"inLanguage\":\"fr-FR\",\"@id\":\"https:\\\/\\\/www.garagemania.ch\\\/fr\\\/merci-de-nous-avoir-choisis\\\/#primaryimage\",\"url\":\"https:\\\/\\\/www.garagemania.ch\\\/wp-content\\\/uploads\\\/2025\\\/05\\\/grazie-per-aver-scelto-garage-mania.jpg\",\"contentUrl\":\"https:\\\/\\\/www.garagemania.ch\\\/wp-content\\\/uploads\\\/2025\\\/05\\\/grazie-per-aver-scelto-garage-mania.jpg\",\"width\":400,\"height\":400},{\"@type\":\"BreadcrumbList\",\"@id\":\"https:\\\/\\\/www.garagemania.ch\\\/fr\\\/merci-de-nous-avoir-choisis\\\/#breadcrumb\",\"itemListElement\":[{\"@type\":\"ListItem\",\"position\":1,\"name\":\"Home\",\"item\":\"https:\\\/\\\/www.garagemania.ch\\\/fr\\\/homepage\\\/\"},{\"@type\":\"ListItem\",\"position\":2,\"name\":\"Merci de nous avoir choisis.\"}]},{\"@type\":\"WebSite\",\"@id\":\"https:\\\/\\\/www.garagemania.ch\\\/fr\\\/#website\",\"url\":\"https:\\\/\\\/www.garagemania.ch\\\/fr\\\/\",\"name\":\"Garage Mania\",\"description\":\"Il luogo ideale per tutti coloro che vogliono un garage super esclusivo\",\"publisher\":{\"@id\":\"https:\\\/\\\/www.garagemania.ch\\\/fr\\\/#organization\"},\"potentialAction\":[{\"@type\":\"SearchAction\",\"target\":{\"@type\":\"EntryPoint\",\"urlTemplate\":\"https:\\\/\\\/www.garagemania.ch\\\/fr\\\/?s={search_term_string}\"},\"query-input\":{\"@type\":\"PropertyValueSpecification\",\"valueRequired\":true,\"valueName\":\"search_term_string\"}}],\"inLanguage\":\"fr-FR\"},{\"@type\":\"Organization\",\"@id\":\"https:\\\/\\\/www.garagemania.ch\\\/fr\\\/#organization\",\"name\":\"GLADIATOR WORX SAGL\",\"url\":\"https:\\\/\\\/www.garagemania.ch\\\/fr\\\/\",\"logo\":{\"@type\":\"ImageObject\",\"inLanguage\":\"fr-FR\",\"@id\":\"https:\\\/\\\/www.garagemania.ch\\\/fr\\\/#\\\/schema\\\/logo\\\/image\\\/\",\"url\":\"https:\\\/\\\/www.garagemania.ch\\\/wp-content\\\/uploads\\\/2021\\\/03\\\/Logo-Garage-Mania.png\",\"contentUrl\":\"https:\\\/\\\/www.garagemania.ch\\\/wp-content\\\/uploads\\\/2021\\\/03\\\/Logo-Garage-Mania.png\",\"width\":300,\"height\":282,\"caption\":\"GLADIATOR WORX SAGL\"},\"image\":{\"@id\":\"https:\\\/\\\/www.garagemania.ch\\\/fr\\\/#\\\/schema\\\/logo\\\/image\\\/\"},\"sameAs\":[\"https:\\\/\\\/www.facebook.com\\\/garagemania.it\\\/\",\"https:\\\/\\\/www.instagram.com\\\/garagemania.it\\\/\"]}]}<\/script>\n<!-- \/ Yoast SEO Premium plugin. -->","yoast_head_json":{"title":"Merci d'avoir choisi Garage Mania.","description":"D\u00e9couvrez notre s\u00e9lection de produits GLADIATOR FABRIQU\u00c9S PAR WHIRLPOOL CORPORATION et con\u00e7us pour optimiser et am\u00e9nager votre garage.","robots":{"index":"index","follow":"follow","max-snippet":"max-snippet:-1","max-image-preview":"max-image-preview:large","max-video-preview":"max-video-preview:-1"},"canonical":"https:\/\/www.garagemania.ch\/fr\/merci-de-nous-avoir-choisis\/","og_locale":"fr_FR","og_type":"article","og_title":"Merci de nous avoir choisis.","og_description":"D\u00e9couvrez notre s\u00e9lection de produits GLADIATOR FABRIQU\u00c9S PAR WHIRLPOOL CORPORATION et con\u00e7us pour optimiser et am\u00e9nager votre garage.","og_url":"https:\/\/www.garagemania.ch\/fr\/merci-de-nous-avoir-choisis\/","og_site_name":"Garage Mania","article_publisher":"https:\/\/www.facebook.com\/garagemania.it\/","article_modified_time":"2025-06-02T10:52:51+00:00","og_image":[{"width":400,"height":400,"url":"https:\/\/www.garagemania.ch\/wp-content\/uploads\/2025\/05\/grazie-per-aver-scelto-garage-mania.jpg","type":"image\/jpeg"}],"twitter_card":"summary_large_image","schema":{"@context":"https:\/\/schema.org","@graph":[{"@type":"WebPage","@id":"https:\/\/www.garagemania.ch\/fr\/merci-de-nous-avoir-choisis\/","url":"https:\/\/www.garagemania.ch\/fr\/merci-de-nous-avoir-choisis\/","name":"Merci d'avoir choisi Garage Mania.","isPartOf":{"@id":"https:\/\/www.garagemania.ch\/fr\/#website"},"primaryImageOfPage":{"@id":"https:\/\/www.garagemania.ch\/fr\/merci-de-nous-avoir-choisis\/#primaryimage"},"image":{"@id":"https:\/\/www.garagemania.ch\/fr\/merci-de-nous-avoir-choisis\/#primaryimage"},"thumbnailUrl":"https:\/\/www.garagemania.ch\/wp-content\/uploads\/2025\/05\/grazie-per-aver-scelto-garage-mania.jpg","datePublished":"2025-06-02T10:52:50+00:00","dateModified":"2025-06-02T10:52:51+00:00","description":"D\u00e9couvrez notre s\u00e9lection de produits GLADIATOR FABRIQU\u00c9S PAR WHIRLPOOL CORPORATION et con\u00e7us pour optimiser et am\u00e9nager votre garage.","breadcrumb":{"@id":"https:\/\/www.garagemania.ch\/fr\/merci-de-nous-avoir-choisis\/#breadcrumb"},"inLanguage":"fr-FR","potentialAction":[{"@type":"ReadAction","target":["https:\/\/www.garagemania.ch\/fr\/merci-de-nous-avoir-choisis\/"]}]},{"@type":"ImageObject","inLanguage":"fr-FR","@id":"https:\/\/www.garagemania.ch\/fr\/merci-de-nous-avoir-choisis\/#primaryimage","url":"https:\/\/www.garagemania.ch\/wp-content\/uploads\/2025\/05\/grazie-per-aver-scelto-garage-mania.jpg","contentUrl":"https:\/\/www.garagemania.ch\/wp-content\/uploads\/2025\/05\/grazie-per-aver-scelto-garage-mania.jpg","width":400,"height":400},{"@type":"BreadcrumbList","@id":"https:\/\/www.garagemania.ch\/fr\/merci-de-nous-avoir-choisis\/#breadcrumb","itemListElement":[{"@type":"ListItem","position":1,"name":"Home","item":"https:\/\/www.garagemania.ch\/fr\/homepage\/"},{"@type":"ListItem","position":2,"name":"Merci de nous avoir choisis."}]},{"@type":"WebSite","@id":"https:\/\/www.garagemania.ch\/fr\/#website","url":"https:\/\/www.garagemania.ch\/fr\/","name":"Garage Mania","description":"Il luogo ideale per tutti coloro che vogliono un garage super esclusivo","publisher":{"@id":"https:\/\/www.garagemania.ch\/fr\/#organization"},"potentialAction":[{"@type":"SearchAction","target":{"@type":"EntryPoint","urlTemplate":"https:\/\/www.garagemania.ch\/fr\/?s={search_term_string}"},"query-input":{"@type":"PropertyValueSpecification","valueRequired":true,"valueName":"search_term_string"}}],"inLanguage":"fr-FR"},{"@type":"Organization","@id":"https:\/\/www.garagemania.ch\/fr\/#organization","name":"GLADIATOR WORX SAGL","url":"https:\/\/www.garagemania.ch\/fr\/","logo":{"@type":"ImageObject","inLanguage":"fr-FR","@id":"https:\/\/www.garagemania.ch\/fr\/#\/schema\/logo\/image\/","url":"https:\/\/www.garagemania.ch\/wp-content\/uploads\/2021\/03\/Logo-Garage-Mania.png","contentUrl":"https:\/\/www.garagemania.ch\/wp-content\/uploads\/2021\/03\/Logo-Garage-Mania.png","width":300,"height":282,"caption":"GLADIATOR WORX SAGL"},"image":{"@id":"https:\/\/www.garagemania.ch\/fr\/#\/schema\/logo\/image\/"},"sameAs":["https:\/\/www.facebook.com\/garagemania.it\/","https:\/\/www.instagram.com\/garagemania.it\/"]}]}},"_links":{"self":[{"href":"https:\/\/www.garagemania.ch\/fr\/wp-json\/wp\/v2\/pages\/16996","targetHints":{"allow":["GET"]}}],"collection":[{"href":"https:\/\/www.garagemania.ch\/fr\/wp-json\/wp\/v2\/pages"}],"about":[{"href":"https:\/\/www.garagemania.ch\/fr\/wp-json\/wp\/v2\/types\/page"}],"author":[{"embeddable":true,"href":"https:\/\/www.garagemania.ch\/fr\/wp-json\/wp\/v2\/users\/2"}],"replies":[{"embeddable":true,"href":"https:\/\/www.garagemania.ch\/fr\/wp-json\/wp\/v2\/comments?post=16996"}],"version-history":[{"count":1,"href":"https:\/\/www.garagemania.ch\/fr\/wp-json\/wp\/v2\/pages\/16996\/revisions"}],"predecessor-version":[{"id":16997,"href":"https:\/\/www.garagemania.ch\/fr\/wp-json\/wp\/v2\/pages\/16996\/revisions\/16997"}],"wp:featuredmedia":[{"embeddable":true,"href":"https:\/\/www.garagemania.ch\/fr\/wp-json\/wp\/v2\/media\/16953"}],"wp:attachment":[{"href":"https:\/\/www.garagemania.ch\/fr\/wp-json\/wp\/v2\/media?parent=16996"}],"curies":[{"name":"wp","href":"https:\/\/api.w.org\/{rel}","templated":true}]}}