{"id":11100,"date":"2021-06-18T17:13:22","date_gmt":"2021-06-18T15:13:22","guid":{"rendered":"https:\/\/www.garagemania.ch\/prodotto\/coffre-a-outils-roulettes-red-gladiator-gearbox-gagb272ddr\/"},"modified":"2023-11-04T09:42:22","modified_gmt":"2023-11-04T08:42:22","slug":"coffre-a-outils-roulettes-red-gladiator-gearbox-gagb272ddr","status":"publish","type":"product","link":"https:\/\/www.garagemania.ch\/fr\/produit\/coffre-a-outils-roulettes-red-gladiator-gearbox-gagb272ddr\/","title":{"rendered":"Coffre \u00e0 outils Rouge sur roulettes Gladiator\u00ae Gearbox GAGB272DDR"},"content":{"rendered":"","protected":false},"excerpt":{"rendered":"<p>GAGB272DDR Coffre \u00e0 outils Rouge sur roulettes. Solution de rangement des outils Gladiator\u00ae Garage Mania.<\/p>\n<p>Ce coffre \u00e0 outils se compose d\u2019une petite armoire de rangement avec des roulettes. Couleur rouge pour une touche d\u2019\u00e9l\u00e9gance dans votre garage.<\/p>\n<p>Ces roulettes facilitent les d\u00e9placements dans votre garage ou m\u00eame votre bureau.<\/p>\n<p>Equip\u00e9es d\u2019un syst\u00e8me de verrouillage s\u00e9curis\u00e9, elles assurent la stabilit\u00e9 de l\u2019armoire sur toutes les surfaces.<\/p>\n<p>Il est dot\u00e9 d\u2019une structure solide et r\u00e9sistante en acier et de 2 portes \u00e0 fermeture magn\u00e9tique. Charge maximale 635 kg.<\/p>\n<p>L\u2019armoire est modulable, permettant de ranger des outils de diff\u00e9rentes formes et tailles.<\/p>\n<p>L\u2019\u00e9tag\u00e8re centrale est dot\u00e9e d\u2019une coulisse \u00e0 billes pour une extraction douce et totale.<\/p>\n<p>Les 2 \u00e9tag\u00e8res sont recouvertes d\u2019un tapis antid\u00e9rapant, afin de prot\u00e9ger vos outils.<\/p>\n<p>Vous pouvez aussi associer ce coffre \u00e0 roulettes \u00e0 d\u2019autres rangements de Garage Mania selon vos besoins.<\/p>\n<p>D\u00e9couvrez tous nos coffres \u00e0 outils s\u00e9lectionn\u00e9s sp\u00e9cialement pour vous par Garage Mania !<\/p>\n","protected":false},"featured_media":8236,"comment_status":"open","ping_status":"closed","template":"","meta":{"site-sidebar-layout":"default","site-content-layout":"default","ast-site-content-layout":"default","site-content-style":"default","site-sidebar-style":"default","ast-global-header-display":"","ast-banner-title-visibility":"","ast-main-header-display":"","ast-hfb-above-header-display":"","ast-hfb-below-header-display":"","ast-hfb-mobile-header-display":"","site-post-title":"","ast-breadcrumbs-content":"","ast-featured-img":"","footer-sml-layout":"","ast-disable-related-posts":"","theme-transparent-header-meta":"default","adv-header-id-meta":"","stick-header-meta":"","header-above-stick-meta":"","header-main-stick-meta":"","header-below-stick-meta":"","astra-migrate-meta-layouts":"set","ast-page-background-enabled":"default","ast-page-background-meta":{"desktop":{"background-color":"","background-image":"","background-repeat":"repeat","background-position":"center center","background-size":"auto","background-attachment":"scroll","background-type":"","background-media":"","overlay-type":"","overlay-color":"","overlay-opacity":"","overlay-gradient":""},"tablet":{"background-color":"","background-image":"","background-repeat":"repeat","background-position":"center center","background-size":"auto","background-attachment":"scroll","background-type":"","background-media":"","overlay-type":"","overlay-color":"","overlay-opacity":"","overlay-gradient":""},"mobile":{"background-color":"","background-image":"","background-repeat":"repeat","background-position":"center center","background-size":"auto","background-attachment":"scroll","background-type":"","background-media":"","overlay-type":"","overlay-color":"","overlay-opacity":"","overlay-gradient":""}},"ast-content-background-meta":{"desktop":{"background-color":"var(--ast-global-color-5)","background-image":"","background-repeat":"repeat","background-position":"center center","background-size":"auto","background-attachment":"scroll","background-type":"","background-media":"","overlay-type":"","overlay-color":"","overlay-opacity":"","overlay-gradient":""},"tablet":{"background-color":"var(--ast-global-color-5)","background-image":"","background-repeat":"repeat","background-position":"center center","background-size":"auto","background-attachment":"scroll","background-type":"","background-media":"","overlay-type":"","overlay-color":"","overlay-opacity":"","overlay-gradient":""},"mobile":{"background-color":"var(--ast-global-color-5)","background-image":"","background-repeat":"repeat","background-position":"center center","background-size":"auto","background-attachment":"scroll","background-type":"","background-media":"","overlay-type":"","overlay-color":"","overlay-opacity":"","overlay-gradient":""}}},"product_brand":[],"product_cat":[443,516],"product_tag":[448,465,512,549,514,447,1092,464],"class_list":{"0":"post-11100","1":"product","2":"type-product","3":"status-publish","4":"has-post-thumbnail","6":"product_cat-coffres-a-outils","7":"product_cat-promotions","8":"product_tag-amenagement-garage","9":"product_tag-armoire-basse","10":"product_tag-au-sol","11":"product_tag-coffre-a-outils","12":"product_tag-deja-monte","13":"product_tag-etabli-de-travail","14":"product_tag-gladiator-fr-2","15":"product_tag-sur-roulettes","16":"desktop-align-center","17":"tablet-align-center","18":"mobile-align-center","19":"ast-product-gallery-layout-horizontal-slider","20":"ast-magnify-disabled","21":"ast-qv-on-image","23":"first","24":"instock","25":"taxable","26":"shipping-taxable","27":"purchasable","28":"product-type-simple"},"bundled_by":[],"bundle_stock_status":"instock","bundle_stock_quantity":3,"bundle_virtual":false,"bundle_layout":"","bundle_add_to_cart_form_location":"","bundle_editable_in_cart":false,"bundle_sold_individually_context":"","bundle_item_grouping":"","bundle_min_size":"","bundle_max_size":"","bundle_price":[],"bundled_items":[],"bundle_sell_ids":[],"yoast_head":"<!-- This site is optimized with the Yoast SEO Premium plugin v27.4 (Yoast SEO v27.4) - https:\/\/yoast.com\/product\/yoast-seo-premium-wordpress\/ -->\n<title>Coffre \u00e0 outils sur roulettes Red Gladiator\u00ae Garage mania<\/title>\n<meta name=\"robots\" content=\"index, follow, max-snippet:-1, max-image-preview:large, max-video-preview:-1\" \/>\n<link rel=\"canonical\" href=\"https:\/\/www.garagemania.ch\/fr\/produit\/coffre-a-outils-roulettes-red-gladiator-gearbox-gagb272ddr\/\" \/>\n<meta property=\"og:locale\" content=\"fr_FR\" \/>\n<meta property=\"og:type\" content=\"article\" \/>\n<meta property=\"og:title\" content=\"Coffre \u00e0 outils Rouge sur roulettes Gladiator\u00ae Gearbox GAGB272DDR\" \/>\n<meta property=\"og:description\" content=\"GAGB272DDR Coffre \u00e0 outils Rouge sur roulettes. Solution de rangement des outils Gladiator\u00ae Garage Mania.  Ce coffre \u00e0 outils se compose d\u2019une petite armoire de rangement avec des roulettes. Couleur rouge pour une touche d\u2019\u00e9l\u00e9gance dans votre garage.  Ces roulettes facilitent les d\u00e9placements dans votre garage ou m\u00eame votre bureau.  Equip\u00e9es d\u2019un syst\u00e8me de verrouillage s\u00e9curis\u00e9, elles assurent la stabilit\u00e9 de l\u2019armoire sur toutes les surfaces.  Il est dot\u00e9 d\u2019une structure solide et r\u00e9sistante en acier et de 2 portes \u00e0 fermeture magn\u00e9tique. Charge maximale 635 kg.  L\u2019armoire est modulable, permettant de ranger des outils de diff\u00e9rentes formes et tailles.  L\u2019\u00e9tag\u00e8re centrale est dot\u00e9e d\u2019une coulisse \u00e0 billes pour une extraction douce et totale.  Les 2 \u00e9tag\u00e8res sont recouvertes d\u2019un tapis antid\u00e9rapant, afin de prot\u00e9ger vos outils.  Vous pouvez aussi associer ce coffre \u00e0 roulettes \u00e0 d\u2019autres rangements de Garage Mania selon vos besoins.  D\u00e9couvrez tous nos coffres \u00e0 outils s\u00e9lectionn\u00e9s sp\u00e9cialement pour vous par Garage Mania !\" \/>\n<meta property=\"og:url\" content=\"https:\/\/www.garagemania.ch\/fr\/produit\/coffre-a-outils-roulettes-red-gladiator-gearbox-gagb272ddr\/\" \/>\n<meta property=\"og:site_name\" content=\"Garage Mania\" \/>\n<meta property=\"article:publisher\" content=\"https:\/\/www.facebook.com\/garagemania.it\/\" \/>\n<meta property=\"article:modified_time\" content=\"2023-11-04T08:42:22+00:00\" \/>\n<meta property=\"og:image\" content=\"https:\/\/www.garagemania.ch\/wp-content\/uploads\/2021\/04\/Composizione-carrello-su-ruote-rosso-Garage-Mania-GAGB272DDR.jpg\" \/>\n<meta name=\"twitter:card\" content=\"summary_large_image\" \/>\n<meta name=\"twitter:image\" content=\"https:\/\/www.garagemania.ch\/wp-content\/uploads\/2021\/04\/Composizione-carrello-su-ruote-rosso-Garage-Mania-GAGB272DDR.jpg\" \/>\n<script type=\"application\/ld+json\" class=\"yoast-schema-graph\">{\"@context\":\"https:\\\/\\\/schema.org\",\"@graph\":[{\"@type\":\"WebPage\",\"@id\":\"https:\\\/\\\/www.garagemania.ch\\\/fr\\\/produit\\\/coffre-a-outils-roulettes-red-gladiator-gearbox-gagb272ddr\\\/\",\"url\":\"https:\\\/\\\/www.garagemania.ch\\\/fr\\\/produit\\\/coffre-a-outils-roulettes-red-gladiator-gearbox-gagb272ddr\\\/\",\"name\":\"Coffre \u00e0 outils sur roulettes Red Gladiator\u00ae Garage mania\",\"isPartOf\":{\"@id\":\"https:\\\/\\\/www.garagemania.ch\\\/fr\\\/#website\"},\"primaryImageOfPage\":{\"@id\":\"https:\\\/\\\/www.garagemania.ch\\\/fr\\\/produit\\\/coffre-a-outils-roulettes-red-gladiator-gearbox-gagb272ddr\\\/#primaryimage\"},\"image\":{\"@id\":\"https:\\\/\\\/www.garagemania.ch\\\/fr\\\/produit\\\/coffre-a-outils-roulettes-red-gladiator-gearbox-gagb272ddr\\\/#primaryimage\"},\"thumbnailUrl\":\"https:\\\/\\\/www.garagemania.ch\\\/wp-content\\\/uploads\\\/2021\\\/04\\\/GAGB272DDR-GLADIATOR-GEARBOX-CARRELLO-SU-RUOTE-ROSSO.jpg\",\"datePublished\":\"2021-06-18T15:13:22+00:00\",\"dateModified\":\"2023-11-04T08:42:22+00:00\",\"breadcrumb\":{\"@id\":\"https:\\\/\\\/www.garagemania.ch\\\/fr\\\/produit\\\/coffre-a-outils-roulettes-red-gladiator-gearbox-gagb272ddr\\\/#breadcrumb\"},\"inLanguage\":\"fr-FR\",\"potentialAction\":[{\"@type\":\"ReadAction\",\"target\":[\"https:\\\/\\\/www.garagemania.ch\\\/fr\\\/produit\\\/coffre-a-outils-roulettes-red-gladiator-gearbox-gagb272ddr\\\/\"]}]},{\"@type\":\"ImageObject\",\"inLanguage\":\"fr-FR\",\"@id\":\"https:\\\/\\\/www.garagemania.ch\\\/fr\\\/produit\\\/coffre-a-outils-roulettes-red-gladiator-gearbox-gagb272ddr\\\/#primaryimage\",\"url\":\"https:\\\/\\\/www.garagemania.ch\\\/wp-content\\\/uploads\\\/2021\\\/04\\\/GAGB272DDR-GLADIATOR-GEARBOX-CARRELLO-SU-RUOTE-ROSSO.jpg\",\"contentUrl\":\"https:\\\/\\\/www.garagemania.ch\\\/wp-content\\\/uploads\\\/2021\\\/04\\\/GAGB272DDR-GLADIATOR-GEARBOX-CARRELLO-SU-RUOTE-ROSSO.jpg\",\"width\":700,\"height\":700},{\"@type\":\"BreadcrumbList\",\"@id\":\"https:\\\/\\\/www.garagemania.ch\\\/fr\\\/produit\\\/coffre-a-outils-roulettes-red-gladiator-gearbox-gagb272ddr\\\/#breadcrumb\",\"itemListElement\":[{\"@type\":\"ListItem\",\"position\":1,\"name\":\"Home\",\"item\":\"https:\\\/\\\/www.garagemania.ch\\\/fr\\\/homepage\\\/\"},{\"@type\":\"ListItem\",\"position\":2,\"name\":\"Shop\",\"item\":\"https:\\\/\\\/www.garagemania.ch\\\/fr\\\/page-shop-pour-les-rangements-garage-de-chez-garage-mania\\\/\"},{\"@type\":\"ListItem\",\"position\":3,\"name\":\"Coffre \u00e0 outils Rouge sur roulettes Gladiator\u00ae Gearbox GAGB272DDR\"}]},{\"@type\":\"WebSite\",\"@id\":\"https:\\\/\\\/www.garagemania.ch\\\/fr\\\/#website\",\"url\":\"https:\\\/\\\/www.garagemania.ch\\\/fr\\\/\",\"name\":\"Garage Mania\",\"description\":\"Il luogo ideale per tutti coloro che vogliono un garage super esclusivo\",\"publisher\":{\"@id\":\"https:\\\/\\\/www.garagemania.ch\\\/fr\\\/#organization\"},\"potentialAction\":[{\"@type\":\"SearchAction\",\"target\":{\"@type\":\"EntryPoint\",\"urlTemplate\":\"https:\\\/\\\/www.garagemania.ch\\\/fr\\\/?s={search_term_string}\"},\"query-input\":{\"@type\":\"PropertyValueSpecification\",\"valueRequired\":true,\"valueName\":\"search_term_string\"}}],\"inLanguage\":\"fr-FR\"},{\"@type\":\"Organization\",\"@id\":\"https:\\\/\\\/www.garagemania.ch\\\/fr\\\/#organization\",\"name\":\"GLADIATOR WORX SAGL\",\"url\":\"https:\\\/\\\/www.garagemania.ch\\\/fr\\\/\",\"logo\":{\"@type\":\"ImageObject\",\"inLanguage\":\"fr-FR\",\"@id\":\"https:\\\/\\\/www.garagemania.ch\\\/fr\\\/#\\\/schema\\\/logo\\\/image\\\/\",\"url\":\"https:\\\/\\\/www.garagemania.ch\\\/wp-content\\\/uploads\\\/2021\\\/03\\\/Logo-Garage-Mania.png\",\"contentUrl\":\"https:\\\/\\\/www.garagemania.ch\\\/wp-content\\\/uploads\\\/2021\\\/03\\\/Logo-Garage-Mania.png\",\"width\":300,\"height\":282,\"caption\":\"GLADIATOR WORX SAGL\"},\"image\":{\"@id\":\"https:\\\/\\\/www.garagemania.ch\\\/fr\\\/#\\\/schema\\\/logo\\\/image\\\/\"},\"sameAs\":[\"https:\\\/\\\/www.facebook.com\\\/garagemania.it\\\/\",\"https:\\\/\\\/www.instagram.com\\\/garagemania.it\\\/\"]}]}<\/script>\n<!-- \/ Yoast SEO Premium plugin. -->","yoast_head_json":{"title":"Coffre \u00e0 outils sur roulettes Red Gladiator\u00ae Garage mania","robots":{"index":"index","follow":"follow","max-snippet":"max-snippet:-1","max-image-preview":"max-image-preview:large","max-video-preview":"max-video-preview:-1"},"canonical":"https:\/\/www.garagemania.ch\/fr\/produit\/coffre-a-outils-roulettes-red-gladiator-gearbox-gagb272ddr\/","og_locale":"fr_FR","og_type":"article","og_title":"Coffre \u00e0 outils Rouge sur roulettes Gladiator\u00ae Gearbox GAGB272DDR","og_description":"GAGB272DDR Coffre \u00e0 outils Rouge sur roulettes. Solution de rangement des outils Gladiator\u00ae Garage Mania.  Ce coffre \u00e0 outils se compose d\u2019une petite armoire de rangement avec des roulettes. Couleur rouge pour une touche d\u2019\u00e9l\u00e9gance dans votre garage.  Ces roulettes facilitent les d\u00e9placements dans votre garage ou m\u00eame votre bureau.  Equip\u00e9es d\u2019un syst\u00e8me de verrouillage s\u00e9curis\u00e9, elles assurent la stabilit\u00e9 de l\u2019armoire sur toutes les surfaces.  Il est dot\u00e9 d\u2019une structure solide et r\u00e9sistante en acier et de 2 portes \u00e0 fermeture magn\u00e9tique. Charge maximale 635 kg.  L\u2019armoire est modulable, permettant de ranger des outils de diff\u00e9rentes formes et tailles.  L\u2019\u00e9tag\u00e8re centrale est dot\u00e9e d\u2019une coulisse \u00e0 billes pour une extraction douce et totale.  Les 2 \u00e9tag\u00e8res sont recouvertes d\u2019un tapis antid\u00e9rapant, afin de prot\u00e9ger vos outils.  Vous pouvez aussi associer ce coffre \u00e0 roulettes \u00e0 d\u2019autres rangements de Garage Mania selon vos besoins.  D\u00e9couvrez tous nos coffres \u00e0 outils s\u00e9lectionn\u00e9s sp\u00e9cialement pour vous par Garage Mania !","og_url":"https:\/\/www.garagemania.ch\/fr\/produit\/coffre-a-outils-roulettes-red-gladiator-gearbox-gagb272ddr\/","og_site_name":"Garage Mania","article_publisher":"https:\/\/www.facebook.com\/garagemania.it\/","article_modified_time":"2023-11-04T08:42:22+00:00","og_image":[{"url":"https:\/\/www.garagemania.ch\/wp-content\/uploads\/2021\/04\/Composizione-carrello-su-ruote-rosso-Garage-Mania-GAGB272DDR.jpg","type":"","width":"","height":""}],"twitter_card":"summary_large_image","twitter_image":"https:\/\/www.garagemania.ch\/wp-content\/uploads\/2021\/04\/Composizione-carrello-su-ruote-rosso-Garage-Mania-GAGB272DDR.jpg","schema":{"@context":"https:\/\/schema.org","@graph":[{"@type":"WebPage","@id":"https:\/\/www.garagemania.ch\/fr\/produit\/coffre-a-outils-roulettes-red-gladiator-gearbox-gagb272ddr\/","url":"https:\/\/www.garagemania.ch\/fr\/produit\/coffre-a-outils-roulettes-red-gladiator-gearbox-gagb272ddr\/","name":"Coffre \u00e0 outils sur roulettes Red Gladiator\u00ae Garage mania","isPartOf":{"@id":"https:\/\/www.garagemania.ch\/fr\/#website"},"primaryImageOfPage":{"@id":"https:\/\/www.garagemania.ch\/fr\/produit\/coffre-a-outils-roulettes-red-gladiator-gearbox-gagb272ddr\/#primaryimage"},"image":{"@id":"https:\/\/www.garagemania.ch\/fr\/produit\/coffre-a-outils-roulettes-red-gladiator-gearbox-gagb272ddr\/#primaryimage"},"thumbnailUrl":"https:\/\/www.garagemania.ch\/wp-content\/uploads\/2021\/04\/GAGB272DDR-GLADIATOR-GEARBOX-CARRELLO-SU-RUOTE-ROSSO.jpg","datePublished":"2021-06-18T15:13:22+00:00","dateModified":"2023-11-04T08:42:22+00:00","breadcrumb":{"@id":"https:\/\/www.garagemania.ch\/fr\/produit\/coffre-a-outils-roulettes-red-gladiator-gearbox-gagb272ddr\/#breadcrumb"},"inLanguage":"fr-FR","potentialAction":[{"@type":"ReadAction","target":["https:\/\/www.garagemania.ch\/fr\/produit\/coffre-a-outils-roulettes-red-gladiator-gearbox-gagb272ddr\/"]}]},{"@type":"ImageObject","inLanguage":"fr-FR","@id":"https:\/\/www.garagemania.ch\/fr\/produit\/coffre-a-outils-roulettes-red-gladiator-gearbox-gagb272ddr\/#primaryimage","url":"https:\/\/www.garagemania.ch\/wp-content\/uploads\/2021\/04\/GAGB272DDR-GLADIATOR-GEARBOX-CARRELLO-SU-RUOTE-ROSSO.jpg","contentUrl":"https:\/\/www.garagemania.ch\/wp-content\/uploads\/2021\/04\/GAGB272DDR-GLADIATOR-GEARBOX-CARRELLO-SU-RUOTE-ROSSO.jpg","width":700,"height":700},{"@type":"BreadcrumbList","@id":"https:\/\/www.garagemania.ch\/fr\/produit\/coffre-a-outils-roulettes-red-gladiator-gearbox-gagb272ddr\/#breadcrumb","itemListElement":[{"@type":"ListItem","position":1,"name":"Home","item":"https:\/\/www.garagemania.ch\/fr\/homepage\/"},{"@type":"ListItem","position":2,"name":"Shop","item":"https:\/\/www.garagemania.ch\/fr\/page-shop-pour-les-rangements-garage-de-chez-garage-mania\/"},{"@type":"ListItem","position":3,"name":"Coffre \u00e0 outils Rouge sur roulettes Gladiator\u00ae Gearbox GAGB272DDR"}]},{"@type":"WebSite","@id":"https:\/\/www.garagemania.ch\/fr\/#website","url":"https:\/\/www.garagemania.ch\/fr\/","name":"Garage Mania","description":"Il luogo ideale per tutti coloro che vogliono un garage super esclusivo","publisher":{"@id":"https:\/\/www.garagemania.ch\/fr\/#organization"},"potentialAction":[{"@type":"SearchAction","target":{"@type":"EntryPoint","urlTemplate":"https:\/\/www.garagemania.ch\/fr\/?s={search_term_string}"},"query-input":{"@type":"PropertyValueSpecification","valueRequired":true,"valueName":"search_term_string"}}],"inLanguage":"fr-FR"},{"@type":"Organization","@id":"https:\/\/www.garagemania.ch\/fr\/#organization","name":"GLADIATOR WORX SAGL","url":"https:\/\/www.garagemania.ch\/fr\/","logo":{"@type":"ImageObject","inLanguage":"fr-FR","@id":"https:\/\/www.garagemania.ch\/fr\/#\/schema\/logo\/image\/","url":"https:\/\/www.garagemania.ch\/wp-content\/uploads\/2021\/03\/Logo-Garage-Mania.png","contentUrl":"https:\/\/www.garagemania.ch\/wp-content\/uploads\/2021\/03\/Logo-Garage-Mania.png","width":300,"height":282,"caption":"GLADIATOR WORX SAGL"},"image":{"@id":"https:\/\/www.garagemania.ch\/fr\/#\/schema\/logo\/image\/"},"sameAs":["https:\/\/www.facebook.com\/garagemania.it\/","https:\/\/www.instagram.com\/garagemania.it\/"]}]}},"_links":{"self":[{"href":"https:\/\/www.garagemania.ch\/fr\/wp-json\/wp\/v2\/product\/11100","targetHints":{"allow":["GET"]}}],"collection":[{"href":"https:\/\/www.garagemania.ch\/fr\/wp-json\/wp\/v2\/product"}],"about":[{"href":"https:\/\/www.garagemania.ch\/fr\/wp-json\/wp\/v2\/types\/product"}],"replies":[{"embeddable":true,"href":"https:\/\/www.garagemania.ch\/fr\/wp-json\/wp\/v2\/comments?post=11100"}],"version-history":[{"count":7,"href":"https:\/\/www.garagemania.ch\/fr\/wp-json\/wp\/v2\/product\/11100\/revisions"}],"predecessor-version":[{"id":14041,"href":"https:\/\/www.garagemania.ch\/fr\/wp-json\/wp\/v2\/product\/11100\/revisions\/14041"}],"wp:featuredmedia":[{"embeddable":true,"href":"https:\/\/www.garagemania.ch\/fr\/wp-json\/wp\/v2\/media\/8236"}],"wp:attachment":[{"href":"https:\/\/www.garagemania.ch\/fr\/wp-json\/wp\/v2\/media?parent=11100"}],"wp:term":[{"taxonomy":"product_brand","embeddable":true,"href":"https:\/\/www.garagemania.ch\/fr\/wp-json\/wp\/v2\/product_brand?post=11100"},{"taxonomy":"product_cat","embeddable":true,"href":"https:\/\/www.garagemania.ch\/fr\/wp-json\/wp\/v2\/product_cat?post=11100"},{"taxonomy":"product_tag","embeddable":true,"href":"https:\/\/www.garagemania.ch\/fr\/wp-json\/wp\/v2\/product_tag?post=11100"}],"curies":[{"name":"wp","href":"https:\/\/api.w.org\/{rel}","templated":true}]}}