{"id":11104,"date":"2021-06-19T12:00:20","date_gmt":"2021-06-19T10:00:20","guid":{"rendered":"https:\/\/www.garagemania.ch\/prodotto\/coffre-a-outils-sur-roulettes-red-gladiator-gearbox-gagd275drg\/"},"modified":"2024-08-01T15:07:37","modified_gmt":"2024-08-01T13:07:37","slug":"coffre-a-outils-sur-roulettes-gearbox-gagd275drg","status":"publish","type":"product","link":"https:\/\/www.garagemania.ch\/fr\/produit\/coffre-a-outils-sur-roulettes-gearbox-gagd275drg\/","title":{"rendered":"Coffre \u00e0 outils sur roulettes Gladiator\u00ae avec sept tiroirs Gearbox GAGD277DJG"},"content":{"rendered":"","protected":false},"excerpt":{"rendered":"<p>Gladiator\u00ae Coffre \u00e0 outils sur roulettes GAGD277DJG avec cinq tiroirs. Solutions de rangement des outils Gladiator\u00ae Garage Mania<\/p>\n<p>Ce coffre \u00e0 outils sur roulettes comporte 7 tiroirs et il est modulable.<\/p>\n<p>Les tiroirs sont recouverts de tapis antid\u00e9rapants. Ils sont dot\u00e9s d\u2019une coulisse \u00e0 billes pour une extraction douce et totale.<\/p>\n<p>Les 3 tailles de tiroirs permettent de ranger votre mat\u00e9riel selon vos besoins.<\/p>\n<p>Le plus fin est id\u00e9al pour ranger les petits ustensiles du quotidien, tandis que le plus profond peut accueillir les outils plus volumineux.<\/p>\n<p>Les trois tiroirs centraux sont identiques, ils servent \u00e0 stocker notamment les outils de bricolage comme la perceuse \u00e9lectrique.<\/p>\n<p>5 tiroirs coulissants. Charge maximale 635 kg.<\/p>\n<p>Ce coffre est dot\u00e9 d\u2019une structure en acier solide et r\u00e9sistante, et d\u2019une serrure<\/p>\n<p>D\u00e9couvrez tous nos coffres \u00e0 outils s\u00e9lectionn\u00e9s sp\u00e9cialement pour vous par Garage Mania !<\/p>\n","protected":false},"featured_media":15501,"comment_status":"open","ping_status":"closed","template":"","meta":{"site-sidebar-layout":"default","site-content-layout":"default","ast-site-content-layout":"default","site-content-style":"default","site-sidebar-style":"default","ast-global-header-display":"","ast-banner-title-visibility":"","ast-main-header-display":"","ast-hfb-above-header-display":"","ast-hfb-below-header-display":"","ast-hfb-mobile-header-display":"","site-post-title":"","ast-breadcrumbs-content":"","ast-featured-img":"","footer-sml-layout":"","ast-disable-related-posts":"","theme-transparent-header-meta":"default","adv-header-id-meta":"","stick-header-meta":"","header-above-stick-meta":"","header-main-stick-meta":"","header-below-stick-meta":"","astra-migrate-meta-layouts":"set","ast-page-background-enabled":"default","ast-page-background-meta":{"desktop":{"background-color":"","background-image":"","background-repeat":"repeat","background-position":"center center","background-size":"auto","background-attachment":"scroll","background-type":"","background-media":"","overlay-type":"","overlay-color":"","overlay-opacity":"","overlay-gradient":""},"tablet":{"background-color":"","background-image":"","background-repeat":"repeat","background-position":"center center","background-size":"auto","background-attachment":"scroll","background-type":"","background-media":"","overlay-type":"","overlay-color":"","overlay-opacity":"","overlay-gradient":""},"mobile":{"background-color":"","background-image":"","background-repeat":"repeat","background-position":"center center","background-size":"auto","background-attachment":"scroll","background-type":"","background-media":"","overlay-type":"","overlay-color":"","overlay-opacity":"","overlay-gradient":""}},"ast-content-background-meta":{"desktop":{"background-color":"var(--ast-global-color-5)","background-image":"","background-repeat":"repeat","background-position":"center center","background-size":"auto","background-attachment":"scroll","background-type":"","background-media":"","overlay-type":"","overlay-color":"","overlay-opacity":"","overlay-gradient":""},"tablet":{"background-color":"var(--ast-global-color-5)","background-image":"","background-repeat":"repeat","background-position":"center center","background-size":"auto","background-attachment":"scroll","background-type":"","background-media":"","overlay-type":"","overlay-color":"","overlay-opacity":"","overlay-gradient":""},"mobile":{"background-color":"var(--ast-global-color-5)","background-image":"","background-repeat":"repeat","background-position":"center center","background-size":"auto","background-attachment":"scroll","background-type":"","background-media":"","overlay-type":"","overlay-color":"","overlay-opacity":"","overlay-gradient":""}}},"product_brand":[],"product_cat":[443],"product_tag":[448,512,549,514,447,1092,464],"class_list":{"0":"post-11104","1":"product","2":"type-product","3":"status-publish","4":"has-post-thumbnail","6":"product_cat-coffres-a-outils","7":"product_tag-amenagement-garage","8":"product_tag-au-sol","9":"product_tag-coffre-a-outils","10":"product_tag-deja-monte","11":"product_tag-etabli-de-travail","12":"product_tag-gladiator-fr-2","13":"product_tag-sur-roulettes","14":"desktop-align-center","15":"tablet-align-center","16":"mobile-align-center","17":"ast-product-gallery-layout-horizontal-slider","18":"ast-magnify-disabled","19":"ast-qv-on-image","21":"first","22":"instock","23":"taxable","24":"shipping-taxable","25":"purchasable","26":"product-type-simple"},"bundled_by":["9040","9042","9039"],"bundle_stock_status":"instock","bundle_stock_quantity":null,"bundle_virtual":false,"bundle_layout":"","bundle_add_to_cart_form_location":"","bundle_editable_in_cart":false,"bundle_sold_individually_context":"","bundle_item_grouping":"","bundle_min_size":"","bundle_max_size":"","bundle_price":[],"bundled_items":[],"bundle_sell_ids":[],"yoast_head":"<!-- This site is optimized with the Yoast SEO Premium plugin v27.4 (Yoast SEO v27.4) - https:\/\/yoast.com\/product\/yoast-seo-premium-wordpress\/ -->\n<title>Coffre \u00e0 outils sur roulettes Gladiator\u00ae avec sept tiroirs Gearbox GAGD277DJG - Garage Mania<\/title>\n<meta name=\"robots\" content=\"index, follow, max-snippet:-1, max-image-preview:large, max-video-preview:-1\" \/>\n<link rel=\"canonical\" href=\"https:\/\/www.garagemania.ch\/fr\/produit\/coffre-a-outils-sur-roulettes-gearbox-gagd275drg\/\" \/>\n<meta property=\"og:locale\" content=\"fr_FR\" \/>\n<meta property=\"og:type\" content=\"article\" \/>\n<meta property=\"og:title\" content=\"Coffre \u00e0 outils sur roulettes Gladiator\u00ae avec sept tiroirs Gearbox GAGD277DJG\" \/>\n<meta property=\"og:description\" content=\"Gladiator\u00ae Coffre \u00e0 outils sur roulettes GAGD277DJG avec cinq tiroirs. Solutions de rangement des outils Gladiator\u00ae Garage Mania  Ce coffre \u00e0 outils sur roulettes comporte 7 tiroirs et il est modulable.  Les tiroirs sont recouverts de tapis antid\u00e9rapants. Ils sont dot\u00e9s d\u2019une coulisse \u00e0 billes pour une extraction douce et totale.  Les 3 tailles de tiroirs permettent de ranger votre mat\u00e9riel selon vos besoins.  Le plus fin est id\u00e9al pour ranger les petits ustensiles du quotidien, tandis que le plus profond peut accueillir les outils plus volumineux.  Les trois tiroirs centraux sont identiques, ils servent \u00e0 stocker notamment les outils de bricolage comme la perceuse \u00e9lectrique.  5 tiroirs coulissants. Charge maximale 635 kg.  Ce coffre est dot\u00e9 d\u2019une structure en acier solide et r\u00e9sistante, et d\u2019une serrure  D\u00e9couvrez tous nos coffres \u00e0 outils s\u00e9lectionn\u00e9s sp\u00e9cialement pour vous par Garage Mania !\" \/>\n<meta property=\"og:url\" content=\"https:\/\/www.garagemania.ch\/fr\/produit\/coffre-a-outils-sur-roulettes-gearbox-gagd275drg\/\" \/>\n<meta property=\"og:site_name\" content=\"Garage Mania\" \/>\n<meta property=\"article:publisher\" content=\"https:\/\/www.facebook.com\/garagemania.it\/\" \/>\n<meta property=\"article:modified_time\" content=\"2024-08-01T13:07:37+00:00\" \/>\n<meta property=\"og:image\" content=\"https:\/\/www.garagemania.ch\/wp-content\/uploads\/2021\/04\/Cassettiera-su-ruote-5-cassetti-GAGD275DRG-Garage-Mania.jpg\" \/>\n<meta name=\"twitter:card\" content=\"summary_large_image\" \/>\n<script type=\"application\/ld+json\" class=\"yoast-schema-graph\">{\"@context\":\"https:\\\/\\\/schema.org\",\"@graph\":[{\"@type\":\"WebPage\",\"@id\":\"https:\\\/\\\/www.garagemania.ch\\\/fr\\\/produit\\\/coffre-a-outils-sur-roulettes-gearbox-gagd275drg\\\/\",\"url\":\"https:\\\/\\\/www.garagemania.ch\\\/fr\\\/produit\\\/coffre-a-outils-sur-roulettes-gearbox-gagd275drg\\\/\",\"name\":\"Coffre \u00e0 outils sur roulettes Gladiator\u00ae avec sept tiroirs Gearbox GAGD277DJG - Garage Mania\",\"isPartOf\":{\"@id\":\"https:\\\/\\\/www.garagemania.ch\\\/fr\\\/#website\"},\"primaryImageOfPage\":{\"@id\":\"https:\\\/\\\/www.garagemania.ch\\\/fr\\\/produit\\\/coffre-a-outils-sur-roulettes-gearbox-gagd275drg\\\/#primaryimage\"},\"image\":{\"@id\":\"https:\\\/\\\/www.garagemania.ch\\\/fr\\\/produit\\\/coffre-a-outils-sur-roulettes-gearbox-gagd275drg\\\/#primaryimage\"},\"thumbnailUrl\":\"https:\\\/\\\/www.garagemania.ch\\\/wp-content\\\/uploads\\\/2021\\\/06\\\/GAGD277DJG-garage-mania-cassettiera.jpg\",\"datePublished\":\"2021-06-19T10:00:20+00:00\",\"dateModified\":\"2024-08-01T13:07:37+00:00\",\"breadcrumb\":{\"@id\":\"https:\\\/\\\/www.garagemania.ch\\\/fr\\\/produit\\\/coffre-a-outils-sur-roulettes-gearbox-gagd275drg\\\/#breadcrumb\"},\"inLanguage\":\"fr-FR\",\"potentialAction\":[{\"@type\":\"ReadAction\",\"target\":[\"https:\\\/\\\/www.garagemania.ch\\\/fr\\\/produit\\\/coffre-a-outils-sur-roulettes-gearbox-gagd275drg\\\/\"]}]},{\"@type\":\"ImageObject\",\"inLanguage\":\"fr-FR\",\"@id\":\"https:\\\/\\\/www.garagemania.ch\\\/fr\\\/produit\\\/coffre-a-outils-sur-roulettes-gearbox-gagd275drg\\\/#primaryimage\",\"url\":\"https:\\\/\\\/www.garagemania.ch\\\/wp-content\\\/uploads\\\/2021\\\/06\\\/GAGD277DJG-garage-mania-cassettiera.jpg\",\"contentUrl\":\"https:\\\/\\\/www.garagemania.ch\\\/wp-content\\\/uploads\\\/2021\\\/06\\\/GAGD277DJG-garage-mania-cassettiera.jpg\",\"width\":700,\"height\":700},{\"@type\":\"BreadcrumbList\",\"@id\":\"https:\\\/\\\/www.garagemania.ch\\\/fr\\\/produit\\\/coffre-a-outils-sur-roulettes-gearbox-gagd275drg\\\/#breadcrumb\",\"itemListElement\":[{\"@type\":\"ListItem\",\"position\":1,\"name\":\"Home\",\"item\":\"https:\\\/\\\/www.garagemania.ch\\\/fr\\\/homepage\\\/\"},{\"@type\":\"ListItem\",\"position\":2,\"name\":\"Shop\",\"item\":\"https:\\\/\\\/www.garagemania.ch\\\/fr\\\/page-shop-pour-les-rangements-garage-de-chez-garage-mania\\\/\"},{\"@type\":\"ListItem\",\"position\":3,\"name\":\"Coffre \u00e0 outils sur roulettes Gladiator\u00ae avec sept tiroirs Gearbox GAGD277DJG\"}]},{\"@type\":\"WebSite\",\"@id\":\"https:\\\/\\\/www.garagemania.ch\\\/fr\\\/#website\",\"url\":\"https:\\\/\\\/www.garagemania.ch\\\/fr\\\/\",\"name\":\"Garage Mania\",\"description\":\"Il luogo ideale per tutti coloro che vogliono un garage super esclusivo\",\"publisher\":{\"@id\":\"https:\\\/\\\/www.garagemania.ch\\\/fr\\\/#organization\"},\"potentialAction\":[{\"@type\":\"SearchAction\",\"target\":{\"@type\":\"EntryPoint\",\"urlTemplate\":\"https:\\\/\\\/www.garagemania.ch\\\/fr\\\/?s={search_term_string}\"},\"query-input\":{\"@type\":\"PropertyValueSpecification\",\"valueRequired\":true,\"valueName\":\"search_term_string\"}}],\"inLanguage\":\"fr-FR\"},{\"@type\":\"Organization\",\"@id\":\"https:\\\/\\\/www.garagemania.ch\\\/fr\\\/#organization\",\"name\":\"GLADIATOR WORX SAGL\",\"url\":\"https:\\\/\\\/www.garagemania.ch\\\/fr\\\/\",\"logo\":{\"@type\":\"ImageObject\",\"inLanguage\":\"fr-FR\",\"@id\":\"https:\\\/\\\/www.garagemania.ch\\\/fr\\\/#\\\/schema\\\/logo\\\/image\\\/\",\"url\":\"https:\\\/\\\/www.garagemania.ch\\\/wp-content\\\/uploads\\\/2021\\\/03\\\/Logo-Garage-Mania.png\",\"contentUrl\":\"https:\\\/\\\/www.garagemania.ch\\\/wp-content\\\/uploads\\\/2021\\\/03\\\/Logo-Garage-Mania.png\",\"width\":300,\"height\":282,\"caption\":\"GLADIATOR WORX SAGL\"},\"image\":{\"@id\":\"https:\\\/\\\/www.garagemania.ch\\\/fr\\\/#\\\/schema\\\/logo\\\/image\\\/\"},\"sameAs\":[\"https:\\\/\\\/www.facebook.com\\\/garagemania.it\\\/\",\"https:\\\/\\\/www.instagram.com\\\/garagemania.it\\\/\"]}]}<\/script>\n<!-- \/ Yoast SEO Premium plugin. -->","yoast_head_json":{"title":"Coffre \u00e0 outils sur roulettes Gladiator\u00ae avec sept tiroirs Gearbox GAGD277DJG - Garage Mania","robots":{"index":"index","follow":"follow","max-snippet":"max-snippet:-1","max-image-preview":"max-image-preview:large","max-video-preview":"max-video-preview:-1"},"canonical":"https:\/\/www.garagemania.ch\/fr\/produit\/coffre-a-outils-sur-roulettes-gearbox-gagd275drg\/","og_locale":"fr_FR","og_type":"article","og_title":"Coffre \u00e0 outils sur roulettes Gladiator\u00ae avec sept tiroirs Gearbox GAGD277DJG","og_description":"Gladiator\u00ae Coffre \u00e0 outils sur roulettes GAGD277DJG avec cinq tiroirs. Solutions de rangement des outils Gladiator\u00ae Garage Mania  Ce coffre \u00e0 outils sur roulettes comporte 7 tiroirs et il est modulable.  Les tiroirs sont recouverts de tapis antid\u00e9rapants. Ils sont dot\u00e9s d\u2019une coulisse \u00e0 billes pour une extraction douce et totale.  Les 3 tailles de tiroirs permettent de ranger votre mat\u00e9riel selon vos besoins.  Le plus fin est id\u00e9al pour ranger les petits ustensiles du quotidien, tandis que le plus profond peut accueillir les outils plus volumineux.  Les trois tiroirs centraux sont identiques, ils servent \u00e0 stocker notamment les outils de bricolage comme la perceuse \u00e9lectrique.  5 tiroirs coulissants. Charge maximale 635 kg.  Ce coffre est dot\u00e9 d\u2019une structure en acier solide et r\u00e9sistante, et d\u2019une serrure  D\u00e9couvrez tous nos coffres \u00e0 outils s\u00e9lectionn\u00e9s sp\u00e9cialement pour vous par Garage Mania !","og_url":"https:\/\/www.garagemania.ch\/fr\/produit\/coffre-a-outils-sur-roulettes-gearbox-gagd275drg\/","og_site_name":"Garage Mania","article_publisher":"https:\/\/www.facebook.com\/garagemania.it\/","article_modified_time":"2024-08-01T13:07:37+00:00","og_image":[{"url":"https:\/\/www.garagemania.ch\/wp-content\/uploads\/2021\/04\/Cassettiera-su-ruote-5-cassetti-GAGD275DRG-Garage-Mania.jpg","type":"","width":"","height":""}],"twitter_card":"summary_large_image","schema":{"@context":"https:\/\/schema.org","@graph":[{"@type":"WebPage","@id":"https:\/\/www.garagemania.ch\/fr\/produit\/coffre-a-outils-sur-roulettes-gearbox-gagd275drg\/","url":"https:\/\/www.garagemania.ch\/fr\/produit\/coffre-a-outils-sur-roulettes-gearbox-gagd275drg\/","name":"Coffre \u00e0 outils sur roulettes Gladiator\u00ae avec sept tiroirs Gearbox GAGD277DJG - Garage Mania","isPartOf":{"@id":"https:\/\/www.garagemania.ch\/fr\/#website"},"primaryImageOfPage":{"@id":"https:\/\/www.garagemania.ch\/fr\/produit\/coffre-a-outils-sur-roulettes-gearbox-gagd275drg\/#primaryimage"},"image":{"@id":"https:\/\/www.garagemania.ch\/fr\/produit\/coffre-a-outils-sur-roulettes-gearbox-gagd275drg\/#primaryimage"},"thumbnailUrl":"https:\/\/www.garagemania.ch\/wp-content\/uploads\/2021\/06\/GAGD277DJG-garage-mania-cassettiera.jpg","datePublished":"2021-06-19T10:00:20+00:00","dateModified":"2024-08-01T13:07:37+00:00","breadcrumb":{"@id":"https:\/\/www.garagemania.ch\/fr\/produit\/coffre-a-outils-sur-roulettes-gearbox-gagd275drg\/#breadcrumb"},"inLanguage":"fr-FR","potentialAction":[{"@type":"ReadAction","target":["https:\/\/www.garagemania.ch\/fr\/produit\/coffre-a-outils-sur-roulettes-gearbox-gagd275drg\/"]}]},{"@type":"ImageObject","inLanguage":"fr-FR","@id":"https:\/\/www.garagemania.ch\/fr\/produit\/coffre-a-outils-sur-roulettes-gearbox-gagd275drg\/#primaryimage","url":"https:\/\/www.garagemania.ch\/wp-content\/uploads\/2021\/06\/GAGD277DJG-garage-mania-cassettiera.jpg","contentUrl":"https:\/\/www.garagemania.ch\/wp-content\/uploads\/2021\/06\/GAGD277DJG-garage-mania-cassettiera.jpg","width":700,"height":700},{"@type":"BreadcrumbList","@id":"https:\/\/www.garagemania.ch\/fr\/produit\/coffre-a-outils-sur-roulettes-gearbox-gagd275drg\/#breadcrumb","itemListElement":[{"@type":"ListItem","position":1,"name":"Home","item":"https:\/\/www.garagemania.ch\/fr\/homepage\/"},{"@type":"ListItem","position":2,"name":"Shop","item":"https:\/\/www.garagemania.ch\/fr\/page-shop-pour-les-rangements-garage-de-chez-garage-mania\/"},{"@type":"ListItem","position":3,"name":"Coffre \u00e0 outils sur roulettes Gladiator\u00ae avec sept tiroirs Gearbox GAGD277DJG"}]},{"@type":"WebSite","@id":"https:\/\/www.garagemania.ch\/fr\/#website","url":"https:\/\/www.garagemania.ch\/fr\/","name":"Garage Mania","description":"Il luogo ideale per tutti coloro che vogliono un garage super esclusivo","publisher":{"@id":"https:\/\/www.garagemania.ch\/fr\/#organization"},"potentialAction":[{"@type":"SearchAction","target":{"@type":"EntryPoint","urlTemplate":"https:\/\/www.garagemania.ch\/fr\/?s={search_term_string}"},"query-input":{"@type":"PropertyValueSpecification","valueRequired":true,"valueName":"search_term_string"}}],"inLanguage":"fr-FR"},{"@type":"Organization","@id":"https:\/\/www.garagemania.ch\/fr\/#organization","name":"GLADIATOR WORX SAGL","url":"https:\/\/www.garagemania.ch\/fr\/","logo":{"@type":"ImageObject","inLanguage":"fr-FR","@id":"https:\/\/www.garagemania.ch\/fr\/#\/schema\/logo\/image\/","url":"https:\/\/www.garagemania.ch\/wp-content\/uploads\/2021\/03\/Logo-Garage-Mania.png","contentUrl":"https:\/\/www.garagemania.ch\/wp-content\/uploads\/2021\/03\/Logo-Garage-Mania.png","width":300,"height":282,"caption":"GLADIATOR WORX SAGL"},"image":{"@id":"https:\/\/www.garagemania.ch\/fr\/#\/schema\/logo\/image\/"},"sameAs":["https:\/\/www.facebook.com\/garagemania.it\/","https:\/\/www.instagram.com\/garagemania.it\/"]}]}},"_links":{"self":[{"href":"https:\/\/www.garagemania.ch\/fr\/wp-json\/wp\/v2\/product\/11104","targetHints":{"allow":["GET"]}}],"collection":[{"href":"https:\/\/www.garagemania.ch\/fr\/wp-json\/wp\/v2\/product"}],"about":[{"href":"https:\/\/www.garagemania.ch\/fr\/wp-json\/wp\/v2\/types\/product"}],"replies":[{"embeddable":true,"href":"https:\/\/www.garagemania.ch\/fr\/wp-json\/wp\/v2\/comments?post=11104"}],"version-history":[{"count":8,"href":"https:\/\/www.garagemania.ch\/fr\/wp-json\/wp\/v2\/product\/11104\/revisions"}],"predecessor-version":[{"id":15515,"href":"https:\/\/www.garagemania.ch\/fr\/wp-json\/wp\/v2\/product\/11104\/revisions\/15515"}],"wp:featuredmedia":[{"embeddable":true,"href":"https:\/\/www.garagemania.ch\/fr\/wp-json\/wp\/v2\/media\/15501"}],"wp:attachment":[{"href":"https:\/\/www.garagemania.ch\/fr\/wp-json\/wp\/v2\/media?parent=11104"}],"wp:term":[{"taxonomy":"product_brand","embeddable":true,"href":"https:\/\/www.garagemania.ch\/fr\/wp-json\/wp\/v2\/product_brand?post=11104"},{"taxonomy":"product_cat","embeddable":true,"href":"https:\/\/www.garagemania.ch\/fr\/wp-json\/wp\/v2\/product_cat?post=11104"},{"taxonomy":"product_tag","embeddable":true,"href":"https:\/\/www.garagemania.ch\/fr\/wp-json\/wp\/v2\/product_tag?post=11104"}],"curies":[{"name":"wp","href":"https:\/\/api.w.org\/{rel}","templated":true}]}}