{"id":14198,"date":"2023-11-14T12:30:31","date_gmt":"2023-11-14T11:30:31","guid":{"rendered":"https:\/\/www.garagemania.ch\/prodotto\/kit-passion-1\/"},"modified":"2024-02-22T09:37:55","modified_gmt":"2024-02-22T08:37:55","slug":"kit-passion-1","status":"publish","type":"product","link":"https:\/\/www.garagemania.ch\/fr\/produit\/kit-passion-1\/","title":{"rendered":"Kit Passion 1"},"content":{"rendered":"<p>Cette composition de meubles <strong>TRM Gamme PASSION<\/strong> comprend:<\/p>\n<ul>\n<li>1x MBMG01-65 un combin\u00e9 \u00e9tabli, bois contreplaque 5 cm<\/li>\n<li>2 tiroirs 915x475x65 mm \/ 3 tiroirs 265x420x275 mm\/ 1 tiroir<\/li>\n<li>310x550x570 mm poubelle int\u00e9gr\u00e9e<\/li>\n<li>1x MBMG02-50 armoire basse \u00e0 tiroir<\/li>\n<li>2 portes battantes et une \u00e9tag\u00e8re sur glissi\u00e8re<\/li>\n<li>1x AMMG04-50 armoire haute Jumbo grand volume, cm 80 x 50<\/li>\n<li>2 portes battantes et 2 \u00e9tag\u00e8res<\/li>\n<li>2x MHMG01 meuble haut<\/li>\n<li>Ouverture vers le haut sur v\u00e9rins gaz<\/li>\n<li>2x LEDS \u00e9clairage pour meubles hauts<\/li>\n<li>1x KIT de 3 panneaux\u00a0porte outils<\/li>\n<li>Acier \u00e9poxy, marque Wall Control + 1 kit d&rsquo;accessoires de suspension<\/li>\n<\/ul>\n","protected":false},"excerpt":{"rendered":"<p>Son \u00e9tabli de 1.4m de large (et 65 de profondeur ) est tr\u00e8s confortable. Tout y est int\u00e9gr\u00e9 : 2 grands tiroirs pour y mettre l&rsquo;outillage, une poubelle directement \u00e0 port\u00e9e de main. Tiroirs mdf 15 mm, capacit\u00e9 de charge 35 kg par tiroir.<\/p>\n<p>La composition offre des emplacements pour vos \u00e9clairages en hauteur juste au-dessus du plan de travail. Une armoire Jumbo 4 \u00e9tag\u00e8res, pour ranger l&rsquo;outillage \u00e9lectrique et les gros volumes, prof. 50 cm.<\/p>\n<p>Inclus, 3 panneaux porte-outils WallControl et 1 kit de crochets. Panneau de prises non compris.<\/p>\n<p>Disponible en 3 coloris : orange, rouge, gris clair m\u00e9tallis\u00e9.<\/p>\n<p>Tout autre coloris, brillant ou mat, disponible sur demande, avec surco\u00fbt de 25%<\/p>\n<p><em><strong>D\u00e9lai de livraison 4-5 semaines &#8211; Prix indiqu\u00e9 pour les meubles pr\u00e9assembl\u00e9s, hors livraison\/installation<\/strong><\/em><\/p>\n<p><em><strong>Tous les mod\u00e8les peuvent \u00eatre r\u00e9alis\u00e9s sur mesure<\/strong><\/em><\/p>\n","protected":false},"featured_media":14107,"comment_status":"open","ping_status":"closed","template":"","meta":{"site-sidebar-layout":"default","site-content-layout":"","ast-site-content-layout":"default","site-content-style":"default","site-sidebar-style":"default","ast-global-header-display":"","ast-banner-title-visibility":"","ast-main-header-display":"","ast-hfb-above-header-display":"","ast-hfb-below-header-display":"","ast-hfb-mobile-header-display":"","site-post-title":"","ast-breadcrumbs-content":"","ast-featured-img":"","footer-sml-layout":"","ast-disable-related-posts":"","theme-transparent-header-meta":"default","adv-header-id-meta":"","stick-header-meta":"","header-above-stick-meta":"","header-main-stick-meta":"","header-below-stick-meta":"","astra-migrate-meta-layouts":"set","ast-page-background-enabled":"default","ast-page-background-meta":{"desktop":{"background-color":"","background-image":"","background-repeat":"repeat","background-position":"center center","background-size":"auto","background-attachment":"scroll","background-type":"","background-media":"","overlay-type":"","overlay-color":"","overlay-opacity":"","overlay-gradient":""},"tablet":{"background-color":"","background-image":"","background-repeat":"repeat","background-position":"center center","background-size":"auto","background-attachment":"scroll","background-type":"","background-media":"","overlay-type":"","overlay-color":"","overlay-opacity":"","overlay-gradient":""},"mobile":{"background-color":"","background-image":"","background-repeat":"repeat","background-position":"center center","background-size":"auto","background-attachment":"scroll","background-type":"","background-media":"","overlay-type":"","overlay-color":"","overlay-opacity":"","overlay-gradient":""}},"ast-content-background-meta":{"desktop":{"background-color":"var(--ast-global-color-5)","background-image":"","background-repeat":"repeat","background-position":"center center","background-size":"auto","background-attachment":"scroll","background-type":"","background-media":"","overlay-type":"","overlay-color":"","overlay-opacity":"","overlay-gradient":""},"tablet":{"background-color":"var(--ast-global-color-5)","background-image":"","background-repeat":"repeat","background-position":"center center","background-size":"auto","background-attachment":"scroll","background-type":"","background-media":"","overlay-type":"","overlay-color":"","overlay-opacity":"","overlay-gradient":""},"mobile":{"background-color":"var(--ast-global-color-5)","background-image":"","background-repeat":"repeat","background-position":"center center","background-size":"auto","background-attachment":"scroll","background-type":"","background-media":"","overlay-type":"","overlay-color":"","overlay-opacity":"","overlay-gradient":""}}},"product_brand":[],"product_cat":[511,1494,516],"product_tag":[1472],"class_list":{"0":"post-14198","1":"product","2":"type-product","3":"status-publish","4":"has-post-thumbnail","6":"product_cat-armoires","7":"product_cat-kit-poste-de-travail-mdf","8":"product_cat-promotions","9":"product_tag-trm-garage-fr","10":"desktop-align-center","11":"tablet-align-center","12":"mobile-align-center","13":"ast-product-gallery-layout-horizontal-slider","14":"ast-magnify-disabled","15":"ast-product-single-variable","16":"ast-qv-on-image","18":"first","19":"instock","20":"taxable","21":"shipping-taxable","22":"purchasable","23":"product-type-variable"},"bundled_by":[],"bundle_stock_status":"instock","bundle_stock_quantity":10,"bundle_virtual":false,"bundle_layout":"","bundle_add_to_cart_form_location":"","bundle_editable_in_cart":false,"bundle_sold_individually_context":"","bundle_item_grouping":"","bundle_min_size":"","bundle_max_size":"","bundle_price":[],"bundled_items":[],"bundle_sell_ids":[],"yoast_head":"<!-- This site is optimized with the Yoast SEO Premium plugin v27.5 (Yoast SEO v27.5) - https:\/\/yoast.com\/product\/yoast-seo-premium-wordpress\/ -->\n<title>Passion Station Kit 1 | Garage Mania<\/title>\n<meta name=\"description\" content=\"La meilleure fa\u00e7on d&#039;am\u00e9nager votre garage avec Garage Mania. Kit Passion 1, confortable et dot\u00e9 d&#039;un \u00e9tabli de 1,4 m...\" \/>\n<meta name=\"robots\" content=\"index, follow, max-snippet:-1, max-image-preview:large, max-video-preview:-1\" \/>\n<link rel=\"canonical\" href=\"https:\/\/www.garagemania.ch\/fr\/produit\/kit-passion-1\/\" \/>\n<meta property=\"og:locale\" content=\"fr_FR\" \/>\n<meta property=\"og:type\" content=\"article\" \/>\n<meta property=\"og:title\" content=\"Kit Passion 1\" \/>\n<meta property=\"og:description\" content=\"La meilleure fa\u00e7on d&#039;am\u00e9nager votre garage avec Garage Mania. Kit Passion 1, confortable et dot\u00e9 d&#039;un \u00e9tabli de 1,4 m...\" \/>\n<meta property=\"og:url\" content=\"https:\/\/www.garagemania.ch\/fr\/produit\/kit-passion-1\/\" \/>\n<meta property=\"og:site_name\" content=\"Garage Mania\" \/>\n<meta property=\"article:publisher\" content=\"https:\/\/www.facebook.com\/garagemania.it\/\" \/>\n<meta property=\"article:modified_time\" content=\"2024-02-22T08:37:55+00:00\" \/>\n<meta property=\"og:image\" content=\"https:\/\/www.garagemania.ch\/wp-content\/uploads\/2023\/11\/Kit-Passion-1-Arancione-Garage-Mania.jpg\" \/>\n\t<meta property=\"og:image:width\" content=\"600\" \/>\n\t<meta property=\"og:image:height\" content=\"600\" \/>\n\t<meta property=\"og:image:type\" content=\"image\/jpeg\" \/>\n<meta name=\"twitter:card\" content=\"summary_large_image\" \/>\n<meta name=\"twitter:label1\" content=\"Dur\u00e9e de lecture estim\u00e9e\" \/>\n\t<meta name=\"twitter:data1\" content=\"1 minute\" \/>\n<script type=\"application\/ld+json\" class=\"yoast-schema-graph\">{\"@context\":\"https:\\\/\\\/schema.org\",\"@graph\":[{\"@type\":\"WebPage\",\"@id\":\"https:\\\/\\\/www.garagemania.ch\\\/fr\\\/produit\\\/kit-passion-1\\\/\",\"url\":\"https:\\\/\\\/www.garagemania.ch\\\/fr\\\/produit\\\/kit-passion-1\\\/\",\"name\":\"Passion Station Kit 1 | Garage Mania\",\"isPartOf\":{\"@id\":\"https:\\\/\\\/www.garagemania.ch\\\/fr\\\/#website\"},\"primaryImageOfPage\":{\"@id\":\"https:\\\/\\\/www.garagemania.ch\\\/fr\\\/produit\\\/kit-passion-1\\\/#primaryimage\"},\"image\":{\"@id\":\"https:\\\/\\\/www.garagemania.ch\\\/fr\\\/produit\\\/kit-passion-1\\\/#primaryimage\"},\"thumbnailUrl\":\"https:\\\/\\\/www.garagemania.ch\\\/wp-content\\\/uploads\\\/2023\\\/11\\\/Kit-Passion-1-Arancione-Garage-Mania.jpg\",\"datePublished\":\"2023-11-14T11:30:31+00:00\",\"dateModified\":\"2024-02-22T08:37:55+00:00\",\"description\":\"La meilleure fa\u00e7on d'am\u00e9nager votre garage avec Garage Mania. Kit Passion 1, confortable et dot\u00e9 d'un \u00e9tabli de 1,4 m...\",\"breadcrumb\":{\"@id\":\"https:\\\/\\\/www.garagemania.ch\\\/fr\\\/produit\\\/kit-passion-1\\\/#breadcrumb\"},\"inLanguage\":\"fr-FR\",\"potentialAction\":[{\"@type\":\"ReadAction\",\"target\":[\"https:\\\/\\\/www.garagemania.ch\\\/fr\\\/produit\\\/kit-passion-1\\\/\"]}]},{\"@type\":\"ImageObject\",\"inLanguage\":\"fr-FR\",\"@id\":\"https:\\\/\\\/www.garagemania.ch\\\/fr\\\/produit\\\/kit-passion-1\\\/#primaryimage\",\"url\":\"https:\\\/\\\/www.garagemania.ch\\\/wp-content\\\/uploads\\\/2023\\\/11\\\/Kit-Passion-1-Arancione-Garage-Mania.jpg\",\"contentUrl\":\"https:\\\/\\\/www.garagemania.ch\\\/wp-content\\\/uploads\\\/2023\\\/11\\\/Kit-Passion-1-Arancione-Garage-Mania.jpg\",\"width\":600,\"height\":600,\"caption\":\"Kit Passion 1 Orange Garage Mania\"},{\"@type\":\"BreadcrumbList\",\"@id\":\"https:\\\/\\\/www.garagemania.ch\\\/fr\\\/produit\\\/kit-passion-1\\\/#breadcrumb\",\"itemListElement\":[{\"@type\":\"ListItem\",\"position\":1,\"name\":\"Home\",\"item\":\"https:\\\/\\\/www.garagemania.ch\\\/fr\\\/homepage\\\/\"},{\"@type\":\"ListItem\",\"position\":2,\"name\":\"Shop\",\"item\":\"https:\\\/\\\/www.garagemania.ch\\\/fr\\\/page-shop-pour-les-rangements-garage-de-chez-garage-mania\\\/\"},{\"@type\":\"ListItem\",\"position\":3,\"name\":\"Kit Passion 1\"}]},{\"@type\":\"WebSite\",\"@id\":\"https:\\\/\\\/www.garagemania.ch\\\/fr\\\/#website\",\"url\":\"https:\\\/\\\/www.garagemania.ch\\\/fr\\\/\",\"name\":\"Garage Mania\",\"description\":\"Il luogo ideale per tutti coloro che vogliono un garage super esclusivo\",\"publisher\":{\"@id\":\"https:\\\/\\\/www.garagemania.ch\\\/fr\\\/#organization\"},\"potentialAction\":[{\"@type\":\"SearchAction\",\"target\":{\"@type\":\"EntryPoint\",\"urlTemplate\":\"https:\\\/\\\/www.garagemania.ch\\\/fr\\\/?s={search_term_string}\"},\"query-input\":{\"@type\":\"PropertyValueSpecification\",\"valueRequired\":true,\"valueName\":\"search_term_string\"}}],\"inLanguage\":\"fr-FR\"},{\"@type\":\"Organization\",\"@id\":\"https:\\\/\\\/www.garagemania.ch\\\/fr\\\/#organization\",\"name\":\"GLADIATOR WORX SAGL\",\"url\":\"https:\\\/\\\/www.garagemania.ch\\\/fr\\\/\",\"logo\":{\"@type\":\"ImageObject\",\"inLanguage\":\"fr-FR\",\"@id\":\"https:\\\/\\\/www.garagemania.ch\\\/fr\\\/#\\\/schema\\\/logo\\\/image\\\/\",\"url\":\"https:\\\/\\\/www.garagemania.ch\\\/wp-content\\\/uploads\\\/2021\\\/03\\\/Logo-Garage-Mania.png\",\"contentUrl\":\"https:\\\/\\\/www.garagemania.ch\\\/wp-content\\\/uploads\\\/2021\\\/03\\\/Logo-Garage-Mania.png\",\"width\":300,\"height\":282,\"caption\":\"GLADIATOR WORX SAGL\"},\"image\":{\"@id\":\"https:\\\/\\\/www.garagemania.ch\\\/fr\\\/#\\\/schema\\\/logo\\\/image\\\/\"},\"sameAs\":[\"https:\\\/\\\/www.facebook.com\\\/garagemania.it\\\/\",\"https:\\\/\\\/www.instagram.com\\\/garagemania.it\\\/\"]}]}<\/script>\n<!-- \/ Yoast SEO Premium plugin. -->","yoast_head_json":{"title":"Passion Station Kit 1 | Garage Mania","description":"La meilleure fa\u00e7on d'am\u00e9nager votre garage avec Garage Mania. Kit Passion 1, confortable et dot\u00e9 d'un \u00e9tabli de 1,4 m...","robots":{"index":"index","follow":"follow","max-snippet":"max-snippet:-1","max-image-preview":"max-image-preview:large","max-video-preview":"max-video-preview:-1"},"canonical":"https:\/\/www.garagemania.ch\/fr\/produit\/kit-passion-1\/","og_locale":"fr_FR","og_type":"article","og_title":"Kit Passion 1","og_description":"La meilleure fa\u00e7on d'am\u00e9nager votre garage avec Garage Mania. Kit Passion 1, confortable et dot\u00e9 d'un \u00e9tabli de 1,4 m...","og_url":"https:\/\/www.garagemania.ch\/fr\/produit\/kit-passion-1\/","og_site_name":"Garage Mania","article_publisher":"https:\/\/www.facebook.com\/garagemania.it\/","article_modified_time":"2024-02-22T08:37:55+00:00","og_image":[{"width":600,"height":600,"url":"https:\/\/www.garagemania.ch\/wp-content\/uploads\/2023\/11\/Kit-Passion-1-Arancione-Garage-Mania.jpg","type":"image\/jpeg"}],"twitter_card":"summary_large_image","twitter_misc":{"Dur\u00e9e de lecture estim\u00e9e":"1 minute"},"schema":{"@context":"https:\/\/schema.org","@graph":[{"@type":"WebPage","@id":"https:\/\/www.garagemania.ch\/fr\/produit\/kit-passion-1\/","url":"https:\/\/www.garagemania.ch\/fr\/produit\/kit-passion-1\/","name":"Passion Station Kit 1 | Garage Mania","isPartOf":{"@id":"https:\/\/www.garagemania.ch\/fr\/#website"},"primaryImageOfPage":{"@id":"https:\/\/www.garagemania.ch\/fr\/produit\/kit-passion-1\/#primaryimage"},"image":{"@id":"https:\/\/www.garagemania.ch\/fr\/produit\/kit-passion-1\/#primaryimage"},"thumbnailUrl":"https:\/\/www.garagemania.ch\/wp-content\/uploads\/2023\/11\/Kit-Passion-1-Arancione-Garage-Mania.jpg","datePublished":"2023-11-14T11:30:31+00:00","dateModified":"2024-02-22T08:37:55+00:00","description":"La meilleure fa\u00e7on d'am\u00e9nager votre garage avec Garage Mania. Kit Passion 1, confortable et dot\u00e9 d'un \u00e9tabli de 1,4 m...","breadcrumb":{"@id":"https:\/\/www.garagemania.ch\/fr\/produit\/kit-passion-1\/#breadcrumb"},"inLanguage":"fr-FR","potentialAction":[{"@type":"ReadAction","target":["https:\/\/www.garagemania.ch\/fr\/produit\/kit-passion-1\/"]}]},{"@type":"ImageObject","inLanguage":"fr-FR","@id":"https:\/\/www.garagemania.ch\/fr\/produit\/kit-passion-1\/#primaryimage","url":"https:\/\/www.garagemania.ch\/wp-content\/uploads\/2023\/11\/Kit-Passion-1-Arancione-Garage-Mania.jpg","contentUrl":"https:\/\/www.garagemania.ch\/wp-content\/uploads\/2023\/11\/Kit-Passion-1-Arancione-Garage-Mania.jpg","width":600,"height":600,"caption":"Kit Passion 1 Orange Garage Mania"},{"@type":"BreadcrumbList","@id":"https:\/\/www.garagemania.ch\/fr\/produit\/kit-passion-1\/#breadcrumb","itemListElement":[{"@type":"ListItem","position":1,"name":"Home","item":"https:\/\/www.garagemania.ch\/fr\/homepage\/"},{"@type":"ListItem","position":2,"name":"Shop","item":"https:\/\/www.garagemania.ch\/fr\/page-shop-pour-les-rangements-garage-de-chez-garage-mania\/"},{"@type":"ListItem","position":3,"name":"Kit Passion 1"}]},{"@type":"WebSite","@id":"https:\/\/www.garagemania.ch\/fr\/#website","url":"https:\/\/www.garagemania.ch\/fr\/","name":"Garage Mania","description":"Il luogo ideale per tutti coloro che vogliono un garage super esclusivo","publisher":{"@id":"https:\/\/www.garagemania.ch\/fr\/#organization"},"potentialAction":[{"@type":"SearchAction","target":{"@type":"EntryPoint","urlTemplate":"https:\/\/www.garagemania.ch\/fr\/?s={search_term_string}"},"query-input":{"@type":"PropertyValueSpecification","valueRequired":true,"valueName":"search_term_string"}}],"inLanguage":"fr-FR"},{"@type":"Organization","@id":"https:\/\/www.garagemania.ch\/fr\/#organization","name":"GLADIATOR WORX SAGL","url":"https:\/\/www.garagemania.ch\/fr\/","logo":{"@type":"ImageObject","inLanguage":"fr-FR","@id":"https:\/\/www.garagemania.ch\/fr\/#\/schema\/logo\/image\/","url":"https:\/\/www.garagemania.ch\/wp-content\/uploads\/2021\/03\/Logo-Garage-Mania.png","contentUrl":"https:\/\/www.garagemania.ch\/wp-content\/uploads\/2021\/03\/Logo-Garage-Mania.png","width":300,"height":282,"caption":"GLADIATOR WORX SAGL"},"image":{"@id":"https:\/\/www.garagemania.ch\/fr\/#\/schema\/logo\/image\/"},"sameAs":["https:\/\/www.facebook.com\/garagemania.it\/","https:\/\/www.instagram.com\/garagemania.it\/"]}]}},"_links":{"self":[{"href":"https:\/\/www.garagemania.ch\/fr\/wp-json\/wp\/v2\/product\/14198","targetHints":{"allow":["GET"]}}],"collection":[{"href":"https:\/\/www.garagemania.ch\/fr\/wp-json\/wp\/v2\/product"}],"about":[{"href":"https:\/\/www.garagemania.ch\/fr\/wp-json\/wp\/v2\/types\/product"}],"replies":[{"embeddable":true,"href":"https:\/\/www.garagemania.ch\/fr\/wp-json\/wp\/v2\/comments?post=14198"}],"version-history":[{"count":4,"href":"https:\/\/www.garagemania.ch\/fr\/wp-json\/wp\/v2\/product\/14198\/revisions"}],"predecessor-version":[{"id":15023,"href":"https:\/\/www.garagemania.ch\/fr\/wp-json\/wp\/v2\/product\/14198\/revisions\/15023"}],"wp:featuredmedia":[{"embeddable":true,"href":"https:\/\/www.garagemania.ch\/fr\/wp-json\/wp\/v2\/media\/14107"}],"wp:attachment":[{"href":"https:\/\/www.garagemania.ch\/fr\/wp-json\/wp\/v2\/media?parent=14198"}],"wp:term":[{"taxonomy":"product_brand","embeddable":true,"href":"https:\/\/www.garagemania.ch\/fr\/wp-json\/wp\/v2\/product_brand?post=14198"},{"taxonomy":"product_cat","embeddable":true,"href":"https:\/\/www.garagemania.ch\/fr\/wp-json\/wp\/v2\/product_cat?post=14198"},{"taxonomy":"product_tag","embeddable":true,"href":"https:\/\/www.garagemania.ch\/fr\/wp-json\/wp\/v2\/product_tag?post=14198"}],"curies":[{"name":"wp","href":"https:\/\/api.w.org\/{rel}","templated":true}]}}