{"id":14227,"date":"2023-11-14T10:05:46","date_gmt":"2023-11-14T09:05:46","guid":{"rendered":"https:\/\/www.garagemania.ch\/prodotto\/kit-full\/"},"modified":"2024-02-22T09:48:18","modified_gmt":"2024-02-22T08:48:18","slug":"kit-full","status":"publish","type":"product","link":"https:\/\/www.garagemania.ch\/fr\/produit\/kit-full\/","title":{"rendered":"Kit Full"},"content":{"rendered":"<p>Cette composition de meubles <strong>TRM Gamme PASSION<\/strong> comprend:<\/p>\n<ul>\n<li>6x MHMG01 meuble haut<\/li>\n<li>Ouverture vers le haut sur v\u00e9rins \u00e0 gaz<\/li>\n<li>1x MHMG02 meuble haut d\u00e9rouleur<\/li>\n<li>Ouverture vers le haut sur v\u00e9rins \u00e0 gaz et fente pour rouleau de papier<\/li>\n<li>1x MHMG03 meuble haut radio<\/li>\n<li>1x MHMG04 meuble haut d&rsquo;angle<\/li>\n<li>1x AMMG01 armoire \u00e0 quincaillerie<\/li>\n<li>7 tiroirs compartiment\u00e9s<\/li>\n<li>1x AMMG02 armoire \u00e9lectroportatif<\/li>\n<li>4 tiroirs et emplacements divers pour l&rsquo;outillage<\/li>\n<li>1x AMMG03 armoire de rangement<\/li>\n<li>4 \u00e9tag\u00e8res charges lourdes pour les bidons etc..<\/li>\n<li>2x ETMG01 \u00e9tabli charge lourde, bois contreplaqu\u00e8 sp. cm 5<\/li>\n<li>Structure en acier \u00e9poxy et plateau en multiplis 50 mm<\/li>\n<li>1x MBMG01 combin\u00e9 \u00e9tabli \/ servante<\/li>\n<li>2 tiroirs 915x475x65 mm\/ 3 tiroirs 265x420x275 mm \/ 1 tiroir<\/li>\n<li>310x550x570 mm poubelle int\u00e9gr\u00e9e<\/li>\n<li>1x MBMG02 armoire basse<\/li>\n<li>2 portes battantes et une \u00e9tag\u00e8re sur glissi\u00e8re<\/li>\n<li>1x MBMG03 servante large<\/li>\n<li>4 larges tiroirs pour l&rsquo;outillage<\/li>\n<li>1x ETMG02 raccord d&rsquo;angle pour \u00e9tabli<\/li>\n<li>11x \u00c9clairage led pour les meubles hauts et les armoires<\/li>\n<\/ul>\n","protected":false},"excerpt":{"rendered":"<p>Pour qui ?\u00a0\u00a0Vous disposez d&rsquo;un garage de 40 \u00e0 50 m\u00b2 minimum.<\/p>\n<p>Vous \u00eates un v\u00e9ritable passionn\u00e9 de bricolage, d&rsquo;automobile, de moto, de quad etc &#8230;<\/p>\n<p>Cet ensemble offre tout le confort et l&rsquo;organisation n\u00e9cessaires !<\/p>\n<p>Tout comme les grands cuisiniers \u0153uvrent toujours dans des cuisines ultra fonctionnelles, les virtuoses du garage trouveront cet ensemble id\u00e9al pour travailler : 5.85 m\u00b2 d&rsquo;\u00e9tabli ! 6 tiroirs pour l&rsquo;outillage, une poubelle int\u00e9gr\u00e9e, une armoire pour vos vis, une autre pour votre outillage \u00e9lectrique avec juste en dessous les tiroirs pour ranger vos accessoires (forets, papier \u00e0 poncer) directement \u00e0 proximit\u00e9 ! Tiroirs mdf 15 mm, capacit\u00e9 de charge 35 kg par tiroir.<\/p>\n<p>Tout vous tombera sous la main sans r\u00e9fl\u00e9chir !<\/p>\n<p>Disponible en 3 coloris : orange, rouge, gris clair m\u00e9tallis\u00e9. Panneau de prises non compris.<\/p>\n<p>Tout autre coloris, brillant ou mat, disponible sur demande, avec surco\u00fbt de 25%<\/p>\n<p><em><strong>D\u00e9lai de livraison 4-5 semaines &#8211; Prix indiqu\u00e9 pour les meubles pr\u00e9assembl\u00e9s, hors livraison\/installation<\/strong><\/em><\/p>\n<p><em><strong>Tous les mod\u00e8les peuvent \u00eatre r\u00e9alis\u00e9s sur mesure<\/strong><\/em><\/p>\n","protected":false},"featured_media":14186,"comment_status":"open","ping_status":"closed","template":"","meta":{"site-sidebar-layout":"default","site-content-layout":"","ast-site-content-layout":"default","site-content-style":"default","site-sidebar-style":"default","ast-global-header-display":"","ast-banner-title-visibility":"","ast-main-header-display":"","ast-hfb-above-header-display":"","ast-hfb-below-header-display":"","ast-hfb-mobile-header-display":"","site-post-title":"","ast-breadcrumbs-content":"","ast-featured-img":"","footer-sml-layout":"","ast-disable-related-posts":"","theme-transparent-header-meta":"default","adv-header-id-meta":"","stick-header-meta":"","header-above-stick-meta":"","header-main-stick-meta":"","header-below-stick-meta":"","astra-migrate-meta-layouts":"set","ast-page-background-enabled":"default","ast-page-background-meta":{"desktop":{"background-color":"","background-image":"","background-repeat":"repeat","background-position":"center center","background-size":"auto","background-attachment":"scroll","background-type":"","background-media":"","overlay-type":"","overlay-color":"","overlay-opacity":"","overlay-gradient":""},"tablet":{"background-color":"","background-image":"","background-repeat":"repeat","background-position":"center center","background-size":"auto","background-attachment":"scroll","background-type":"","background-media":"","overlay-type":"","overlay-color":"","overlay-opacity":"","overlay-gradient":""},"mobile":{"background-color":"","background-image":"","background-repeat":"repeat","background-position":"center center","background-size":"auto","background-attachment":"scroll","background-type":"","background-media":"","overlay-type":"","overlay-color":"","overlay-opacity":"","overlay-gradient":""}},"ast-content-background-meta":{"desktop":{"background-color":"var(--ast-global-color-5)","background-image":"","background-repeat":"repeat","background-position":"center center","background-size":"auto","background-attachment":"scroll","background-type":"","background-media":"","overlay-type":"","overlay-color":"","overlay-opacity":"","overlay-gradient":""},"tablet":{"background-color":"var(--ast-global-color-5)","background-image":"","background-repeat":"repeat","background-position":"center center","background-size":"auto","background-attachment":"scroll","background-type":"","background-media":"","overlay-type":"","overlay-color":"","overlay-opacity":"","overlay-gradient":""},"mobile":{"background-color":"var(--ast-global-color-5)","background-image":"","background-repeat":"repeat","background-position":"center center","background-size":"auto","background-attachment":"scroll","background-type":"","background-media":"","overlay-type":"","overlay-color":"","overlay-opacity":"","overlay-gradient":""}}},"product_brand":[],"product_cat":[1494],"product_tag":[1472],"class_list":{"0":"post-14227","1":"product","2":"type-product","3":"status-publish","4":"has-post-thumbnail","6":"product_cat-kit-poste-de-travail-mdf","7":"product_tag-trm-garage-fr","8":"desktop-align-center","9":"tablet-align-center","10":"mobile-align-center","11":"ast-product-gallery-layout-horizontal-slider","12":"ast-magnify-disabled","13":"ast-product-single-variable","14":"ast-qv-on-image","16":"first","17":"instock","18":"taxable","19":"shipping-taxable","20":"purchasable","21":"product-type-variable"},"bundled_by":[],"bundle_stock_status":"instock","bundle_stock_quantity":10,"bundle_virtual":false,"bundle_layout":"","bundle_add_to_cart_form_location":"","bundle_editable_in_cart":false,"bundle_sold_individually_context":"","bundle_item_grouping":"","bundle_min_size":"","bundle_max_size":"","bundle_price":[],"bundled_items":[],"bundle_sell_ids":[],"yoast_head":"<!-- This site is optimized with the Yoast SEO Premium plugin v27.5 (Yoast SEO v27.5) - https:\/\/yoast.com\/product\/yoast-seo-premium-wordpress\/ -->\n<title>Kit Full | Garage Mania<\/title>\n<meta name=\"description\" content=\"Un syst\u00e8me complet pour am\u00e9nager votre garage avec Garage Mania. Kit complet, confort et organisation, con\u00e7u pour ceux qui ont...\" \/>\n<meta name=\"robots\" content=\"index, follow, max-snippet:-1, max-image-preview:large, max-video-preview:-1\" \/>\n<link rel=\"canonical\" href=\"https:\/\/www.garagemania.ch\/fr\/produit\/kit-full\/\" \/>\n<meta property=\"og:locale\" content=\"fr_FR\" \/>\n<meta property=\"og:type\" content=\"article\" \/>\n<meta property=\"og:title\" content=\"Kit Full\" \/>\n<meta property=\"og:description\" content=\"Un syst\u00e8me complet pour am\u00e9nager votre garage avec Garage Mania. Kit complet, confort et organisation, con\u00e7u pour ceux qui ont...\" \/>\n<meta property=\"og:url\" content=\"https:\/\/www.garagemania.ch\/fr\/produit\/kit-full\/\" \/>\n<meta property=\"og:site_name\" content=\"Garage Mania\" \/>\n<meta property=\"article:publisher\" content=\"https:\/\/www.facebook.com\/garagemania.it\/\" \/>\n<meta property=\"article:modified_time\" content=\"2024-02-22T08:48:18+00:00\" \/>\n<meta property=\"og:image\" content=\"https:\/\/www.garagemania.ch\/wp-content\/uploads\/2023\/11\/Kit-Full-garage-manai.jpg\" \/>\n\t<meta property=\"og:image:width\" content=\"600\" \/>\n\t<meta property=\"og:image:height\" content=\"450\" \/>\n\t<meta property=\"og:image:type\" content=\"image\/jpeg\" \/>\n<meta name=\"twitter:card\" content=\"summary_large_image\" \/>\n<meta name=\"twitter:label1\" content=\"Dur\u00e9e de lecture estim\u00e9e\" \/>\n\t<meta name=\"twitter:data1\" content=\"2 minutes\" \/>\n<script type=\"application\/ld+json\" class=\"yoast-schema-graph\">{\"@context\":\"https:\\\/\\\/schema.org\",\"@graph\":[{\"@type\":\"WebPage\",\"@id\":\"https:\\\/\\\/www.garagemania.ch\\\/fr\\\/produit\\\/kit-full\\\/\",\"url\":\"https:\\\/\\\/www.garagemania.ch\\\/fr\\\/produit\\\/kit-full\\\/\",\"name\":\"Kit Full | Garage Mania\",\"isPartOf\":{\"@id\":\"https:\\\/\\\/www.garagemania.ch\\\/fr\\\/#website\"},\"primaryImageOfPage\":{\"@id\":\"https:\\\/\\\/www.garagemania.ch\\\/fr\\\/produit\\\/kit-full\\\/#primaryimage\"},\"image\":{\"@id\":\"https:\\\/\\\/www.garagemania.ch\\\/fr\\\/produit\\\/kit-full\\\/#primaryimage\"},\"thumbnailUrl\":\"https:\\\/\\\/www.garagemania.ch\\\/wp-content\\\/uploads\\\/2023\\\/11\\\/Kit-Full-garage-manai.jpg\",\"datePublished\":\"2023-11-14T09:05:46+00:00\",\"dateModified\":\"2024-02-22T08:48:18+00:00\",\"description\":\"Un syst\u00e8me complet pour am\u00e9nager votre garage avec Garage Mania. Kit complet, confort et organisation, con\u00e7u pour ceux qui ont...\",\"breadcrumb\":{\"@id\":\"https:\\\/\\\/www.garagemania.ch\\\/fr\\\/produit\\\/kit-full\\\/#breadcrumb\"},\"inLanguage\":\"fr-FR\",\"potentialAction\":[{\"@type\":\"ReadAction\",\"target\":[\"https:\\\/\\\/www.garagemania.ch\\\/fr\\\/produit\\\/kit-full\\\/\"]}]},{\"@type\":\"ImageObject\",\"inLanguage\":\"fr-FR\",\"@id\":\"https:\\\/\\\/www.garagemania.ch\\\/fr\\\/produit\\\/kit-full\\\/#primaryimage\",\"url\":\"https:\\\/\\\/www.garagemania.ch\\\/wp-content\\\/uploads\\\/2023\\\/11\\\/Kit-Full-garage-manai.jpg\",\"contentUrl\":\"https:\\\/\\\/www.garagemania.ch\\\/wp-content\\\/uploads\\\/2023\\\/11\\\/Kit-Full-garage-manai.jpg\",\"width\":600,\"height\":450,\"caption\":\"Kit Full Garage Mania\"},{\"@type\":\"BreadcrumbList\",\"@id\":\"https:\\\/\\\/www.garagemania.ch\\\/fr\\\/produit\\\/kit-full\\\/#breadcrumb\",\"itemListElement\":[{\"@type\":\"ListItem\",\"position\":1,\"name\":\"Home\",\"item\":\"https:\\\/\\\/www.garagemania.ch\\\/fr\\\/homepage\\\/\"},{\"@type\":\"ListItem\",\"position\":2,\"name\":\"Shop\",\"item\":\"https:\\\/\\\/www.garagemania.ch\\\/fr\\\/page-shop-pour-les-rangements-garage-de-chez-garage-mania\\\/\"},{\"@type\":\"ListItem\",\"position\":3,\"name\":\"Kit Full\"}]},{\"@type\":\"WebSite\",\"@id\":\"https:\\\/\\\/www.garagemania.ch\\\/fr\\\/#website\",\"url\":\"https:\\\/\\\/www.garagemania.ch\\\/fr\\\/\",\"name\":\"Garage Mania\",\"description\":\"Il luogo ideale per tutti coloro che vogliono un garage super esclusivo\",\"publisher\":{\"@id\":\"https:\\\/\\\/www.garagemania.ch\\\/fr\\\/#organization\"},\"potentialAction\":[{\"@type\":\"SearchAction\",\"target\":{\"@type\":\"EntryPoint\",\"urlTemplate\":\"https:\\\/\\\/www.garagemania.ch\\\/fr\\\/?s={search_term_string}\"},\"query-input\":{\"@type\":\"PropertyValueSpecification\",\"valueRequired\":true,\"valueName\":\"search_term_string\"}}],\"inLanguage\":\"fr-FR\"},{\"@type\":\"Organization\",\"@id\":\"https:\\\/\\\/www.garagemania.ch\\\/fr\\\/#organization\",\"name\":\"GLADIATOR WORX SAGL\",\"url\":\"https:\\\/\\\/www.garagemania.ch\\\/fr\\\/\",\"logo\":{\"@type\":\"ImageObject\",\"inLanguage\":\"fr-FR\",\"@id\":\"https:\\\/\\\/www.garagemania.ch\\\/fr\\\/#\\\/schema\\\/logo\\\/image\\\/\",\"url\":\"https:\\\/\\\/www.garagemania.ch\\\/wp-content\\\/uploads\\\/2021\\\/03\\\/Logo-Garage-Mania.png\",\"contentUrl\":\"https:\\\/\\\/www.garagemania.ch\\\/wp-content\\\/uploads\\\/2021\\\/03\\\/Logo-Garage-Mania.png\",\"width\":300,\"height\":282,\"caption\":\"GLADIATOR WORX SAGL\"},\"image\":{\"@id\":\"https:\\\/\\\/www.garagemania.ch\\\/fr\\\/#\\\/schema\\\/logo\\\/image\\\/\"},\"sameAs\":[\"https:\\\/\\\/www.facebook.com\\\/garagemania.it\\\/\",\"https:\\\/\\\/www.instagram.com\\\/garagemania.it\\\/\"]}]}<\/script>\n<!-- \/ Yoast SEO Premium plugin. -->","yoast_head_json":{"title":"Kit Full | Garage Mania","description":"Un syst\u00e8me complet pour am\u00e9nager votre garage avec Garage Mania. Kit complet, confort et organisation, con\u00e7u pour ceux qui ont...","robots":{"index":"index","follow":"follow","max-snippet":"max-snippet:-1","max-image-preview":"max-image-preview:large","max-video-preview":"max-video-preview:-1"},"canonical":"https:\/\/www.garagemania.ch\/fr\/produit\/kit-full\/","og_locale":"fr_FR","og_type":"article","og_title":"Kit Full","og_description":"Un syst\u00e8me complet pour am\u00e9nager votre garage avec Garage Mania. Kit complet, confort et organisation, con\u00e7u pour ceux qui ont...","og_url":"https:\/\/www.garagemania.ch\/fr\/produit\/kit-full\/","og_site_name":"Garage Mania","article_publisher":"https:\/\/www.facebook.com\/garagemania.it\/","article_modified_time":"2024-02-22T08:48:18+00:00","og_image":[{"width":600,"height":450,"url":"https:\/\/www.garagemania.ch\/wp-content\/uploads\/2023\/11\/Kit-Full-garage-manai.jpg","type":"image\/jpeg"}],"twitter_card":"summary_large_image","twitter_misc":{"Dur\u00e9e de lecture estim\u00e9e":"2 minutes"},"schema":{"@context":"https:\/\/schema.org","@graph":[{"@type":"WebPage","@id":"https:\/\/www.garagemania.ch\/fr\/produit\/kit-full\/","url":"https:\/\/www.garagemania.ch\/fr\/produit\/kit-full\/","name":"Kit Full | Garage Mania","isPartOf":{"@id":"https:\/\/www.garagemania.ch\/fr\/#website"},"primaryImageOfPage":{"@id":"https:\/\/www.garagemania.ch\/fr\/produit\/kit-full\/#primaryimage"},"image":{"@id":"https:\/\/www.garagemania.ch\/fr\/produit\/kit-full\/#primaryimage"},"thumbnailUrl":"https:\/\/www.garagemania.ch\/wp-content\/uploads\/2023\/11\/Kit-Full-garage-manai.jpg","datePublished":"2023-11-14T09:05:46+00:00","dateModified":"2024-02-22T08:48:18+00:00","description":"Un syst\u00e8me complet pour am\u00e9nager votre garage avec Garage Mania. Kit complet, confort et organisation, con\u00e7u pour ceux qui ont...","breadcrumb":{"@id":"https:\/\/www.garagemania.ch\/fr\/produit\/kit-full\/#breadcrumb"},"inLanguage":"fr-FR","potentialAction":[{"@type":"ReadAction","target":["https:\/\/www.garagemania.ch\/fr\/produit\/kit-full\/"]}]},{"@type":"ImageObject","inLanguage":"fr-FR","@id":"https:\/\/www.garagemania.ch\/fr\/produit\/kit-full\/#primaryimage","url":"https:\/\/www.garagemania.ch\/wp-content\/uploads\/2023\/11\/Kit-Full-garage-manai.jpg","contentUrl":"https:\/\/www.garagemania.ch\/wp-content\/uploads\/2023\/11\/Kit-Full-garage-manai.jpg","width":600,"height":450,"caption":"Kit Full Garage Mania"},{"@type":"BreadcrumbList","@id":"https:\/\/www.garagemania.ch\/fr\/produit\/kit-full\/#breadcrumb","itemListElement":[{"@type":"ListItem","position":1,"name":"Home","item":"https:\/\/www.garagemania.ch\/fr\/homepage\/"},{"@type":"ListItem","position":2,"name":"Shop","item":"https:\/\/www.garagemania.ch\/fr\/page-shop-pour-les-rangements-garage-de-chez-garage-mania\/"},{"@type":"ListItem","position":3,"name":"Kit Full"}]},{"@type":"WebSite","@id":"https:\/\/www.garagemania.ch\/fr\/#website","url":"https:\/\/www.garagemania.ch\/fr\/","name":"Garage Mania","description":"Il luogo ideale per tutti coloro che vogliono un garage super esclusivo","publisher":{"@id":"https:\/\/www.garagemania.ch\/fr\/#organization"},"potentialAction":[{"@type":"SearchAction","target":{"@type":"EntryPoint","urlTemplate":"https:\/\/www.garagemania.ch\/fr\/?s={search_term_string}"},"query-input":{"@type":"PropertyValueSpecification","valueRequired":true,"valueName":"search_term_string"}}],"inLanguage":"fr-FR"},{"@type":"Organization","@id":"https:\/\/www.garagemania.ch\/fr\/#organization","name":"GLADIATOR WORX SAGL","url":"https:\/\/www.garagemania.ch\/fr\/","logo":{"@type":"ImageObject","inLanguage":"fr-FR","@id":"https:\/\/www.garagemania.ch\/fr\/#\/schema\/logo\/image\/","url":"https:\/\/www.garagemania.ch\/wp-content\/uploads\/2021\/03\/Logo-Garage-Mania.png","contentUrl":"https:\/\/www.garagemania.ch\/wp-content\/uploads\/2021\/03\/Logo-Garage-Mania.png","width":300,"height":282,"caption":"GLADIATOR WORX SAGL"},"image":{"@id":"https:\/\/www.garagemania.ch\/fr\/#\/schema\/logo\/image\/"},"sameAs":["https:\/\/www.facebook.com\/garagemania.it\/","https:\/\/www.instagram.com\/garagemania.it\/"]}]}},"_links":{"self":[{"href":"https:\/\/www.garagemania.ch\/fr\/wp-json\/wp\/v2\/product\/14227","targetHints":{"allow":["GET"]}}],"collection":[{"href":"https:\/\/www.garagemania.ch\/fr\/wp-json\/wp\/v2\/product"}],"about":[{"href":"https:\/\/www.garagemania.ch\/fr\/wp-json\/wp\/v2\/types\/product"}],"replies":[{"embeddable":true,"href":"https:\/\/www.garagemania.ch\/fr\/wp-json\/wp\/v2\/comments?post=14227"}],"version-history":[{"count":3,"href":"https:\/\/www.garagemania.ch\/fr\/wp-json\/wp\/v2\/product\/14227\/revisions"}],"predecessor-version":[{"id":15033,"href":"https:\/\/www.garagemania.ch\/fr\/wp-json\/wp\/v2\/product\/14227\/revisions\/15033"}],"wp:featuredmedia":[{"embeddable":true,"href":"https:\/\/www.garagemania.ch\/fr\/wp-json\/wp\/v2\/media\/14186"}],"wp:attachment":[{"href":"https:\/\/www.garagemania.ch\/fr\/wp-json\/wp\/v2\/media?parent=14227"}],"wp:term":[{"taxonomy":"product_brand","embeddable":true,"href":"https:\/\/www.garagemania.ch\/fr\/wp-json\/wp\/v2\/product_brand?post=14227"},{"taxonomy":"product_cat","embeddable":true,"href":"https:\/\/www.garagemania.ch\/fr\/wp-json\/wp\/v2\/product_cat?post=14227"},{"taxonomy":"product_tag","embeddable":true,"href":"https:\/\/www.garagemania.ch\/fr\/wp-json\/wp\/v2\/product_tag?post=14227"}],"curies":[{"name":"wp","href":"https:\/\/api.w.org\/{rel}","templated":true}]}}