{"id":6576,"date":"2021-06-18T16:55:12","date_gmt":"2021-06-18T14:55:12","guid":{"rendered":"https:\/\/www.garagemania.ch\/prodotto\/plan-de-travail-en-bois-hardwood-gaac27hwgx\/"},"modified":"2022-12-15T23:16:54","modified_gmt":"2022-12-15T22:16:54","slug":"plan-de-travail-en-bois-hardwood-gaac27hwgx","status":"publish","type":"product","link":"https:\/\/www.garagemania.ch\/fr\/produit\/plan-de-travail-en-bois-hardwood-gaac27hwgx\/","title":{"rendered":"Plateau en bois Hardwood pour armoire basse Gladiator\u00ae 67&#215;60 GAAC27HWGX"},"content":{"rendered":"","protected":false},"excerpt":{"rendered":"<p>Plateau en bois Hardwood Gladiator\u00ae GAAC27HWGX pour r\u00e9aliser votre plan de travail personnel.<\/p>\n<p>Cr\u00e9ez un plan de travail ind\u00e9pendant, gr\u00e2ce au plateau en bois Hardwood, associ\u00e9 \u00e0 l&rsquo;armoire Gearbox\u00ae ou au coffre \u00e0 outils Gladiator\u00ae.<\/p>\n<p>Ce plateau en bois est parfait pour transformer une armoire, sur roulettes ou sur pieds, en un plan de travail de garage fonctionnel.<\/p>\n<p>Des entretoises sp\u00e9cifiques permettent une bonne circulation de l&rsquo;air sous le plateau, afin de r\u00e9duire le risque de d\u00e9formation du bois due aux changements de temp\u00e9rature ou \u00e0 l\u2019humidit\u00e9.<\/p>\n<p>Le nettoyage du plateau est tr\u00e8s simple, il suffit de l&rsquo;essuyer avec un chiffon humide.<\/p>\n<p>Fabriqu\u00e9 en bois massif, il est tr\u00e8s r\u00e9sistant. Il se fixe facilement aux coffres et armoires \u00e0 outils, cr\u00e9ant ainsi un poste de travail parfait pour les travaux dans votre garage.<\/p>\n<p>Compatible avec les coffres \u00e0 outils Gladiator\u00ae GAGB272 et GAGD275.<\/p>\n","protected":false},"featured_media":16380,"comment_status":"open","ping_status":"closed","template":"","meta":{"site-sidebar-layout":"default","site-content-layout":"default","ast-site-content-layout":"default","site-content-style":"default","site-sidebar-style":"default","ast-global-header-display":"","ast-banner-title-visibility":"","ast-main-header-display":"","ast-hfb-above-header-display":"","ast-hfb-below-header-display":"","ast-hfb-mobile-header-display":"","site-post-title":"","ast-breadcrumbs-content":"","ast-featured-img":"","footer-sml-layout":"","ast-disable-related-posts":"","theme-transparent-header-meta":"default","adv-header-id-meta":"","stick-header-meta":"","header-above-stick-meta":"","header-main-stick-meta":"","header-below-stick-meta":"","astra-migrate-meta-layouts":"default","ast-page-background-enabled":"default","ast-page-background-meta":{"desktop":{"background-color":"","background-image":"","background-repeat":"repeat","background-position":"center center","background-size":"auto","background-attachment":"scroll","background-type":"","background-media":"","overlay-type":"","overlay-color":"","overlay-opacity":"","overlay-gradient":""},"tablet":{"background-color":"","background-image":"","background-repeat":"repeat","background-position":"center center","background-size":"auto","background-attachment":"scroll","background-type":"","background-media":"","overlay-type":"","overlay-color":"","overlay-opacity":"","overlay-gradient":""},"mobile":{"background-color":"","background-image":"","background-repeat":"repeat","background-position":"center center","background-size":"auto","background-attachment":"scroll","background-type":"","background-media":"","overlay-type":"","overlay-color":"","overlay-opacity":"","overlay-gradient":""}},"ast-content-background-meta":{"desktop":{"background-color":"var(--ast-global-color-5)","background-image":"","background-repeat":"repeat","background-position":"center center","background-size":"auto","background-attachment":"scroll","background-type":"","background-media":"","overlay-type":"","overlay-color":"","overlay-opacity":"","overlay-gradient":""},"tablet":{"background-color":"var(--ast-global-color-5)","background-image":"","background-repeat":"repeat","background-position":"center center","background-size":"auto","background-attachment":"scroll","background-type":"","background-media":"","overlay-type":"","overlay-color":"","overlay-opacity":"","overlay-gradient":""},"mobile":{"background-color":"var(--ast-global-color-5)","background-image":"","background-repeat":"repeat","background-position":"center center","background-size":"auto","background-attachment":"scroll","background-type":"","background-media":"","overlay-type":"","overlay-color":"","overlay-opacity":"","overlay-gradient":""}}},"product_brand":[],"product_cat":[443],"product_tag":[448,447,1092,446],"class_list":{"0":"post-6576","1":"product","2":"type-product","3":"status-publish","4":"has-post-thumbnail","6":"product_cat-coffres-a-outils","7":"product_tag-amenagement-garage","8":"product_tag-etabli-de-travail","9":"product_tag-gladiator-fr-2","10":"product_tag-poste-de-travail","11":"desktop-align-center","12":"tablet-align-center","13":"mobile-align-center","14":"ast-product-gallery-layout-horizontal-slider","15":"ast-magnify-disabled","16":"ast-qv-on-image","18":"first","19":"instock","20":"taxable","21":"shipping-taxable","22":"purchasable","23":"product-type-simple"},"bundled_by":["9040","9039"],"bundle_stock_status":"instock","bundle_stock_quantity":null,"bundle_virtual":false,"bundle_layout":"","bundle_add_to_cart_form_location":"","bundle_editable_in_cart":false,"bundle_sold_individually_context":"","bundle_item_grouping":"","bundle_min_size":"","bundle_max_size":"","bundle_price":[],"bundled_items":[],"bundle_sell_ids":[],"yoast_head":"<!-- This site is optimized with the Yoast SEO Premium plugin v27.4 (Yoast SEO v27.4) - https:\/\/yoast.com\/product\/yoast-seo-premium-wordpress\/ -->\n<title>Plan en bois Hardwood Gladiator\u00ae GAAC27HWGX - Garage Mania<\/title>\n<meta name=\"description\" content=\"Le plan en bois Hardwood Gladiator est parfait pour transformer une armoire ou un coffre \u00e0 outils en un plan de travail\" \/>\n<meta name=\"robots\" content=\"index, follow, max-snippet:-1, max-image-preview:large, max-video-preview:-1\" \/>\n<link rel=\"canonical\" href=\"https:\/\/www.garagemania.ch\/fr\/produit\/plan-de-travail-en-bois-hardwood-gaac27hwgx\/\" \/>\n<meta property=\"og:locale\" content=\"fr_FR\" \/>\n<meta property=\"og:type\" content=\"article\" \/>\n<meta property=\"og:title\" content=\"Plan en bois Hardwood GAAC27HWGX - Garage Mania\" \/>\n<meta property=\"og:description\" content=\"Le plan en bois hardwood est parfait pour transformer une armoire ou un coffre \u00e0 outils en un plan de travail pour garage\" \/>\n<meta property=\"og:url\" content=\"https:\/\/www.garagemania.ch\/fr\/produit\/plan-de-travail-en-bois-hardwood-gaac27hwgx\/\" \/>\n<meta property=\"og:site_name\" content=\"Garage Mania\" \/>\n<meta property=\"article:publisher\" content=\"https:\/\/www.facebook.com\/garagemania.it\/\" \/>\n<meta property=\"article:modified_time\" content=\"2022-12-15T22:16:54+00:00\" \/>\n<meta property=\"og:image\" content=\"https:\/\/www.garagemania.ch\/wp-content\/uploads\/2021\/04\/GAAC27HWGX-piano-in-legno-Hardwood.jpg\" \/>\n<meta name=\"twitter:card\" content=\"summary_large_image\" \/>\n<meta name=\"twitter:title\" content=\"Plan en bois Hardwood GAAC27HWGX - Garage Mania\" \/>\n<meta name=\"twitter:description\" content=\"Le plan en bois hardwood est parfait pour transformer une armoire ou un coffre \u00e0 outils en un plan de travail pour garage\" \/>\n<meta name=\"twitter:image\" content=\"https:\/\/www.garagemania.ch\/wp-content\/uploads\/2021\/04\/GAAC27HWGX-piano-in-legno-Hardwood.jpg\" \/>\n<script type=\"application\/ld+json\" class=\"yoast-schema-graph\">{\"@context\":\"https:\\\/\\\/schema.org\",\"@graph\":[{\"@type\":\"WebPage\",\"@id\":\"https:\\\/\\\/www.garagemania.ch\\\/fr\\\/produit\\\/plan-de-travail-en-bois-hardwood-gaac27hwgx\\\/\",\"url\":\"https:\\\/\\\/www.garagemania.ch\\\/fr\\\/produit\\\/plan-de-travail-en-bois-hardwood-gaac27hwgx\\\/\",\"name\":\"Plan en bois Hardwood Gladiator\u00ae GAAC27HWGX - Garage Mania\",\"isPartOf\":{\"@id\":\"https:\\\/\\\/www.garagemania.ch\\\/fr\\\/#website\"},\"primaryImageOfPage\":{\"@id\":\"https:\\\/\\\/www.garagemania.ch\\\/fr\\\/produit\\\/plan-de-travail-en-bois-hardwood-gaac27hwgx\\\/#primaryimage\"},\"image\":{\"@id\":\"https:\\\/\\\/www.garagemania.ch\\\/fr\\\/produit\\\/plan-de-travail-en-bois-hardwood-gaac27hwgx\\\/#primaryimage\"},\"thumbnailUrl\":\"https:\\\/\\\/www.garagemania.ch\\\/wp-content\\\/uploads\\\/2021\\\/06\\\/Piano-in-legno-Hardwood-Gladiator-GAAC27HWGX.jpg\",\"datePublished\":\"2021-06-18T14:55:12+00:00\",\"dateModified\":\"2022-12-15T22:16:54+00:00\",\"description\":\"Le plan en bois Hardwood Gladiator est parfait pour transformer une armoire ou un coffre \u00e0 outils en un plan de travail\",\"breadcrumb\":{\"@id\":\"https:\\\/\\\/www.garagemania.ch\\\/fr\\\/produit\\\/plan-de-travail-en-bois-hardwood-gaac27hwgx\\\/#breadcrumb\"},\"inLanguage\":\"fr-FR\",\"potentialAction\":[{\"@type\":\"ReadAction\",\"target\":[\"https:\\\/\\\/www.garagemania.ch\\\/fr\\\/produit\\\/plan-de-travail-en-bois-hardwood-gaac27hwgx\\\/\"]}]},{\"@type\":\"ImageObject\",\"inLanguage\":\"fr-FR\",\"@id\":\"https:\\\/\\\/www.garagemania.ch\\\/fr\\\/produit\\\/plan-de-travail-en-bois-hardwood-gaac27hwgx\\\/#primaryimage\",\"url\":\"https:\\\/\\\/www.garagemania.ch\\\/wp-content\\\/uploads\\\/2021\\\/06\\\/Piano-in-legno-Hardwood-Gladiator-GAAC27HWGX.jpg\",\"contentUrl\":\"https:\\\/\\\/www.garagemania.ch\\\/wp-content\\\/uploads\\\/2021\\\/06\\\/Piano-in-legno-Hardwood-Gladiator-GAAC27HWGX.jpg\",\"width\":600,\"height\":600},{\"@type\":\"BreadcrumbList\",\"@id\":\"https:\\\/\\\/www.garagemania.ch\\\/fr\\\/produit\\\/plan-de-travail-en-bois-hardwood-gaac27hwgx\\\/#breadcrumb\",\"itemListElement\":[{\"@type\":\"ListItem\",\"position\":1,\"name\":\"Home\",\"item\":\"https:\\\/\\\/www.garagemania.ch\\\/fr\\\/homepage\\\/\"},{\"@type\":\"ListItem\",\"position\":2,\"name\":\"Shop\",\"item\":\"https:\\\/\\\/www.garagemania.ch\\\/fr\\\/page-shop-pour-les-rangements-garage-de-chez-garage-mania\\\/\"},{\"@type\":\"ListItem\",\"position\":3,\"name\":\"Plateau en bois Hardwood pour armoire basse Gladiator\u00ae 67&#215;60 GAAC27HWGX\"}]},{\"@type\":\"WebSite\",\"@id\":\"https:\\\/\\\/www.garagemania.ch\\\/fr\\\/#website\",\"url\":\"https:\\\/\\\/www.garagemania.ch\\\/fr\\\/\",\"name\":\"Garage Mania\",\"description\":\"Il luogo ideale per tutti coloro che vogliono un garage super esclusivo\",\"publisher\":{\"@id\":\"https:\\\/\\\/www.garagemania.ch\\\/fr\\\/#organization\"},\"potentialAction\":[{\"@type\":\"SearchAction\",\"target\":{\"@type\":\"EntryPoint\",\"urlTemplate\":\"https:\\\/\\\/www.garagemania.ch\\\/fr\\\/?s={search_term_string}\"},\"query-input\":{\"@type\":\"PropertyValueSpecification\",\"valueRequired\":true,\"valueName\":\"search_term_string\"}}],\"inLanguage\":\"fr-FR\"},{\"@type\":\"Organization\",\"@id\":\"https:\\\/\\\/www.garagemania.ch\\\/fr\\\/#organization\",\"name\":\"GLADIATOR WORX SAGL\",\"url\":\"https:\\\/\\\/www.garagemania.ch\\\/fr\\\/\",\"logo\":{\"@type\":\"ImageObject\",\"inLanguage\":\"fr-FR\",\"@id\":\"https:\\\/\\\/www.garagemania.ch\\\/fr\\\/#\\\/schema\\\/logo\\\/image\\\/\",\"url\":\"https:\\\/\\\/www.garagemania.ch\\\/wp-content\\\/uploads\\\/2021\\\/03\\\/Logo-Garage-Mania.png\",\"contentUrl\":\"https:\\\/\\\/www.garagemania.ch\\\/wp-content\\\/uploads\\\/2021\\\/03\\\/Logo-Garage-Mania.png\",\"width\":300,\"height\":282,\"caption\":\"GLADIATOR WORX SAGL\"},\"image\":{\"@id\":\"https:\\\/\\\/www.garagemania.ch\\\/fr\\\/#\\\/schema\\\/logo\\\/image\\\/\"},\"sameAs\":[\"https:\\\/\\\/www.facebook.com\\\/garagemania.it\\\/\",\"https:\\\/\\\/www.instagram.com\\\/garagemania.it\\\/\"]}]}<\/script>\n<!-- \/ Yoast SEO Premium plugin. -->","yoast_head_json":{"title":"Plan en bois Hardwood Gladiator\u00ae GAAC27HWGX - Garage Mania","description":"Le plan en bois Hardwood Gladiator est parfait pour transformer une armoire ou un coffre \u00e0 outils en un plan de travail","robots":{"index":"index","follow":"follow","max-snippet":"max-snippet:-1","max-image-preview":"max-image-preview:large","max-video-preview":"max-video-preview:-1"},"canonical":"https:\/\/www.garagemania.ch\/fr\/produit\/plan-de-travail-en-bois-hardwood-gaac27hwgx\/","og_locale":"fr_FR","og_type":"article","og_title":"Plan en bois Hardwood GAAC27HWGX - Garage Mania","og_description":"Le plan en bois hardwood est parfait pour transformer une armoire ou un coffre \u00e0 outils en un plan de travail pour garage","og_url":"https:\/\/www.garagemania.ch\/fr\/produit\/plan-de-travail-en-bois-hardwood-gaac27hwgx\/","og_site_name":"Garage Mania","article_publisher":"https:\/\/www.facebook.com\/garagemania.it\/","article_modified_time":"2022-12-15T22:16:54+00:00","og_image":[{"url":"https:\/\/www.garagemania.ch\/wp-content\/uploads\/2021\/04\/GAAC27HWGX-piano-in-legno-Hardwood.jpg","type":"","width":"","height":""}],"twitter_card":"summary_large_image","twitter_title":"Plan en bois Hardwood GAAC27HWGX - Garage Mania","twitter_description":"Le plan en bois hardwood est parfait pour transformer une armoire ou un coffre \u00e0 outils en un plan de travail pour garage","twitter_image":"https:\/\/www.garagemania.ch\/wp-content\/uploads\/2021\/04\/GAAC27HWGX-piano-in-legno-Hardwood.jpg","schema":{"@context":"https:\/\/schema.org","@graph":[{"@type":"WebPage","@id":"https:\/\/www.garagemania.ch\/fr\/produit\/plan-de-travail-en-bois-hardwood-gaac27hwgx\/","url":"https:\/\/www.garagemania.ch\/fr\/produit\/plan-de-travail-en-bois-hardwood-gaac27hwgx\/","name":"Plan en bois Hardwood Gladiator\u00ae GAAC27HWGX - Garage Mania","isPartOf":{"@id":"https:\/\/www.garagemania.ch\/fr\/#website"},"primaryImageOfPage":{"@id":"https:\/\/www.garagemania.ch\/fr\/produit\/plan-de-travail-en-bois-hardwood-gaac27hwgx\/#primaryimage"},"image":{"@id":"https:\/\/www.garagemania.ch\/fr\/produit\/plan-de-travail-en-bois-hardwood-gaac27hwgx\/#primaryimage"},"thumbnailUrl":"https:\/\/www.garagemania.ch\/wp-content\/uploads\/2021\/06\/Piano-in-legno-Hardwood-Gladiator-GAAC27HWGX.jpg","datePublished":"2021-06-18T14:55:12+00:00","dateModified":"2022-12-15T22:16:54+00:00","description":"Le plan en bois Hardwood Gladiator est parfait pour transformer une armoire ou un coffre \u00e0 outils en un plan de travail","breadcrumb":{"@id":"https:\/\/www.garagemania.ch\/fr\/produit\/plan-de-travail-en-bois-hardwood-gaac27hwgx\/#breadcrumb"},"inLanguage":"fr-FR","potentialAction":[{"@type":"ReadAction","target":["https:\/\/www.garagemania.ch\/fr\/produit\/plan-de-travail-en-bois-hardwood-gaac27hwgx\/"]}]},{"@type":"ImageObject","inLanguage":"fr-FR","@id":"https:\/\/www.garagemania.ch\/fr\/produit\/plan-de-travail-en-bois-hardwood-gaac27hwgx\/#primaryimage","url":"https:\/\/www.garagemania.ch\/wp-content\/uploads\/2021\/06\/Piano-in-legno-Hardwood-Gladiator-GAAC27HWGX.jpg","contentUrl":"https:\/\/www.garagemania.ch\/wp-content\/uploads\/2021\/06\/Piano-in-legno-Hardwood-Gladiator-GAAC27HWGX.jpg","width":600,"height":600},{"@type":"BreadcrumbList","@id":"https:\/\/www.garagemania.ch\/fr\/produit\/plan-de-travail-en-bois-hardwood-gaac27hwgx\/#breadcrumb","itemListElement":[{"@type":"ListItem","position":1,"name":"Home","item":"https:\/\/www.garagemania.ch\/fr\/homepage\/"},{"@type":"ListItem","position":2,"name":"Shop","item":"https:\/\/www.garagemania.ch\/fr\/page-shop-pour-les-rangements-garage-de-chez-garage-mania\/"},{"@type":"ListItem","position":3,"name":"Plateau en bois Hardwood pour armoire basse Gladiator\u00ae 67&#215;60 GAAC27HWGX"}]},{"@type":"WebSite","@id":"https:\/\/www.garagemania.ch\/fr\/#website","url":"https:\/\/www.garagemania.ch\/fr\/","name":"Garage Mania","description":"Il luogo ideale per tutti coloro che vogliono un garage super esclusivo","publisher":{"@id":"https:\/\/www.garagemania.ch\/fr\/#organization"},"potentialAction":[{"@type":"SearchAction","target":{"@type":"EntryPoint","urlTemplate":"https:\/\/www.garagemania.ch\/fr\/?s={search_term_string}"},"query-input":{"@type":"PropertyValueSpecification","valueRequired":true,"valueName":"search_term_string"}}],"inLanguage":"fr-FR"},{"@type":"Organization","@id":"https:\/\/www.garagemania.ch\/fr\/#organization","name":"GLADIATOR WORX SAGL","url":"https:\/\/www.garagemania.ch\/fr\/","logo":{"@type":"ImageObject","inLanguage":"fr-FR","@id":"https:\/\/www.garagemania.ch\/fr\/#\/schema\/logo\/image\/","url":"https:\/\/www.garagemania.ch\/wp-content\/uploads\/2021\/03\/Logo-Garage-Mania.png","contentUrl":"https:\/\/www.garagemania.ch\/wp-content\/uploads\/2021\/03\/Logo-Garage-Mania.png","width":300,"height":282,"caption":"GLADIATOR WORX SAGL"},"image":{"@id":"https:\/\/www.garagemania.ch\/fr\/#\/schema\/logo\/image\/"},"sameAs":["https:\/\/www.facebook.com\/garagemania.it\/","https:\/\/www.instagram.com\/garagemania.it\/"]}]}},"_links":{"self":[{"href":"https:\/\/www.garagemania.ch\/fr\/wp-json\/wp\/v2\/product\/6576","targetHints":{"allow":["GET"]}}],"collection":[{"href":"https:\/\/www.garagemania.ch\/fr\/wp-json\/wp\/v2\/product"}],"about":[{"href":"https:\/\/www.garagemania.ch\/fr\/wp-json\/wp\/v2\/types\/product"}],"replies":[{"embeddable":true,"href":"https:\/\/www.garagemania.ch\/fr\/wp-json\/wp\/v2\/comments?post=6576"}],"version-history":[{"count":5,"href":"https:\/\/www.garagemania.ch\/fr\/wp-json\/wp\/v2\/product\/6576\/revisions"}],"predecessor-version":[{"id":11679,"href":"https:\/\/www.garagemania.ch\/fr\/wp-json\/wp\/v2\/product\/6576\/revisions\/11679"}],"wp:featuredmedia":[{"embeddable":true,"href":"https:\/\/www.garagemania.ch\/fr\/wp-json\/wp\/v2\/media\/16380"}],"wp:attachment":[{"href":"https:\/\/www.garagemania.ch\/fr\/wp-json\/wp\/v2\/media?parent=6576"}],"wp:term":[{"taxonomy":"product_brand","embeddable":true,"href":"https:\/\/www.garagemania.ch\/fr\/wp-json\/wp\/v2\/product_brand?post=6576"},{"taxonomy":"product_cat","embeddable":true,"href":"https:\/\/www.garagemania.ch\/fr\/wp-json\/wp\/v2\/product_cat?post=6576"},{"taxonomy":"product_tag","embeddable":true,"href":"https:\/\/www.garagemania.ch\/fr\/wp-json\/wp\/v2\/product_tag?post=6576"}],"curies":[{"name":"wp","href":"https:\/\/api.w.org\/{rel}","templated":true}]}}