{"id":6583,"date":"2021-06-18T13:25:03","date_gmt":"2021-06-18T11:25:03","guid":{"rendered":"https:\/\/www.garagemania.ch\/prodotto\/plan-en-bois-dur-pour-armoire-ou-coffre-a-outils-gaac28hwgx\/"},"modified":"2022-12-15T23:16:54","modified_gmt":"2022-12-15T22:16:54","slug":"plan-en-bois-dur-pour-armoire-ou-coffre-a-outils-gaac28hwgx","status":"publish","type":"product","link":"https:\/\/www.garagemania.ch\/fr\/produit\/plan-en-bois-dur-pour-armoire-ou-coffre-a-outils-gaac28hwgx\/","title":{"rendered":"Plateau en bois Hardwood pour armoire basse Gladiator\u00ae 67&#215;45 GAAC28HWGX"},"content":{"rendered":"","protected":false},"excerpt":{"rendered":"<p>Plateau en bois Hardwood Gladiator\u00ae GAAC28HWGX pour r\u00e9aliser votre plan de travail personnel.<\/p>\n<p>Cr\u00e9ez un plan de travail ind\u00e9pendant, gr\u00e2ce au plateau en bois Hardwood, associ\u00e9 \u00e0 l&rsquo;armoire Gearbox\u00ae ou au coffre \u00e0 outils Gladiator\u00ae.<\/p>\n<p>Des entretoises sp\u00e9cifiques permettent une bonne circulation de l&rsquo;air sous le plateau, afin de r\u00e9duire le risque de d\u00e9formation du bois due aux changements de temp\u00e9rature ou \u00e0 l\u2019humidit\u00e9.<\/p>\n<p>Fabriqu\u00e9 en bois massif, il est tr\u00e8s r\u00e9sistant et se fixe facilement aux coffres et armoires \u00e0 outils, cr\u00e9ant ainsi un poste de travail parfait pour les travaux dans votre garage.<\/p>\n<p>Ce plateau est compatible avec :<\/p>\n<p>Armoire basse avec trois tiroirs GAGD283DYG<\/p>\n<p>Armoire basse \u00e0 deux portes avec tiroir sup\u00e9rieur GAGB28KDYG<\/p>\n<p>Armoire basse \u00e0 deux portes GAGB28FDYG<\/p>\n","protected":false},"featured_media":6584,"comment_status":"open","ping_status":"closed","template":"","meta":{"site-sidebar-layout":"default","site-content-layout":"default","ast-site-content-layout":"default","site-content-style":"default","site-sidebar-style":"default","ast-global-header-display":"","ast-banner-title-visibility":"","ast-main-header-display":"","ast-hfb-above-header-display":"","ast-hfb-below-header-display":"","ast-hfb-mobile-header-display":"","site-post-title":"","ast-breadcrumbs-content":"","ast-featured-img":"","footer-sml-layout":"","ast-disable-related-posts":"","theme-transparent-header-meta":"default","adv-header-id-meta":"","stick-header-meta":"","header-above-stick-meta":"","header-main-stick-meta":"","header-below-stick-meta":"","astra-migrate-meta-layouts":"default","ast-page-background-enabled":"default","ast-page-background-meta":{"desktop":{"background-color":"","background-image":"","background-repeat":"repeat","background-position":"center center","background-size":"auto","background-attachment":"scroll","background-type":"","background-media":"","overlay-type":"","overlay-color":"","overlay-opacity":"","overlay-gradient":""},"tablet":{"background-color":"","background-image":"","background-repeat":"repeat","background-position":"center center","background-size":"auto","background-attachment":"scroll","background-type":"","background-media":"","overlay-type":"","overlay-color":"","overlay-opacity":"","overlay-gradient":""},"mobile":{"background-color":"","background-image":"","background-repeat":"repeat","background-position":"center center","background-size":"auto","background-attachment":"scroll","background-type":"","background-media":"","overlay-type":"","overlay-color":"","overlay-opacity":"","overlay-gradient":""}},"ast-content-background-meta":{"desktop":{"background-color":"var(--ast-global-color-5)","background-image":"","background-repeat":"repeat","background-position":"center center","background-size":"auto","background-attachment":"scroll","background-type":"","background-media":"","overlay-type":"","overlay-color":"","overlay-opacity":"","overlay-gradient":""},"tablet":{"background-color":"var(--ast-global-color-5)","background-image":"","background-repeat":"repeat","background-position":"center center","background-size":"auto","background-attachment":"scroll","background-type":"","background-media":"","overlay-type":"","overlay-color":"","overlay-opacity":"","overlay-gradient":""},"mobile":{"background-color":"var(--ast-global-color-5)","background-image":"","background-repeat":"repeat","background-position":"center center","background-size":"auto","background-attachment":"scroll","background-type":"","background-media":"","overlay-type":"","overlay-color":"","overlay-opacity":"","overlay-gradient":""}}},"product_brand":[],"product_cat":[443,452],"product_tag":[453,448,447,1092,446],"class_list":{"0":"post-6583","1":"product","2":"type-product","3":"status-publish","4":"has-post-thumbnail","6":"product_cat-coffres-a-outils","7":"product_cat-petites-armoires","8":"product_tag-a-assembler","9":"product_tag-amenagement-garage","10":"product_tag-etabli-de-travail","11":"product_tag-gladiator-fr-2","12":"product_tag-poste-de-travail","13":"desktop-align-center","14":"tablet-align-center","15":"mobile-align-center","16":"ast-product-gallery-layout-horizontal-slider","17":"ast-magnify-disabled","18":"ast-qv-on-image","20":"first","21":"instock","22":"taxable","23":"shipping-taxable","24":"purchasable","25":"product-type-simple"},"bundled_by":["9043"],"bundle_stock_status":"instock","bundle_stock_quantity":null,"bundle_virtual":false,"bundle_layout":"","bundle_add_to_cart_form_location":"","bundle_editable_in_cart":false,"bundle_sold_individually_context":"","bundle_item_grouping":"","bundle_min_size":"","bundle_max_size":"","bundle_price":[],"bundled_items":[],"bundle_sell_ids":[],"yoast_head":"<!-- This site is optimized with the Yoast SEO Premium plugin v27.6 (Yoast SEO v27.6) - https:\/\/yoast.com\/product\/yoast-seo-premium-wordpress\/ -->\n<title>Plan en bois pour armoire ou coffre \u00e0 outils Gladiator\u00ae<\/title>\n<meta name=\"description\" content=\"Le plan en bois Gladiator est la solution id\u00e9ale pour obtenir un plan de travail s\u00fbr et durable\" \/>\n<meta name=\"robots\" content=\"index, follow, max-snippet:-1, max-image-preview:large, max-video-preview:-1\" \/>\n<link rel=\"canonical\" href=\"https:\/\/www.garagemania.ch\/fr\/produit\/plan-en-bois-dur-pour-armoire-ou-coffre-a-outils-gaac28hwgx\/\" \/>\n<meta property=\"og:locale\" content=\"fr_FR\" \/>\n<meta property=\"og:type\" content=\"article\" \/>\n<meta property=\"og:title\" content=\"Plan en bois dur pour armoire ou coffre \u00e0 outils GAAC28HWGX\" \/>\n<meta property=\"og:description\" content=\"Le plan en bois GAAC28HWGX est la solution id\u00e9ale pour obtenir un plan de travail s\u00fbr et durable\" \/>\n<meta property=\"og:url\" content=\"https:\/\/www.garagemania.ch\/fr\/produit\/plan-en-bois-dur-pour-armoire-ou-coffre-a-outils-gaac28hwgx\/\" \/>\n<meta property=\"og:site_name\" content=\"Garage Mania\" \/>\n<meta property=\"article:publisher\" content=\"https:\/\/www.facebook.com\/garagemania.it\/\" \/>\n<meta property=\"article:modified_time\" content=\"2022-12-15T22:16:54+00:00\" \/>\n<meta property=\"og:image\" content=\"https:\/\/www.garagemania.ch\/wp-content\/uploads\/2021\/04\/GAAC28HWGX5.jpg\" \/>\n<meta name=\"twitter:card\" content=\"summary_large_image\" \/>\n<meta name=\"twitter:title\" content=\"Plan en bois dur pour armoire ou coffre \u00e0 outils GAAC28HWGX\" \/>\n<meta name=\"twitter:description\" content=\"Le plan en bois GAAC28HWGX est la solution id\u00e9ale pour obtenir un plan de travail s\u00fbr et durable\" \/>\n<meta name=\"twitter:image\" content=\"https:\/\/www.garagemania.ch\/wp-content\/uploads\/2021\/04\/GAAC28HWGX5.jpg\" \/>\n<script type=\"application\/ld+json\" class=\"yoast-schema-graph\">{\"@context\":\"https:\\\/\\\/schema.org\",\"@graph\":[{\"@type\":\"WebPage\",\"@id\":\"https:\\\/\\\/www.garagemania.ch\\\/fr\\\/produit\\\/plan-en-bois-dur-pour-armoire-ou-coffre-a-outils-gaac28hwgx\\\/\",\"url\":\"https:\\\/\\\/www.garagemania.ch\\\/fr\\\/produit\\\/plan-en-bois-dur-pour-armoire-ou-coffre-a-outils-gaac28hwgx\\\/\",\"name\":\"Plan en bois pour armoire ou coffre \u00e0 outils Gladiator\u00ae\",\"isPartOf\":{\"@id\":\"https:\\\/\\\/www.garagemania.ch\\\/fr\\\/#website\"},\"primaryImageOfPage\":{\"@id\":\"https:\\\/\\\/www.garagemania.ch\\\/fr\\\/produit\\\/plan-en-bois-dur-pour-armoire-ou-coffre-a-outils-gaac28hwgx\\\/#primaryimage\"},\"image\":{\"@id\":\"https:\\\/\\\/www.garagemania.ch\\\/fr\\\/produit\\\/plan-en-bois-dur-pour-armoire-ou-coffre-a-outils-gaac28hwgx\\\/#primaryimage\"},\"thumbnailUrl\":\"https:\\\/\\\/www.garagemania.ch\\\/wp-content\\\/uploads\\\/2021\\\/04\\\/GAAC28HWGX-GLADIATOR-PIANO-IN-LEGNO-DURO.jpg\",\"datePublished\":\"2021-06-18T11:25:03+00:00\",\"dateModified\":\"2022-12-15T22:16:54+00:00\",\"description\":\"Le plan en bois Gladiator est la solution id\u00e9ale pour obtenir un plan de travail s\u00fbr et durable\",\"breadcrumb\":{\"@id\":\"https:\\\/\\\/www.garagemania.ch\\\/fr\\\/produit\\\/plan-en-bois-dur-pour-armoire-ou-coffre-a-outils-gaac28hwgx\\\/#breadcrumb\"},\"inLanguage\":\"fr-FR\",\"potentialAction\":[{\"@type\":\"ReadAction\",\"target\":[\"https:\\\/\\\/www.garagemania.ch\\\/fr\\\/produit\\\/plan-en-bois-dur-pour-armoire-ou-coffre-a-outils-gaac28hwgx\\\/\"]}]},{\"@type\":\"ImageObject\",\"inLanguage\":\"fr-FR\",\"@id\":\"https:\\\/\\\/www.garagemania.ch\\\/fr\\\/produit\\\/plan-en-bois-dur-pour-armoire-ou-coffre-a-outils-gaac28hwgx\\\/#primaryimage\",\"url\":\"https:\\\/\\\/www.garagemania.ch\\\/wp-content\\\/uploads\\\/2021\\\/04\\\/GAAC28HWGX-GLADIATOR-PIANO-IN-LEGNO-DURO.jpg\",\"contentUrl\":\"https:\\\/\\\/www.garagemania.ch\\\/wp-content\\\/uploads\\\/2021\\\/04\\\/GAAC28HWGX-GLADIATOR-PIANO-IN-LEGNO-DURO.jpg\",\"width\":700,\"height\":700,\"caption\":\"GAAC28HWGX GLADIATOR PLAN EN BOIS DUR\"},{\"@type\":\"BreadcrumbList\",\"@id\":\"https:\\\/\\\/www.garagemania.ch\\\/fr\\\/produit\\\/plan-en-bois-dur-pour-armoire-ou-coffre-a-outils-gaac28hwgx\\\/#breadcrumb\",\"itemListElement\":[{\"@type\":\"ListItem\",\"position\":1,\"name\":\"Home\",\"item\":\"https:\\\/\\\/www.garagemania.ch\\\/fr\\\/homepage\\\/\"},{\"@type\":\"ListItem\",\"position\":2,\"name\":\"Shop\",\"item\":\"https:\\\/\\\/www.garagemania.ch\\\/fr\\\/page-shop-pour-les-rangements-garage-de-chez-garage-mania\\\/\"},{\"@type\":\"ListItem\",\"position\":3,\"name\":\"Plateau en bois Hardwood pour armoire basse Gladiator\u00ae 67&#215;45 GAAC28HWGX\"}]},{\"@type\":\"WebSite\",\"@id\":\"https:\\\/\\\/www.garagemania.ch\\\/fr\\\/#website\",\"url\":\"https:\\\/\\\/www.garagemania.ch\\\/fr\\\/\",\"name\":\"Garage Mania\",\"description\":\"Il luogo ideale per tutti coloro che vogliono un garage super esclusivo\",\"publisher\":{\"@id\":\"https:\\\/\\\/www.garagemania.ch\\\/fr\\\/#organization\"},\"potentialAction\":[{\"@type\":\"SearchAction\",\"target\":{\"@type\":\"EntryPoint\",\"urlTemplate\":\"https:\\\/\\\/www.garagemania.ch\\\/fr\\\/?s={search_term_string}\"},\"query-input\":{\"@type\":\"PropertyValueSpecification\",\"valueRequired\":true,\"valueName\":\"search_term_string\"}}],\"inLanguage\":\"fr-FR\"},{\"@type\":\"Organization\",\"@id\":\"https:\\\/\\\/www.garagemania.ch\\\/fr\\\/#organization\",\"name\":\"GLADIATOR WORX SAGL\",\"url\":\"https:\\\/\\\/www.garagemania.ch\\\/fr\\\/\",\"logo\":{\"@type\":\"ImageObject\",\"inLanguage\":\"fr-FR\",\"@id\":\"https:\\\/\\\/www.garagemania.ch\\\/fr\\\/#\\\/schema\\\/logo\\\/image\\\/\",\"url\":\"https:\\\/\\\/www.garagemania.ch\\\/wp-content\\\/uploads\\\/2021\\\/03\\\/Logo-Garage-Mania.png\",\"contentUrl\":\"https:\\\/\\\/www.garagemania.ch\\\/wp-content\\\/uploads\\\/2021\\\/03\\\/Logo-Garage-Mania.png\",\"width\":300,\"height\":282,\"caption\":\"GLADIATOR WORX SAGL\"},\"image\":{\"@id\":\"https:\\\/\\\/www.garagemania.ch\\\/fr\\\/#\\\/schema\\\/logo\\\/image\\\/\"},\"sameAs\":[\"https:\\\/\\\/www.facebook.com\\\/garagemania.it\\\/\",\"https:\\\/\\\/www.instagram.com\\\/garagemania.it\\\/\"]}]}<\/script>\n<!-- \/ Yoast SEO Premium plugin. -->","yoast_head_json":{"title":"Plan en bois pour armoire ou coffre \u00e0 outils Gladiator\u00ae","description":"Le plan en bois Gladiator est la solution id\u00e9ale pour obtenir un plan de travail s\u00fbr et durable","robots":{"index":"index","follow":"follow","max-snippet":"max-snippet:-1","max-image-preview":"max-image-preview:large","max-video-preview":"max-video-preview:-1"},"canonical":"https:\/\/www.garagemania.ch\/fr\/produit\/plan-en-bois-dur-pour-armoire-ou-coffre-a-outils-gaac28hwgx\/","og_locale":"fr_FR","og_type":"article","og_title":"Plan en bois dur pour armoire ou coffre \u00e0 outils GAAC28HWGX","og_description":"Le plan en bois GAAC28HWGX est la solution id\u00e9ale pour obtenir un plan de travail s\u00fbr et durable","og_url":"https:\/\/www.garagemania.ch\/fr\/produit\/plan-en-bois-dur-pour-armoire-ou-coffre-a-outils-gaac28hwgx\/","og_site_name":"Garage Mania","article_publisher":"https:\/\/www.facebook.com\/garagemania.it\/","article_modified_time":"2022-12-15T22:16:54+00:00","og_image":[{"url":"https:\/\/www.garagemania.ch\/wp-content\/uploads\/2021\/04\/GAAC28HWGX5.jpg","type":"","width":"","height":""}],"twitter_card":"summary_large_image","twitter_title":"Plan en bois dur pour armoire ou coffre \u00e0 outils GAAC28HWGX","twitter_description":"Le plan en bois GAAC28HWGX est la solution id\u00e9ale pour obtenir un plan de travail s\u00fbr et durable","twitter_image":"https:\/\/www.garagemania.ch\/wp-content\/uploads\/2021\/04\/GAAC28HWGX5.jpg","schema":{"@context":"https:\/\/schema.org","@graph":[{"@type":"WebPage","@id":"https:\/\/www.garagemania.ch\/fr\/produit\/plan-en-bois-dur-pour-armoire-ou-coffre-a-outils-gaac28hwgx\/","url":"https:\/\/www.garagemania.ch\/fr\/produit\/plan-en-bois-dur-pour-armoire-ou-coffre-a-outils-gaac28hwgx\/","name":"Plan en bois pour armoire ou coffre \u00e0 outils Gladiator\u00ae","isPartOf":{"@id":"https:\/\/www.garagemania.ch\/fr\/#website"},"primaryImageOfPage":{"@id":"https:\/\/www.garagemania.ch\/fr\/produit\/plan-en-bois-dur-pour-armoire-ou-coffre-a-outils-gaac28hwgx\/#primaryimage"},"image":{"@id":"https:\/\/www.garagemania.ch\/fr\/produit\/plan-en-bois-dur-pour-armoire-ou-coffre-a-outils-gaac28hwgx\/#primaryimage"},"thumbnailUrl":"https:\/\/www.garagemania.ch\/wp-content\/uploads\/2021\/04\/GAAC28HWGX-GLADIATOR-PIANO-IN-LEGNO-DURO.jpg","datePublished":"2021-06-18T11:25:03+00:00","dateModified":"2022-12-15T22:16:54+00:00","description":"Le plan en bois Gladiator est la solution id\u00e9ale pour obtenir un plan de travail s\u00fbr et durable","breadcrumb":{"@id":"https:\/\/www.garagemania.ch\/fr\/produit\/plan-en-bois-dur-pour-armoire-ou-coffre-a-outils-gaac28hwgx\/#breadcrumb"},"inLanguage":"fr-FR","potentialAction":[{"@type":"ReadAction","target":["https:\/\/www.garagemania.ch\/fr\/produit\/plan-en-bois-dur-pour-armoire-ou-coffre-a-outils-gaac28hwgx\/"]}]},{"@type":"ImageObject","inLanguage":"fr-FR","@id":"https:\/\/www.garagemania.ch\/fr\/produit\/plan-en-bois-dur-pour-armoire-ou-coffre-a-outils-gaac28hwgx\/#primaryimage","url":"https:\/\/www.garagemania.ch\/wp-content\/uploads\/2021\/04\/GAAC28HWGX-GLADIATOR-PIANO-IN-LEGNO-DURO.jpg","contentUrl":"https:\/\/www.garagemania.ch\/wp-content\/uploads\/2021\/04\/GAAC28HWGX-GLADIATOR-PIANO-IN-LEGNO-DURO.jpg","width":700,"height":700,"caption":"GAAC28HWGX GLADIATOR PLAN EN BOIS DUR"},{"@type":"BreadcrumbList","@id":"https:\/\/www.garagemania.ch\/fr\/produit\/plan-en-bois-dur-pour-armoire-ou-coffre-a-outils-gaac28hwgx\/#breadcrumb","itemListElement":[{"@type":"ListItem","position":1,"name":"Home","item":"https:\/\/www.garagemania.ch\/fr\/homepage\/"},{"@type":"ListItem","position":2,"name":"Shop","item":"https:\/\/www.garagemania.ch\/fr\/page-shop-pour-les-rangements-garage-de-chez-garage-mania\/"},{"@type":"ListItem","position":3,"name":"Plateau en bois Hardwood pour armoire basse Gladiator\u00ae 67&#215;45 GAAC28HWGX"}]},{"@type":"WebSite","@id":"https:\/\/www.garagemania.ch\/fr\/#website","url":"https:\/\/www.garagemania.ch\/fr\/","name":"Garage Mania","description":"Il luogo ideale per tutti coloro che vogliono un garage super esclusivo","publisher":{"@id":"https:\/\/www.garagemania.ch\/fr\/#organization"},"potentialAction":[{"@type":"SearchAction","target":{"@type":"EntryPoint","urlTemplate":"https:\/\/www.garagemania.ch\/fr\/?s={search_term_string}"},"query-input":{"@type":"PropertyValueSpecification","valueRequired":true,"valueName":"search_term_string"}}],"inLanguage":"fr-FR"},{"@type":"Organization","@id":"https:\/\/www.garagemania.ch\/fr\/#organization","name":"GLADIATOR WORX SAGL","url":"https:\/\/www.garagemania.ch\/fr\/","logo":{"@type":"ImageObject","inLanguage":"fr-FR","@id":"https:\/\/www.garagemania.ch\/fr\/#\/schema\/logo\/image\/","url":"https:\/\/www.garagemania.ch\/wp-content\/uploads\/2021\/03\/Logo-Garage-Mania.png","contentUrl":"https:\/\/www.garagemania.ch\/wp-content\/uploads\/2021\/03\/Logo-Garage-Mania.png","width":300,"height":282,"caption":"GLADIATOR WORX SAGL"},"image":{"@id":"https:\/\/www.garagemania.ch\/fr\/#\/schema\/logo\/image\/"},"sameAs":["https:\/\/www.facebook.com\/garagemania.it\/","https:\/\/www.instagram.com\/garagemania.it\/"]}]}},"_links":{"self":[{"href":"https:\/\/www.garagemania.ch\/fr\/wp-json\/wp\/v2\/product\/6583","targetHints":{"allow":["GET"]}}],"collection":[{"href":"https:\/\/www.garagemania.ch\/fr\/wp-json\/wp\/v2\/product"}],"about":[{"href":"https:\/\/www.garagemania.ch\/fr\/wp-json\/wp\/v2\/types\/product"}],"replies":[{"embeddable":true,"href":"https:\/\/www.garagemania.ch\/fr\/wp-json\/wp\/v2\/comments?post=6583"}],"version-history":[{"count":5,"href":"https:\/\/www.garagemania.ch\/fr\/wp-json\/wp\/v2\/product\/6583\/revisions"}],"predecessor-version":[{"id":11775,"href":"https:\/\/www.garagemania.ch\/fr\/wp-json\/wp\/v2\/product\/6583\/revisions\/11775"}],"wp:featuredmedia":[{"embeddable":true,"href":"https:\/\/www.garagemania.ch\/fr\/wp-json\/wp\/v2\/media\/6584"}],"wp:attachment":[{"href":"https:\/\/www.garagemania.ch\/fr\/wp-json\/wp\/v2\/media?parent=6583"}],"wp:term":[{"taxonomy":"product_brand","embeddable":true,"href":"https:\/\/www.garagemania.ch\/fr\/wp-json\/wp\/v2\/product_brand?post=6583"},{"taxonomy":"product_cat","embeddable":true,"href":"https:\/\/www.garagemania.ch\/fr\/wp-json\/wp\/v2\/product_cat?post=6583"},{"taxonomy":"product_tag","embeddable":true,"href":"https:\/\/www.garagemania.ch\/fr\/wp-json\/wp\/v2\/product_tag?post=6583"}],"curies":[{"name":"wp","href":"https:\/\/api.w.org\/{rel}","templated":true}]}}