{"id":6589,"date":"2021-06-18T12:57:30","date_gmt":"2021-06-18T10:57:30","guid":{"rendered":"https:\/\/www.garagemania.ch\/prodotto\/kit-de-roulettes-pour-armoire-a-outils-modulable-gearbox-gack04kdsx\/"},"modified":"2022-12-15T23:16:54","modified_gmt":"2022-12-15T22:16:54","slug":"kit-de-roulettes-pour-armoire-a-outils-modulable-gearbox-gack04kdsx","status":"publish","type":"product","link":"https:\/\/www.garagemania.ch\/fr\/produit\/kit-de-roulettes-pour-armoire-a-outils-modulable-gearbox-gack04kdsx\/","title":{"rendered":"Kit de Roulettes pour armoire modulable Gladiator\u00ae GACK04KDSX"},"content":{"rendered":"","protected":false},"excerpt":{"rendered":"<p>Kit de roulettes Gladiator\u00ae GACK04KDSX pour armoire modulable Garage Mania.<\/p>\n<p>Ajoutez des roulettes \u00e0 l&rsquo;armoire modulable en acier Garage Mania !<\/p>\n<p>Gr\u00e2ce au kit de roulettes, vous pourrez facilement d\u00e9placer votre armoire.<\/p>\n<p>Transformez votre armoire sur pieds en un plan de travail mobile, solide et r\u00e9sistant.<\/p>\n<p>Adapt\u00e9 \u00e0 tout environnement : garage personnel ou professionnel, hangar, bureau\u2026<\/p>\n<p>Construisez votre plan de travail mobile en associant une armoire basse \u00e0 un plateau en bois, et en y ajoutant simplement 4 roulettes.<\/p>\n<p>Ce kit de roulettes Gladiator\u00ae est\u00a0compatible avec :<\/p>\n<p>Armoire basse GAGD283DYG<\/p>\n<p>Armoire basse GAGB28KDYG<\/p>\n<p>Facile \u00e0 installer, ce kit de roulettes donne de la mobilit\u00e9 \u00e0 votre armoire modulable (s\u00e9rie RTA). Charge maximale 136 kg.<\/p>\n","protected":false},"featured_media":6590,"comment_status":"open","ping_status":"closed","template":"","meta":{"site-sidebar-layout":"no-sidebar","site-content-layout":"page-builder","ast-site-content-layout":"full-width-container","site-content-style":"unboxed","site-sidebar-style":"unboxed","ast-global-header-display":"","ast-banner-title-visibility":"","ast-main-header-display":"","ast-hfb-above-header-display":"","ast-hfb-below-header-display":"","ast-hfb-mobile-header-display":"","site-post-title":"disabled","ast-breadcrumbs-content":"","ast-featured-img":"disabled","footer-sml-layout":"","ast-disable-related-posts":"","theme-transparent-header-meta":"default","adv-header-id-meta":"","stick-header-meta":"","header-above-stick-meta":"","header-main-stick-meta":"","header-below-stick-meta":"","astra-migrate-meta-layouts":"default","ast-page-background-enabled":"default","ast-page-background-meta":{"desktop":{"background-color":"","background-image":"","background-repeat":"repeat","background-position":"center center","background-size":"auto","background-attachment":"scroll","background-type":"","background-media":"","overlay-type":"","overlay-color":"","overlay-opacity":"","overlay-gradient":""},"tablet":{"background-color":"","background-image":"","background-repeat":"repeat","background-position":"center center","background-size":"auto","background-attachment":"scroll","background-type":"","background-media":"","overlay-type":"","overlay-color":"","overlay-opacity":"","overlay-gradient":""},"mobile":{"background-color":"","background-image":"","background-repeat":"repeat","background-position":"center center","background-size":"auto","background-attachment":"scroll","background-type":"","background-media":"","overlay-type":"","overlay-color":"","overlay-opacity":"","overlay-gradient":""}},"ast-content-background-meta":{"desktop":{"background-color":"var(--ast-global-color-5)","background-image":"","background-repeat":"repeat","background-position":"center center","background-size":"auto","background-attachment":"scroll","background-type":"","background-media":"","overlay-type":"","overlay-color":"","overlay-opacity":"","overlay-gradient":""},"tablet":{"background-color":"var(--ast-global-color-5)","background-image":"","background-repeat":"repeat","background-position":"center center","background-size":"auto","background-attachment":"scroll","background-type":"","background-media":"","overlay-type":"","overlay-color":"","overlay-opacity":"","overlay-gradient":""},"mobile":{"background-color":"var(--ast-global-color-5)","background-image":"","background-repeat":"repeat","background-position":"center center","background-size":"auto","background-attachment":"scroll","background-type":"","background-media":"","overlay-type":"","overlay-color":"","overlay-opacity":"","overlay-gradient":""}}},"product_brand":[],"product_cat":[443,452],"product_tag":[463,465,1092,464],"class_list":{"0":"post-6589","1":"product","2":"type-product","3":"status-publish","4":"has-post-thumbnail","6":"product_cat-coffres-a-outils","7":"product_cat-petites-armoires","8":"product_tag-armoire","9":"product_tag-armoire-basse","10":"product_tag-gladiator-fr-2","11":"product_tag-sur-roulettes","12":"desktop-align-center","13":"tablet-align-center","14":"mobile-align-center","15":"ast-product-gallery-layout-horizontal-slider","16":"ast-magnify-disabled","17":"ast-qv-on-image","19":"first","20":"instock","21":"taxable","22":"shipping-taxable","23":"purchasable","24":"product-type-simple"},"bundled_by":["6731"],"bundle_stock_status":"instock","bundle_stock_quantity":null,"bundle_virtual":false,"bundle_layout":"","bundle_add_to_cart_form_location":"","bundle_editable_in_cart":false,"bundle_sold_individually_context":"","bundle_item_grouping":"","bundle_min_size":"","bundle_max_size":"","bundle_price":[],"bundled_items":[],"bundle_sell_ids":[],"yoast_head":"<!-- This site is optimized with the Yoast SEO Premium plugin v27.5 (Yoast SEO v27.5) - https:\/\/yoast.com\/product\/yoast-seo-premium-wordpress\/ -->\n<title>Kit Roulettes Gladiator\u00ae pour Armoire Modulaire - Garage Mania<\/title>\n<meta name=\"description\" content=\"Kit Roulettes Gladiator a ajouter a ton armoire pour le d\u00e9placer facilement. D\u00e9couvrez le kit Garage Mania\" \/>\n<meta name=\"robots\" content=\"index, follow, max-snippet:-1, max-image-preview:large, max-video-preview:-1\" \/>\n<link rel=\"canonical\" href=\"https:\/\/www.garagemania.ch\/fr\/produit\/kit-de-roulettes-pour-armoire-a-outils-modulable-gearbox-gack04kdsx\/\" \/>\n<meta property=\"og:locale\" content=\"fr_FR\" \/>\n<meta property=\"og:type\" content=\"article\" \/>\n<meta property=\"og:title\" content=\"Kit Roulettes Gladiator\u00ae pour Armoire Modulaire Gearbox GACK04KDSX\" \/>\n<meta property=\"og:description\" content=\"Kit Roulettes Gladiator a ajouter a ton armoire pour le d\u00e9placer facilement. Vous trouvez le kit sur le site Garage Mania\" \/>\n<meta property=\"og:url\" content=\"https:\/\/www.garagemania.ch\/fr\/produit\/kit-de-roulettes-pour-armoire-a-outils-modulable-gearbox-gack04kdsx\/\" \/>\n<meta property=\"og:site_name\" content=\"Garage Mania\" \/>\n<meta property=\"article:publisher\" content=\"https:\/\/www.facebook.com\/garagemania.it\/\" \/>\n<meta property=\"article:modified_time\" content=\"2022-12-15T22:16:54+00:00\" \/>\n<meta property=\"og:image\" content=\"https:\/\/www.garagemania.ch\/wp-content\/uploads\/2021\/04\/Kit-ruote-armadio-Garage-Mania-GACK04KDSX.jpg\" \/>\n<meta name=\"twitter:card\" content=\"summary_large_image\" \/>\n<meta name=\"twitter:title\" content=\"Kit Roulettes Gladiator\u00ae pour Armoire Modulaire GACK04KDSX\" \/>\n<meta name=\"twitter:description\" content=\"Kit Roulettes Gladiator a ajouter a ton armoire pour le d\u00e9placer facilement. D\u00e9couvrez le kit Garage Mania\" \/>\n<meta name=\"twitter:image\" content=\"https:\/\/www.garagemania.ch\/wp-content\/uploads\/2021\/04\/Kit-ruote-armadio-Garage-Mania-GACK04KDSX.jpg\" \/>\n<script type=\"application\/ld+json\" class=\"yoast-schema-graph\">{\"@context\":\"https:\\\/\\\/schema.org\",\"@graph\":[{\"@type\":\"WebPage\",\"@id\":\"https:\\\/\\\/www.garagemania.ch\\\/fr\\\/produit\\\/kit-de-roulettes-pour-armoire-a-outils-modulable-gearbox-gack04kdsx\\\/\",\"url\":\"https:\\\/\\\/www.garagemania.ch\\\/fr\\\/produit\\\/kit-de-roulettes-pour-armoire-a-outils-modulable-gearbox-gack04kdsx\\\/\",\"name\":\"Kit Roulettes Gladiator\u00ae pour Armoire Modulaire - Garage Mania\",\"isPartOf\":{\"@id\":\"https:\\\/\\\/www.garagemania.ch\\\/fr\\\/#website\"},\"primaryImageOfPage\":{\"@id\":\"https:\\\/\\\/www.garagemania.ch\\\/fr\\\/produit\\\/kit-de-roulettes-pour-armoire-a-outils-modulable-gearbox-gack04kdsx\\\/#primaryimage\"},\"image\":{\"@id\":\"https:\\\/\\\/www.garagemania.ch\\\/fr\\\/produit\\\/kit-de-roulettes-pour-armoire-a-outils-modulable-gearbox-gack04kdsx\\\/#primaryimage\"},\"thumbnailUrl\":\"https:\\\/\\\/www.garagemania.ch\\\/wp-content\\\/uploads\\\/2021\\\/04\\\/GACK04KDSX-KIT-RUOTE-PER-ARMADIO-MODULARE-GARAGE-MANIA.jpg\",\"datePublished\":\"2021-06-18T10:57:30+00:00\",\"dateModified\":\"2022-12-15T22:16:54+00:00\",\"description\":\"Kit Roulettes Gladiator a ajouter a ton armoire pour le d\u00e9placer facilement. D\u00e9couvrez le kit Garage Mania\",\"breadcrumb\":{\"@id\":\"https:\\\/\\\/www.garagemania.ch\\\/fr\\\/produit\\\/kit-de-roulettes-pour-armoire-a-outils-modulable-gearbox-gack04kdsx\\\/#breadcrumb\"},\"inLanguage\":\"fr-FR\",\"potentialAction\":[{\"@type\":\"ReadAction\",\"target\":[\"https:\\\/\\\/www.garagemania.ch\\\/fr\\\/produit\\\/kit-de-roulettes-pour-armoire-a-outils-modulable-gearbox-gack04kdsx\\\/\"]}]},{\"@type\":\"ImageObject\",\"inLanguage\":\"fr-FR\",\"@id\":\"https:\\\/\\\/www.garagemania.ch\\\/fr\\\/produit\\\/kit-de-roulettes-pour-armoire-a-outils-modulable-gearbox-gack04kdsx\\\/#primaryimage\",\"url\":\"https:\\\/\\\/www.garagemania.ch\\\/wp-content\\\/uploads\\\/2021\\\/04\\\/GACK04KDSX-KIT-RUOTE-PER-ARMADIO-MODULARE-GARAGE-MANIA.jpg\",\"contentUrl\":\"https:\\\/\\\/www.garagemania.ch\\\/wp-content\\\/uploads\\\/2021\\\/04\\\/GACK04KDSX-KIT-RUOTE-PER-ARMADIO-MODULARE-GARAGE-MANIA.jpg\",\"width\":700,\"height\":700,\"caption\":\"GACK04KDSX KIT ROULETTES POUR ARMOIRE MODULAIRE GARAGE MANIA\"},{\"@type\":\"BreadcrumbList\",\"@id\":\"https:\\\/\\\/www.garagemania.ch\\\/fr\\\/produit\\\/kit-de-roulettes-pour-armoire-a-outils-modulable-gearbox-gack04kdsx\\\/#breadcrumb\",\"itemListElement\":[{\"@type\":\"ListItem\",\"position\":1,\"name\":\"Home\",\"item\":\"https:\\\/\\\/www.garagemania.ch\\\/fr\\\/homepage\\\/\"},{\"@type\":\"ListItem\",\"position\":2,\"name\":\"Shop\",\"item\":\"https:\\\/\\\/www.garagemania.ch\\\/fr\\\/page-shop-pour-les-rangements-garage-de-chez-garage-mania\\\/\"},{\"@type\":\"ListItem\",\"position\":3,\"name\":\"Kit de Roulettes pour armoire modulable Gladiator\u00ae GACK04KDSX\"}]},{\"@type\":\"WebSite\",\"@id\":\"https:\\\/\\\/www.garagemania.ch\\\/fr\\\/#website\",\"url\":\"https:\\\/\\\/www.garagemania.ch\\\/fr\\\/\",\"name\":\"Garage Mania\",\"description\":\"Il luogo ideale per tutti coloro che vogliono un garage super esclusivo\",\"publisher\":{\"@id\":\"https:\\\/\\\/www.garagemania.ch\\\/fr\\\/#organization\"},\"potentialAction\":[{\"@type\":\"SearchAction\",\"target\":{\"@type\":\"EntryPoint\",\"urlTemplate\":\"https:\\\/\\\/www.garagemania.ch\\\/fr\\\/?s={search_term_string}\"},\"query-input\":{\"@type\":\"PropertyValueSpecification\",\"valueRequired\":true,\"valueName\":\"search_term_string\"}}],\"inLanguage\":\"fr-FR\"},{\"@type\":\"Organization\",\"@id\":\"https:\\\/\\\/www.garagemania.ch\\\/fr\\\/#organization\",\"name\":\"GLADIATOR WORX SAGL\",\"url\":\"https:\\\/\\\/www.garagemania.ch\\\/fr\\\/\",\"logo\":{\"@type\":\"ImageObject\",\"inLanguage\":\"fr-FR\",\"@id\":\"https:\\\/\\\/www.garagemania.ch\\\/fr\\\/#\\\/schema\\\/logo\\\/image\\\/\",\"url\":\"https:\\\/\\\/www.garagemania.ch\\\/wp-content\\\/uploads\\\/2021\\\/03\\\/Logo-Garage-Mania.png\",\"contentUrl\":\"https:\\\/\\\/www.garagemania.ch\\\/wp-content\\\/uploads\\\/2021\\\/03\\\/Logo-Garage-Mania.png\",\"width\":300,\"height\":282,\"caption\":\"GLADIATOR WORX SAGL\"},\"image\":{\"@id\":\"https:\\\/\\\/www.garagemania.ch\\\/fr\\\/#\\\/schema\\\/logo\\\/image\\\/\"},\"sameAs\":[\"https:\\\/\\\/www.facebook.com\\\/garagemania.it\\\/\",\"https:\\\/\\\/www.instagram.com\\\/garagemania.it\\\/\"]}]}<\/script>\n<!-- \/ Yoast SEO Premium plugin. -->","yoast_head_json":{"title":"Kit Roulettes Gladiator\u00ae pour Armoire Modulaire - Garage Mania","description":"Kit Roulettes Gladiator a ajouter a ton armoire pour le d\u00e9placer facilement. D\u00e9couvrez le kit Garage Mania","robots":{"index":"index","follow":"follow","max-snippet":"max-snippet:-1","max-image-preview":"max-image-preview:large","max-video-preview":"max-video-preview:-1"},"canonical":"https:\/\/www.garagemania.ch\/fr\/produit\/kit-de-roulettes-pour-armoire-a-outils-modulable-gearbox-gack04kdsx\/","og_locale":"fr_FR","og_type":"article","og_title":"Kit Roulettes Gladiator\u00ae pour Armoire Modulaire Gearbox GACK04KDSX","og_description":"Kit Roulettes Gladiator a ajouter a ton armoire pour le d\u00e9placer facilement. Vous trouvez le kit sur le site Garage Mania","og_url":"https:\/\/www.garagemania.ch\/fr\/produit\/kit-de-roulettes-pour-armoire-a-outils-modulable-gearbox-gack04kdsx\/","og_site_name":"Garage Mania","article_publisher":"https:\/\/www.facebook.com\/garagemania.it\/","article_modified_time":"2022-12-15T22:16:54+00:00","og_image":[{"url":"https:\/\/www.garagemania.ch\/wp-content\/uploads\/2021\/04\/Kit-ruote-armadio-Garage-Mania-GACK04KDSX.jpg","type":"","width":"","height":""}],"twitter_card":"summary_large_image","twitter_title":"Kit Roulettes Gladiator\u00ae pour Armoire Modulaire GACK04KDSX","twitter_description":"Kit Roulettes Gladiator a ajouter a ton armoire pour le d\u00e9placer facilement. D\u00e9couvrez le kit Garage Mania","twitter_image":"https:\/\/www.garagemania.ch\/wp-content\/uploads\/2021\/04\/Kit-ruote-armadio-Garage-Mania-GACK04KDSX.jpg","schema":{"@context":"https:\/\/schema.org","@graph":[{"@type":"WebPage","@id":"https:\/\/www.garagemania.ch\/fr\/produit\/kit-de-roulettes-pour-armoire-a-outils-modulable-gearbox-gack04kdsx\/","url":"https:\/\/www.garagemania.ch\/fr\/produit\/kit-de-roulettes-pour-armoire-a-outils-modulable-gearbox-gack04kdsx\/","name":"Kit Roulettes Gladiator\u00ae pour Armoire Modulaire - Garage Mania","isPartOf":{"@id":"https:\/\/www.garagemania.ch\/fr\/#website"},"primaryImageOfPage":{"@id":"https:\/\/www.garagemania.ch\/fr\/produit\/kit-de-roulettes-pour-armoire-a-outils-modulable-gearbox-gack04kdsx\/#primaryimage"},"image":{"@id":"https:\/\/www.garagemania.ch\/fr\/produit\/kit-de-roulettes-pour-armoire-a-outils-modulable-gearbox-gack04kdsx\/#primaryimage"},"thumbnailUrl":"https:\/\/www.garagemania.ch\/wp-content\/uploads\/2021\/04\/GACK04KDSX-KIT-RUOTE-PER-ARMADIO-MODULARE-GARAGE-MANIA.jpg","datePublished":"2021-06-18T10:57:30+00:00","dateModified":"2022-12-15T22:16:54+00:00","description":"Kit Roulettes Gladiator a ajouter a ton armoire pour le d\u00e9placer facilement. D\u00e9couvrez le kit Garage Mania","breadcrumb":{"@id":"https:\/\/www.garagemania.ch\/fr\/produit\/kit-de-roulettes-pour-armoire-a-outils-modulable-gearbox-gack04kdsx\/#breadcrumb"},"inLanguage":"fr-FR","potentialAction":[{"@type":"ReadAction","target":["https:\/\/www.garagemania.ch\/fr\/produit\/kit-de-roulettes-pour-armoire-a-outils-modulable-gearbox-gack04kdsx\/"]}]},{"@type":"ImageObject","inLanguage":"fr-FR","@id":"https:\/\/www.garagemania.ch\/fr\/produit\/kit-de-roulettes-pour-armoire-a-outils-modulable-gearbox-gack04kdsx\/#primaryimage","url":"https:\/\/www.garagemania.ch\/wp-content\/uploads\/2021\/04\/GACK04KDSX-KIT-RUOTE-PER-ARMADIO-MODULARE-GARAGE-MANIA.jpg","contentUrl":"https:\/\/www.garagemania.ch\/wp-content\/uploads\/2021\/04\/GACK04KDSX-KIT-RUOTE-PER-ARMADIO-MODULARE-GARAGE-MANIA.jpg","width":700,"height":700,"caption":"GACK04KDSX KIT ROULETTES POUR ARMOIRE MODULAIRE GARAGE MANIA"},{"@type":"BreadcrumbList","@id":"https:\/\/www.garagemania.ch\/fr\/produit\/kit-de-roulettes-pour-armoire-a-outils-modulable-gearbox-gack04kdsx\/#breadcrumb","itemListElement":[{"@type":"ListItem","position":1,"name":"Home","item":"https:\/\/www.garagemania.ch\/fr\/homepage\/"},{"@type":"ListItem","position":2,"name":"Shop","item":"https:\/\/www.garagemania.ch\/fr\/page-shop-pour-les-rangements-garage-de-chez-garage-mania\/"},{"@type":"ListItem","position":3,"name":"Kit de Roulettes pour armoire modulable Gladiator\u00ae GACK04KDSX"}]},{"@type":"WebSite","@id":"https:\/\/www.garagemania.ch\/fr\/#website","url":"https:\/\/www.garagemania.ch\/fr\/","name":"Garage Mania","description":"Il luogo ideale per tutti coloro che vogliono un garage super esclusivo","publisher":{"@id":"https:\/\/www.garagemania.ch\/fr\/#organization"},"potentialAction":[{"@type":"SearchAction","target":{"@type":"EntryPoint","urlTemplate":"https:\/\/www.garagemania.ch\/fr\/?s={search_term_string}"},"query-input":{"@type":"PropertyValueSpecification","valueRequired":true,"valueName":"search_term_string"}}],"inLanguage":"fr-FR"},{"@type":"Organization","@id":"https:\/\/www.garagemania.ch\/fr\/#organization","name":"GLADIATOR WORX SAGL","url":"https:\/\/www.garagemania.ch\/fr\/","logo":{"@type":"ImageObject","inLanguage":"fr-FR","@id":"https:\/\/www.garagemania.ch\/fr\/#\/schema\/logo\/image\/","url":"https:\/\/www.garagemania.ch\/wp-content\/uploads\/2021\/03\/Logo-Garage-Mania.png","contentUrl":"https:\/\/www.garagemania.ch\/wp-content\/uploads\/2021\/03\/Logo-Garage-Mania.png","width":300,"height":282,"caption":"GLADIATOR WORX SAGL"},"image":{"@id":"https:\/\/www.garagemania.ch\/fr\/#\/schema\/logo\/image\/"},"sameAs":["https:\/\/www.facebook.com\/garagemania.it\/","https:\/\/www.instagram.com\/garagemania.it\/"]}]}},"_links":{"self":[{"href":"https:\/\/www.garagemania.ch\/fr\/wp-json\/wp\/v2\/product\/6589","targetHints":{"allow":["GET"]}}],"collection":[{"href":"https:\/\/www.garagemania.ch\/fr\/wp-json\/wp\/v2\/product"}],"about":[{"href":"https:\/\/www.garagemania.ch\/fr\/wp-json\/wp\/v2\/types\/product"}],"replies":[{"embeddable":true,"href":"https:\/\/www.garagemania.ch\/fr\/wp-json\/wp\/v2\/comments?post=6589"}],"version-history":[{"count":5,"href":"https:\/\/www.garagemania.ch\/fr\/wp-json\/wp\/v2\/product\/6589\/revisions"}],"predecessor-version":[{"id":11776,"href":"https:\/\/www.garagemania.ch\/fr\/wp-json\/wp\/v2\/product\/6589\/revisions\/11776"}],"wp:featuredmedia":[{"embeddable":true,"href":"https:\/\/www.garagemania.ch\/fr\/wp-json\/wp\/v2\/media\/6590"}],"wp:attachment":[{"href":"https:\/\/www.garagemania.ch\/fr\/wp-json\/wp\/v2\/media?parent=6589"}],"wp:term":[{"taxonomy":"product_brand","embeddable":true,"href":"https:\/\/www.garagemania.ch\/fr\/wp-json\/wp\/v2\/product_brand?post=6589"},{"taxonomy":"product_cat","embeddable":true,"href":"https:\/\/www.garagemania.ch\/fr\/wp-json\/wp\/v2\/product_cat?post=6589"},{"taxonomy":"product_tag","embeddable":true,"href":"https:\/\/www.garagemania.ch\/fr\/wp-json\/wp\/v2\/product_tag?post=6589"}],"curies":[{"name":"wp","href":"https:\/\/api.w.org\/{rel}","templated":true}]}}