{"id":6596,"date":"2021-05-21T12:45:19","date_gmt":"2021-05-21T10:45:19","guid":{"rendered":"https:\/\/www.garagemania.ch\/prodotto\/kit-de-fixation-pour-armoires-gearbox-gabk362pss\/"},"modified":"2022-12-15T23:16:55","modified_gmt":"2022-12-15T22:16:55","slug":"kit-de-fixation-pour-armoires-gearbox-gabk362pss","status":"publish","type":"product","link":"https:\/\/www.garagemania.ch\/fr\/produit\/kit-de-fixation-pour-armoires-gearbox-gabk362pss\/","title":{"rendered":"Kit de fixation pour armoires Gearbox\u00ae Gladiator\u00ae GABK362PSS"},"content":{"rendered":"","protected":false},"excerpt":{"rendered":"<p>Kit de 3 supports de fixation permettant d\u2019accrocher facilement les armoires GALG36KDYG aux syst\u00e8mes muraux Gladiator\u00ae.<\/p>\n<p>Ce kit de fixation est l\u2019option id\u00e9ale pour suspendre armoire au mur afin de lib\u00e9rer l\u2019espace au sol et de maximiser la surface de stockage au mur.<\/p>\n<p>L&rsquo;\u00e9quipe de Garage Mania est \u00e0 votre disposition pour vous accompagner et vous recommander les produits les mieux adapt\u00e9s \u00e0 vos besoins.<\/p>\n<p>Demandez une consultation gratuite !<\/p>\n","protected":false},"featured_media":16367,"comment_status":"open","ping_status":"closed","template":"","meta":{"site-sidebar-layout":"default","site-content-layout":"default","ast-site-content-layout":"default","site-content-style":"default","site-sidebar-style":"default","ast-global-header-display":"","ast-banner-title-visibility":"","ast-main-header-display":"","ast-hfb-above-header-display":"","ast-hfb-below-header-display":"","ast-hfb-mobile-header-display":"","site-post-title":"","ast-breadcrumbs-content":"","ast-featured-img":"","footer-sml-layout":"","ast-disable-related-posts":"","theme-transparent-header-meta":"default","adv-header-id-meta":"","stick-header-meta":"","header-above-stick-meta":"","header-main-stick-meta":"","header-below-stick-meta":"","astra-migrate-meta-layouts":"default","ast-page-background-enabled":"default","ast-page-background-meta":{"desktop":{"background-color":"","background-image":"","background-repeat":"repeat","background-position":"center center","background-size":"auto","background-attachment":"scroll","background-type":"","background-media":"","overlay-type":"","overlay-color":"","overlay-opacity":"","overlay-gradient":""},"tablet":{"background-color":"","background-image":"","background-repeat":"repeat","background-position":"center center","background-size":"auto","background-attachment":"scroll","background-type":"","background-media":"","overlay-type":"","overlay-color":"","overlay-opacity":"","overlay-gradient":""},"mobile":{"background-color":"","background-image":"","background-repeat":"repeat","background-position":"center center","background-size":"auto","background-attachment":"scroll","background-type":"","background-media":"","overlay-type":"","overlay-color":"","overlay-opacity":"","overlay-gradient":""}},"ast-content-background-meta":{"desktop":{"background-color":"var(--ast-global-color-5)","background-image":"","background-repeat":"repeat","background-position":"center center","background-size":"auto","background-attachment":"scroll","background-type":"","background-media":"","overlay-type":"","overlay-color":"","overlay-opacity":"","overlay-gradient":""},"tablet":{"background-color":"var(--ast-global-color-5)","background-image":"","background-repeat":"repeat","background-position":"center center","background-size":"auto","background-attachment":"scroll","background-type":"","background-media":"","overlay-type":"","overlay-color":"","overlay-opacity":"","overlay-gradient":""},"mobile":{"background-color":"var(--ast-global-color-5)","background-image":"","background-repeat":"repeat","background-position":"center center","background-size":"auto","background-attachment":"scroll","background-type":"","background-media":"","overlay-type":"","overlay-color":"","overlay-opacity":"","overlay-gradient":""}}},"product_brand":[],"product_cat":[511],"product_tag":[463,471,1092],"class_list":{"0":"post-6596","1":"product","2":"type-product","3":"status-publish","4":"has-post-thumbnail","6":"product_cat-armoires","7":"product_tag-armoire","8":"product_tag-au-mur","9":"product_tag-gladiator-fr-2","10":"desktop-align-center","11":"tablet-align-center","12":"mobile-align-center","13":"ast-product-gallery-layout-horizontal-slider","14":"ast-magnify-disabled","15":"ast-qv-on-image","17":"first","18":"instock","19":"taxable","20":"shipping-taxable","21":"purchasable","22":"product-type-simple"},"bundled_by":[],"bundle_stock_status":"instock","bundle_stock_quantity":null,"bundle_virtual":false,"bundle_layout":"","bundle_add_to_cart_form_location":"","bundle_editable_in_cart":false,"bundle_sold_individually_context":"","bundle_item_grouping":"","bundle_min_size":"","bundle_max_size":"","bundle_price":[],"bundled_items":[],"bundle_sell_ids":[],"yoast_head":"<!-- This site is optimized with the Yoast SEO Premium plugin v27.5 (Yoast SEO v27.5) - https:\/\/yoast.com\/product\/yoast-seo-premium-wordpress\/ -->\n<title>Kit de fixation pour armoires Gearbox Gladiator\u00ae GABK362PSS - Garage Mania<\/title>\n<meta name=\"description\" content=\"Avec le Kit de fixation pour armoires Gearbox Gladiator vous pouvez fixer les armoires au mur, lib\u00e9rant ainsi de l&#039;espace au sol\" \/>\n<meta name=\"robots\" content=\"index, follow, max-snippet:-1, max-image-preview:large, max-video-preview:-1\" \/>\n<link rel=\"canonical\" href=\"https:\/\/www.garagemania.ch\/fr\/produit\/kit-de-fixation-pour-armoires-gearbox-gabk362pss\/\" \/>\n<meta property=\"og:locale\" content=\"fr_FR\" \/>\n<meta property=\"og:type\" content=\"article\" \/>\n<meta property=\"og:title\" content=\"Kit de fixation pour armoires Gearbox GABK362PSS - Garage Mania\" \/>\n<meta property=\"og:description\" content=\"Le Kit de fixation pour armoires Gearbox Gladiator vous permet de fixer les armoires au mur, lib\u00e9rant ainsi de l&#039;espace au sol\" \/>\n<meta property=\"og:url\" content=\"https:\/\/www.garagemania.ch\/fr\/produit\/kit-de-fixation-pour-armoires-gearbox-gabk362pss\/\" \/>\n<meta property=\"og:site_name\" content=\"Garage Mania\" \/>\n<meta property=\"article:publisher\" content=\"https:\/\/www.facebook.com\/garagemania.it\/\" \/>\n<meta property=\"article:modified_time\" content=\"2022-12-15T22:16:55+00:00\" \/>\n<meta property=\"og:image\" content=\"https:\/\/www.garagemania.ch\/wp-content\/uploads\/2021\/05\/GABK362PSS-GLADIATOR\u00ae-KIT-STAFFA-PER-MODULI-GEARBOX-2.jpg\" \/>\n<meta name=\"twitter:card\" content=\"summary_large_image\" \/>\n<meta name=\"twitter:title\" content=\"Kit de fixation pour armoires Gearbox GABK362PSS - Garage Mania\" \/>\n<meta name=\"twitter:description\" content=\"Avec le Kit de fixation pour armoires Gearbox Gladiator vous pouvez fixer les armoires au mur, lib\u00e9rant ainsi de l&#039;espace au sol\" \/>\n<meta name=\"twitter:image\" content=\"https:\/\/www.garagemania.ch\/wp-content\/uploads\/2021\/05\/GABK362PSS-GLADIATOR\u00ae-KIT-STAFFA-PER-MODULI-GEARBOX-2.jpg\" \/>\n<script type=\"application\/ld+json\" class=\"yoast-schema-graph\">{\"@context\":\"https:\\\/\\\/schema.org\",\"@graph\":[{\"@type\":\"WebPage\",\"@id\":\"https:\\\/\\\/www.garagemania.ch\\\/fr\\\/produit\\\/kit-de-fixation-pour-armoires-gearbox-gabk362pss\\\/\",\"url\":\"https:\\\/\\\/www.garagemania.ch\\\/fr\\\/produit\\\/kit-de-fixation-pour-armoires-gearbox-gabk362pss\\\/\",\"name\":\"Kit de fixation pour armoires Gearbox Gladiator\u00ae GABK362PSS - Garage Mania\",\"isPartOf\":{\"@id\":\"https:\\\/\\\/www.garagemania.ch\\\/fr\\\/#website\"},\"primaryImageOfPage\":{\"@id\":\"https:\\\/\\\/www.garagemania.ch\\\/fr\\\/produit\\\/kit-de-fixation-pour-armoires-gearbox-gabk362pss\\\/#primaryimage\"},\"image\":{\"@id\":\"https:\\\/\\\/www.garagemania.ch\\\/fr\\\/produit\\\/kit-de-fixation-pour-armoires-gearbox-gabk362pss\\\/#primaryimage\"},\"thumbnailUrl\":\"https:\\\/\\\/www.garagemania.ch\\\/wp-content\\\/uploads\\\/2021\\\/05\\\/Kit-Staffa-per-armadio-Gearbox-Gladiator-GABK362PSS.jpg\",\"datePublished\":\"2021-05-21T10:45:19+00:00\",\"dateModified\":\"2022-12-15T22:16:55+00:00\",\"description\":\"Avec le Kit de fixation pour armoires Gearbox Gladiator vous pouvez fixer les armoires au mur, lib\u00e9rant ainsi de l'espace au sol\",\"breadcrumb\":{\"@id\":\"https:\\\/\\\/www.garagemania.ch\\\/fr\\\/produit\\\/kit-de-fixation-pour-armoires-gearbox-gabk362pss\\\/#breadcrumb\"},\"inLanguage\":\"fr-FR\",\"potentialAction\":[{\"@type\":\"ReadAction\",\"target\":[\"https:\\\/\\\/www.garagemania.ch\\\/fr\\\/produit\\\/kit-de-fixation-pour-armoires-gearbox-gabk362pss\\\/\"]}]},{\"@type\":\"ImageObject\",\"inLanguage\":\"fr-FR\",\"@id\":\"https:\\\/\\\/www.garagemania.ch\\\/fr\\\/produit\\\/kit-de-fixation-pour-armoires-gearbox-gabk362pss\\\/#primaryimage\",\"url\":\"https:\\\/\\\/www.garagemania.ch\\\/wp-content\\\/uploads\\\/2021\\\/05\\\/Kit-Staffa-per-armadio-Gearbox-Gladiator-GABK362PSS.jpg\",\"contentUrl\":\"https:\\\/\\\/www.garagemania.ch\\\/wp-content\\\/uploads\\\/2021\\\/05\\\/Kit-Staffa-per-armadio-Gearbox-Gladiator-GABK362PSS.jpg\",\"width\":600,\"height\":600},{\"@type\":\"BreadcrumbList\",\"@id\":\"https:\\\/\\\/www.garagemania.ch\\\/fr\\\/produit\\\/kit-de-fixation-pour-armoires-gearbox-gabk362pss\\\/#breadcrumb\",\"itemListElement\":[{\"@type\":\"ListItem\",\"position\":1,\"name\":\"Home\",\"item\":\"https:\\\/\\\/www.garagemania.ch\\\/fr\\\/homepage\\\/\"},{\"@type\":\"ListItem\",\"position\":2,\"name\":\"Shop\",\"item\":\"https:\\\/\\\/www.garagemania.ch\\\/fr\\\/page-shop-pour-les-rangements-garage-de-chez-garage-mania\\\/\"},{\"@type\":\"ListItem\",\"position\":3,\"name\":\"Kit de fixation pour armoires Gearbox\u00ae\"}]},{\"@type\":\"WebSite\",\"@id\":\"https:\\\/\\\/www.garagemania.ch\\\/fr\\\/#website\",\"url\":\"https:\\\/\\\/www.garagemania.ch\\\/fr\\\/\",\"name\":\"Garage Mania\",\"description\":\"Il luogo ideale per tutti coloro che vogliono un garage super esclusivo\",\"publisher\":{\"@id\":\"https:\\\/\\\/www.garagemania.ch\\\/fr\\\/#organization\"},\"potentialAction\":[{\"@type\":\"SearchAction\",\"target\":{\"@type\":\"EntryPoint\",\"urlTemplate\":\"https:\\\/\\\/www.garagemania.ch\\\/fr\\\/?s={search_term_string}\"},\"query-input\":{\"@type\":\"PropertyValueSpecification\",\"valueRequired\":true,\"valueName\":\"search_term_string\"}}],\"inLanguage\":\"fr-FR\"},{\"@type\":\"Organization\",\"@id\":\"https:\\\/\\\/www.garagemania.ch\\\/fr\\\/#organization\",\"name\":\"GLADIATOR WORX SAGL\",\"url\":\"https:\\\/\\\/www.garagemania.ch\\\/fr\\\/\",\"logo\":{\"@type\":\"ImageObject\",\"inLanguage\":\"fr-FR\",\"@id\":\"https:\\\/\\\/www.garagemania.ch\\\/fr\\\/#\\\/schema\\\/logo\\\/image\\\/\",\"url\":\"https:\\\/\\\/www.garagemania.ch\\\/wp-content\\\/uploads\\\/2021\\\/03\\\/Logo-Garage-Mania.png\",\"contentUrl\":\"https:\\\/\\\/www.garagemania.ch\\\/wp-content\\\/uploads\\\/2021\\\/03\\\/Logo-Garage-Mania.png\",\"width\":300,\"height\":282,\"caption\":\"GLADIATOR WORX SAGL\"},\"image\":{\"@id\":\"https:\\\/\\\/www.garagemania.ch\\\/fr\\\/#\\\/schema\\\/logo\\\/image\\\/\"},\"sameAs\":[\"https:\\\/\\\/www.facebook.com\\\/garagemania.it\\\/\",\"https:\\\/\\\/www.instagram.com\\\/garagemania.it\\\/\"]}]}<\/script>\n<!-- \/ Yoast SEO Premium plugin. -->","yoast_head_json":{"title":"Kit de fixation pour armoires Gearbox Gladiator\u00ae GABK362PSS - Garage Mania","description":"Avec le Kit de fixation pour armoires Gearbox Gladiator vous pouvez fixer les armoires au mur, lib\u00e9rant ainsi de l'espace au sol","robots":{"index":"index","follow":"follow","max-snippet":"max-snippet:-1","max-image-preview":"max-image-preview:large","max-video-preview":"max-video-preview:-1"},"canonical":"https:\/\/www.garagemania.ch\/fr\/produit\/kit-de-fixation-pour-armoires-gearbox-gabk362pss\/","og_locale":"fr_FR","og_type":"article","og_title":"Kit de fixation pour armoires Gearbox GABK362PSS - Garage Mania","og_description":"Le Kit de fixation pour armoires Gearbox Gladiator vous permet de fixer les armoires au mur, lib\u00e9rant ainsi de l'espace au sol","og_url":"https:\/\/www.garagemania.ch\/fr\/produit\/kit-de-fixation-pour-armoires-gearbox-gabk362pss\/","og_site_name":"Garage Mania","article_publisher":"https:\/\/www.facebook.com\/garagemania.it\/","article_modified_time":"2022-12-15T22:16:55+00:00","og_image":[{"url":"https:\/\/www.garagemania.ch\/wp-content\/uploads\/2021\/05\/GABK362PSS-GLADIATOR\u00ae-KIT-STAFFA-PER-MODULI-GEARBOX-2.jpg","type":"","width":"","height":""}],"twitter_card":"summary_large_image","twitter_title":"Kit de fixation pour armoires Gearbox GABK362PSS - Garage Mania","twitter_description":"Avec le Kit de fixation pour armoires Gearbox Gladiator vous pouvez fixer les armoires au mur, lib\u00e9rant ainsi de l'espace au sol","twitter_image":"https:\/\/www.garagemania.ch\/wp-content\/uploads\/2021\/05\/GABK362PSS-GLADIATOR\u00ae-KIT-STAFFA-PER-MODULI-GEARBOX-2.jpg","schema":{"@context":"https:\/\/schema.org","@graph":[{"@type":"WebPage","@id":"https:\/\/www.garagemania.ch\/fr\/produit\/kit-de-fixation-pour-armoires-gearbox-gabk362pss\/","url":"https:\/\/www.garagemania.ch\/fr\/produit\/kit-de-fixation-pour-armoires-gearbox-gabk362pss\/","name":"Kit de fixation pour armoires Gearbox Gladiator\u00ae GABK362PSS - Garage Mania","isPartOf":{"@id":"https:\/\/www.garagemania.ch\/fr\/#website"},"primaryImageOfPage":{"@id":"https:\/\/www.garagemania.ch\/fr\/produit\/kit-de-fixation-pour-armoires-gearbox-gabk362pss\/#primaryimage"},"image":{"@id":"https:\/\/www.garagemania.ch\/fr\/produit\/kit-de-fixation-pour-armoires-gearbox-gabk362pss\/#primaryimage"},"thumbnailUrl":"https:\/\/www.garagemania.ch\/wp-content\/uploads\/2021\/05\/Kit-Staffa-per-armadio-Gearbox-Gladiator-GABK362PSS.jpg","datePublished":"2021-05-21T10:45:19+00:00","dateModified":"2022-12-15T22:16:55+00:00","description":"Avec le Kit de fixation pour armoires Gearbox Gladiator vous pouvez fixer les armoires au mur, lib\u00e9rant ainsi de l'espace au sol","breadcrumb":{"@id":"https:\/\/www.garagemania.ch\/fr\/produit\/kit-de-fixation-pour-armoires-gearbox-gabk362pss\/#breadcrumb"},"inLanguage":"fr-FR","potentialAction":[{"@type":"ReadAction","target":["https:\/\/www.garagemania.ch\/fr\/produit\/kit-de-fixation-pour-armoires-gearbox-gabk362pss\/"]}]},{"@type":"ImageObject","inLanguage":"fr-FR","@id":"https:\/\/www.garagemania.ch\/fr\/produit\/kit-de-fixation-pour-armoires-gearbox-gabk362pss\/#primaryimage","url":"https:\/\/www.garagemania.ch\/wp-content\/uploads\/2021\/05\/Kit-Staffa-per-armadio-Gearbox-Gladiator-GABK362PSS.jpg","contentUrl":"https:\/\/www.garagemania.ch\/wp-content\/uploads\/2021\/05\/Kit-Staffa-per-armadio-Gearbox-Gladiator-GABK362PSS.jpg","width":600,"height":600},{"@type":"BreadcrumbList","@id":"https:\/\/www.garagemania.ch\/fr\/produit\/kit-de-fixation-pour-armoires-gearbox-gabk362pss\/#breadcrumb","itemListElement":[{"@type":"ListItem","position":1,"name":"Home","item":"https:\/\/www.garagemania.ch\/fr\/homepage\/"},{"@type":"ListItem","position":2,"name":"Shop","item":"https:\/\/www.garagemania.ch\/fr\/page-shop-pour-les-rangements-garage-de-chez-garage-mania\/"},{"@type":"ListItem","position":3,"name":"Kit de fixation pour armoires Gearbox\u00ae"}]},{"@type":"WebSite","@id":"https:\/\/www.garagemania.ch\/fr\/#website","url":"https:\/\/www.garagemania.ch\/fr\/","name":"Garage Mania","description":"Il luogo ideale per tutti coloro che vogliono un garage super esclusivo","publisher":{"@id":"https:\/\/www.garagemania.ch\/fr\/#organization"},"potentialAction":[{"@type":"SearchAction","target":{"@type":"EntryPoint","urlTemplate":"https:\/\/www.garagemania.ch\/fr\/?s={search_term_string}"},"query-input":{"@type":"PropertyValueSpecification","valueRequired":true,"valueName":"search_term_string"}}],"inLanguage":"fr-FR"},{"@type":"Organization","@id":"https:\/\/www.garagemania.ch\/fr\/#organization","name":"GLADIATOR WORX SAGL","url":"https:\/\/www.garagemania.ch\/fr\/","logo":{"@type":"ImageObject","inLanguage":"fr-FR","@id":"https:\/\/www.garagemania.ch\/fr\/#\/schema\/logo\/image\/","url":"https:\/\/www.garagemania.ch\/wp-content\/uploads\/2021\/03\/Logo-Garage-Mania.png","contentUrl":"https:\/\/www.garagemania.ch\/wp-content\/uploads\/2021\/03\/Logo-Garage-Mania.png","width":300,"height":282,"caption":"GLADIATOR WORX SAGL"},"image":{"@id":"https:\/\/www.garagemania.ch\/fr\/#\/schema\/logo\/image\/"},"sameAs":["https:\/\/www.facebook.com\/garagemania.it\/","https:\/\/www.instagram.com\/garagemania.it\/"]}]}},"_links":{"self":[{"href":"https:\/\/www.garagemania.ch\/fr\/wp-json\/wp\/v2\/product\/6596","targetHints":{"allow":["GET"]}}],"collection":[{"href":"https:\/\/www.garagemania.ch\/fr\/wp-json\/wp\/v2\/product"}],"about":[{"href":"https:\/\/www.garagemania.ch\/fr\/wp-json\/wp\/v2\/types\/product"}],"replies":[{"embeddable":true,"href":"https:\/\/www.garagemania.ch\/fr\/wp-json\/wp\/v2\/comments?post=6596"}],"version-history":[{"count":5,"href":"https:\/\/www.garagemania.ch\/fr\/wp-json\/wp\/v2\/product\/6596\/revisions"}],"predecessor-version":[{"id":11777,"href":"https:\/\/www.garagemania.ch\/fr\/wp-json\/wp\/v2\/product\/6596\/revisions\/11777"}],"wp:featuredmedia":[{"embeddable":true,"href":"https:\/\/www.garagemania.ch\/fr\/wp-json\/wp\/v2\/media\/16367"}],"wp:attachment":[{"href":"https:\/\/www.garagemania.ch\/fr\/wp-json\/wp\/v2\/media?parent=6596"}],"wp:term":[{"taxonomy":"product_brand","embeddable":true,"href":"https:\/\/www.garagemania.ch\/fr\/wp-json\/wp\/v2\/product_brand?post=6596"},{"taxonomy":"product_cat","embeddable":true,"href":"https:\/\/www.garagemania.ch\/fr\/wp-json\/wp\/v2\/product_cat?post=6596"},{"taxonomy":"product_tag","embeddable":true,"href":"https:\/\/www.garagemania.ch\/fr\/wp-json\/wp\/v2\/product_tag?post=6596"}],"curies":[{"name":"wp","href":"https:\/\/api.w.org\/{rel}","templated":true}]}}