{"id":6600,"date":"2021-04-21T12:53:07","date_gmt":"2021-04-21T10:53:07","guid":{"rendered":"https:\/\/www.garagemania.ch\/prodotto\/tabouret-gladiator-76cm-gaac30stpb\/"},"modified":"2023-03-13T12:10:55","modified_gmt":"2023-03-13T11:10:55","slug":"tabouret-gladiator-76cm-gaac30stjb","status":"publish","type":"product","link":"https:\/\/www.garagemania.ch\/fr\/produit\/tabouret-gladiator-76cm-gaac30stjb\/","title":{"rendered":"Tabouret Gladiator\u00ae 76cm GAAC30STJB"},"content":{"rendered":"","protected":false},"excerpt":{"rendered":"<p>Tabouret\u00a0Gladiator\u00ae 76cm GAAC30STJB, disponible parmi les Accessoires Garage Mania.<\/p>\n<p>Vous m\u00e9ritez un peu de d\u00e9tente apr\u00e8s une dure journ\u00e9e de travail !<\/p>\n<p>Avec le tabouret Gladiator\u00ae, prenez le temps de faire une pause.<\/p>\n<p>Ce tabouret en acier\u00a0est l\u2019accessoire parfait pour compl\u00e9ter votre poste de travail Garage Mania.<\/p>\n<p>Avec les tabourets Gladiator\u00ae, transformez votre garage en un espace confortable pour discuter entre amis.<\/p>\n<p>Vous serez le roi de la f\u00eate !<\/p>\n<p>Caract\u00e9ristiques :<\/p>\n<p>Structure \u00e0 double anneau de haute qualit\u00e9, chrom\u00e9e, anti-rouille, con\u00e7ue pour durer dans le temps.<\/p>\n<p>Si\u00e8ge pivotant et rembourr\u00e9.<\/p>\n<p>Parfaitement adapt\u00e9 au poste de travail modulable.<\/p>\n<p>Choisissez la qualit\u00e9. Choisissez Garage Mania.<\/p>\n<p>Le paradis des passionn\u00e9s de garage !<\/p>\n","protected":false},"featured_media":6601,"comment_status":"open","ping_status":"closed","template":"","meta":{"site-sidebar-layout":"default","site-content-layout":"default","ast-site-content-layout":"default","site-content-style":"default","site-sidebar-style":"default","ast-global-header-display":"","ast-banner-title-visibility":"","ast-main-header-display":"","ast-hfb-above-header-display":"","ast-hfb-below-header-display":"","ast-hfb-mobile-header-display":"","site-post-title":"","ast-breadcrumbs-content":"","ast-featured-img":"","footer-sml-layout":"","ast-disable-related-posts":"","theme-transparent-header-meta":"default","adv-header-id-meta":"","stick-header-meta":"","header-above-stick-meta":"","header-main-stick-meta":"","header-below-stick-meta":"","astra-migrate-meta-layouts":"default","ast-page-background-enabled":"default","ast-page-background-meta":{"desktop":{"background-color":"","background-image":"","background-repeat":"repeat","background-position":"center center","background-size":"auto","background-attachment":"scroll","background-type":"","background-media":"","overlay-type":"","overlay-color":"","overlay-opacity":"","overlay-gradient":""},"tablet":{"background-color":"","background-image":"","background-repeat":"repeat","background-position":"center center","background-size":"auto","background-attachment":"scroll","background-type":"","background-media":"","overlay-type":"","overlay-color":"","overlay-opacity":"","overlay-gradient":""},"mobile":{"background-color":"","background-image":"","background-repeat":"repeat","background-position":"center center","background-size":"auto","background-attachment":"scroll","background-type":"","background-media":"","overlay-type":"","overlay-color":"","overlay-opacity":"","overlay-gradient":""}},"ast-content-background-meta":{"desktop":{"background-color":"var(--ast-global-color-5)","background-image":"","background-repeat":"repeat","background-position":"center center","background-size":"auto","background-attachment":"scroll","background-type":"","background-media":"","overlay-type":"","overlay-color":"","overlay-opacity":"","overlay-gradient":""},"tablet":{"background-color":"var(--ast-global-color-5)","background-image":"","background-repeat":"repeat","background-position":"center center","background-size":"auto","background-attachment":"scroll","background-type":"","background-media":"","overlay-type":"","overlay-color":"","overlay-opacity":"","overlay-gradient":""},"mobile":{"background-color":"var(--ast-global-color-5)","background-image":"","background-repeat":"repeat","background-position":"center center","background-size":"auto","background-attachment":"scroll","background-type":"","background-media":"","overlay-type":"","overlay-color":"","overlay-opacity":"","overlay-gradient":""}}},"product_brand":[],"product_cat":[552],"product_tag":[448,1092,487],"class_list":{"0":"post-6600","1":"product","2":"type-product","3":"status-publish","4":"has-post-thumbnail","6":"product_cat-etablis","7":"product_tag-amenagement-garage","8":"product_tag-gladiator-fr-2","9":"product_tag-tabouret","10":"desktop-align-center","11":"tablet-align-center","12":"mobile-align-center","13":"ast-product-gallery-layout-horizontal-slider","14":"ast-magnify-disabled","15":"ast-qv-on-image","17":"first","18":"instock","19":"taxable","20":"shipping-taxable","21":"purchasable","22":"product-type-simple"},"bundled_by":["9040","9042","9039"],"bundle_stock_status":"instock","bundle_stock_quantity":5,"bundle_virtual":false,"bundle_layout":"","bundle_add_to_cart_form_location":"","bundle_editable_in_cart":false,"bundle_sold_individually_context":"","bundle_item_grouping":"","bundle_min_size":"","bundle_max_size":"","bundle_price":[],"bundled_items":[],"bundle_sell_ids":[],"yoast_head":"<!-- This site is optimized with the Yoast SEO Premium plugin v27.3 (Yoast SEO v27.3) - https:\/\/yoast.com\/product\/yoast-seo-premium-wordpress\/ -->\n<title>Tabouret Gladiator\u00ae 76cm GAAC30STJB - Garage Mania<\/title>\n<meta name=\"description\" content=\"Avec le tabouret Gladiator\u00ae de Garage Mania, transformez votre garage en un espace parfait pour une pause ou une f\u00eate entre amis !\" \/>\n<meta name=\"robots\" content=\"index, follow, max-snippet:-1, max-image-preview:large, max-video-preview:-1\" \/>\n<link rel=\"canonical\" href=\"https:\/\/www.garagemania.ch\/fr\/produit\/tabouret-gladiator-76cm-gaac30stjb\/\" \/>\n<meta property=\"og:locale\" content=\"fr_FR\" \/>\n<meta property=\"og:type\" content=\"article\" \/>\n<meta property=\"og:title\" content=\"Tabouret Gladiator 76cm GAAC30STJB - Garage Mania\" \/>\n<meta property=\"og:description\" content=\"Avec le tabouret Gladiator\u00ae de Garage Mania, transformez votre garage en un espace parfait pour une pause ou une f\u00eate entre amis !\" \/>\n<meta property=\"og:url\" content=\"https:\/\/www.garagemania.ch\/fr\/produit\/tabouret-gladiator-76cm-gaac30stjb\/\" \/>\n<meta property=\"og:site_name\" content=\"Garage Mania\" \/>\n<meta property=\"article:publisher\" content=\"https:\/\/www.facebook.com\/garagemania.it\/\" \/>\n<meta property=\"article:modified_time\" content=\"2023-03-13T11:10:55+00:00\" \/>\n<meta property=\"og:image\" content=\"https:\/\/www.garagemania.ch\/wp-content\/uploads\/2021\/04\/SGABELLO-POSTAZIONE-LAVORO-GARAGE.jpg\" \/>\n<meta name=\"twitter:card\" content=\"summary_large_image\" \/>\n<meta name=\"twitter:title\" content=\"Tabouret Gladiator 76cm GAAC30STJB - Garage Mania\" \/>\n<meta name=\"twitter:description\" content=\"Avec le tabouret Gladiator\u00ae de Garage Mania, transformez votre garage en un espace parfait pour une pause ou une f\u00eate entre amis !\" \/>\n<script type=\"application\/ld+json\" class=\"yoast-schema-graph\">{\"@context\":\"https:\\\/\\\/schema.org\",\"@graph\":[{\"@type\":\"WebPage\",\"@id\":\"https:\\\/\\\/www.garagemania.ch\\\/fr\\\/produit\\\/tabouret-gladiator-76cm-gaac30stjb\\\/\",\"url\":\"https:\\\/\\\/www.garagemania.ch\\\/fr\\\/produit\\\/tabouret-gladiator-76cm-gaac30stjb\\\/\",\"name\":\"Tabouret Gladiator\u00ae 76cm GAAC30STJB - Garage Mania\",\"isPartOf\":{\"@id\":\"https:\\\/\\\/www.garagemania.ch\\\/fr\\\/#website\"},\"primaryImageOfPage\":{\"@id\":\"https:\\\/\\\/www.garagemania.ch\\\/fr\\\/produit\\\/tabouret-gladiator-76cm-gaac30stjb\\\/#primaryimage\"},\"image\":{\"@id\":\"https:\\\/\\\/www.garagemania.ch\\\/fr\\\/produit\\\/tabouret-gladiator-76cm-gaac30stjb\\\/#primaryimage\"},\"thumbnailUrl\":\"https:\\\/\\\/www.garagemania.ch\\\/wp-content\\\/uploads\\\/2021\\\/04\\\/GAAC30STPB-GLADIATOR-SGABELLO-76CM.jpg\",\"datePublished\":\"2021-04-21T10:53:07+00:00\",\"dateModified\":\"2023-03-13T11:10:55+00:00\",\"description\":\"Avec le tabouret Gladiator\u00ae de Garage Mania, transformez votre garage en un espace parfait pour une pause ou une f\u00eate entre amis !\",\"breadcrumb\":{\"@id\":\"https:\\\/\\\/www.garagemania.ch\\\/fr\\\/produit\\\/tabouret-gladiator-76cm-gaac30stjb\\\/#breadcrumb\"},\"inLanguage\":\"fr-FR\",\"potentialAction\":[{\"@type\":\"ReadAction\",\"target\":[\"https:\\\/\\\/www.garagemania.ch\\\/fr\\\/produit\\\/tabouret-gladiator-76cm-gaac30stjb\\\/\"]}]},{\"@type\":\"ImageObject\",\"inLanguage\":\"fr-FR\",\"@id\":\"https:\\\/\\\/www.garagemania.ch\\\/fr\\\/produit\\\/tabouret-gladiator-76cm-gaac30stjb\\\/#primaryimage\",\"url\":\"https:\\\/\\\/www.garagemania.ch\\\/wp-content\\\/uploads\\\/2021\\\/04\\\/GAAC30STPB-GLADIATOR-SGABELLO-76CM.jpg\",\"contentUrl\":\"https:\\\/\\\/www.garagemania.ch\\\/wp-content\\\/uploads\\\/2021\\\/04\\\/GAAC30STPB-GLADIATOR-SGABELLO-76CM.jpg\",\"width\":700,\"height\":700,\"caption\":\"GAAC30STPB GLADIATOR TABOURET 76CM\"},{\"@type\":\"BreadcrumbList\",\"@id\":\"https:\\\/\\\/www.garagemania.ch\\\/fr\\\/produit\\\/tabouret-gladiator-76cm-gaac30stjb\\\/#breadcrumb\",\"itemListElement\":[{\"@type\":\"ListItem\",\"position\":1,\"name\":\"Home\",\"item\":\"https:\\\/\\\/www.garagemania.ch\\\/fr\\\/homepage\\\/\"},{\"@type\":\"ListItem\",\"position\":2,\"name\":\"Shop\",\"item\":\"https:\\\/\\\/www.garagemania.ch\\\/fr\\\/page-shop-pour-les-rangements-garage-de-chez-garage-mania\\\/\"},{\"@type\":\"ListItem\",\"position\":3,\"name\":\"Tabouret Gladiator\u00ae 76cm GAAC30STJB\"}]},{\"@type\":\"WebSite\",\"@id\":\"https:\\\/\\\/www.garagemania.ch\\\/fr\\\/#website\",\"url\":\"https:\\\/\\\/www.garagemania.ch\\\/fr\\\/\",\"name\":\"Garage Mania\",\"description\":\"Il luogo ideale per tutti coloro che vogliono un garage super esclusivo\",\"publisher\":{\"@id\":\"https:\\\/\\\/www.garagemania.ch\\\/fr\\\/#organization\"},\"potentialAction\":[{\"@type\":\"SearchAction\",\"target\":{\"@type\":\"EntryPoint\",\"urlTemplate\":\"https:\\\/\\\/www.garagemania.ch\\\/fr\\\/?s={search_term_string}\"},\"query-input\":{\"@type\":\"PropertyValueSpecification\",\"valueRequired\":true,\"valueName\":\"search_term_string\"}}],\"inLanguage\":\"fr-FR\"},{\"@type\":\"Organization\",\"@id\":\"https:\\\/\\\/www.garagemania.ch\\\/fr\\\/#organization\",\"name\":\"GLADIATOR WORX SAGL\",\"url\":\"https:\\\/\\\/www.garagemania.ch\\\/fr\\\/\",\"logo\":{\"@type\":\"ImageObject\",\"inLanguage\":\"fr-FR\",\"@id\":\"https:\\\/\\\/www.garagemania.ch\\\/fr\\\/#\\\/schema\\\/logo\\\/image\\\/\",\"url\":\"https:\\\/\\\/www.garagemania.ch\\\/wp-content\\\/uploads\\\/2021\\\/03\\\/Logo-Garage-Mania.png\",\"contentUrl\":\"https:\\\/\\\/www.garagemania.ch\\\/wp-content\\\/uploads\\\/2021\\\/03\\\/Logo-Garage-Mania.png\",\"width\":300,\"height\":282,\"caption\":\"GLADIATOR WORX SAGL\"},\"image\":{\"@id\":\"https:\\\/\\\/www.garagemania.ch\\\/fr\\\/#\\\/schema\\\/logo\\\/image\\\/\"},\"sameAs\":[\"https:\\\/\\\/www.facebook.com\\\/garagemania.it\\\/\",\"https:\\\/\\\/www.instagram.com\\\/garagemania.it\\\/\"]}]}<\/script>\n<!-- \/ Yoast SEO Premium plugin. -->","yoast_head_json":{"title":"Tabouret Gladiator\u00ae 76cm GAAC30STJB - Garage Mania","description":"Avec le tabouret Gladiator\u00ae de Garage Mania, transformez votre garage en un espace parfait pour une pause ou une f\u00eate entre amis !","robots":{"index":"index","follow":"follow","max-snippet":"max-snippet:-1","max-image-preview":"max-image-preview:large","max-video-preview":"max-video-preview:-1"},"canonical":"https:\/\/www.garagemania.ch\/fr\/produit\/tabouret-gladiator-76cm-gaac30stjb\/","og_locale":"fr_FR","og_type":"article","og_title":"Tabouret Gladiator 76cm GAAC30STJB - Garage Mania","og_description":"Avec le tabouret Gladiator\u00ae de Garage Mania, transformez votre garage en un espace parfait pour une pause ou une f\u00eate entre amis !","og_url":"https:\/\/www.garagemania.ch\/fr\/produit\/tabouret-gladiator-76cm-gaac30stjb\/","og_site_name":"Garage Mania","article_publisher":"https:\/\/www.facebook.com\/garagemania.it\/","article_modified_time":"2023-03-13T11:10:55+00:00","og_image":[{"url":"https:\/\/www.garagemania.ch\/wp-content\/uploads\/2021\/04\/SGABELLO-POSTAZIONE-LAVORO-GARAGE.jpg","type":"","width":"","height":""}],"twitter_card":"summary_large_image","twitter_title":"Tabouret Gladiator 76cm GAAC30STJB - Garage Mania","twitter_description":"Avec le tabouret Gladiator\u00ae de Garage Mania, transformez votre garage en un espace parfait pour une pause ou une f\u00eate entre amis !","schema":{"@context":"https:\/\/schema.org","@graph":[{"@type":"WebPage","@id":"https:\/\/www.garagemania.ch\/fr\/produit\/tabouret-gladiator-76cm-gaac30stjb\/","url":"https:\/\/www.garagemania.ch\/fr\/produit\/tabouret-gladiator-76cm-gaac30stjb\/","name":"Tabouret Gladiator\u00ae 76cm GAAC30STJB - Garage Mania","isPartOf":{"@id":"https:\/\/www.garagemania.ch\/fr\/#website"},"primaryImageOfPage":{"@id":"https:\/\/www.garagemania.ch\/fr\/produit\/tabouret-gladiator-76cm-gaac30stjb\/#primaryimage"},"image":{"@id":"https:\/\/www.garagemania.ch\/fr\/produit\/tabouret-gladiator-76cm-gaac30stjb\/#primaryimage"},"thumbnailUrl":"https:\/\/www.garagemania.ch\/wp-content\/uploads\/2021\/04\/GAAC30STPB-GLADIATOR-SGABELLO-76CM.jpg","datePublished":"2021-04-21T10:53:07+00:00","dateModified":"2023-03-13T11:10:55+00:00","description":"Avec le tabouret Gladiator\u00ae de Garage Mania, transformez votre garage en un espace parfait pour une pause ou une f\u00eate entre amis !","breadcrumb":{"@id":"https:\/\/www.garagemania.ch\/fr\/produit\/tabouret-gladiator-76cm-gaac30stjb\/#breadcrumb"},"inLanguage":"fr-FR","potentialAction":[{"@type":"ReadAction","target":["https:\/\/www.garagemania.ch\/fr\/produit\/tabouret-gladiator-76cm-gaac30stjb\/"]}]},{"@type":"ImageObject","inLanguage":"fr-FR","@id":"https:\/\/www.garagemania.ch\/fr\/produit\/tabouret-gladiator-76cm-gaac30stjb\/#primaryimage","url":"https:\/\/www.garagemania.ch\/wp-content\/uploads\/2021\/04\/GAAC30STPB-GLADIATOR-SGABELLO-76CM.jpg","contentUrl":"https:\/\/www.garagemania.ch\/wp-content\/uploads\/2021\/04\/GAAC30STPB-GLADIATOR-SGABELLO-76CM.jpg","width":700,"height":700,"caption":"GAAC30STPB GLADIATOR TABOURET 76CM"},{"@type":"BreadcrumbList","@id":"https:\/\/www.garagemania.ch\/fr\/produit\/tabouret-gladiator-76cm-gaac30stjb\/#breadcrumb","itemListElement":[{"@type":"ListItem","position":1,"name":"Home","item":"https:\/\/www.garagemania.ch\/fr\/homepage\/"},{"@type":"ListItem","position":2,"name":"Shop","item":"https:\/\/www.garagemania.ch\/fr\/page-shop-pour-les-rangements-garage-de-chez-garage-mania\/"},{"@type":"ListItem","position":3,"name":"Tabouret Gladiator\u00ae 76cm GAAC30STJB"}]},{"@type":"WebSite","@id":"https:\/\/www.garagemania.ch\/fr\/#website","url":"https:\/\/www.garagemania.ch\/fr\/","name":"Garage Mania","description":"Il luogo ideale per tutti coloro che vogliono un garage super esclusivo","publisher":{"@id":"https:\/\/www.garagemania.ch\/fr\/#organization"},"potentialAction":[{"@type":"SearchAction","target":{"@type":"EntryPoint","urlTemplate":"https:\/\/www.garagemania.ch\/fr\/?s={search_term_string}"},"query-input":{"@type":"PropertyValueSpecification","valueRequired":true,"valueName":"search_term_string"}}],"inLanguage":"fr-FR"},{"@type":"Organization","@id":"https:\/\/www.garagemania.ch\/fr\/#organization","name":"GLADIATOR WORX SAGL","url":"https:\/\/www.garagemania.ch\/fr\/","logo":{"@type":"ImageObject","inLanguage":"fr-FR","@id":"https:\/\/www.garagemania.ch\/fr\/#\/schema\/logo\/image\/","url":"https:\/\/www.garagemania.ch\/wp-content\/uploads\/2021\/03\/Logo-Garage-Mania.png","contentUrl":"https:\/\/www.garagemania.ch\/wp-content\/uploads\/2021\/03\/Logo-Garage-Mania.png","width":300,"height":282,"caption":"GLADIATOR WORX SAGL"},"image":{"@id":"https:\/\/www.garagemania.ch\/fr\/#\/schema\/logo\/image\/"},"sameAs":["https:\/\/www.facebook.com\/garagemania.it\/","https:\/\/www.instagram.com\/garagemania.it\/"]}]}},"_links":{"self":[{"href":"https:\/\/www.garagemania.ch\/fr\/wp-json\/wp\/v2\/product\/6600","targetHints":{"allow":["GET"]}}],"collection":[{"href":"https:\/\/www.garagemania.ch\/fr\/wp-json\/wp\/v2\/product"}],"about":[{"href":"https:\/\/www.garagemania.ch\/fr\/wp-json\/wp\/v2\/types\/product"}],"replies":[{"embeddable":true,"href":"https:\/\/www.garagemania.ch\/fr\/wp-json\/wp\/v2\/comments?post=6600"}],"version-history":[{"count":5,"href":"https:\/\/www.garagemania.ch\/fr\/wp-json\/wp\/v2\/product\/6600\/revisions"}],"predecessor-version":[{"id":11686,"href":"https:\/\/www.garagemania.ch\/fr\/wp-json\/wp\/v2\/product\/6600\/revisions\/11686"}],"wp:featuredmedia":[{"embeddable":true,"href":"https:\/\/www.garagemania.ch\/fr\/wp-json\/wp\/v2\/media\/6601"}],"wp:attachment":[{"href":"https:\/\/www.garagemania.ch\/fr\/wp-json\/wp\/v2\/media?parent=6600"}],"wp:term":[{"taxonomy":"product_brand","embeddable":true,"href":"https:\/\/www.garagemania.ch\/fr\/wp-json\/wp\/v2\/product_brand?post=6600"},{"taxonomy":"product_cat","embeddable":true,"href":"https:\/\/www.garagemania.ch\/fr\/wp-json\/wp\/v2\/product_cat?post=6600"},{"taxonomy":"product_tag","embeddable":true,"href":"https:\/\/www.garagemania.ch\/fr\/wp-json\/wp\/v2\/product_tag?post=6600"}],"curies":[{"name":"wp","href":"https:\/\/api.w.org\/{rel}","templated":true}]}}