{"id":6643,"date":"2021-06-07T12:33:52","date_gmt":"2021-06-07T10:33:52","guid":{"rendered":"https:\/\/www.garagemania.ch\/prodotto\/armoire-avec-pneus-76x46x168-gatb302drg-garage-mania\/"},"modified":"2022-12-15T22:27:07","modified_gmt":"2022-12-15T21:27:07","slug":"armoire-avec-gatb302drg-76x46x168-gatb302drg-garage-mania","status":"publish","type":"product","link":"https:\/\/www.garagemania.ch\/fr\/produit\/armoire-avec-gatb302drg-76x46x168-gatb302drg-garage-mania\/","title":{"rendered":"Armoire mobile GATB302DRG Gladiator\u00ae 76X46X168 GATB302DRG"},"content":{"rendered":"","protected":false},"excerpt":{"rendered":"<p>Armoire mobile Gladiator\u00ae 6X46X168 GATB302DRG Garage Mania.<\/p>\n<p>Cette armoire mobile Gladiator\u00ae est \u00e9quip\u00e9e de 4 roulettes dot\u00e9es d\u2019un syst\u00e8me de verrouillage qui assurent sa stabilit\u00e9 quelle que soit la surface.<\/p>\n<p>Elle est compos\u00e9e d\u2019une structure solide en acier avec 2 portes en acier gaufr\u00e9, \u00e0 fermeture magn\u00e9tique et \u00e9quip\u00e9es d\u2019une serrure \u00e0 cl\u00e9.<\/p>\n<p>Charge maximale 136 kg.<\/p>\n<p>Id\u00e9ale pour votre garage ou m\u00eame dans votre bureau !<\/p>\n<p>Les 4 \u00e9tag\u00e8res r\u00e9glables permettent de ranger soigneusement votre \u00e9quipement selon vos besoins et \u00e9conomiser de l&rsquo;espace.<\/p>\n<p>Vendue d\u00e9j\u00e0 mont\u00e9e, hors roulettes.<\/p>\n","protected":false},"featured_media":3904,"comment_status":"open","ping_status":"closed","template":"","meta":{"site-sidebar-layout":"default","site-content-layout":"default","ast-site-content-layout":"default","site-content-style":"default","site-sidebar-style":"default","ast-global-header-display":"","ast-banner-title-visibility":"","ast-main-header-display":"","ast-hfb-above-header-display":"","ast-hfb-below-header-display":"","ast-hfb-mobile-header-display":"","site-post-title":"","ast-breadcrumbs-content":"","ast-featured-img":"","footer-sml-layout":"","ast-disable-related-posts":"","theme-transparent-header-meta":"default","adv-header-id-meta":"","stick-header-meta":"","header-above-stick-meta":"","header-main-stick-meta":"","header-below-stick-meta":"","astra-migrate-meta-layouts":"default","ast-page-background-enabled":"default","ast-page-background-meta":{"desktop":{"background-color":"","background-image":"","background-repeat":"repeat","background-position":"center center","background-size":"auto","background-attachment":"scroll","background-type":"","background-media":"","overlay-type":"","overlay-color":"","overlay-opacity":"","overlay-gradient":""},"tablet":{"background-color":"","background-image":"","background-repeat":"repeat","background-position":"center center","background-size":"auto","background-attachment":"scroll","background-type":"","background-media":"","overlay-type":"","overlay-color":"","overlay-opacity":"","overlay-gradient":""},"mobile":{"background-color":"","background-image":"","background-repeat":"repeat","background-position":"center center","background-size":"auto","background-attachment":"scroll","background-type":"","background-media":"","overlay-type":"","overlay-color":"","overlay-opacity":"","overlay-gradient":""}},"ast-content-background-meta":{"desktop":{"background-color":"var(--ast-global-color-5)","background-image":"","background-repeat":"repeat","background-position":"center center","background-size":"auto","background-attachment":"scroll","background-type":"","background-media":"","overlay-type":"","overlay-color":"","overlay-opacity":"","overlay-gradient":""},"tablet":{"background-color":"var(--ast-global-color-5)","background-image":"","background-repeat":"repeat","background-position":"center center","background-size":"auto","background-attachment":"scroll","background-type":"","background-media":"","overlay-type":"","overlay-color":"","overlay-opacity":"","overlay-gradient":""},"mobile":{"background-color":"var(--ast-global-color-5)","background-image":"","background-repeat":"repeat","background-position":"center center","background-size":"auto","background-attachment":"scroll","background-type":"","background-media":"","overlay-type":"","overlay-color":"","overlay-opacity":"","overlay-gradient":""}}},"product_brand":[],"product_cat":[511],"product_tag":[448,463,512,514,1092,464],"class_list":{"0":"post-6643","1":"product","2":"type-product","3":"status-publish","4":"has-post-thumbnail","6":"product_cat-armoires","7":"product_tag-amenagement-garage","8":"product_tag-armoire","9":"product_tag-au-sol","10":"product_tag-deja-monte","11":"product_tag-gladiator-fr-2","12":"product_tag-sur-roulettes","13":"desktop-align-center","14":"tablet-align-center","15":"mobile-align-center","16":"ast-product-gallery-layout-horizontal-slider","17":"ast-magnify-disabled","18":"ast-qv-on-image","20":"first","21":"instock","22":"taxable","23":"shipping-taxable","24":"purchasable","25":"product-type-simple"},"bundled_by":["9042"],"bundle_stock_status":"instock","bundle_stock_quantity":null,"bundle_virtual":false,"bundle_layout":"","bundle_add_to_cart_form_location":"","bundle_editable_in_cart":false,"bundle_sold_individually_context":"","bundle_item_grouping":"","bundle_min_size":"","bundle_max_size":"","bundle_price":[],"bundled_items":[],"bundle_sell_ids":[],"yoast_head":"<!-- This site is optimized with the Yoast SEO Premium plugin v27.5 (Yoast SEO v27.5) - https:\/\/yoast.com\/product\/yoast-seo-premium-wordpress\/ -->\n<title>Garage Mania | Armoire avec roues Gladiator\u00ae 76X46X168 GATB302DRG<\/title>\n<meta name=\"description\" content=\"Garage mania. Armoire Gladiator en acier avec roues. Id\u00e9al pour ranger votre mat\u00e9riel dans le confort et la s\u00e9curit\u00e9. Facile \u00e0 nettoyer\" \/>\n<meta name=\"robots\" content=\"index, follow, max-snippet:-1, max-image-preview:large, max-video-preview:-1\" \/>\n<link rel=\"canonical\" href=\"https:\/\/www.garagemania.ch\/fr\/produit\/armoire-avec-gatb302drg-76x46x168-gatb302drg-garage-mania\/\" \/>\n<meta property=\"og:locale\" content=\"fr_FR\" \/>\n<meta property=\"og:type\" content=\"article\" \/>\n<meta property=\"og:title\" content=\"Armoire avec roues Gladiator\u00ae 76X46X168 GATB302DRG - Garage Mania\" \/>\n<meta property=\"og:description\" content=\"Garage mania. Armoire Gladiator en acier avec roues. Id\u00e9al pour ranger votre mat\u00e9riel dans le confort et la s\u00e9curit\u00e9. Facile \u00e0 nettoyer\" \/>\n<meta property=\"og:url\" content=\"https:\/\/www.garagemania.ch\/fr\/produit\/armoire-avec-gatb302drg-76x46x168-gatb302drg-garage-mania\/\" \/>\n<meta property=\"og:site_name\" content=\"Garage Mania\" \/>\n<meta property=\"article:publisher\" content=\"https:\/\/www.facebook.com\/garagemania.it\/\" \/>\n<meta property=\"article:modified_time\" content=\"2022-12-15T21:27:07+00:00\" \/>\n<meta property=\"og:image\" content=\"https:\/\/www.garagemania.ch\/wp-content\/uploads\/2021\/06\/GATB302DRG-postazione-di-lavoro-con-armadio-mobile-Garage-Mania.jpg\" \/>\n<meta name=\"twitter:card\" content=\"summary_large_image\" \/>\n<meta name=\"twitter:title\" content=\"Armoire avec roues Gladiator\u00ae 76X46X168 GATB302DRG - Garage Mania\" \/>\n<meta name=\"twitter:description\" content=\"Garage mania. Armoire Gladiator en acier avec roues. Id\u00e9al pour ranger votre mat\u00e9riel dans le confort et la s\u00e9curit\u00e9. Facile \u00e0 nettoyer\" \/>\n<script type=\"application\/ld+json\" class=\"yoast-schema-graph\">{\"@context\":\"https:\\\/\\\/schema.org\",\"@graph\":[{\"@type\":\"WebPage\",\"@id\":\"https:\\\/\\\/www.garagemania.ch\\\/fr\\\/produit\\\/armoire-avec-gatb302drg-76x46x168-gatb302drg-garage-mania\\\/\",\"url\":\"https:\\\/\\\/www.garagemania.ch\\\/fr\\\/produit\\\/armoire-avec-gatb302drg-76x46x168-gatb302drg-garage-mania\\\/\",\"name\":\"Garage Mania | Armoire avec roues Gladiator\u00ae 76X46X168 GATB302DRG\",\"isPartOf\":{\"@id\":\"https:\\\/\\\/www.garagemania.ch\\\/fr\\\/#website\"},\"primaryImageOfPage\":{\"@id\":\"https:\\\/\\\/www.garagemania.ch\\\/fr\\\/produit\\\/armoire-avec-gatb302drg-76x46x168-gatb302drg-garage-mania\\\/#primaryimage\"},\"image\":{\"@id\":\"https:\\\/\\\/www.garagemania.ch\\\/fr\\\/produit\\\/armoire-avec-gatb302drg-76x46x168-gatb302drg-garage-mania\\\/#primaryimage\"},\"thumbnailUrl\":\"https:\\\/\\\/www.garagemania.ch\\\/wp-content\\\/uploads\\\/2021\\\/06\\\/Armadio-mobile-a-due-ante-in-acciaio-con-ruote-Garage-Mania-GATB302DRG.jpg\",\"datePublished\":\"2021-06-07T10:33:52+00:00\",\"dateModified\":\"2022-12-15T21:27:07+00:00\",\"description\":\"Garage mania. Armoire Gladiator en acier avec roues. Id\u00e9al pour ranger votre mat\u00e9riel dans le confort et la s\u00e9curit\u00e9. Facile \u00e0 nettoyer\",\"breadcrumb\":{\"@id\":\"https:\\\/\\\/www.garagemania.ch\\\/fr\\\/produit\\\/armoire-avec-gatb302drg-76x46x168-gatb302drg-garage-mania\\\/#breadcrumb\"},\"inLanguage\":\"fr-FR\",\"potentialAction\":[{\"@type\":\"ReadAction\",\"target\":[\"https:\\\/\\\/www.garagemania.ch\\\/fr\\\/produit\\\/armoire-avec-gatb302drg-76x46x168-gatb302drg-garage-mania\\\/\"]}]},{\"@type\":\"ImageObject\",\"inLanguage\":\"fr-FR\",\"@id\":\"https:\\\/\\\/www.garagemania.ch\\\/fr\\\/produit\\\/armoire-avec-gatb302drg-76x46x168-gatb302drg-garage-mania\\\/#primaryimage\",\"url\":\"https:\\\/\\\/www.garagemania.ch\\\/wp-content\\\/uploads\\\/2021\\\/06\\\/Armadio-mobile-a-due-ante-in-acciaio-con-ruote-Garage-Mania-GATB302DRG.jpg\",\"contentUrl\":\"https:\\\/\\\/www.garagemania.ch\\\/wp-content\\\/uploads\\\/2021\\\/06\\\/Armadio-mobile-a-due-ante-in-acciaio-con-ruote-Garage-Mania-GATB302DRG.jpg\",\"width\":972,\"height\":972},{\"@type\":\"BreadcrumbList\",\"@id\":\"https:\\\/\\\/www.garagemania.ch\\\/fr\\\/produit\\\/armoire-avec-gatb302drg-76x46x168-gatb302drg-garage-mania\\\/#breadcrumb\",\"itemListElement\":[{\"@type\":\"ListItem\",\"position\":1,\"name\":\"Home\",\"item\":\"https:\\\/\\\/www.garagemania.ch\\\/fr\\\/homepage\\\/\"},{\"@type\":\"ListItem\",\"position\":2,\"name\":\"Shop\",\"item\":\"https:\\\/\\\/www.garagemania.ch\\\/fr\\\/page-shop-pour-les-rangements-garage-de-chez-garage-mania\\\/\"},{\"@type\":\"ListItem\",\"position\":3,\"name\":\"Armoire mobile GATB302DRG Gladiator\u00ae 76X46X168 GATB302DRG\"}]},{\"@type\":\"WebSite\",\"@id\":\"https:\\\/\\\/www.garagemania.ch\\\/fr\\\/#website\",\"url\":\"https:\\\/\\\/www.garagemania.ch\\\/fr\\\/\",\"name\":\"Garage Mania\",\"description\":\"Il luogo ideale per tutti coloro che vogliono un garage super esclusivo\",\"publisher\":{\"@id\":\"https:\\\/\\\/www.garagemania.ch\\\/fr\\\/#organization\"},\"potentialAction\":[{\"@type\":\"SearchAction\",\"target\":{\"@type\":\"EntryPoint\",\"urlTemplate\":\"https:\\\/\\\/www.garagemania.ch\\\/fr\\\/?s={search_term_string}\"},\"query-input\":{\"@type\":\"PropertyValueSpecification\",\"valueRequired\":true,\"valueName\":\"search_term_string\"}}],\"inLanguage\":\"fr-FR\"},{\"@type\":\"Organization\",\"@id\":\"https:\\\/\\\/www.garagemania.ch\\\/fr\\\/#organization\",\"name\":\"GLADIATOR WORX SAGL\",\"url\":\"https:\\\/\\\/www.garagemania.ch\\\/fr\\\/\",\"logo\":{\"@type\":\"ImageObject\",\"inLanguage\":\"fr-FR\",\"@id\":\"https:\\\/\\\/www.garagemania.ch\\\/fr\\\/#\\\/schema\\\/logo\\\/image\\\/\",\"url\":\"https:\\\/\\\/www.garagemania.ch\\\/wp-content\\\/uploads\\\/2021\\\/03\\\/Logo-Garage-Mania.png\",\"contentUrl\":\"https:\\\/\\\/www.garagemania.ch\\\/wp-content\\\/uploads\\\/2021\\\/03\\\/Logo-Garage-Mania.png\",\"width\":300,\"height\":282,\"caption\":\"GLADIATOR WORX SAGL\"},\"image\":{\"@id\":\"https:\\\/\\\/www.garagemania.ch\\\/fr\\\/#\\\/schema\\\/logo\\\/image\\\/\"},\"sameAs\":[\"https:\\\/\\\/www.facebook.com\\\/garagemania.it\\\/\",\"https:\\\/\\\/www.instagram.com\\\/garagemania.it\\\/\"]}]}<\/script>\n<!-- \/ Yoast SEO Premium plugin. -->","yoast_head_json":{"title":"Garage Mania | Armoire avec roues Gladiator\u00ae 76X46X168 GATB302DRG","description":"Garage mania. Armoire Gladiator en acier avec roues. Id\u00e9al pour ranger votre mat\u00e9riel dans le confort et la s\u00e9curit\u00e9. Facile \u00e0 nettoyer","robots":{"index":"index","follow":"follow","max-snippet":"max-snippet:-1","max-image-preview":"max-image-preview:large","max-video-preview":"max-video-preview:-1"},"canonical":"https:\/\/www.garagemania.ch\/fr\/produit\/armoire-avec-gatb302drg-76x46x168-gatb302drg-garage-mania\/","og_locale":"fr_FR","og_type":"article","og_title":"Armoire avec roues Gladiator\u00ae 76X46X168 GATB302DRG - Garage Mania","og_description":"Garage mania. Armoire Gladiator en acier avec roues. Id\u00e9al pour ranger votre mat\u00e9riel dans le confort et la s\u00e9curit\u00e9. Facile \u00e0 nettoyer","og_url":"https:\/\/www.garagemania.ch\/fr\/produit\/armoire-avec-gatb302drg-76x46x168-gatb302drg-garage-mania\/","og_site_name":"Garage Mania","article_publisher":"https:\/\/www.facebook.com\/garagemania.it\/","article_modified_time":"2022-12-15T21:27:07+00:00","og_image":[{"url":"https:\/\/www.garagemania.ch\/wp-content\/uploads\/2021\/06\/GATB302DRG-postazione-di-lavoro-con-armadio-mobile-Garage-Mania.jpg","type":"","width":"","height":""}],"twitter_card":"summary_large_image","twitter_title":"Armoire avec roues Gladiator\u00ae 76X46X168 GATB302DRG - Garage Mania","twitter_description":"Garage mania. Armoire Gladiator en acier avec roues. Id\u00e9al pour ranger votre mat\u00e9riel dans le confort et la s\u00e9curit\u00e9. Facile \u00e0 nettoyer","schema":{"@context":"https:\/\/schema.org","@graph":[{"@type":"WebPage","@id":"https:\/\/www.garagemania.ch\/fr\/produit\/armoire-avec-gatb302drg-76x46x168-gatb302drg-garage-mania\/","url":"https:\/\/www.garagemania.ch\/fr\/produit\/armoire-avec-gatb302drg-76x46x168-gatb302drg-garage-mania\/","name":"Garage Mania | Armoire avec roues Gladiator\u00ae 76X46X168 GATB302DRG","isPartOf":{"@id":"https:\/\/www.garagemania.ch\/fr\/#website"},"primaryImageOfPage":{"@id":"https:\/\/www.garagemania.ch\/fr\/produit\/armoire-avec-gatb302drg-76x46x168-gatb302drg-garage-mania\/#primaryimage"},"image":{"@id":"https:\/\/www.garagemania.ch\/fr\/produit\/armoire-avec-gatb302drg-76x46x168-gatb302drg-garage-mania\/#primaryimage"},"thumbnailUrl":"https:\/\/www.garagemania.ch\/wp-content\/uploads\/2021\/06\/Armadio-mobile-a-due-ante-in-acciaio-con-ruote-Garage-Mania-GATB302DRG.jpg","datePublished":"2021-06-07T10:33:52+00:00","dateModified":"2022-12-15T21:27:07+00:00","description":"Garage mania. Armoire Gladiator en acier avec roues. Id\u00e9al pour ranger votre mat\u00e9riel dans le confort et la s\u00e9curit\u00e9. Facile \u00e0 nettoyer","breadcrumb":{"@id":"https:\/\/www.garagemania.ch\/fr\/produit\/armoire-avec-gatb302drg-76x46x168-gatb302drg-garage-mania\/#breadcrumb"},"inLanguage":"fr-FR","potentialAction":[{"@type":"ReadAction","target":["https:\/\/www.garagemania.ch\/fr\/produit\/armoire-avec-gatb302drg-76x46x168-gatb302drg-garage-mania\/"]}]},{"@type":"ImageObject","inLanguage":"fr-FR","@id":"https:\/\/www.garagemania.ch\/fr\/produit\/armoire-avec-gatb302drg-76x46x168-gatb302drg-garage-mania\/#primaryimage","url":"https:\/\/www.garagemania.ch\/wp-content\/uploads\/2021\/06\/Armadio-mobile-a-due-ante-in-acciaio-con-ruote-Garage-Mania-GATB302DRG.jpg","contentUrl":"https:\/\/www.garagemania.ch\/wp-content\/uploads\/2021\/06\/Armadio-mobile-a-due-ante-in-acciaio-con-ruote-Garage-Mania-GATB302DRG.jpg","width":972,"height":972},{"@type":"BreadcrumbList","@id":"https:\/\/www.garagemania.ch\/fr\/produit\/armoire-avec-gatb302drg-76x46x168-gatb302drg-garage-mania\/#breadcrumb","itemListElement":[{"@type":"ListItem","position":1,"name":"Home","item":"https:\/\/www.garagemania.ch\/fr\/homepage\/"},{"@type":"ListItem","position":2,"name":"Shop","item":"https:\/\/www.garagemania.ch\/fr\/page-shop-pour-les-rangements-garage-de-chez-garage-mania\/"},{"@type":"ListItem","position":3,"name":"Armoire mobile GATB302DRG Gladiator\u00ae 76X46X168 GATB302DRG"}]},{"@type":"WebSite","@id":"https:\/\/www.garagemania.ch\/fr\/#website","url":"https:\/\/www.garagemania.ch\/fr\/","name":"Garage Mania","description":"Il luogo ideale per tutti coloro che vogliono un garage super esclusivo","publisher":{"@id":"https:\/\/www.garagemania.ch\/fr\/#organization"},"potentialAction":[{"@type":"SearchAction","target":{"@type":"EntryPoint","urlTemplate":"https:\/\/www.garagemania.ch\/fr\/?s={search_term_string}"},"query-input":{"@type":"PropertyValueSpecification","valueRequired":true,"valueName":"search_term_string"}}],"inLanguage":"fr-FR"},{"@type":"Organization","@id":"https:\/\/www.garagemania.ch\/fr\/#organization","name":"GLADIATOR WORX SAGL","url":"https:\/\/www.garagemania.ch\/fr\/","logo":{"@type":"ImageObject","inLanguage":"fr-FR","@id":"https:\/\/www.garagemania.ch\/fr\/#\/schema\/logo\/image\/","url":"https:\/\/www.garagemania.ch\/wp-content\/uploads\/2021\/03\/Logo-Garage-Mania.png","contentUrl":"https:\/\/www.garagemania.ch\/wp-content\/uploads\/2021\/03\/Logo-Garage-Mania.png","width":300,"height":282,"caption":"GLADIATOR WORX SAGL"},"image":{"@id":"https:\/\/www.garagemania.ch\/fr\/#\/schema\/logo\/image\/"},"sameAs":["https:\/\/www.facebook.com\/garagemania.it\/","https:\/\/www.instagram.com\/garagemania.it\/"]}]}},"_links":{"self":[{"href":"https:\/\/www.garagemania.ch\/fr\/wp-json\/wp\/v2\/product\/6643","targetHints":{"allow":["GET"]}}],"collection":[{"href":"https:\/\/www.garagemania.ch\/fr\/wp-json\/wp\/v2\/product"}],"about":[{"href":"https:\/\/www.garagemania.ch\/fr\/wp-json\/wp\/v2\/types\/product"}],"replies":[{"embeddable":true,"href":"https:\/\/www.garagemania.ch\/fr\/wp-json\/wp\/v2\/comments?post=6643"}],"version-history":[{"count":4,"href":"https:\/\/www.garagemania.ch\/fr\/wp-json\/wp\/v2\/product\/6643\/revisions"}],"predecessor-version":[{"id":11786,"href":"https:\/\/www.garagemania.ch\/fr\/wp-json\/wp\/v2\/product\/6643\/revisions\/11786"}],"wp:featuredmedia":[{"embeddable":true,"href":"https:\/\/www.garagemania.ch\/fr\/wp-json\/wp\/v2\/media\/3904"}],"wp:attachment":[{"href":"https:\/\/www.garagemania.ch\/fr\/wp-json\/wp\/v2\/media?parent=6643"}],"wp:term":[{"taxonomy":"product_brand","embeddable":true,"href":"https:\/\/www.garagemania.ch\/fr\/wp-json\/wp\/v2\/product_brand?post=6643"},{"taxonomy":"product_cat","embeddable":true,"href":"https:\/\/www.garagemania.ch\/fr\/wp-json\/wp\/v2\/product_cat?post=6643"},{"taxonomy":"product_tag","embeddable":true,"href":"https:\/\/www.garagemania.ch\/fr\/wp-json\/wp\/v2\/product_tag?post=6643"}],"curies":[{"name":"wp","href":"https:\/\/api.w.org\/{rel}","templated":true}]}}