{"id":6657,"date":"2021-05-21T15:25:33","date_gmt":"2021-05-21T13:25:33","guid":{"rendered":"https:\/\/www.garagemania.ch\/prodotto\/armoire-jumbo-all-season-91x61x183-gajg36grdg\/"},"modified":"2024-04-19T14:19:28","modified_gmt":"2024-04-19T12:19:28","slug":"armoire-jumbo-all-season-91x61x183-gajg36grdg","status":"publish","type":"product","link":"https:\/\/www.garagemania.ch\/fr\/produit\/armoire-jumbo-all-season-91x61x183-gajg36grdg\/","title":{"rendered":"Armoire Jumbo All Season Gladiator\u00ae 91x61x183 GAJG36GRDG"},"content":{"rendered":"","protected":false},"excerpt":{"rendered":"<p>Armoire Jumbo All Season Gladiator\u00ae 91x61x183 GAJG36GRDG Garage Mania.<\/p>\n<p>Cette armoire peut \u00eatre accroch\u00e9e au mur, en utilisant les supports de fixation Gladiator\u00ae GABK362PSS, NON inclus dans le colis.<\/p>\n<p>Le montage de l&rsquo;armoire Jumbo en acier est simple et rapide. Garantie 10 ans.<\/p>\n<p>Elle comporte 2 \u00e9tag\u00e8res int\u00e9rieures et une tringle de penderie GAAC36GRDS.<\/p>\n<p>Les armoires m\u00e9talliques Gladiator\u00ae sont solides et r\u00e9sistantes.<\/p>\n<p>Le service client de Garage Mania est \u00e0 votre disposition pour vous proposer l\u2019am\u00e9nagement le plus adapt\u00e9 \u00e0 vos besoins.<\/p>\n<p>L\u2019armoire Jumbo mesure 183 cm de haut. Elle poss\u00e8de 2 portes en acier gaufr\u00e9, \u00e0 fermeture magn\u00e9tique et \u00e9quip\u00e9es d\u2019une serrure \u00e0 cl\u00e9.<\/p>\n<p>Les pieds r\u00e9glables garantissent la stabilit\u00e9 de l\u2019armoire, m\u00eame sur les surfaces les moins planes.<\/p>\n","protected":false},"featured_media":2706,"comment_status":"open","ping_status":"closed","template":"","meta":{"site-sidebar-layout":"default","site-content-layout":"default","ast-site-content-layout":"default","site-content-style":"default","site-sidebar-style":"default","ast-global-header-display":"","ast-banner-title-visibility":"","ast-main-header-display":"","ast-hfb-above-header-display":"","ast-hfb-below-header-display":"","ast-hfb-mobile-header-display":"","site-post-title":"","ast-breadcrumbs-content":"","ast-featured-img":"","footer-sml-layout":"","ast-disable-related-posts":"","theme-transparent-header-meta":"default","adv-header-id-meta":"","stick-header-meta":"","header-above-stick-meta":"","header-main-stick-meta":"","header-below-stick-meta":"","astra-migrate-meta-layouts":"set","ast-page-background-enabled":"default","ast-page-background-meta":{"desktop":{"background-color":"","background-image":"","background-repeat":"repeat","background-position":"center center","background-size":"auto","background-attachment":"scroll","background-type":"","background-media":"","overlay-type":"","overlay-color":"","overlay-opacity":"","overlay-gradient":""},"tablet":{"background-color":"","background-image":"","background-repeat":"repeat","background-position":"center center","background-size":"auto","background-attachment":"scroll","background-type":"","background-media":"","overlay-type":"","overlay-color":"","overlay-opacity":"","overlay-gradient":""},"mobile":{"background-color":"","background-image":"","background-repeat":"repeat","background-position":"center center","background-size":"auto","background-attachment":"scroll","background-type":"","background-media":"","overlay-type":"","overlay-color":"","overlay-opacity":"","overlay-gradient":""}},"ast-content-background-meta":{"desktop":{"background-color":"var(--ast-global-color-5)","background-image":"","background-repeat":"repeat","background-position":"center center","background-size":"auto","background-attachment":"scroll","background-type":"","background-media":"","overlay-type":"","overlay-color":"","overlay-opacity":"","overlay-gradient":""},"tablet":{"background-color":"var(--ast-global-color-5)","background-image":"","background-repeat":"repeat","background-position":"center center","background-size":"auto","background-attachment":"scroll","background-type":"","background-media":"","overlay-type":"","overlay-color":"","overlay-opacity":"","overlay-gradient":""},"mobile":{"background-color":"var(--ast-global-color-5)","background-image":"","background-repeat":"repeat","background-position":"center center","background-size":"auto","background-attachment":"scroll","background-type":"","background-media":"","overlay-type":"","overlay-color":"","overlay-opacity":"","overlay-gradient":""}}},"product_brand":[],"product_cat":[511],"product_tag":[453,448,463,471,512,1092],"class_list":{"0":"post-6657","1":"product","2":"type-product","3":"status-publish","4":"has-post-thumbnail","6":"product_cat-armoires","7":"product_tag-a-assembler","8":"product_tag-amenagement-garage","9":"product_tag-armoire","10":"product_tag-au-mur","11":"product_tag-au-sol","12":"product_tag-gladiator-fr-2","13":"desktop-align-center","14":"tablet-align-center","15":"mobile-align-center","16":"ast-product-gallery-layout-horizontal-slider","17":"ast-magnify-disabled","18":"ast-qv-on-image","20":"first","21":"instock","22":"taxable","23":"shipping-taxable","24":"purchasable","25":"product-type-simple"},"bundled_by":[],"bundle_stock_status":"instock","bundle_stock_quantity":null,"bundle_virtual":false,"bundle_layout":"","bundle_add_to_cart_form_location":"","bundle_editable_in_cart":false,"bundle_sold_individually_context":"","bundle_item_grouping":"","bundle_min_size":"","bundle_max_size":"","bundle_price":[],"bundled_items":[],"bundle_sell_ids":[],"yoast_head":"<!-- This site is optimized with the Yoast SEO Premium plugin v27.5 (Yoast SEO v27.5) - https:\/\/yoast.com\/product\/yoast-seo-premium-wordpress\/ -->\n<title>Armoire Jumbo All Season 91x61x183 Gladiator\u00ae - Garage Mania<\/title>\n<meta name=\"description\" content=\"Armoire Jumbo All Season 91 x 61 x H 183 en acier r\u00e9sistant peut \u00eatre utilis\u00e9e \u00e0 sol que sospendu\" \/>\n<meta name=\"robots\" content=\"index, follow, max-snippet:-1, max-image-preview:large, max-video-preview:-1\" \/>\n<link rel=\"canonical\" href=\"https:\/\/www.garagemania.ch\/fr\/produit\/armoire-jumbo-all-season-91x61x183-gajg36grdg\/\" \/>\n<meta property=\"og:locale\" content=\"fr_FR\" \/>\n<meta property=\"og:type\" content=\"article\" \/>\n<meta property=\"og:title\" content=\"Armoire Jumbo All Season 91x61x183 Gladiator\u00ae - Garage Mania\" \/>\n<meta property=\"og:description\" content=\"Armoire Jumbo All Season 91 x 61 x H 183 en acier r\u00e9sistant peut \u00eatre utilis\u00e9e \u00e0 sol que sospendu\" \/>\n<meta property=\"og:url\" content=\"https:\/\/www.garagemania.ch\/fr\/produit\/armoire-jumbo-all-season-91x61x183-gajg36grdg\/\" \/>\n<meta property=\"og:site_name\" content=\"Garage Mania\" \/>\n<meta property=\"article:publisher\" content=\"https:\/\/www.facebook.com\/garagemania.it\/\" \/>\n<meta property=\"article:modified_time\" content=\"2024-04-19T12:19:28+00:00\" \/>\n<meta property=\"og:image\" content=\"https:\/\/www.garagemania.ch\/wp-content\/uploads\/2021\/05\/GC894WP.jpg\" \/>\n<meta name=\"twitter:card\" content=\"summary_large_image\" \/>\n<meta name=\"twitter:title\" content=\"Armoire Jumbo All Season 91x61x183 Gladiator\u00ae - Garage Mania\" \/>\n<meta name=\"twitter:description\" content=\"Armoire Jumbo All Season 91 x 61 x H 183 en acier r\u00e9sistant peut \u00eatre utilis\u00e9e \u00e0 sol que sospendu\" \/>\n<meta name=\"twitter:image\" content=\"https:\/\/www.garagemania.ch\/wp-content\/uploads\/2021\/05\/GC894WP.jpg\" \/>\n<meta name=\"twitter:label1\" content=\"Dur\u00e9e de lecture estim\u00e9e\" \/>\n\t<meta name=\"twitter:data1\" content=\"1 minute\" \/>\n<script type=\"application\/ld+json\" class=\"yoast-schema-graph\">{\"@context\":\"https:\\\/\\\/schema.org\",\"@graph\":[{\"@type\":\"WebPage\",\"@id\":\"https:\\\/\\\/www.garagemania.ch\\\/fr\\\/produit\\\/armoire-jumbo-all-season-91x61x183-gajg36grdg\\\/\",\"url\":\"https:\\\/\\\/www.garagemania.ch\\\/fr\\\/produit\\\/armoire-jumbo-all-season-91x61x183-gajg36grdg\\\/\",\"name\":\"Armoire Jumbo All Season 91x61x183 Gladiator\u00ae - Garage Mania\",\"isPartOf\":{\"@id\":\"https:\\\/\\\/www.garagemania.ch\\\/fr\\\/#website\"},\"primaryImageOfPage\":{\"@id\":\"https:\\\/\\\/www.garagemania.ch\\\/fr\\\/produit\\\/armoire-jumbo-all-season-91x61x183-gajg36grdg\\\/#primaryimage\"},\"image\":{\"@id\":\"https:\\\/\\\/www.garagemania.ch\\\/fr\\\/produit\\\/armoire-jumbo-all-season-91x61x183-gajg36grdg\\\/#primaryimage\"},\"thumbnailUrl\":\"https:\\\/\\\/www.garagemania.ch\\\/wp-content\\\/uploads\\\/2021\\\/05\\\/GAJG36GRDG-3-1.jpg\",\"datePublished\":\"2021-05-21T13:25:33+00:00\",\"dateModified\":\"2024-04-19T12:19:28+00:00\",\"description\":\"Armoire Jumbo All Season 91 x 61 x H 183 en acier r\u00e9sistant peut \u00eatre utilis\u00e9e \u00e0 sol que sospendu\",\"breadcrumb\":{\"@id\":\"https:\\\/\\\/www.garagemania.ch\\\/fr\\\/produit\\\/armoire-jumbo-all-season-91x61x183-gajg36grdg\\\/#breadcrumb\"},\"inLanguage\":\"fr-FR\",\"potentialAction\":[{\"@type\":\"ReadAction\",\"target\":[\"https:\\\/\\\/www.garagemania.ch\\\/fr\\\/produit\\\/armoire-jumbo-all-season-91x61x183-gajg36grdg\\\/\"]}]},{\"@type\":\"ImageObject\",\"inLanguage\":\"fr-FR\",\"@id\":\"https:\\\/\\\/www.garagemania.ch\\\/fr\\\/produit\\\/armoire-jumbo-all-season-91x61x183-gajg36grdg\\\/#primaryimage\",\"url\":\"https:\\\/\\\/www.garagemania.ch\\\/wp-content\\\/uploads\\\/2021\\\/05\\\/GAJG36GRDG-3-1.jpg\",\"contentUrl\":\"https:\\\/\\\/www.garagemania.ch\\\/wp-content\\\/uploads\\\/2021\\\/05\\\/GAJG36GRDG-3-1.jpg\",\"width\":700,\"height\":700,\"caption\":\"GAJG36GRDG ARMOIRE JUMBO ALL-SEASON LARGH 91 PROF 61 H 183 CM9\"},{\"@type\":\"BreadcrumbList\",\"@id\":\"https:\\\/\\\/www.garagemania.ch\\\/fr\\\/produit\\\/armoire-jumbo-all-season-91x61x183-gajg36grdg\\\/#breadcrumb\",\"itemListElement\":[{\"@type\":\"ListItem\",\"position\":1,\"name\":\"Home\",\"item\":\"https:\\\/\\\/www.garagemania.ch\\\/fr\\\/homepage\\\/\"},{\"@type\":\"ListItem\",\"position\":2,\"name\":\"Shop\",\"item\":\"https:\\\/\\\/www.garagemania.ch\\\/fr\\\/page-shop-pour-les-rangements-garage-de-chez-garage-mania\\\/\"},{\"@type\":\"ListItem\",\"position\":3,\"name\":\"Armoire Jumbo All Season Gladiator\u00ae 91x61x183 GAJG36GRDG\"}]},{\"@type\":\"WebSite\",\"@id\":\"https:\\\/\\\/www.garagemania.ch\\\/fr\\\/#website\",\"url\":\"https:\\\/\\\/www.garagemania.ch\\\/fr\\\/\",\"name\":\"Garage Mania\",\"description\":\"Il luogo ideale per tutti coloro che vogliono un garage super esclusivo\",\"publisher\":{\"@id\":\"https:\\\/\\\/www.garagemania.ch\\\/fr\\\/#organization\"},\"potentialAction\":[{\"@type\":\"SearchAction\",\"target\":{\"@type\":\"EntryPoint\",\"urlTemplate\":\"https:\\\/\\\/www.garagemania.ch\\\/fr\\\/?s={search_term_string}\"},\"query-input\":{\"@type\":\"PropertyValueSpecification\",\"valueRequired\":true,\"valueName\":\"search_term_string\"}}],\"inLanguage\":\"fr-FR\"},{\"@type\":\"Organization\",\"@id\":\"https:\\\/\\\/www.garagemania.ch\\\/fr\\\/#organization\",\"name\":\"GLADIATOR WORX SAGL\",\"url\":\"https:\\\/\\\/www.garagemania.ch\\\/fr\\\/\",\"logo\":{\"@type\":\"ImageObject\",\"inLanguage\":\"fr-FR\",\"@id\":\"https:\\\/\\\/www.garagemania.ch\\\/fr\\\/#\\\/schema\\\/logo\\\/image\\\/\",\"url\":\"https:\\\/\\\/www.garagemania.ch\\\/wp-content\\\/uploads\\\/2021\\\/03\\\/Logo-Garage-Mania.png\",\"contentUrl\":\"https:\\\/\\\/www.garagemania.ch\\\/wp-content\\\/uploads\\\/2021\\\/03\\\/Logo-Garage-Mania.png\",\"width\":300,\"height\":282,\"caption\":\"GLADIATOR WORX SAGL\"},\"image\":{\"@id\":\"https:\\\/\\\/www.garagemania.ch\\\/fr\\\/#\\\/schema\\\/logo\\\/image\\\/\"},\"sameAs\":[\"https:\\\/\\\/www.facebook.com\\\/garagemania.it\\\/\",\"https:\\\/\\\/www.instagram.com\\\/garagemania.it\\\/\"]}]}<\/script>\n<!-- \/ Yoast SEO Premium plugin. -->","yoast_head_json":{"title":"Armoire Jumbo All Season 91x61x183 Gladiator\u00ae - Garage Mania","description":"Armoire Jumbo All Season 91 x 61 x H 183 en acier r\u00e9sistant peut \u00eatre utilis\u00e9e \u00e0 sol que sospendu","robots":{"index":"index","follow":"follow","max-snippet":"max-snippet:-1","max-image-preview":"max-image-preview:large","max-video-preview":"max-video-preview:-1"},"canonical":"https:\/\/www.garagemania.ch\/fr\/produit\/armoire-jumbo-all-season-91x61x183-gajg36grdg\/","og_locale":"fr_FR","og_type":"article","og_title":"Armoire Jumbo All Season 91x61x183 Gladiator\u00ae - Garage Mania","og_description":"Armoire Jumbo All Season 91 x 61 x H 183 en acier r\u00e9sistant peut \u00eatre utilis\u00e9e \u00e0 sol que sospendu","og_url":"https:\/\/www.garagemania.ch\/fr\/produit\/armoire-jumbo-all-season-91x61x183-gajg36grdg\/","og_site_name":"Garage Mania","article_publisher":"https:\/\/www.facebook.com\/garagemania.it\/","article_modified_time":"2024-04-19T12:19:28+00:00","og_image":[{"url":"https:\/\/www.garagemania.ch\/wp-content\/uploads\/2021\/05\/GC894WP.jpg","type":"","width":"","height":""}],"twitter_card":"summary_large_image","twitter_title":"Armoire Jumbo All Season 91x61x183 Gladiator\u00ae - Garage Mania","twitter_description":"Armoire Jumbo All Season 91 x 61 x H 183 en acier r\u00e9sistant peut \u00eatre utilis\u00e9e \u00e0 sol que sospendu","twitter_image":"https:\/\/www.garagemania.ch\/wp-content\/uploads\/2021\/05\/GC894WP.jpg","twitter_misc":{"Dur\u00e9e de lecture estim\u00e9e":"1 minute"},"schema":{"@context":"https:\/\/schema.org","@graph":[{"@type":"WebPage","@id":"https:\/\/www.garagemania.ch\/fr\/produit\/armoire-jumbo-all-season-91x61x183-gajg36grdg\/","url":"https:\/\/www.garagemania.ch\/fr\/produit\/armoire-jumbo-all-season-91x61x183-gajg36grdg\/","name":"Armoire Jumbo All Season 91x61x183 Gladiator\u00ae - Garage Mania","isPartOf":{"@id":"https:\/\/www.garagemania.ch\/fr\/#website"},"primaryImageOfPage":{"@id":"https:\/\/www.garagemania.ch\/fr\/produit\/armoire-jumbo-all-season-91x61x183-gajg36grdg\/#primaryimage"},"image":{"@id":"https:\/\/www.garagemania.ch\/fr\/produit\/armoire-jumbo-all-season-91x61x183-gajg36grdg\/#primaryimage"},"thumbnailUrl":"https:\/\/www.garagemania.ch\/wp-content\/uploads\/2021\/05\/GAJG36GRDG-3-1.jpg","datePublished":"2021-05-21T13:25:33+00:00","dateModified":"2024-04-19T12:19:28+00:00","description":"Armoire Jumbo All Season 91 x 61 x H 183 en acier r\u00e9sistant peut \u00eatre utilis\u00e9e \u00e0 sol que sospendu","breadcrumb":{"@id":"https:\/\/www.garagemania.ch\/fr\/produit\/armoire-jumbo-all-season-91x61x183-gajg36grdg\/#breadcrumb"},"inLanguage":"fr-FR","potentialAction":[{"@type":"ReadAction","target":["https:\/\/www.garagemania.ch\/fr\/produit\/armoire-jumbo-all-season-91x61x183-gajg36grdg\/"]}]},{"@type":"ImageObject","inLanguage":"fr-FR","@id":"https:\/\/www.garagemania.ch\/fr\/produit\/armoire-jumbo-all-season-91x61x183-gajg36grdg\/#primaryimage","url":"https:\/\/www.garagemania.ch\/wp-content\/uploads\/2021\/05\/GAJG36GRDG-3-1.jpg","contentUrl":"https:\/\/www.garagemania.ch\/wp-content\/uploads\/2021\/05\/GAJG36GRDG-3-1.jpg","width":700,"height":700,"caption":"GAJG36GRDG ARMOIRE JUMBO ALL-SEASON LARGH 91 PROF 61 H 183 CM9"},{"@type":"BreadcrumbList","@id":"https:\/\/www.garagemania.ch\/fr\/produit\/armoire-jumbo-all-season-91x61x183-gajg36grdg\/#breadcrumb","itemListElement":[{"@type":"ListItem","position":1,"name":"Home","item":"https:\/\/www.garagemania.ch\/fr\/homepage\/"},{"@type":"ListItem","position":2,"name":"Shop","item":"https:\/\/www.garagemania.ch\/fr\/page-shop-pour-les-rangements-garage-de-chez-garage-mania\/"},{"@type":"ListItem","position":3,"name":"Armoire Jumbo All Season Gladiator\u00ae 91x61x183 GAJG36GRDG"}]},{"@type":"WebSite","@id":"https:\/\/www.garagemania.ch\/fr\/#website","url":"https:\/\/www.garagemania.ch\/fr\/","name":"Garage Mania","description":"Il luogo ideale per tutti coloro che vogliono un garage super esclusivo","publisher":{"@id":"https:\/\/www.garagemania.ch\/fr\/#organization"},"potentialAction":[{"@type":"SearchAction","target":{"@type":"EntryPoint","urlTemplate":"https:\/\/www.garagemania.ch\/fr\/?s={search_term_string}"},"query-input":{"@type":"PropertyValueSpecification","valueRequired":true,"valueName":"search_term_string"}}],"inLanguage":"fr-FR"},{"@type":"Organization","@id":"https:\/\/www.garagemania.ch\/fr\/#organization","name":"GLADIATOR WORX SAGL","url":"https:\/\/www.garagemania.ch\/fr\/","logo":{"@type":"ImageObject","inLanguage":"fr-FR","@id":"https:\/\/www.garagemania.ch\/fr\/#\/schema\/logo\/image\/","url":"https:\/\/www.garagemania.ch\/wp-content\/uploads\/2021\/03\/Logo-Garage-Mania.png","contentUrl":"https:\/\/www.garagemania.ch\/wp-content\/uploads\/2021\/03\/Logo-Garage-Mania.png","width":300,"height":282,"caption":"GLADIATOR WORX SAGL"},"image":{"@id":"https:\/\/www.garagemania.ch\/fr\/#\/schema\/logo\/image\/"},"sameAs":["https:\/\/www.facebook.com\/garagemania.it\/","https:\/\/www.instagram.com\/garagemania.it\/"]}]}},"_links":{"self":[{"href":"https:\/\/www.garagemania.ch\/fr\/wp-json\/wp\/v2\/product\/6657","targetHints":{"allow":["GET"]}}],"collection":[{"href":"https:\/\/www.garagemania.ch\/fr\/wp-json\/wp\/v2\/product"}],"about":[{"href":"https:\/\/www.garagemania.ch\/fr\/wp-json\/wp\/v2\/types\/product"}],"replies":[{"embeddable":true,"href":"https:\/\/www.garagemania.ch\/fr\/wp-json\/wp\/v2\/comments?post=6657"}],"version-history":[{"count":3,"href":"https:\/\/www.garagemania.ch\/fr\/wp-json\/wp\/v2\/product\/6657\/revisions"}],"predecessor-version":[{"id":15074,"href":"https:\/\/www.garagemania.ch\/fr\/wp-json\/wp\/v2\/product\/6657\/revisions\/15074"}],"wp:featuredmedia":[{"embeddable":true,"href":"https:\/\/www.garagemania.ch\/fr\/wp-json\/wp\/v2\/media\/2706"}],"wp:attachment":[{"href":"https:\/\/www.garagemania.ch\/fr\/wp-json\/wp\/v2\/media?parent=6657"}],"wp:term":[{"taxonomy":"product_brand","embeddable":true,"href":"https:\/\/www.garagemania.ch\/fr\/wp-json\/wp\/v2\/product_brand?post=6657"},{"taxonomy":"product_cat","embeddable":true,"href":"https:\/\/www.garagemania.ch\/fr\/wp-json\/wp\/v2\/product_cat?post=6657"},{"taxonomy":"product_tag","embeddable":true,"href":"https:\/\/www.garagemania.ch\/fr\/wp-json\/wp\/v2\/product_tag?post=6657"}],"curies":[{"name":"wp","href":"https:\/\/api.w.org\/{rel}","templated":true}]}}