{"id":6659,"date":"2021-06-17T16:43:38","date_gmt":"2021-06-17T14:43:38","guid":{"rendered":"https:\/\/www.garagemania.ch\/prodotto\/canaux-geartrack-pour-accrocher-les-produits-au-mur-2-pieces-gawc042pzy\/"},"modified":"2022-12-15T22:42:36","modified_gmt":"2022-12-15T21:42:36","slug":"canaux-geartrack-pour-accrocher-les-produits-au-mur-2-pieces-gawc042pzy","status":"publish","type":"product","link":"https:\/\/www.garagemania.ch\/fr\/produit\/canaux-geartrack-pour-accrocher-les-produits-au-mur-2-pieces-gawc042pzy\/","title":{"rendered":"Canaux de fixation murale Geartrack\u00ae 122&#215;15 cm Gladiator\u00ae GAWC042PZY (pack de 2)"},"content":{"rendered":"","protected":false},"excerpt":{"rendered":"<p>Canaux de fixation murale Geartrack\u00ae 122&#215;15 cm Gladiator\u00ae GAWC042PZY (pack de 2)<\/p>\n<p>Avec ces 2 canaux de fixation Geartrack\u00ae de 122 cm de long, r\u00e9organisez votre garage en accrochant des armoires de rangement et tous vos outils au mur.<\/p>\n<p>L\u2019installation facile et rapide de ces canaux permet de lib\u00e9rer l\u2019espace au sol et de garder votre garage bien rang\u00e9.<\/p>\n<p>Con\u00e7us pour r\u00e9sister \u00e0 des temp\u00e9ratures extr\u00eames et \u00e0 l\u2019humidit\u00e9, ils s\u2019adaptent parfaitement aux murs en b\u00e9ton, briques, pl\u00e2tre ou bois.<\/p>\n<p>Ils sont compatibles avec tous les accessoires et crochets muraux Gladiator\u00ae et avec les armoires murales GearBox\u00ae.<\/p>\n<p>Le rail brevet\u00e9 \u00e0 double rainure lui conf\u00e8re une solide fixation au mur.<\/p>\n<p>Charge maximale 112kg \/ml. Pack de 2. Garantie 10 ans.<\/p>\n<p>Optimisez l\u2019espace de votre garage, choisissez la qualit\u00e9 de Garage Mania. Le paradis des passionn\u00e9s de garage !<\/p>\n","protected":false},"featured_media":4189,"comment_status":"open","ping_status":"closed","template":"","meta":{"site-sidebar-layout":"no-sidebar","site-content-layout":"page-builder","ast-site-content-layout":"full-width-container","site-content-style":"unboxed","site-sidebar-style":"unboxed","ast-global-header-display":"","ast-banner-title-visibility":"","ast-main-header-display":"","ast-hfb-above-header-display":"","ast-hfb-below-header-display":"","ast-hfb-mobile-header-display":"","site-post-title":"disabled","ast-breadcrumbs-content":"","ast-featured-img":"disabled","footer-sml-layout":"","ast-disable-related-posts":"","theme-transparent-header-meta":"default","adv-header-id-meta":"","stick-header-meta":"","header-above-stick-meta":"","header-main-stick-meta":"","header-below-stick-meta":"","astra-migrate-meta-layouts":"default","ast-page-background-enabled":"default","ast-page-background-meta":{"desktop":{"background-color":"","background-image":"","background-repeat":"repeat","background-position":"center center","background-size":"auto","background-attachment":"scroll","background-type":"","background-media":"","overlay-type":"","overlay-color":"","overlay-opacity":"","overlay-gradient":""},"tablet":{"background-color":"","background-image":"","background-repeat":"repeat","background-position":"center center","background-size":"auto","background-attachment":"scroll","background-type":"","background-media":"","overlay-type":"","overlay-color":"","overlay-opacity":"","overlay-gradient":""},"mobile":{"background-color":"","background-image":"","background-repeat":"repeat","background-position":"center center","background-size":"auto","background-attachment":"scroll","background-type":"","background-media":"","overlay-type":"","overlay-color":"","overlay-opacity":"","overlay-gradient":""}},"ast-content-background-meta":{"desktop":{"background-color":"var(--ast-global-color-5)","background-image":"","background-repeat":"repeat","background-position":"center center","background-size":"auto","background-attachment":"scroll","background-type":"","background-media":"","overlay-type":"","overlay-color":"","overlay-opacity":"","overlay-gradient":""},"tablet":{"background-color":"var(--ast-global-color-5)","background-image":"","background-repeat":"repeat","background-position":"center center","background-size":"auto","background-attachment":"scroll","background-type":"","background-media":"","overlay-type":"","overlay-color":"","overlay-opacity":"","overlay-gradient":""},"mobile":{"background-color":"var(--ast-global-color-5)","background-image":"","background-repeat":"repeat","background-position":"center center","background-size":"auto","background-attachment":"scroll","background-type":"","background-media":"","overlay-type":"","overlay-color":"","overlay-opacity":"","overlay-gradient":""}}},"product_brand":[],"product_cat":[528],"product_tag":[448,471,529,1092],"class_list":{"0":"post-6659","1":"product","2":"type-product","3":"status-publish","4":"has-post-thumbnail","6":"product_cat-systemes-muraux","7":"product_tag-amenagement-garage","8":"product_tag-au-mur","9":"product_tag-canal-au-mur","10":"product_tag-gladiator-fr-2","11":"desktop-align-center","12":"tablet-align-center","13":"mobile-align-center","14":"ast-product-gallery-layout-horizontal-slider","15":"ast-magnify-disabled","16":"ast-qv-on-image","18":"first","19":"instock","20":"taxable","21":"shipping-taxable","22":"purchasable","23":"product-type-simple"},"bundled_by":["9040","9043","9044","9042"],"bundle_stock_status":"instock","bundle_stock_quantity":null,"bundle_virtual":false,"bundle_layout":"","bundle_add_to_cart_form_location":"","bundle_editable_in_cart":false,"bundle_sold_individually_context":"","bundle_item_grouping":"","bundle_min_size":"","bundle_max_size":"","bundle_price":[],"bundled_items":[],"bundle_sell_ids":[],"yoast_head":"<!-- This site is optimized with the Yoast SEO Premium plugin v27.4 (Yoast SEO v27.4) - https:\/\/yoast.com\/product\/yoast-seo-premium-wordpress\/ -->\n<title>Canaux Geartrack\u00ae pour produits Gladiator\u00ae - Garage Mania<\/title>\n<meta name=\"description\" content=\"D\u00e9couvrez comment fixer facilement des outils, des \u00e9tag\u00e8res, des armoires et des crochets au mur de votre garage. Avec les canaux Geartrack Garage Mania\" \/>\n<meta name=\"robots\" content=\"index, follow, max-snippet:-1, max-image-preview:large, max-video-preview:-1\" \/>\n<link rel=\"canonical\" href=\"https:\/\/www.garagemania.ch\/fr\/produit\/canaux-geartrack-pour-accrocher-les-produits-au-mur-2-pieces-gawc042pzy\/\" \/>\n<meta property=\"og:locale\" content=\"fr_FR\" \/>\n<meta property=\"og:type\" content=\"article\" \/>\n<meta property=\"og:title\" content=\"Canaux Geartrack\u00ae pour produits a mur GAWC042PZY - Garage Mania\" \/>\n<meta property=\"og:description\" content=\"D\u00e9couvrez comment fixer facilement des outils, des \u00e9tag\u00e8res, des armoires et des crochets au mur de votre garage. Avec les canaux Geartrack Garage Mania\" \/>\n<meta property=\"og:url\" content=\"https:\/\/www.garagemania.ch\/fr\/produit\/canaux-geartrack-pour-accrocher-les-produits-au-mur-2-pieces-gawc042pzy\/\" \/>\n<meta property=\"og:site_name\" content=\"Garage Mania\" \/>\n<meta property=\"article:publisher\" content=\"https:\/\/www.facebook.com\/garagemania.it\/\" \/>\n<meta property=\"article:modified_time\" content=\"2022-12-15T21:42:36+00:00\" \/>\n<meta property=\"og:image\" content=\"https:\/\/www.garagemania.ch\/wp-content\/uploads\/2021\/04\/GLADIATOR\u00ae-CAPPUCCI-PER-GUIDE-dettaglio-copertura-guide.jpg\" \/>\n<meta name=\"twitter:card\" content=\"summary_large_image\" \/>\n<meta name=\"twitter:title\" content=\"Canaux Geartrack\u00ae pour produits a mur GAWC042PZY - Garage Mania\" \/>\n<meta name=\"twitter:description\" content=\"D\u00e9couvrez comment fixer facilement des outils, des \u00e9tag\u00e8res, des armoires et des crochets au mur de votre garage. Avec les canaux Geartrack Garage Mania\" \/>\n<script type=\"application\/ld+json\" class=\"yoast-schema-graph\">{\"@context\":\"https:\\\/\\\/schema.org\",\"@graph\":[{\"@type\":\"WebPage\",\"@id\":\"https:\\\/\\\/www.garagemania.ch\\\/fr\\\/produit\\\/canaux-geartrack-pour-accrocher-les-produits-au-mur-2-pieces-gawc042pzy\\\/\",\"url\":\"https:\\\/\\\/www.garagemania.ch\\\/fr\\\/produit\\\/canaux-geartrack-pour-accrocher-les-produits-au-mur-2-pieces-gawc042pzy\\\/\",\"name\":\"Canaux Geartrack\u00ae pour produits Gladiator\u00ae - Garage Mania\",\"isPartOf\":{\"@id\":\"https:\\\/\\\/www.garagemania.ch\\\/fr\\\/#website\"},\"primaryImageOfPage\":{\"@id\":\"https:\\\/\\\/www.garagemania.ch\\\/fr\\\/produit\\\/canaux-geartrack-pour-accrocher-les-produits-au-mur-2-pieces-gawc042pzy\\\/#primaryimage\"},\"image\":{\"@id\":\"https:\\\/\\\/www.garagemania.ch\\\/fr\\\/produit\\\/canaux-geartrack-pour-accrocher-les-produits-au-mur-2-pieces-gawc042pzy\\\/#primaryimage\"},\"thumbnailUrl\":\"https:\\\/\\\/www.garagemania.ch\\\/wp-content\\\/uploads\\\/2021\\\/04\\\/GUIDE-GEARTRACK\u00ae-PER-AGGANCIO-PRODOTTI-A-PARETE-GAWC042PZY.jpg\",\"datePublished\":\"2021-06-17T14:43:38+00:00\",\"dateModified\":\"2022-12-15T21:42:36+00:00\",\"description\":\"D\u00e9couvrez comment fixer facilement des outils, des \u00e9tag\u00e8res, des armoires et des crochets au mur de votre garage. Avec les canaux Geartrack Garage Mania\",\"breadcrumb\":{\"@id\":\"https:\\\/\\\/www.garagemania.ch\\\/fr\\\/produit\\\/canaux-geartrack-pour-accrocher-les-produits-au-mur-2-pieces-gawc042pzy\\\/#breadcrumb\"},\"inLanguage\":\"fr-FR\",\"potentialAction\":[{\"@type\":\"ReadAction\",\"target\":[\"https:\\\/\\\/www.garagemania.ch\\\/fr\\\/produit\\\/canaux-geartrack-pour-accrocher-les-produits-au-mur-2-pieces-gawc042pzy\\\/\"]}]},{\"@type\":\"ImageObject\",\"inLanguage\":\"fr-FR\",\"@id\":\"https:\\\/\\\/www.garagemania.ch\\\/fr\\\/produit\\\/canaux-geartrack-pour-accrocher-les-produits-au-mur-2-pieces-gawc042pzy\\\/#primaryimage\",\"url\":\"https:\\\/\\\/www.garagemania.ch\\\/wp-content\\\/uploads\\\/2021\\\/04\\\/GUIDE-GEARTRACK\u00ae-PER-AGGANCIO-PRODOTTI-A-PARETE-GAWC042PZY.jpg\",\"contentUrl\":\"https:\\\/\\\/www.garagemania.ch\\\/wp-content\\\/uploads\\\/2021\\\/04\\\/GUIDE-GEARTRACK\u00ae-PER-AGGANCIO-PRODOTTI-A-PARETE-GAWC042PZY.jpg\",\"width\":700,\"height\":700,\"caption\":\"Canaux Geartrack\u00ae pour accrocher les produits au mur GAWC042PZY\"},{\"@type\":\"BreadcrumbList\",\"@id\":\"https:\\\/\\\/www.garagemania.ch\\\/fr\\\/produit\\\/canaux-geartrack-pour-accrocher-les-produits-au-mur-2-pieces-gawc042pzy\\\/#breadcrumb\",\"itemListElement\":[{\"@type\":\"ListItem\",\"position\":1,\"name\":\"Home\",\"item\":\"https:\\\/\\\/www.garagemania.ch\\\/fr\\\/homepage\\\/\"},{\"@type\":\"ListItem\",\"position\":2,\"name\":\"Shop\",\"item\":\"https:\\\/\\\/www.garagemania.ch\\\/fr\\\/page-shop-pour-les-rangements-garage-de-chez-garage-mania\\\/\"},{\"@type\":\"ListItem\",\"position\":3,\"name\":\"Canaux de fixation murale Geartrack\u00ae 122&#215;15 cm Gladiator\u00ae GAWC042PZY (pack de 2)\"}]},{\"@type\":\"WebSite\",\"@id\":\"https:\\\/\\\/www.garagemania.ch\\\/fr\\\/#website\",\"url\":\"https:\\\/\\\/www.garagemania.ch\\\/fr\\\/\",\"name\":\"Garage Mania\",\"description\":\"Il luogo ideale per tutti coloro che vogliono un garage super esclusivo\",\"publisher\":{\"@id\":\"https:\\\/\\\/www.garagemania.ch\\\/fr\\\/#organization\"},\"potentialAction\":[{\"@type\":\"SearchAction\",\"target\":{\"@type\":\"EntryPoint\",\"urlTemplate\":\"https:\\\/\\\/www.garagemania.ch\\\/fr\\\/?s={search_term_string}\"},\"query-input\":{\"@type\":\"PropertyValueSpecification\",\"valueRequired\":true,\"valueName\":\"search_term_string\"}}],\"inLanguage\":\"fr-FR\"},{\"@type\":\"Organization\",\"@id\":\"https:\\\/\\\/www.garagemania.ch\\\/fr\\\/#organization\",\"name\":\"GLADIATOR WORX SAGL\",\"url\":\"https:\\\/\\\/www.garagemania.ch\\\/fr\\\/\",\"logo\":{\"@type\":\"ImageObject\",\"inLanguage\":\"fr-FR\",\"@id\":\"https:\\\/\\\/www.garagemania.ch\\\/fr\\\/#\\\/schema\\\/logo\\\/image\\\/\",\"url\":\"https:\\\/\\\/www.garagemania.ch\\\/wp-content\\\/uploads\\\/2021\\\/03\\\/Logo-Garage-Mania.png\",\"contentUrl\":\"https:\\\/\\\/www.garagemania.ch\\\/wp-content\\\/uploads\\\/2021\\\/03\\\/Logo-Garage-Mania.png\",\"width\":300,\"height\":282,\"caption\":\"GLADIATOR WORX SAGL\"},\"image\":{\"@id\":\"https:\\\/\\\/www.garagemania.ch\\\/fr\\\/#\\\/schema\\\/logo\\\/image\\\/\"},\"sameAs\":[\"https:\\\/\\\/www.facebook.com\\\/garagemania.it\\\/\",\"https:\\\/\\\/www.instagram.com\\\/garagemania.it\\\/\"]}]}<\/script>\n<!-- \/ Yoast SEO Premium plugin. -->","yoast_head_json":{"title":"Canaux Geartrack\u00ae pour produits Gladiator\u00ae - Garage Mania","description":"D\u00e9couvrez comment fixer facilement des outils, des \u00e9tag\u00e8res, des armoires et des crochets au mur de votre garage. Avec les canaux Geartrack Garage Mania","robots":{"index":"index","follow":"follow","max-snippet":"max-snippet:-1","max-image-preview":"max-image-preview:large","max-video-preview":"max-video-preview:-1"},"canonical":"https:\/\/www.garagemania.ch\/fr\/produit\/canaux-geartrack-pour-accrocher-les-produits-au-mur-2-pieces-gawc042pzy\/","og_locale":"fr_FR","og_type":"article","og_title":"Canaux Geartrack\u00ae pour produits a mur GAWC042PZY - Garage Mania","og_description":"D\u00e9couvrez comment fixer facilement des outils, des \u00e9tag\u00e8res, des armoires et des crochets au mur de votre garage. Avec les canaux Geartrack Garage Mania","og_url":"https:\/\/www.garagemania.ch\/fr\/produit\/canaux-geartrack-pour-accrocher-les-produits-au-mur-2-pieces-gawc042pzy\/","og_site_name":"Garage Mania","article_publisher":"https:\/\/www.facebook.com\/garagemania.it\/","article_modified_time":"2022-12-15T21:42:36+00:00","og_image":[{"url":"https:\/\/www.garagemania.ch\/wp-content\/uploads\/2021\/04\/GLADIATOR\u00ae-CAPPUCCI-PER-GUIDE-dettaglio-copertura-guide.jpg","type":"","width":"","height":""}],"twitter_card":"summary_large_image","twitter_title":"Canaux Geartrack\u00ae pour produits a mur GAWC042PZY - Garage Mania","twitter_description":"D\u00e9couvrez comment fixer facilement des outils, des \u00e9tag\u00e8res, des armoires et des crochets au mur de votre garage. Avec les canaux Geartrack Garage Mania","schema":{"@context":"https:\/\/schema.org","@graph":[{"@type":"WebPage","@id":"https:\/\/www.garagemania.ch\/fr\/produit\/canaux-geartrack-pour-accrocher-les-produits-au-mur-2-pieces-gawc042pzy\/","url":"https:\/\/www.garagemania.ch\/fr\/produit\/canaux-geartrack-pour-accrocher-les-produits-au-mur-2-pieces-gawc042pzy\/","name":"Canaux Geartrack\u00ae pour produits Gladiator\u00ae - Garage Mania","isPartOf":{"@id":"https:\/\/www.garagemania.ch\/fr\/#website"},"primaryImageOfPage":{"@id":"https:\/\/www.garagemania.ch\/fr\/produit\/canaux-geartrack-pour-accrocher-les-produits-au-mur-2-pieces-gawc042pzy\/#primaryimage"},"image":{"@id":"https:\/\/www.garagemania.ch\/fr\/produit\/canaux-geartrack-pour-accrocher-les-produits-au-mur-2-pieces-gawc042pzy\/#primaryimage"},"thumbnailUrl":"https:\/\/www.garagemania.ch\/wp-content\/uploads\/2021\/04\/GUIDE-GEARTRACK\u00ae-PER-AGGANCIO-PRODOTTI-A-PARETE-GAWC042PZY.jpg","datePublished":"2021-06-17T14:43:38+00:00","dateModified":"2022-12-15T21:42:36+00:00","description":"D\u00e9couvrez comment fixer facilement des outils, des \u00e9tag\u00e8res, des armoires et des crochets au mur de votre garage. Avec les canaux Geartrack Garage Mania","breadcrumb":{"@id":"https:\/\/www.garagemania.ch\/fr\/produit\/canaux-geartrack-pour-accrocher-les-produits-au-mur-2-pieces-gawc042pzy\/#breadcrumb"},"inLanguage":"fr-FR","potentialAction":[{"@type":"ReadAction","target":["https:\/\/www.garagemania.ch\/fr\/produit\/canaux-geartrack-pour-accrocher-les-produits-au-mur-2-pieces-gawc042pzy\/"]}]},{"@type":"ImageObject","inLanguage":"fr-FR","@id":"https:\/\/www.garagemania.ch\/fr\/produit\/canaux-geartrack-pour-accrocher-les-produits-au-mur-2-pieces-gawc042pzy\/#primaryimage","url":"https:\/\/www.garagemania.ch\/wp-content\/uploads\/2021\/04\/GUIDE-GEARTRACK\u00ae-PER-AGGANCIO-PRODOTTI-A-PARETE-GAWC042PZY.jpg","contentUrl":"https:\/\/www.garagemania.ch\/wp-content\/uploads\/2021\/04\/GUIDE-GEARTRACK\u00ae-PER-AGGANCIO-PRODOTTI-A-PARETE-GAWC042PZY.jpg","width":700,"height":700,"caption":"Canaux Geartrack\u00ae pour accrocher les produits au mur GAWC042PZY"},{"@type":"BreadcrumbList","@id":"https:\/\/www.garagemania.ch\/fr\/produit\/canaux-geartrack-pour-accrocher-les-produits-au-mur-2-pieces-gawc042pzy\/#breadcrumb","itemListElement":[{"@type":"ListItem","position":1,"name":"Home","item":"https:\/\/www.garagemania.ch\/fr\/homepage\/"},{"@type":"ListItem","position":2,"name":"Shop","item":"https:\/\/www.garagemania.ch\/fr\/page-shop-pour-les-rangements-garage-de-chez-garage-mania\/"},{"@type":"ListItem","position":3,"name":"Canaux de fixation murale Geartrack\u00ae 122&#215;15 cm Gladiator\u00ae GAWC042PZY (pack de 2)"}]},{"@type":"WebSite","@id":"https:\/\/www.garagemania.ch\/fr\/#website","url":"https:\/\/www.garagemania.ch\/fr\/","name":"Garage Mania","description":"Il luogo ideale per tutti coloro che vogliono un garage super esclusivo","publisher":{"@id":"https:\/\/www.garagemania.ch\/fr\/#organization"},"potentialAction":[{"@type":"SearchAction","target":{"@type":"EntryPoint","urlTemplate":"https:\/\/www.garagemania.ch\/fr\/?s={search_term_string}"},"query-input":{"@type":"PropertyValueSpecification","valueRequired":true,"valueName":"search_term_string"}}],"inLanguage":"fr-FR"},{"@type":"Organization","@id":"https:\/\/www.garagemania.ch\/fr\/#organization","name":"GLADIATOR WORX SAGL","url":"https:\/\/www.garagemania.ch\/fr\/","logo":{"@type":"ImageObject","inLanguage":"fr-FR","@id":"https:\/\/www.garagemania.ch\/fr\/#\/schema\/logo\/image\/","url":"https:\/\/www.garagemania.ch\/wp-content\/uploads\/2021\/03\/Logo-Garage-Mania.png","contentUrl":"https:\/\/www.garagemania.ch\/wp-content\/uploads\/2021\/03\/Logo-Garage-Mania.png","width":300,"height":282,"caption":"GLADIATOR WORX SAGL"},"image":{"@id":"https:\/\/www.garagemania.ch\/fr\/#\/schema\/logo\/image\/"},"sameAs":["https:\/\/www.facebook.com\/garagemania.it\/","https:\/\/www.instagram.com\/garagemania.it\/"]}]}},"_links":{"self":[{"href":"https:\/\/www.garagemania.ch\/fr\/wp-json\/wp\/v2\/product\/6659","targetHints":{"allow":["GET"]}}],"collection":[{"href":"https:\/\/www.garagemania.ch\/fr\/wp-json\/wp\/v2\/product"}],"about":[{"href":"https:\/\/www.garagemania.ch\/fr\/wp-json\/wp\/v2\/types\/product"}],"replies":[{"embeddable":true,"href":"https:\/\/www.garagemania.ch\/fr\/wp-json\/wp\/v2\/comments?post=6659"}],"version-history":[{"count":3,"href":"https:\/\/www.garagemania.ch\/fr\/wp-json\/wp\/v2\/product\/6659\/revisions"}],"predecessor-version":[{"id":12072,"href":"https:\/\/www.garagemania.ch\/fr\/wp-json\/wp\/v2\/product\/6659\/revisions\/12072"}],"wp:featuredmedia":[{"embeddable":true,"href":"https:\/\/www.garagemania.ch\/fr\/wp-json\/wp\/v2\/media\/4189"}],"wp:attachment":[{"href":"https:\/\/www.garagemania.ch\/fr\/wp-json\/wp\/v2\/media?parent=6659"}],"wp:term":[{"taxonomy":"product_brand","embeddable":true,"href":"https:\/\/www.garagemania.ch\/fr\/wp-json\/wp\/v2\/product_brand?post=6659"},{"taxonomy":"product_cat","embeddable":true,"href":"https:\/\/www.garagemania.ch\/fr\/wp-json\/wp\/v2\/product_cat?post=6659"},{"taxonomy":"product_tag","embeddable":true,"href":"https:\/\/www.garagemania.ch\/fr\/wp-json\/wp\/v2\/product_tag?post=6659"}],"curies":[{"name":"wp","href":"https:\/\/api.w.org\/{rel}","templated":true}]}}