{"id":6678,"date":"2021-04-19T12:56:05","date_gmt":"2021-04-19T10:56:05","guid":{"rendered":"https:\/\/www.garagemania.ch\/prodotto\/panneaux-gearwall-pour-accrocher-produits-au-mur-244-cm-gawp082pby\/"},"modified":"2025-05-26T16:17:23","modified_gmt":"2025-05-26T14:17:23","slug":"panneaux-gearwall-pour-accrocher-produits-au-mur-244-cm-gawp082pby","status":"publish","type":"product","link":"https:\/\/www.garagemania.ch\/fr\/produit\/panneaux-gearwall-pour-accrocher-produits-au-mur-244-cm-gawp082pby\/","title":{"rendered":"Panneaux de fixation murale Gearwall\u00ae 244&#215;30 cm Gladiator\u00ae GAWP082PBY (pack de 2)"},"content":{"rendered":"","protected":false},"excerpt":{"rendered":"<p>Panneaux de fixation murale Gearwall\u00ae 244&#215;30 cm GAWP082PBY (pack de 2). Solution Gladiator\u00ae\u00a0de Garage Mania.<\/p>\n<p>Avec ces 2 panneaux de fixation Geartrack\u00ae, r\u00e9organisez votre garage en accrochant des armoires de rangement et tous vos outils au mur.<\/p>\n<p>L\u2019installation facile et rapide de ces panneaux permet de lib\u00e9rer l\u2019espace au sol et de garder votre garage bien rang\u00e9.<\/p>\n<p>Con\u00e7us pour r\u00e9sister \u00e0 des temp\u00e9ratures extr\u00eames et \u00e0 l\u2019humidit\u00e9, ils s\u2019adaptent parfaitement aux murs en b\u00e9ton, briques, pl\u00e2tre ou bois.<\/p>\n<p>Les panneaux sont brevet\u00e9s, leur fixation au mur est extr\u00eamement solide.<\/p>\n<p>Ils sont compatibles avec tous les accessoires et crochets muraux Gladiator\u00ae et avec les armoires murales GearBox\u00ae.<\/p>\n<p>Dimensions 244&#215;30 cm. Charge maximale 248kg\/m2. Pack de 2. Garantie 10 ans.<\/p>\n<p>Optimisez l\u2019espace de votre garage, choisissez la qualit\u00e9 de Garage Mania. Le paradis des passionn\u00e9s de garage !<\/p>\n","protected":false},"featured_media":6679,"comment_status":"open","ping_status":"closed","template":"","meta":{"site-sidebar-layout":"default","site-content-layout":"default","ast-site-content-layout":"default","site-content-style":"default","site-sidebar-style":"default","ast-global-header-display":"","ast-banner-title-visibility":"","ast-main-header-display":"","ast-hfb-above-header-display":"","ast-hfb-below-header-display":"","ast-hfb-mobile-header-display":"","site-post-title":"","ast-breadcrumbs-content":"","ast-featured-img":"","footer-sml-layout":"","ast-disable-related-posts":"","theme-transparent-header-meta":"default","adv-header-id-meta":"","stick-header-meta":"","header-above-stick-meta":"","header-main-stick-meta":"","header-below-stick-meta":"","astra-migrate-meta-layouts":"set","ast-page-background-enabled":"default","ast-page-background-meta":{"desktop":{"background-color":"","background-image":"","background-repeat":"repeat","background-position":"center center","background-size":"auto","background-attachment":"scroll","background-type":"","background-media":"","overlay-type":"","overlay-color":"","overlay-opacity":"","overlay-gradient":""},"tablet":{"background-color":"","background-image":"","background-repeat":"repeat","background-position":"center center","background-size":"auto","background-attachment":"scroll","background-type":"","background-media":"","overlay-type":"","overlay-color":"","overlay-opacity":"","overlay-gradient":""},"mobile":{"background-color":"","background-image":"","background-repeat":"repeat","background-position":"center center","background-size":"auto","background-attachment":"scroll","background-type":"","background-media":"","overlay-type":"","overlay-color":"","overlay-opacity":"","overlay-gradient":""}},"ast-content-background-meta":{"desktop":{"background-color":"var(--ast-global-color-5)","background-image":"","background-repeat":"repeat","background-position":"center center","background-size":"auto","background-attachment":"scroll","background-type":"","background-media":"","overlay-type":"","overlay-color":"","overlay-opacity":"","overlay-gradient":""},"tablet":{"background-color":"var(--ast-global-color-5)","background-image":"","background-repeat":"repeat","background-position":"center center","background-size":"auto","background-attachment":"scroll","background-type":"","background-media":"","overlay-type":"","overlay-color":"","overlay-opacity":"","overlay-gradient":""},"mobile":{"background-color":"var(--ast-global-color-5)","background-image":"","background-repeat":"repeat","background-position":"center center","background-size":"auto","background-attachment":"scroll","background-type":"","background-media":"","overlay-type":"","overlay-color":"","overlay-opacity":"","overlay-gradient":""}}},"product_brand":[],"product_cat":[528],"product_tag":[471,1092,532],"class_list":{"0":"post-6678","1":"product","2":"type-product","3":"status-publish","4":"has-post-thumbnail","6":"product_cat-systemes-muraux","7":"product_tag-au-mur","8":"product_tag-gladiator-fr-2","9":"product_tag-panneau-au-mur","10":"desktop-align-center","11":"tablet-align-center","12":"mobile-align-center","13":"ast-product-gallery-layout-horizontal-slider","14":"ast-magnify-disabled","15":"ast-qv-on-image","17":"first","18":"instock","19":"taxable","20":"shipping-taxable","21":"purchasable","22":"product-type-simple"},"bundled_by":[],"bundle_stock_status":"instock","bundle_stock_quantity":40,"bundle_virtual":false,"bundle_layout":"","bundle_add_to_cart_form_location":"","bundle_editable_in_cart":false,"bundle_sold_individually_context":"","bundle_item_grouping":"","bundle_min_size":"","bundle_max_size":"","bundle_price":[],"bundled_items":[],"bundle_sell_ids":[],"yoast_head":"<!-- This site is optimized with the Yoast SEO Premium plugin v27.3 (Yoast SEO v27.3) - https:\/\/yoast.com\/product\/yoast-seo-premium-wordpress\/ -->\n<title>Panneaux Gearwall Gladiator\u00ae pour produits au mur - Garage Mania<\/title>\n<meta name=\"description\" content=\"Utilisez les panneaux Gearwall pour \u00e9quiper votre mur de garage. Accrochez des armoires, des crochets, et des \u00e9tag\u00e8res au mur avec Garage Mania\" \/>\n<meta name=\"robots\" content=\"index, follow, max-snippet:-1, max-image-preview:large, max-video-preview:-1\" \/>\n<link rel=\"canonical\" href=\"https:\/\/www.garagemania.ch\/fr\/produit\/panneaux-gearwall-pour-accrocher-produits-au-mur-244-cm-gawp082pby\/\" \/>\n<meta property=\"og:locale\" content=\"fr_FR\" \/>\n<meta property=\"og:type\" content=\"article\" \/>\n<meta property=\"og:title\" content=\"Panneaux Gearwall Gladiator\u00ae pour produits au mur - Garage Mania\" \/>\n<meta property=\"og:description\" content=\"Utilisez les panneaux Gearwall pour \u00e9quiper votre mur de garage. Accrochez des armoires, des crochets, et des \u00e9tag\u00e8res au mur avec Garage Mania\" \/>\n<meta property=\"og:url\" content=\"https:\/\/www.garagemania.ch\/fr\/produit\/panneaux-gearwall-pour-accrocher-produits-au-mur-244-cm-gawp082pby\/\" \/>\n<meta property=\"og:site_name\" content=\"Garage Mania\" \/>\n<meta property=\"article:publisher\" content=\"https:\/\/www.facebook.com\/garagemania.it\/\" \/>\n<meta property=\"article:modified_time\" content=\"2025-05-26T14:17:23+00:00\" \/>\n<meta property=\"og:image\" content=\"https:\/\/www.garagemania.ch\/wp-content\/uploads\/2021\/04\/GAWP082PBY-PANNELLI-GEARWALL\u00ae-PER-AGGANCIO-PRODOTTI-A-PARETE.jpg\" \/>\n\t<meta property=\"og:image:width\" content=\"700\" \/>\n\t<meta property=\"og:image:height\" content=\"700\" \/>\n\t<meta property=\"og:image:type\" content=\"image\/jpeg\" \/>\n<meta name=\"twitter:card\" content=\"summary_large_image\" \/>\n<meta name=\"twitter:title\" content=\"Panneaux Gearwall Gladiator\u00ae pour produits au mur - Garage Mania\" \/>\n<meta name=\"twitter:description\" content=\"Utilisez les panneaux Gearwall pour \u00e9quiper votre mur de garage. Accrochez des armoires, des crochets, et des \u00e9tag\u00e8res au mur avec Garage Mania\" \/>\n<meta name=\"twitter:label1\" content=\"Dur\u00e9e de lecture estim\u00e9e\" \/>\n\t<meta name=\"twitter:data1\" content=\"1 minute\" \/>\n<script type=\"application\/ld+json\" class=\"yoast-schema-graph\">{\"@context\":\"https:\\\/\\\/schema.org\",\"@graph\":[{\"@type\":\"WebPage\",\"@id\":\"https:\\\/\\\/www.garagemania.ch\\\/fr\\\/produit\\\/panneaux-gearwall-pour-accrocher-produits-au-mur-244-cm-gawp082pby\\\/\",\"url\":\"https:\\\/\\\/www.garagemania.ch\\\/fr\\\/produit\\\/panneaux-gearwall-pour-accrocher-produits-au-mur-244-cm-gawp082pby\\\/\",\"name\":\"Panneaux Gearwall Gladiator\u00ae pour produits au mur - Garage Mania\",\"isPartOf\":{\"@id\":\"https:\\\/\\\/www.garagemania.ch\\\/fr\\\/#website\"},\"primaryImageOfPage\":{\"@id\":\"https:\\\/\\\/www.garagemania.ch\\\/fr\\\/produit\\\/panneaux-gearwall-pour-accrocher-produits-au-mur-244-cm-gawp082pby\\\/#primaryimage\"},\"image\":{\"@id\":\"https:\\\/\\\/www.garagemania.ch\\\/fr\\\/produit\\\/panneaux-gearwall-pour-accrocher-produits-au-mur-244-cm-gawp082pby\\\/#primaryimage\"},\"thumbnailUrl\":\"https:\\\/\\\/www.garagemania.ch\\\/wp-content\\\/uploads\\\/2021\\\/04\\\/GAWP082PBY-PANNELLI-GEARWALL\u00ae-PER-AGGANCIO-PRODOTTI-A-PARETE.jpg\",\"datePublished\":\"2021-04-19T10:56:05+00:00\",\"dateModified\":\"2025-05-26T14:17:23+00:00\",\"description\":\"Utilisez les panneaux Gearwall pour \u00e9quiper votre mur de garage. Accrochez des armoires, des crochets, et des \u00e9tag\u00e8res au mur avec Garage Mania\",\"breadcrumb\":{\"@id\":\"https:\\\/\\\/www.garagemania.ch\\\/fr\\\/produit\\\/panneaux-gearwall-pour-accrocher-produits-au-mur-244-cm-gawp082pby\\\/#breadcrumb\"},\"inLanguage\":\"fr-FR\",\"potentialAction\":[{\"@type\":\"ReadAction\",\"target\":[\"https:\\\/\\\/www.garagemania.ch\\\/fr\\\/produit\\\/panneaux-gearwall-pour-accrocher-produits-au-mur-244-cm-gawp082pby\\\/\"]}]},{\"@type\":\"ImageObject\",\"inLanguage\":\"fr-FR\",\"@id\":\"https:\\\/\\\/www.garagemania.ch\\\/fr\\\/produit\\\/panneaux-gearwall-pour-accrocher-produits-au-mur-244-cm-gawp082pby\\\/#primaryimage\",\"url\":\"https:\\\/\\\/www.garagemania.ch\\\/wp-content\\\/uploads\\\/2021\\\/04\\\/GAWP082PBY-PANNELLI-GEARWALL\u00ae-PER-AGGANCIO-PRODOTTI-A-PARETE.jpg\",\"contentUrl\":\"https:\\\/\\\/www.garagemania.ch\\\/wp-content\\\/uploads\\\/2021\\\/04\\\/GAWP082PBY-PANNELLI-GEARWALL\u00ae-PER-AGGANCIO-PRODOTTI-A-PARETE.jpg\",\"width\":700,\"height\":700,\"caption\":\"GAWP082PBY PANNEAUX GEARWALL\u00ae POUR ACCROCHER PRODUITS AU MUR\"},{\"@type\":\"BreadcrumbList\",\"@id\":\"https:\\\/\\\/www.garagemania.ch\\\/fr\\\/produit\\\/panneaux-gearwall-pour-accrocher-produits-au-mur-244-cm-gawp082pby\\\/#breadcrumb\",\"itemListElement\":[{\"@type\":\"ListItem\",\"position\":1,\"name\":\"Home\",\"item\":\"https:\\\/\\\/www.garagemania.ch\\\/fr\\\/homepage\\\/\"},{\"@type\":\"ListItem\",\"position\":2,\"name\":\"Shop\",\"item\":\"https:\\\/\\\/www.garagemania.ch\\\/fr\\\/page-shop-pour-les-rangements-garage-de-chez-garage-mania\\\/\"},{\"@type\":\"ListItem\",\"position\":3,\"name\":\"Panneaux de fixation murale Gearwall\u00ae 244&#215;30 cm Gladiator\u00ae GAWP082PBY (pack de 2)\"}]},{\"@type\":\"WebSite\",\"@id\":\"https:\\\/\\\/www.garagemania.ch\\\/fr\\\/#website\",\"url\":\"https:\\\/\\\/www.garagemania.ch\\\/fr\\\/\",\"name\":\"Garage Mania\",\"description\":\"Il luogo ideale per tutti coloro che vogliono un garage super esclusivo\",\"publisher\":{\"@id\":\"https:\\\/\\\/www.garagemania.ch\\\/fr\\\/#organization\"},\"potentialAction\":[{\"@type\":\"SearchAction\",\"target\":{\"@type\":\"EntryPoint\",\"urlTemplate\":\"https:\\\/\\\/www.garagemania.ch\\\/fr\\\/?s={search_term_string}\"},\"query-input\":{\"@type\":\"PropertyValueSpecification\",\"valueRequired\":true,\"valueName\":\"search_term_string\"}}],\"inLanguage\":\"fr-FR\"},{\"@type\":\"Organization\",\"@id\":\"https:\\\/\\\/www.garagemania.ch\\\/fr\\\/#organization\",\"name\":\"GLADIATOR WORX SAGL\",\"url\":\"https:\\\/\\\/www.garagemania.ch\\\/fr\\\/\",\"logo\":{\"@type\":\"ImageObject\",\"inLanguage\":\"fr-FR\",\"@id\":\"https:\\\/\\\/www.garagemania.ch\\\/fr\\\/#\\\/schema\\\/logo\\\/image\\\/\",\"url\":\"https:\\\/\\\/www.garagemania.ch\\\/wp-content\\\/uploads\\\/2021\\\/03\\\/Logo-Garage-Mania.png\",\"contentUrl\":\"https:\\\/\\\/www.garagemania.ch\\\/wp-content\\\/uploads\\\/2021\\\/03\\\/Logo-Garage-Mania.png\",\"width\":300,\"height\":282,\"caption\":\"GLADIATOR WORX SAGL\"},\"image\":{\"@id\":\"https:\\\/\\\/www.garagemania.ch\\\/fr\\\/#\\\/schema\\\/logo\\\/image\\\/\"},\"sameAs\":[\"https:\\\/\\\/www.facebook.com\\\/garagemania.it\\\/\",\"https:\\\/\\\/www.instagram.com\\\/garagemania.it\\\/\"]}]}<\/script>\n<!-- \/ Yoast SEO Premium plugin. -->","yoast_head_json":{"title":"Panneaux Gearwall Gladiator\u00ae pour produits au mur - Garage Mania","description":"Utilisez les panneaux Gearwall pour \u00e9quiper votre mur de garage. Accrochez des armoires, des crochets, et des \u00e9tag\u00e8res au mur avec Garage Mania","robots":{"index":"index","follow":"follow","max-snippet":"max-snippet:-1","max-image-preview":"max-image-preview:large","max-video-preview":"max-video-preview:-1"},"canonical":"https:\/\/www.garagemania.ch\/fr\/produit\/panneaux-gearwall-pour-accrocher-produits-au-mur-244-cm-gawp082pby\/","og_locale":"fr_FR","og_type":"article","og_title":"Panneaux Gearwall Gladiator\u00ae pour produits au mur - Garage Mania","og_description":"Utilisez les panneaux Gearwall pour \u00e9quiper votre mur de garage. Accrochez des armoires, des crochets, et des \u00e9tag\u00e8res au mur avec Garage Mania","og_url":"https:\/\/www.garagemania.ch\/fr\/produit\/panneaux-gearwall-pour-accrocher-produits-au-mur-244-cm-gawp082pby\/","og_site_name":"Garage Mania","article_publisher":"https:\/\/www.facebook.com\/garagemania.it\/","article_modified_time":"2025-05-26T14:17:23+00:00","og_image":[{"width":700,"height":700,"url":"https:\/\/www.garagemania.ch\/wp-content\/uploads\/2021\/04\/GAWP082PBY-PANNELLI-GEARWALL\u00ae-PER-AGGANCIO-PRODOTTI-A-PARETE.jpg","type":"image\/jpeg"}],"twitter_card":"summary_large_image","twitter_title":"Panneaux Gearwall Gladiator\u00ae pour produits au mur - Garage Mania","twitter_description":"Utilisez les panneaux Gearwall pour \u00e9quiper votre mur de garage. Accrochez des armoires, des crochets, et des \u00e9tag\u00e8res au mur avec Garage Mania","twitter_misc":{"Dur\u00e9e de lecture estim\u00e9e":"1 minute"},"schema":{"@context":"https:\/\/schema.org","@graph":[{"@type":"WebPage","@id":"https:\/\/www.garagemania.ch\/fr\/produit\/panneaux-gearwall-pour-accrocher-produits-au-mur-244-cm-gawp082pby\/","url":"https:\/\/www.garagemania.ch\/fr\/produit\/panneaux-gearwall-pour-accrocher-produits-au-mur-244-cm-gawp082pby\/","name":"Panneaux Gearwall Gladiator\u00ae pour produits au mur - Garage Mania","isPartOf":{"@id":"https:\/\/www.garagemania.ch\/fr\/#website"},"primaryImageOfPage":{"@id":"https:\/\/www.garagemania.ch\/fr\/produit\/panneaux-gearwall-pour-accrocher-produits-au-mur-244-cm-gawp082pby\/#primaryimage"},"image":{"@id":"https:\/\/www.garagemania.ch\/fr\/produit\/panneaux-gearwall-pour-accrocher-produits-au-mur-244-cm-gawp082pby\/#primaryimage"},"thumbnailUrl":"https:\/\/www.garagemania.ch\/wp-content\/uploads\/2021\/04\/GAWP082PBY-PANNELLI-GEARWALL\u00ae-PER-AGGANCIO-PRODOTTI-A-PARETE.jpg","datePublished":"2021-04-19T10:56:05+00:00","dateModified":"2025-05-26T14:17:23+00:00","description":"Utilisez les panneaux Gearwall pour \u00e9quiper votre mur de garage. Accrochez des armoires, des crochets, et des \u00e9tag\u00e8res au mur avec Garage Mania","breadcrumb":{"@id":"https:\/\/www.garagemania.ch\/fr\/produit\/panneaux-gearwall-pour-accrocher-produits-au-mur-244-cm-gawp082pby\/#breadcrumb"},"inLanguage":"fr-FR","potentialAction":[{"@type":"ReadAction","target":["https:\/\/www.garagemania.ch\/fr\/produit\/panneaux-gearwall-pour-accrocher-produits-au-mur-244-cm-gawp082pby\/"]}]},{"@type":"ImageObject","inLanguage":"fr-FR","@id":"https:\/\/www.garagemania.ch\/fr\/produit\/panneaux-gearwall-pour-accrocher-produits-au-mur-244-cm-gawp082pby\/#primaryimage","url":"https:\/\/www.garagemania.ch\/wp-content\/uploads\/2021\/04\/GAWP082PBY-PANNELLI-GEARWALL\u00ae-PER-AGGANCIO-PRODOTTI-A-PARETE.jpg","contentUrl":"https:\/\/www.garagemania.ch\/wp-content\/uploads\/2021\/04\/GAWP082PBY-PANNELLI-GEARWALL\u00ae-PER-AGGANCIO-PRODOTTI-A-PARETE.jpg","width":700,"height":700,"caption":"GAWP082PBY PANNEAUX GEARWALL\u00ae POUR ACCROCHER PRODUITS AU MUR"},{"@type":"BreadcrumbList","@id":"https:\/\/www.garagemania.ch\/fr\/produit\/panneaux-gearwall-pour-accrocher-produits-au-mur-244-cm-gawp082pby\/#breadcrumb","itemListElement":[{"@type":"ListItem","position":1,"name":"Home","item":"https:\/\/www.garagemania.ch\/fr\/homepage\/"},{"@type":"ListItem","position":2,"name":"Shop","item":"https:\/\/www.garagemania.ch\/fr\/page-shop-pour-les-rangements-garage-de-chez-garage-mania\/"},{"@type":"ListItem","position":3,"name":"Panneaux de fixation murale Gearwall\u00ae 244&#215;30 cm Gladiator\u00ae GAWP082PBY (pack de 2)"}]},{"@type":"WebSite","@id":"https:\/\/www.garagemania.ch\/fr\/#website","url":"https:\/\/www.garagemania.ch\/fr\/","name":"Garage Mania","description":"Il luogo ideale per tutti coloro che vogliono un garage super esclusivo","publisher":{"@id":"https:\/\/www.garagemania.ch\/fr\/#organization"},"potentialAction":[{"@type":"SearchAction","target":{"@type":"EntryPoint","urlTemplate":"https:\/\/www.garagemania.ch\/fr\/?s={search_term_string}"},"query-input":{"@type":"PropertyValueSpecification","valueRequired":true,"valueName":"search_term_string"}}],"inLanguage":"fr-FR"},{"@type":"Organization","@id":"https:\/\/www.garagemania.ch\/fr\/#organization","name":"GLADIATOR WORX SAGL","url":"https:\/\/www.garagemania.ch\/fr\/","logo":{"@type":"ImageObject","inLanguage":"fr-FR","@id":"https:\/\/www.garagemania.ch\/fr\/#\/schema\/logo\/image\/","url":"https:\/\/www.garagemania.ch\/wp-content\/uploads\/2021\/03\/Logo-Garage-Mania.png","contentUrl":"https:\/\/www.garagemania.ch\/wp-content\/uploads\/2021\/03\/Logo-Garage-Mania.png","width":300,"height":282,"caption":"GLADIATOR WORX SAGL"},"image":{"@id":"https:\/\/www.garagemania.ch\/fr\/#\/schema\/logo\/image\/"},"sameAs":["https:\/\/www.facebook.com\/garagemania.it\/","https:\/\/www.instagram.com\/garagemania.it\/"]}]}},"_links":{"self":[{"href":"https:\/\/www.garagemania.ch\/fr\/wp-json\/wp\/v2\/product\/6678","targetHints":{"allow":["GET"]}}],"collection":[{"href":"https:\/\/www.garagemania.ch\/fr\/wp-json\/wp\/v2\/product"}],"about":[{"href":"https:\/\/www.garagemania.ch\/fr\/wp-json\/wp\/v2\/types\/product"}],"replies":[{"embeddable":true,"href":"https:\/\/www.garagemania.ch\/fr\/wp-json\/wp\/v2\/comments?post=6678"}],"version-history":[{"count":3,"href":"https:\/\/www.garagemania.ch\/fr\/wp-json\/wp\/v2\/product\/6678\/revisions"}],"predecessor-version":[{"id":12075,"href":"https:\/\/www.garagemania.ch\/fr\/wp-json\/wp\/v2\/product\/6678\/revisions\/12075"}],"wp:featuredmedia":[{"embeddable":true,"href":"https:\/\/www.garagemania.ch\/fr\/wp-json\/wp\/v2\/media\/6679"}],"wp:attachment":[{"href":"https:\/\/www.garagemania.ch\/fr\/wp-json\/wp\/v2\/media?parent=6678"}],"wp:term":[{"taxonomy":"product_brand","embeddable":true,"href":"https:\/\/www.garagemania.ch\/fr\/wp-json\/wp\/v2\/product_brand?post=6678"},{"taxonomy":"product_cat","embeddable":true,"href":"https:\/\/www.garagemania.ch\/fr\/wp-json\/wp\/v2\/product_cat?post=6678"},{"taxonomy":"product_tag","embeddable":true,"href":"https:\/\/www.garagemania.ch\/fr\/wp-json\/wp\/v2\/product_tag?post=6678"}],"curies":[{"name":"wp","href":"https:\/\/api.w.org\/{rel}","templated":true}]}}