{"id":6697,"date":"2021-06-21T12:33:07","date_gmt":"2021-06-21T10:33:07","guid":{"rendered":"https:\/\/www.garagemania.ch\/prodotto\/armoire-murale-avec-duex-portes-gladiator-gawg302drg\/"},"modified":"2023-12-18T15:44:48","modified_gmt":"2023-12-18T14:44:48","slug":"armoire-murale-avec-duex-portes-gladiator-gawg302drg","status":"publish","type":"product","link":"https:\/\/www.garagemania.ch\/fr\/produit\/armoire-murale-avec-duex-portes-gladiator-gawg302drg\/","title":{"rendered":"Armoire murale \u00e0 deux portes Gladiator\u00ae 76x76x30 GAWG302DRG"},"content":{"rendered":"","protected":false},"excerpt":{"rendered":"<p><span style=\"font-weight: 400;\">Armoire murale<\/span><span style=\"font-weight: 400;\"> \u00e0 2 portes Gladiator GAWG302DRG de chez Garage Mania : la solution id\u00e9ale pour optimiser votre espace de mani\u00e8re \u00e9l\u00e9gante et fonctionnelle.\u00a0<\/span><\/p>\n<p><span style=\"font-weight: 400;\">Cette armoire suspendue offre un montage facile et rapide gr\u00e2ce aux panneaux GearTrack\u00ae et aux rails Gladiator\u00ae inclus dans le colis, vous permettant de cr\u00e9er un espace de rangement efficace en un rien de temps. Avec une structure en acier robuste, elle garantit une r\u00e9sistance exceptionnelle pour prot\u00e9ger vos outils et \u00e9quipements.\u00a0<\/span><\/p>\n<p><span style=\"font-weight: 400;\">Les deux portes en acier, dot\u00e9es d&rsquo;une fermeture magn\u00e9tique et d&rsquo;une serrure \u00e0 cl\u00e9, assurent une s\u00e9curit\u00e9 maximale pour vos objets de valeur. Transformez votre garage en un espace organis\u00e9 et esth\u00e9tique en choisissant l&rsquo;armoire pour mur de chez Garage Mania. Une solution de rangement pratique et esth\u00e9tique pour un garage impeccable.<\/span><\/p>\n","protected":false},"featured_media":3960,"comment_status":"open","ping_status":"closed","template":"","meta":{"site-sidebar-layout":"default","site-content-layout":"default","ast-site-content-layout":"default","site-content-style":"default","site-sidebar-style":"default","ast-global-header-display":"","ast-banner-title-visibility":"","ast-main-header-display":"","ast-hfb-above-header-display":"","ast-hfb-below-header-display":"","ast-hfb-mobile-header-display":"","site-post-title":"","ast-breadcrumbs-content":"","ast-featured-img":"","footer-sml-layout":"","ast-disable-related-posts":"","theme-transparent-header-meta":"default","adv-header-id-meta":"","stick-header-meta":"","header-above-stick-meta":"","header-main-stick-meta":"","header-below-stick-meta":"","astra-migrate-meta-layouts":"set","ast-page-background-enabled":"default","ast-page-background-meta":{"desktop":{"background-color":"","background-image":"","background-repeat":"repeat","background-position":"center center","background-size":"auto","background-attachment":"scroll","background-type":"","background-media":"","overlay-type":"","overlay-color":"","overlay-opacity":"","overlay-gradient":""},"tablet":{"background-color":"","background-image":"","background-repeat":"repeat","background-position":"center center","background-size":"auto","background-attachment":"scroll","background-type":"","background-media":"","overlay-type":"","overlay-color":"","overlay-opacity":"","overlay-gradient":""},"mobile":{"background-color":"","background-image":"","background-repeat":"repeat","background-position":"center center","background-size":"auto","background-attachment":"scroll","background-type":"","background-media":"","overlay-type":"","overlay-color":"","overlay-opacity":"","overlay-gradient":""}},"ast-content-background-meta":{"desktop":{"background-color":"var(--ast-global-color-5)","background-image":"","background-repeat":"repeat","background-position":"center center","background-size":"auto","background-attachment":"scroll","background-type":"","background-media":"","overlay-type":"","overlay-color":"","overlay-opacity":"","overlay-gradient":""},"tablet":{"background-color":"var(--ast-global-color-5)","background-image":"","background-repeat":"repeat","background-position":"center center","background-size":"auto","background-attachment":"scroll","background-type":"","background-media":"","overlay-type":"","overlay-color":"","overlay-opacity":"","overlay-gradient":""},"mobile":{"background-color":"var(--ast-global-color-5)","background-image":"","background-repeat":"repeat","background-position":"center center","background-size":"auto","background-attachment":"scroll","background-type":"","background-media":"","overlay-type":"","overlay-color":"","overlay-opacity":"","overlay-gradient":""}}},"product_brand":[],"product_cat":[452],"product_tag":[448,465,471,514,1092],"class_list":{"0":"post-6697","1":"product","2":"type-product","3":"status-publish","4":"has-post-thumbnail","6":"product_cat-petites-armoires","7":"product_tag-amenagement-garage","8":"product_tag-armoire-basse","9":"product_tag-au-mur","10":"product_tag-deja-monte","11":"product_tag-gladiator-fr-2","12":"desktop-align-center","13":"tablet-align-center","14":"mobile-align-center","15":"ast-product-gallery-layout-horizontal-slider","16":"ast-magnify-disabled","17":"ast-qv-on-image","19":"first","20":"instock","21":"taxable","22":"shipping-taxable","23":"purchasable","24":"product-type-simple"},"bundled_by":["9040","9042"],"bundle_stock_status":"instock","bundle_stock_quantity":null,"bundle_virtual":false,"bundle_layout":"","bundle_add_to_cart_form_location":"","bundle_editable_in_cart":false,"bundle_sold_individually_context":"","bundle_item_grouping":"","bundle_min_size":"","bundle_max_size":"","bundle_price":[],"bundled_items":[],"bundle_sell_ids":[],"yoast_head":"<!-- This site is optimized with the Yoast SEO Premium plugin v27.4 (Yoast SEO v27.4) - https:\/\/yoast.com\/product\/yoast-seo-premium-wordpress\/ -->\n<title>Armoire murale 2 portes Gladiator GAWG302DRG - Garage Mania<\/title>\n<meta name=\"description\" content=\"Optimisez votre espace avec l&#039;armoire murale 2 portes Gladiator. Montage facile, s\u00e9curit\u00e9 renforc\u00e9e, et design \u00e9l\u00e9gant pour un garage organis\u00e9 et design.\" \/>\n<meta name=\"robots\" content=\"index, follow, max-snippet:-1, max-image-preview:large, max-video-preview:-1\" \/>\n<link rel=\"canonical\" href=\"https:\/\/www.garagemania.ch\/fr\/produit\/armoire-murale-avec-duex-portes-gladiator-gawg302drg\/\" \/>\n<meta property=\"og:locale\" content=\"fr_FR\" \/>\n<meta property=\"og:type\" content=\"article\" \/>\n<meta property=\"og:title\" content=\"Armoire murale avec deux portes Gladiator\u00ae GAWG302DRG - Garage Mania\" \/>\n<meta property=\"og:description\" content=\"Pour optimiser l&#039;espace dans votre garage, l&#039;armoire murale \u00e0 deux portes de Garage Mania est la solution id\u00e9ale !\" \/>\n<meta property=\"og:url\" content=\"https:\/\/www.garagemania.ch\/fr\/produit\/armoire-murale-avec-duex-portes-gladiator-gawg302drg\/\" \/>\n<meta property=\"og:site_name\" content=\"Garage Mania\" \/>\n<meta property=\"article:publisher\" content=\"https:\/\/www.facebook.com\/garagemania.it\/\" \/>\n<meta property=\"article:modified_time\" content=\"2023-12-18T14:44:48+00:00\" \/>\n<meta property=\"og:image\" content=\"https:\/\/www.garagemania.ch\/wp-content\/uploads\/2021\/06\/Installazione-Armadietto-a-parete-Garage-Mania-GAWG302DRG.jpg\" \/>\n<meta name=\"twitter:card\" content=\"summary_large_image\" \/>\n<meta name=\"twitter:title\" content=\"Armoire murale avec deux portes Gladiator\u00ae GAWG302DRG - Garage Mania\" \/>\n<meta name=\"twitter:description\" content=\"Pour optimiser l&#039;espace dans votre garage, l&#039;armoire murale \u00e0 deux portes de Garage Mania est la solution id\u00e9ale !\" \/>\n<meta name=\"twitter:label1\" content=\"Dur\u00e9e de lecture estim\u00e9e\" \/>\n\t<meta name=\"twitter:data1\" content=\"1 minute\" \/>\n<script type=\"application\/ld+json\" class=\"yoast-schema-graph\">{\"@context\":\"https:\\\/\\\/schema.org\",\"@graph\":[{\"@type\":\"WebPage\",\"@id\":\"https:\\\/\\\/www.garagemania.ch\\\/fr\\\/produit\\\/armoire-murale-avec-duex-portes-gladiator-gawg302drg\\\/\",\"url\":\"https:\\\/\\\/www.garagemania.ch\\\/fr\\\/produit\\\/armoire-murale-avec-duex-portes-gladiator-gawg302drg\\\/\",\"name\":\"Armoire murale 2 portes Gladiator GAWG302DRG - Garage Mania\",\"isPartOf\":{\"@id\":\"https:\\\/\\\/www.garagemania.ch\\\/fr\\\/#website\"},\"primaryImageOfPage\":{\"@id\":\"https:\\\/\\\/www.garagemania.ch\\\/fr\\\/produit\\\/armoire-murale-avec-duex-portes-gladiator-gawg302drg\\\/#primaryimage\"},\"image\":{\"@id\":\"https:\\\/\\\/www.garagemania.ch\\\/fr\\\/produit\\\/armoire-murale-avec-duex-portes-gladiator-gawg302drg\\\/#primaryimage\"},\"thumbnailUrl\":\"https:\\\/\\\/www.garagemania.ch\\\/wp-content\\\/uploads\\\/2021\\\/06\\\/Armadietto-a-parete-Garage-Mania-GAWG302DRG-fronte.jpg\",\"datePublished\":\"2021-06-21T10:33:07+00:00\",\"dateModified\":\"2023-12-18T14:44:48+00:00\",\"description\":\"Optimisez votre espace avec l'armoire murale 2 portes Gladiator. Montage facile, s\u00e9curit\u00e9 renforc\u00e9e, et design \u00e9l\u00e9gant pour un garage organis\u00e9 et design.\",\"breadcrumb\":{\"@id\":\"https:\\\/\\\/www.garagemania.ch\\\/fr\\\/produit\\\/armoire-murale-avec-duex-portes-gladiator-gawg302drg\\\/#breadcrumb\"},\"inLanguage\":\"fr-FR\",\"potentialAction\":[{\"@type\":\"ReadAction\",\"target\":[\"https:\\\/\\\/www.garagemania.ch\\\/fr\\\/produit\\\/armoire-murale-avec-duex-portes-gladiator-gawg302drg\\\/\"]}]},{\"@type\":\"ImageObject\",\"inLanguage\":\"fr-FR\",\"@id\":\"https:\\\/\\\/www.garagemania.ch\\\/fr\\\/produit\\\/armoire-murale-avec-duex-portes-gladiator-gawg302drg\\\/#primaryimage\",\"url\":\"https:\\\/\\\/www.garagemania.ch\\\/wp-content\\\/uploads\\\/2021\\\/06\\\/Armadietto-a-parete-Garage-Mania-GAWG302DRG-fronte.jpg\",\"contentUrl\":\"https:\\\/\\\/www.garagemania.ch\\\/wp-content\\\/uploads\\\/2021\\\/06\\\/Armadietto-a-parete-Garage-Mania-GAWG302DRG-fronte.jpg\",\"width\":700,\"height\":700,\"caption\":\"Armoire murale Garage Mania GAWG302DRG devant\"},{\"@type\":\"BreadcrumbList\",\"@id\":\"https:\\\/\\\/www.garagemania.ch\\\/fr\\\/produit\\\/armoire-murale-avec-duex-portes-gladiator-gawg302drg\\\/#breadcrumb\",\"itemListElement\":[{\"@type\":\"ListItem\",\"position\":1,\"name\":\"Home\",\"item\":\"https:\\\/\\\/www.garagemania.ch\\\/fr\\\/homepage\\\/\"},{\"@type\":\"ListItem\",\"position\":2,\"name\":\"Shop\",\"item\":\"https:\\\/\\\/www.garagemania.ch\\\/fr\\\/page-shop-pour-les-rangements-garage-de-chez-garage-mania\\\/\"},{\"@type\":\"ListItem\",\"position\":3,\"name\":\"Armoire murale \u00e0 deux portes Gladiator\u00ae 76x76x30 GAWG302DRG\"}]},{\"@type\":\"WebSite\",\"@id\":\"https:\\\/\\\/www.garagemania.ch\\\/fr\\\/#website\",\"url\":\"https:\\\/\\\/www.garagemania.ch\\\/fr\\\/\",\"name\":\"Garage Mania\",\"description\":\"Il luogo ideale per tutti coloro che vogliono un garage super esclusivo\",\"publisher\":{\"@id\":\"https:\\\/\\\/www.garagemania.ch\\\/fr\\\/#organization\"},\"potentialAction\":[{\"@type\":\"SearchAction\",\"target\":{\"@type\":\"EntryPoint\",\"urlTemplate\":\"https:\\\/\\\/www.garagemania.ch\\\/fr\\\/?s={search_term_string}\"},\"query-input\":{\"@type\":\"PropertyValueSpecification\",\"valueRequired\":true,\"valueName\":\"search_term_string\"}}],\"inLanguage\":\"fr-FR\"},{\"@type\":\"Organization\",\"@id\":\"https:\\\/\\\/www.garagemania.ch\\\/fr\\\/#organization\",\"name\":\"GLADIATOR WORX SAGL\",\"url\":\"https:\\\/\\\/www.garagemania.ch\\\/fr\\\/\",\"logo\":{\"@type\":\"ImageObject\",\"inLanguage\":\"fr-FR\",\"@id\":\"https:\\\/\\\/www.garagemania.ch\\\/fr\\\/#\\\/schema\\\/logo\\\/image\\\/\",\"url\":\"https:\\\/\\\/www.garagemania.ch\\\/wp-content\\\/uploads\\\/2021\\\/03\\\/Logo-Garage-Mania.png\",\"contentUrl\":\"https:\\\/\\\/www.garagemania.ch\\\/wp-content\\\/uploads\\\/2021\\\/03\\\/Logo-Garage-Mania.png\",\"width\":300,\"height\":282,\"caption\":\"GLADIATOR WORX SAGL\"},\"image\":{\"@id\":\"https:\\\/\\\/www.garagemania.ch\\\/fr\\\/#\\\/schema\\\/logo\\\/image\\\/\"},\"sameAs\":[\"https:\\\/\\\/www.facebook.com\\\/garagemania.it\\\/\",\"https:\\\/\\\/www.instagram.com\\\/garagemania.it\\\/\"]}]}<\/script>\n<!-- \/ Yoast SEO Premium plugin. -->","yoast_head_json":{"title":"Armoire murale 2 portes Gladiator GAWG302DRG - Garage Mania","description":"Optimisez votre espace avec l'armoire murale 2 portes Gladiator. Montage facile, s\u00e9curit\u00e9 renforc\u00e9e, et design \u00e9l\u00e9gant pour un garage organis\u00e9 et design.","robots":{"index":"index","follow":"follow","max-snippet":"max-snippet:-1","max-image-preview":"max-image-preview:large","max-video-preview":"max-video-preview:-1"},"canonical":"https:\/\/www.garagemania.ch\/fr\/produit\/armoire-murale-avec-duex-portes-gladiator-gawg302drg\/","og_locale":"fr_FR","og_type":"article","og_title":"Armoire murale avec deux portes Gladiator\u00ae GAWG302DRG - Garage Mania","og_description":"Pour optimiser l'espace dans votre garage, l'armoire murale \u00e0 deux portes de Garage Mania est la solution id\u00e9ale !","og_url":"https:\/\/www.garagemania.ch\/fr\/produit\/armoire-murale-avec-duex-portes-gladiator-gawg302drg\/","og_site_name":"Garage Mania","article_publisher":"https:\/\/www.facebook.com\/garagemania.it\/","article_modified_time":"2023-12-18T14:44:48+00:00","og_image":[{"url":"https:\/\/www.garagemania.ch\/wp-content\/uploads\/2021\/06\/Installazione-Armadietto-a-parete-Garage-Mania-GAWG302DRG.jpg","type":"","width":"","height":""}],"twitter_card":"summary_large_image","twitter_title":"Armoire murale avec deux portes Gladiator\u00ae GAWG302DRG - Garage Mania","twitter_description":"Pour optimiser l'espace dans votre garage, l'armoire murale \u00e0 deux portes de Garage Mania est la solution id\u00e9ale !","twitter_misc":{"Dur\u00e9e de lecture estim\u00e9e":"1 minute"},"schema":{"@context":"https:\/\/schema.org","@graph":[{"@type":"WebPage","@id":"https:\/\/www.garagemania.ch\/fr\/produit\/armoire-murale-avec-duex-portes-gladiator-gawg302drg\/","url":"https:\/\/www.garagemania.ch\/fr\/produit\/armoire-murale-avec-duex-portes-gladiator-gawg302drg\/","name":"Armoire murale 2 portes Gladiator GAWG302DRG - Garage Mania","isPartOf":{"@id":"https:\/\/www.garagemania.ch\/fr\/#website"},"primaryImageOfPage":{"@id":"https:\/\/www.garagemania.ch\/fr\/produit\/armoire-murale-avec-duex-portes-gladiator-gawg302drg\/#primaryimage"},"image":{"@id":"https:\/\/www.garagemania.ch\/fr\/produit\/armoire-murale-avec-duex-portes-gladiator-gawg302drg\/#primaryimage"},"thumbnailUrl":"https:\/\/www.garagemania.ch\/wp-content\/uploads\/2021\/06\/Armadietto-a-parete-Garage-Mania-GAWG302DRG-fronte.jpg","datePublished":"2021-06-21T10:33:07+00:00","dateModified":"2023-12-18T14:44:48+00:00","description":"Optimisez votre espace avec l'armoire murale 2 portes Gladiator. Montage facile, s\u00e9curit\u00e9 renforc\u00e9e, et design \u00e9l\u00e9gant pour un garage organis\u00e9 et design.","breadcrumb":{"@id":"https:\/\/www.garagemania.ch\/fr\/produit\/armoire-murale-avec-duex-portes-gladiator-gawg302drg\/#breadcrumb"},"inLanguage":"fr-FR","potentialAction":[{"@type":"ReadAction","target":["https:\/\/www.garagemania.ch\/fr\/produit\/armoire-murale-avec-duex-portes-gladiator-gawg302drg\/"]}]},{"@type":"ImageObject","inLanguage":"fr-FR","@id":"https:\/\/www.garagemania.ch\/fr\/produit\/armoire-murale-avec-duex-portes-gladiator-gawg302drg\/#primaryimage","url":"https:\/\/www.garagemania.ch\/wp-content\/uploads\/2021\/06\/Armadietto-a-parete-Garage-Mania-GAWG302DRG-fronte.jpg","contentUrl":"https:\/\/www.garagemania.ch\/wp-content\/uploads\/2021\/06\/Armadietto-a-parete-Garage-Mania-GAWG302DRG-fronte.jpg","width":700,"height":700,"caption":"Armoire murale Garage Mania GAWG302DRG devant"},{"@type":"BreadcrumbList","@id":"https:\/\/www.garagemania.ch\/fr\/produit\/armoire-murale-avec-duex-portes-gladiator-gawg302drg\/#breadcrumb","itemListElement":[{"@type":"ListItem","position":1,"name":"Home","item":"https:\/\/www.garagemania.ch\/fr\/homepage\/"},{"@type":"ListItem","position":2,"name":"Shop","item":"https:\/\/www.garagemania.ch\/fr\/page-shop-pour-les-rangements-garage-de-chez-garage-mania\/"},{"@type":"ListItem","position":3,"name":"Armoire murale \u00e0 deux portes Gladiator\u00ae 76x76x30 GAWG302DRG"}]},{"@type":"WebSite","@id":"https:\/\/www.garagemania.ch\/fr\/#website","url":"https:\/\/www.garagemania.ch\/fr\/","name":"Garage Mania","description":"Il luogo ideale per tutti coloro che vogliono un garage super esclusivo","publisher":{"@id":"https:\/\/www.garagemania.ch\/fr\/#organization"},"potentialAction":[{"@type":"SearchAction","target":{"@type":"EntryPoint","urlTemplate":"https:\/\/www.garagemania.ch\/fr\/?s={search_term_string}"},"query-input":{"@type":"PropertyValueSpecification","valueRequired":true,"valueName":"search_term_string"}}],"inLanguage":"fr-FR"},{"@type":"Organization","@id":"https:\/\/www.garagemania.ch\/fr\/#organization","name":"GLADIATOR WORX SAGL","url":"https:\/\/www.garagemania.ch\/fr\/","logo":{"@type":"ImageObject","inLanguage":"fr-FR","@id":"https:\/\/www.garagemania.ch\/fr\/#\/schema\/logo\/image\/","url":"https:\/\/www.garagemania.ch\/wp-content\/uploads\/2021\/03\/Logo-Garage-Mania.png","contentUrl":"https:\/\/www.garagemania.ch\/wp-content\/uploads\/2021\/03\/Logo-Garage-Mania.png","width":300,"height":282,"caption":"GLADIATOR WORX SAGL"},"image":{"@id":"https:\/\/www.garagemania.ch\/fr\/#\/schema\/logo\/image\/"},"sameAs":["https:\/\/www.facebook.com\/garagemania.it\/","https:\/\/www.instagram.com\/garagemania.it\/"]}]}},"_links":{"self":[{"href":"https:\/\/www.garagemania.ch\/fr\/wp-json\/wp\/v2\/product\/6697","targetHints":{"allow":["GET"]}}],"collection":[{"href":"https:\/\/www.garagemania.ch\/fr\/wp-json\/wp\/v2\/product"}],"about":[{"href":"https:\/\/www.garagemania.ch\/fr\/wp-json\/wp\/v2\/types\/product"}],"replies":[{"embeddable":true,"href":"https:\/\/www.garagemania.ch\/fr\/wp-json\/wp\/v2\/comments?post=6697"}],"version-history":[{"count":3,"href":"https:\/\/www.garagemania.ch\/fr\/wp-json\/wp\/v2\/product\/6697\/revisions"}],"predecessor-version":[{"id":14819,"href":"https:\/\/www.garagemania.ch\/fr\/wp-json\/wp\/v2\/product\/6697\/revisions\/14819"}],"wp:featuredmedia":[{"embeddable":true,"href":"https:\/\/www.garagemania.ch\/fr\/wp-json\/wp\/v2\/media\/3960"}],"wp:attachment":[{"href":"https:\/\/www.garagemania.ch\/fr\/wp-json\/wp\/v2\/media?parent=6697"}],"wp:term":[{"taxonomy":"product_brand","embeddable":true,"href":"https:\/\/www.garagemania.ch\/fr\/wp-json\/wp\/v2\/product_brand?post=6697"},{"taxonomy":"product_cat","embeddable":true,"href":"https:\/\/www.garagemania.ch\/fr\/wp-json\/wp\/v2\/product_cat?post=6697"},{"taxonomy":"product_tag","embeddable":true,"href":"https:\/\/www.garagemania.ch\/fr\/wp-json\/wp\/v2\/product_tag?post=6697"}],"curies":[{"name":"wp","href":"https:\/\/api.w.org\/{rel}","templated":true}]}}