{"id":6699,"date":"2021-06-21T10:12:45","date_gmt":"2021-06-21T08:12:45","guid":{"rendered":"https:\/\/www.garagemania.ch\/prodotto\/armoire-avec-deux-portes-murale-gawg302dzw\/"},"modified":"2022-12-15T23:18:50","modified_gmt":"2022-12-15T22:18:50","slug":"armoire-avec-deux-portes-murale-gawg302dzw","status":"publish","type":"product","link":"https:\/\/www.garagemania.ch\/fr\/produit\/armoire-avec-deux-portes-murale-gawg302dzw\/","title":{"rendered":"Armoire murale \u00e0 deux portes Gladiator\u00ae 76x76x30 GAWG302DZW"},"content":{"rendered":"","protected":false},"excerpt":{"rendered":"<p>Armoire murale \u00e0 2 portes GAWG302DZW Gladiator\u00ae Garage Mania.<\/p>\n<p>Montage rapide et facile.<\/p>\n<p>Gr\u00e2ce au support inclus dans le colis, accrochez facilement l\u2019armoire au mur sur les panneaux muraux et les rails Gladiator\u00ae.<\/p>\n<p>Dot\u00e9e d\u2019une structure en acier solide et r\u00e9sistante, cette armoire de garage peut supporter une charge maximale de 91 kg.<\/p>\n<p>Equip\u00e9e de 2 \u00e9tag\u00e8res r\u00e9glables en hauteur et de 2 portes en acier \u00e0 fermeture magn\u00e9tique : qualit\u00e9 et s\u00e9curit\u00e9 Garage Mania !<\/p>\n","protected":false},"featured_media":4024,"comment_status":"open","ping_status":"closed","template":"","meta":{"site-sidebar-layout":"default","site-content-layout":"default","ast-site-content-layout":"default","site-content-style":"default","site-sidebar-style":"default","ast-global-header-display":"","ast-banner-title-visibility":"","ast-main-header-display":"","ast-hfb-above-header-display":"","ast-hfb-below-header-display":"","ast-hfb-mobile-header-display":"","site-post-title":"","ast-breadcrumbs-content":"","ast-featured-img":"","footer-sml-layout":"","ast-disable-related-posts":"","theme-transparent-header-meta":"default","adv-header-id-meta":"","stick-header-meta":"","header-above-stick-meta":"","header-main-stick-meta":"","header-below-stick-meta":"","astra-migrate-meta-layouts":"default","ast-page-background-enabled":"default","ast-page-background-meta":{"desktop":{"background-color":"","background-image":"","background-repeat":"repeat","background-position":"center center","background-size":"auto","background-attachment":"scroll","background-type":"","background-media":"","overlay-type":"","overlay-color":"","overlay-opacity":"","overlay-gradient":""},"tablet":{"background-color":"","background-image":"","background-repeat":"repeat","background-position":"center center","background-size":"auto","background-attachment":"scroll","background-type":"","background-media":"","overlay-type":"","overlay-color":"","overlay-opacity":"","overlay-gradient":""},"mobile":{"background-color":"","background-image":"","background-repeat":"repeat","background-position":"center center","background-size":"auto","background-attachment":"scroll","background-type":"","background-media":"","overlay-type":"","overlay-color":"","overlay-opacity":"","overlay-gradient":""}},"ast-content-background-meta":{"desktop":{"background-color":"var(--ast-global-color-5)","background-image":"","background-repeat":"repeat","background-position":"center center","background-size":"auto","background-attachment":"scroll","background-type":"","background-media":"","overlay-type":"","overlay-color":"","overlay-opacity":"","overlay-gradient":""},"tablet":{"background-color":"var(--ast-global-color-5)","background-image":"","background-repeat":"repeat","background-position":"center center","background-size":"auto","background-attachment":"scroll","background-type":"","background-media":"","overlay-type":"","overlay-color":"","overlay-opacity":"","overlay-gradient":""},"mobile":{"background-color":"var(--ast-global-color-5)","background-image":"","background-repeat":"repeat","background-position":"center center","background-size":"auto","background-attachment":"scroll","background-type":"","background-media":"","overlay-type":"","overlay-color":"","overlay-opacity":"","overlay-gradient":""}}},"product_brand":[],"product_cat":[452],"product_tag":[448,465,471,514,1092],"class_list":{"0":"post-6699","1":"product","2":"type-product","3":"status-publish","4":"has-post-thumbnail","6":"product_cat-petites-armoires","7":"product_tag-amenagement-garage","8":"product_tag-armoire-basse","9":"product_tag-au-mur","10":"product_tag-deja-monte","11":"product_tag-gladiator-fr-2","12":"desktop-align-center","13":"tablet-align-center","14":"mobile-align-center","15":"ast-product-gallery-layout-horizontal-slider","16":"ast-magnify-disabled","17":"ast-qv-on-image","19":"first","20":"instock","21":"taxable","22":"shipping-taxable","23":"purchasable","24":"product-type-simple"},"bundled_by":[],"bundle_stock_status":"instock","bundle_stock_quantity":null,"bundle_virtual":false,"bundle_layout":"","bundle_add_to_cart_form_location":"","bundle_editable_in_cart":false,"bundle_sold_individually_context":"","bundle_item_grouping":"","bundle_min_size":"","bundle_max_size":"","bundle_price":[],"bundled_items":[],"bundle_sell_ids":[],"yoast_head":"<!-- This site is optimized with the Yoast SEO Premium plugin v27.5 (Yoast SEO v27.5) - https:\/\/yoast.com\/product\/yoast-seo-premium-wordpress\/ -->\n<title>Armoire deux portes murale GAWG302DZW Gladiator\u00ae - Garage Mania<\/title>\n<meta name=\"description\" content=\"Cet armoire \u00e0 deux portes est la solution id\u00e9ale pour les grands et les petits espaces. Am\u00e8nagez votre garage avec les armoires murales Garage Mania\" \/>\n<meta name=\"robots\" content=\"index, follow, max-snippet:-1, max-image-preview:large, max-video-preview:-1\" \/>\n<link rel=\"canonical\" href=\"https:\/\/www.garagemania.ch\/fr\/produit\/armoire-avec-deux-portes-murale-gawg302dzw\/\" \/>\n<meta property=\"og:locale\" content=\"fr_FR\" \/>\n<meta property=\"og:type\" content=\"article\" \/>\n<meta property=\"og:title\" content=\"Armoire deux portes murale GAWG302DZW Gladiator\u00ae - Garage Mania\" \/>\n<meta property=\"og:description\" content=\"Cet armoire \u00e0 deux portes est la solution id\u00e9ale pour les grands et les petits espaces. Am\u00e8nagez votre garage avec les armoires murales Garage Mania\" \/>\n<meta property=\"og:url\" content=\"https:\/\/www.garagemania.ch\/fr\/produit\/armoire-avec-deux-portes-murale-gawg302dzw\/\" \/>\n<meta property=\"og:site_name\" content=\"Garage Mania\" \/>\n<meta property=\"article:publisher\" content=\"https:\/\/www.facebook.com\/garagemania.it\/\" \/>\n<meta property=\"article:modified_time\" content=\"2022-12-15T22:18:50+00:00\" \/>\n<meta property=\"og:image\" content=\"https:\/\/www.garagemania.ch\/wp-content\/uploads\/2021\/04\/ARREDAMENTO-GARAGE-ARMADIETTI-CON-RUOTE-GARAGE-MANIA.jpg\" \/>\n<meta name=\"twitter:card\" content=\"summary_large_image\" \/>\n<meta name=\"twitter:title\" content=\"Armoire deux portes murale GAWG302DZW Gladiator\u00ae - Garage Mania\" \/>\n<meta name=\"twitter:description\" content=\"Cet armoire \u00e0 deux portes est la solution id\u00e9ale pour les grands et les petits espaces. Am\u00e8nagez votre garage avec les armoires murales Garage Mania\" \/>\n<script type=\"application\/ld+json\" class=\"yoast-schema-graph\">{\"@context\":\"https:\\\/\\\/schema.org\",\"@graph\":[{\"@type\":\"WebPage\",\"@id\":\"https:\\\/\\\/www.garagemania.ch\\\/fr\\\/produit\\\/armoire-avec-deux-portes-murale-gawg302dzw\\\/\",\"url\":\"https:\\\/\\\/www.garagemania.ch\\\/fr\\\/produit\\\/armoire-avec-deux-portes-murale-gawg302dzw\\\/\",\"name\":\"Armoire deux portes murale GAWG302DZW Gladiator\u00ae - Garage Mania\",\"isPartOf\":{\"@id\":\"https:\\\/\\\/www.garagemania.ch\\\/fr\\\/#website\"},\"primaryImageOfPage\":{\"@id\":\"https:\\\/\\\/www.garagemania.ch\\\/fr\\\/produit\\\/armoire-avec-deux-portes-murale-gawg302dzw\\\/#primaryimage\"},\"image\":{\"@id\":\"https:\\\/\\\/www.garagemania.ch\\\/fr\\\/produit\\\/armoire-avec-deux-portes-murale-gawg302dzw\\\/#primaryimage\"},\"thumbnailUrl\":\"https:\\\/\\\/www.garagemania.ch\\\/wp-content\\\/uploads\\\/2021\\\/06\\\/Armadietto-due-ante-a-parete-GAWG302DZW-Garage-Mania.jpg\",\"datePublished\":\"2021-06-21T08:12:45+00:00\",\"dateModified\":\"2022-12-15T22:18:50+00:00\",\"description\":\"Cet armoire \u00e0 deux portes est la solution id\u00e9ale pour les grands et les petits espaces. Am\u00e8nagez votre garage avec les armoires murales Garage Mania\",\"breadcrumb\":{\"@id\":\"https:\\\/\\\/www.garagemania.ch\\\/fr\\\/produit\\\/armoire-avec-deux-portes-murale-gawg302dzw\\\/#breadcrumb\"},\"inLanguage\":\"fr-FR\",\"potentialAction\":[{\"@type\":\"ReadAction\",\"target\":[\"https:\\\/\\\/www.garagemania.ch\\\/fr\\\/produit\\\/armoire-avec-deux-portes-murale-gawg302dzw\\\/\"]}]},{\"@type\":\"ImageObject\",\"inLanguage\":\"fr-FR\",\"@id\":\"https:\\\/\\\/www.garagemania.ch\\\/fr\\\/produit\\\/armoire-avec-deux-portes-murale-gawg302dzw\\\/#primaryimage\",\"url\":\"https:\\\/\\\/www.garagemania.ch\\\/wp-content\\\/uploads\\\/2021\\\/06\\\/Armadietto-due-ante-a-parete-GAWG302DZW-Garage-Mania.jpg\",\"contentUrl\":\"https:\\\/\\\/www.garagemania.ch\\\/wp-content\\\/uploads\\\/2021\\\/06\\\/Armadietto-due-ante-a-parete-GAWG302DZW-Garage-Mania.jpg\",\"width\":700,\"height\":700,\"caption\":\"Armoire avec deux portes murale GAWG302DZW Garage Mania\"},{\"@type\":\"BreadcrumbList\",\"@id\":\"https:\\\/\\\/www.garagemania.ch\\\/fr\\\/produit\\\/armoire-avec-deux-portes-murale-gawg302dzw\\\/#breadcrumb\",\"itemListElement\":[{\"@type\":\"ListItem\",\"position\":1,\"name\":\"Home\",\"item\":\"https:\\\/\\\/www.garagemania.ch\\\/fr\\\/homepage\\\/\"},{\"@type\":\"ListItem\",\"position\":2,\"name\":\"Shop\",\"item\":\"https:\\\/\\\/www.garagemania.ch\\\/fr\\\/page-shop-pour-les-rangements-garage-de-chez-garage-mania\\\/\"},{\"@type\":\"ListItem\",\"position\":3,\"name\":\"Armoire murale \u00e0 deux portes Gladiator\u00ae 76x76x30 GAWG302DZW\"}]},{\"@type\":\"WebSite\",\"@id\":\"https:\\\/\\\/www.garagemania.ch\\\/fr\\\/#website\",\"url\":\"https:\\\/\\\/www.garagemania.ch\\\/fr\\\/\",\"name\":\"Garage Mania\",\"description\":\"Il luogo ideale per tutti coloro che vogliono un garage super esclusivo\",\"publisher\":{\"@id\":\"https:\\\/\\\/www.garagemania.ch\\\/fr\\\/#organization\"},\"potentialAction\":[{\"@type\":\"SearchAction\",\"target\":{\"@type\":\"EntryPoint\",\"urlTemplate\":\"https:\\\/\\\/www.garagemania.ch\\\/fr\\\/?s={search_term_string}\"},\"query-input\":{\"@type\":\"PropertyValueSpecification\",\"valueRequired\":true,\"valueName\":\"search_term_string\"}}],\"inLanguage\":\"fr-FR\"},{\"@type\":\"Organization\",\"@id\":\"https:\\\/\\\/www.garagemania.ch\\\/fr\\\/#organization\",\"name\":\"GLADIATOR WORX SAGL\",\"url\":\"https:\\\/\\\/www.garagemania.ch\\\/fr\\\/\",\"logo\":{\"@type\":\"ImageObject\",\"inLanguage\":\"fr-FR\",\"@id\":\"https:\\\/\\\/www.garagemania.ch\\\/fr\\\/#\\\/schema\\\/logo\\\/image\\\/\",\"url\":\"https:\\\/\\\/www.garagemania.ch\\\/wp-content\\\/uploads\\\/2021\\\/03\\\/Logo-Garage-Mania.png\",\"contentUrl\":\"https:\\\/\\\/www.garagemania.ch\\\/wp-content\\\/uploads\\\/2021\\\/03\\\/Logo-Garage-Mania.png\",\"width\":300,\"height\":282,\"caption\":\"GLADIATOR WORX SAGL\"},\"image\":{\"@id\":\"https:\\\/\\\/www.garagemania.ch\\\/fr\\\/#\\\/schema\\\/logo\\\/image\\\/\"},\"sameAs\":[\"https:\\\/\\\/www.facebook.com\\\/garagemania.it\\\/\",\"https:\\\/\\\/www.instagram.com\\\/garagemania.it\\\/\"]}]}<\/script>\n<!-- \/ Yoast SEO Premium plugin. -->","yoast_head_json":{"title":"Armoire deux portes murale GAWG302DZW Gladiator\u00ae - Garage Mania","description":"Cet armoire \u00e0 deux portes est la solution id\u00e9ale pour les grands et les petits espaces. Am\u00e8nagez votre garage avec les armoires murales Garage Mania","robots":{"index":"index","follow":"follow","max-snippet":"max-snippet:-1","max-image-preview":"max-image-preview:large","max-video-preview":"max-video-preview:-1"},"canonical":"https:\/\/www.garagemania.ch\/fr\/produit\/armoire-avec-deux-portes-murale-gawg302dzw\/","og_locale":"fr_FR","og_type":"article","og_title":"Armoire deux portes murale GAWG302DZW Gladiator\u00ae - Garage Mania","og_description":"Cet armoire \u00e0 deux portes est la solution id\u00e9ale pour les grands et les petits espaces. Am\u00e8nagez votre garage avec les armoires murales Garage Mania","og_url":"https:\/\/www.garagemania.ch\/fr\/produit\/armoire-avec-deux-portes-murale-gawg302dzw\/","og_site_name":"Garage Mania","article_publisher":"https:\/\/www.facebook.com\/garagemania.it\/","article_modified_time":"2022-12-15T22:18:50+00:00","og_image":[{"url":"https:\/\/www.garagemania.ch\/wp-content\/uploads\/2021\/04\/ARREDAMENTO-GARAGE-ARMADIETTI-CON-RUOTE-GARAGE-MANIA.jpg","type":"","width":"","height":""}],"twitter_card":"summary_large_image","twitter_title":"Armoire deux portes murale GAWG302DZW Gladiator\u00ae - Garage Mania","twitter_description":"Cet armoire \u00e0 deux portes est la solution id\u00e9ale pour les grands et les petits espaces. Am\u00e8nagez votre garage avec les armoires murales Garage Mania","schema":{"@context":"https:\/\/schema.org","@graph":[{"@type":"WebPage","@id":"https:\/\/www.garagemania.ch\/fr\/produit\/armoire-avec-deux-portes-murale-gawg302dzw\/","url":"https:\/\/www.garagemania.ch\/fr\/produit\/armoire-avec-deux-portes-murale-gawg302dzw\/","name":"Armoire deux portes murale GAWG302DZW Gladiator\u00ae - Garage Mania","isPartOf":{"@id":"https:\/\/www.garagemania.ch\/fr\/#website"},"primaryImageOfPage":{"@id":"https:\/\/www.garagemania.ch\/fr\/produit\/armoire-avec-deux-portes-murale-gawg302dzw\/#primaryimage"},"image":{"@id":"https:\/\/www.garagemania.ch\/fr\/produit\/armoire-avec-deux-portes-murale-gawg302dzw\/#primaryimage"},"thumbnailUrl":"https:\/\/www.garagemania.ch\/wp-content\/uploads\/2021\/06\/Armadietto-due-ante-a-parete-GAWG302DZW-Garage-Mania.jpg","datePublished":"2021-06-21T08:12:45+00:00","dateModified":"2022-12-15T22:18:50+00:00","description":"Cet armoire \u00e0 deux portes est la solution id\u00e9ale pour les grands et les petits espaces. Am\u00e8nagez votre garage avec les armoires murales Garage Mania","breadcrumb":{"@id":"https:\/\/www.garagemania.ch\/fr\/produit\/armoire-avec-deux-portes-murale-gawg302dzw\/#breadcrumb"},"inLanguage":"fr-FR","potentialAction":[{"@type":"ReadAction","target":["https:\/\/www.garagemania.ch\/fr\/produit\/armoire-avec-deux-portes-murale-gawg302dzw\/"]}]},{"@type":"ImageObject","inLanguage":"fr-FR","@id":"https:\/\/www.garagemania.ch\/fr\/produit\/armoire-avec-deux-portes-murale-gawg302dzw\/#primaryimage","url":"https:\/\/www.garagemania.ch\/wp-content\/uploads\/2021\/06\/Armadietto-due-ante-a-parete-GAWG302DZW-Garage-Mania.jpg","contentUrl":"https:\/\/www.garagemania.ch\/wp-content\/uploads\/2021\/06\/Armadietto-due-ante-a-parete-GAWG302DZW-Garage-Mania.jpg","width":700,"height":700,"caption":"Armoire avec deux portes murale GAWG302DZW Garage Mania"},{"@type":"BreadcrumbList","@id":"https:\/\/www.garagemania.ch\/fr\/produit\/armoire-avec-deux-portes-murale-gawg302dzw\/#breadcrumb","itemListElement":[{"@type":"ListItem","position":1,"name":"Home","item":"https:\/\/www.garagemania.ch\/fr\/homepage\/"},{"@type":"ListItem","position":2,"name":"Shop","item":"https:\/\/www.garagemania.ch\/fr\/page-shop-pour-les-rangements-garage-de-chez-garage-mania\/"},{"@type":"ListItem","position":3,"name":"Armoire murale \u00e0 deux portes Gladiator\u00ae 76x76x30 GAWG302DZW"}]},{"@type":"WebSite","@id":"https:\/\/www.garagemania.ch\/fr\/#website","url":"https:\/\/www.garagemania.ch\/fr\/","name":"Garage Mania","description":"Il luogo ideale per tutti coloro che vogliono un garage super esclusivo","publisher":{"@id":"https:\/\/www.garagemania.ch\/fr\/#organization"},"potentialAction":[{"@type":"SearchAction","target":{"@type":"EntryPoint","urlTemplate":"https:\/\/www.garagemania.ch\/fr\/?s={search_term_string}"},"query-input":{"@type":"PropertyValueSpecification","valueRequired":true,"valueName":"search_term_string"}}],"inLanguage":"fr-FR"},{"@type":"Organization","@id":"https:\/\/www.garagemania.ch\/fr\/#organization","name":"GLADIATOR WORX SAGL","url":"https:\/\/www.garagemania.ch\/fr\/","logo":{"@type":"ImageObject","inLanguage":"fr-FR","@id":"https:\/\/www.garagemania.ch\/fr\/#\/schema\/logo\/image\/","url":"https:\/\/www.garagemania.ch\/wp-content\/uploads\/2021\/03\/Logo-Garage-Mania.png","contentUrl":"https:\/\/www.garagemania.ch\/wp-content\/uploads\/2021\/03\/Logo-Garage-Mania.png","width":300,"height":282,"caption":"GLADIATOR WORX SAGL"},"image":{"@id":"https:\/\/www.garagemania.ch\/fr\/#\/schema\/logo\/image\/"},"sameAs":["https:\/\/www.facebook.com\/garagemania.it\/","https:\/\/www.instagram.com\/garagemania.it\/"]}]}},"_links":{"self":[{"href":"https:\/\/www.garagemania.ch\/fr\/wp-json\/wp\/v2\/product\/6699","targetHints":{"allow":["GET"]}}],"collection":[{"href":"https:\/\/www.garagemania.ch\/fr\/wp-json\/wp\/v2\/product"}],"about":[{"href":"https:\/\/www.garagemania.ch\/fr\/wp-json\/wp\/v2\/types\/product"}],"replies":[{"embeddable":true,"href":"https:\/\/www.garagemania.ch\/fr\/wp-json\/wp\/v2\/comments?post=6699"}],"version-history":[{"count":1,"href":"https:\/\/www.garagemania.ch\/fr\/wp-json\/wp\/v2\/product\/6699\/revisions"}],"predecessor-version":[{"id":11767,"href":"https:\/\/www.garagemania.ch\/fr\/wp-json\/wp\/v2\/product\/6699\/revisions\/11767"}],"wp:featuredmedia":[{"embeddable":true,"href":"https:\/\/www.garagemania.ch\/fr\/wp-json\/wp\/v2\/media\/4024"}],"wp:attachment":[{"href":"https:\/\/www.garagemania.ch\/fr\/wp-json\/wp\/v2\/media?parent=6699"}],"wp:term":[{"taxonomy":"product_brand","embeddable":true,"href":"https:\/\/www.garagemania.ch\/fr\/wp-json\/wp\/v2\/product_brand?post=6699"},{"taxonomy":"product_cat","embeddable":true,"href":"https:\/\/www.garagemania.ch\/fr\/wp-json\/wp\/v2\/product_cat?post=6699"},{"taxonomy":"product_tag","embeddable":true,"href":"https:\/\/www.garagemania.ch\/fr\/wp-json\/wp\/v2\/product_tag?post=6699"}],"curies":[{"name":"wp","href":"https:\/\/api.w.org\/{rel}","templated":true}]}}