{"id":6781,"date":"2021-04-21T10:58:02","date_gmt":"2021-04-21T08:58:02","guid":{"rendered":"https:\/\/www.garagemania.ch\/prodotto\/porte-bottes-murale-gladiator-gawa4pbsjg\/"},"modified":"2022-12-15T22:30:10","modified_gmt":"2022-12-15T21:30:10","slug":"porte-bottes-murale-gladiator-gawa4pbsjg","status":"publish","type":"product","link":"https:\/\/www.garagemania.ch\/fr\/produit\/porte-bottes-murale-gladiator-gawa4pbsjg\/","title":{"rendered":"Porte-bottes mural Gladiator\u00ae GAWA4PBSJG"},"content":{"rendered":"","protected":false},"excerpt":{"rendered":"<p>Porte-bottes mural Gladiator\u00ae GAWA4PBSJG Garage Mania<\/p>\n<p>Ce porte-bottes est la solution id\u00e9ale et peu encombrante pour ranger vos bottes sans prendre de place dans votre garage.<\/p>\n<p>Compatible avec de nombreux mod\u00e8les de bottes, il se fixe au mur sur les panneaux et canaux Gladiator\u00ae, lib\u00e9rant ainsi l&rsquo;espace au sol.<\/p>\n<p>Ce porte-bottes mural peut contenir jusqu\u2019\u00e0 quatre paires de bottes \u00e0 l&rsquo;envers.<\/p>\n<p>Installation facile et rapide. Charge maximale 12 kg.<\/p>\n<p>Ce porte-bottes est indispensable pour tous ceux qui souhaitent garder leur garage bien rang\u00e9.<\/p>\n","protected":false},"featured_media":16355,"comment_status":"open","ping_status":"closed","template":"","meta":{"site-sidebar-layout":"default","site-content-layout":"default","ast-site-content-layout":"default","site-content-style":"default","site-sidebar-style":"default","ast-global-header-display":"","ast-banner-title-visibility":"","ast-main-header-display":"","ast-hfb-above-header-display":"","ast-hfb-below-header-display":"","ast-hfb-mobile-header-display":"","site-post-title":"","ast-breadcrumbs-content":"","ast-featured-img":"","footer-sml-layout":"","ast-disable-related-posts":"","theme-transparent-header-meta":"default","adv-header-id-meta":"","stick-header-meta":"","header-above-stick-meta":"","header-main-stick-meta":"","header-below-stick-meta":"","astra-migrate-meta-layouts":"default","ast-page-background-enabled":"default","ast-page-background-meta":{"desktop":{"background-color":"","background-image":"","background-repeat":"repeat","background-position":"center center","background-size":"auto","background-attachment":"scroll","background-type":"","background-media":"","overlay-type":"","overlay-color":"","overlay-opacity":"","overlay-gradient":""},"tablet":{"background-color":"","background-image":"","background-repeat":"repeat","background-position":"center center","background-size":"auto","background-attachment":"scroll","background-type":"","background-media":"","overlay-type":"","overlay-color":"","overlay-opacity":"","overlay-gradient":""},"mobile":{"background-color":"","background-image":"","background-repeat":"repeat","background-position":"center center","background-size":"auto","background-attachment":"scroll","background-type":"","background-media":"","overlay-type":"","overlay-color":"","overlay-opacity":"","overlay-gradient":""}},"ast-content-background-meta":{"desktop":{"background-color":"var(--ast-global-color-5)","background-image":"","background-repeat":"repeat","background-position":"center center","background-size":"auto","background-attachment":"scroll","background-type":"","background-media":"","overlay-type":"","overlay-color":"","overlay-opacity":"","overlay-gradient":""},"tablet":{"background-color":"var(--ast-global-color-5)","background-image":"","background-repeat":"repeat","background-position":"center center","background-size":"auto","background-attachment":"scroll","background-type":"","background-media":"","overlay-type":"","overlay-color":"","overlay-opacity":"","overlay-gradient":""},"mobile":{"background-color":"var(--ast-global-color-5)","background-image":"","background-repeat":"repeat","background-position":"center center","background-size":"auto","background-attachment":"scroll","background-type":"","background-media":"","overlay-type":"","overlay-color":"","overlay-opacity":"","overlay-gradient":""}}},"product_brand":[],"product_cat":[566,615],"product_tag":[448,471,567,1092],"class_list":{"0":"post-6781","1":"product","2":"type-product","3":"status-publish","4":"has-post-thumbnail","6":"product_cat-crochets","7":"product_cat-etageres-et-contenants","8":"product_tag-amenagement-garage","9":"product_tag-au-mur","10":"product_tag-crochet","11":"product_tag-gladiator-fr-2","12":"desktop-align-center","13":"tablet-align-center","14":"mobile-align-center","15":"ast-product-gallery-layout-horizontal-slider","16":"ast-magnify-disabled","17":"ast-qv-on-image","19":"first","20":"instock","21":"taxable","22":"shipping-taxable","23":"purchasable","24":"product-type-simple"},"bundled_by":[],"bundle_stock_status":"instock","bundle_stock_quantity":null,"bundle_virtual":false,"bundle_layout":"","bundle_add_to_cart_form_location":"","bundle_editable_in_cart":false,"bundle_sold_individually_context":"","bundle_item_grouping":"","bundle_min_size":"","bundle_max_size":"","bundle_price":[],"bundled_items":[],"bundle_sell_ids":[],"yoast_head":"<!-- This site is optimized with the Yoast SEO Premium plugin v27.4 (Yoast SEO v27.4) - https:\/\/yoast.com\/product\/yoast-seo-premium-wordpress\/ -->\n<title>Porte bottes murale Gladiator\u00ae GAWA4PBSJG - Garage Mania<\/title>\n<meta name=\"description\" content=\"Choisissez votre porte-bottes mural pour \u00e9viter d&#039;ab\u00eemer vos bottes, et pour permettre une circulation d&#039;air ais\u00e9e. Garage Mania\" \/>\n<meta name=\"robots\" content=\"index, follow, max-snippet:-1, max-image-preview:large, max-video-preview:-1\" \/>\n<link rel=\"canonical\" href=\"https:\/\/www.garagemania.ch\/fr\/produit\/porte-bottes-murale-gladiator-gawa4pbsjg\/\" \/>\n<meta property=\"og:locale\" content=\"fr_FR\" \/>\n<meta property=\"og:type\" content=\"article\" \/>\n<meta property=\"og:title\" content=\"Porte bottes murale Gladiator\u00ae GAWA4PBSJG - Garage Mania\" \/>\n<meta property=\"og:description\" content=\"Choisissez votre porte-bottes mural pour \u00e9viter d&#039;ab\u00eemer vos bottes, et pour permettre une circulation d&#039;air ais\u00e9e. Garage Mania\" \/>\n<meta property=\"og:url\" content=\"https:\/\/www.garagemania.ch\/fr\/produit\/porte-bottes-murale-gladiator-gawa4pbsjg\/\" \/>\n<meta property=\"og:site_name\" content=\"Garage Mania\" \/>\n<meta property=\"article:publisher\" content=\"https:\/\/www.facebook.com\/garagemania.it\/\" \/>\n<meta property=\"article:modified_time\" content=\"2022-12-15T21:30:10+00:00\" \/>\n<meta property=\"og:image\" content=\"https:\/\/www.garagemania.ch\/wp-content\/uploads\/2021\/04\/PORTA-STIVALI-DA-APPENDERE-GARAGE-MANIA.jpg\" \/>\n<meta name=\"twitter:card\" content=\"summary_large_image\" \/>\n<meta name=\"twitter:title\" content=\"Porte bottes murale Gladiator\u00ae GAWA4PBSJG - Garage Mania\" \/>\n<meta name=\"twitter:description\" content=\"Choisissez votre porte-bottes mural pour \u00e9viter d&#039;ab\u00eemer vos bottes, et pour permettre une circulation d&#039;air ais\u00e9e. Garage Mania\" \/>\n<script type=\"application\/ld+json\" class=\"yoast-schema-graph\">{\"@context\":\"https:\\\/\\\/schema.org\",\"@graph\":[{\"@type\":\"WebPage\",\"@id\":\"https:\\\/\\\/www.garagemania.ch\\\/fr\\\/produit\\\/porte-bottes-murale-gladiator-gawa4pbsjg\\\/\",\"url\":\"https:\\\/\\\/www.garagemania.ch\\\/fr\\\/produit\\\/porte-bottes-murale-gladiator-gawa4pbsjg\\\/\",\"name\":\"Porte bottes murale Gladiator\u00ae GAWA4PBSJG - Garage Mania\",\"isPartOf\":{\"@id\":\"https:\\\/\\\/www.garagemania.ch\\\/fr\\\/#website\"},\"primaryImageOfPage\":{\"@id\":\"https:\\\/\\\/www.garagemania.ch\\\/fr\\\/produit\\\/porte-bottes-murale-gladiator-gawa4pbsjg\\\/#primaryimage\"},\"image\":{\"@id\":\"https:\\\/\\\/www.garagemania.ch\\\/fr\\\/produit\\\/porte-bottes-murale-gladiator-gawa4pbsjg\\\/#primaryimage\"},\"thumbnailUrl\":\"https:\\\/\\\/www.garagemania.ch\\\/wp-content\\\/uploads\\\/2021\\\/04\\\/Porta-stivali-da-parete-Gladiator-GAWA4PBSJG.jpg\",\"datePublished\":\"2021-04-21T08:58:02+00:00\",\"dateModified\":\"2022-12-15T21:30:10+00:00\",\"description\":\"Choisissez votre porte-bottes mural pour \u00e9viter d'ab\u00eemer vos bottes, et pour permettre une circulation d'air ais\u00e9e. Garage Mania\",\"breadcrumb\":{\"@id\":\"https:\\\/\\\/www.garagemania.ch\\\/fr\\\/produit\\\/porte-bottes-murale-gladiator-gawa4pbsjg\\\/#breadcrumb\"},\"inLanguage\":\"fr-FR\",\"potentialAction\":[{\"@type\":\"ReadAction\",\"target\":[\"https:\\\/\\\/www.garagemania.ch\\\/fr\\\/produit\\\/porte-bottes-murale-gladiator-gawa4pbsjg\\\/\"]}]},{\"@type\":\"ImageObject\",\"inLanguage\":\"fr-FR\",\"@id\":\"https:\\\/\\\/www.garagemania.ch\\\/fr\\\/produit\\\/porte-bottes-murale-gladiator-gawa4pbsjg\\\/#primaryimage\",\"url\":\"https:\\\/\\\/www.garagemania.ch\\\/wp-content\\\/uploads\\\/2021\\\/04\\\/Porta-stivali-da-parete-Gladiator-GAWA4PBSJG.jpg\",\"contentUrl\":\"https:\\\/\\\/www.garagemania.ch\\\/wp-content\\\/uploads\\\/2021\\\/04\\\/Porta-stivali-da-parete-Gladiator-GAWA4PBSJG.jpg\",\"width\":600,\"height\":600},{\"@type\":\"BreadcrumbList\",\"@id\":\"https:\\\/\\\/www.garagemania.ch\\\/fr\\\/produit\\\/porte-bottes-murale-gladiator-gawa4pbsjg\\\/#breadcrumb\",\"itemListElement\":[{\"@type\":\"ListItem\",\"position\":1,\"name\":\"Home\",\"item\":\"https:\\\/\\\/www.garagemania.ch\\\/fr\\\/homepage\\\/\"},{\"@type\":\"ListItem\",\"position\":2,\"name\":\"Shop\",\"item\":\"https:\\\/\\\/www.garagemania.ch\\\/fr\\\/page-shop-pour-les-rangements-garage-de-chez-garage-mania\\\/\"},{\"@type\":\"ListItem\",\"position\":3,\"name\":\"Porte-bottes mural Gladiator\u00ae GAWA4PBSJG\"}]},{\"@type\":\"WebSite\",\"@id\":\"https:\\\/\\\/www.garagemania.ch\\\/fr\\\/#website\",\"url\":\"https:\\\/\\\/www.garagemania.ch\\\/fr\\\/\",\"name\":\"Garage Mania\",\"description\":\"Il luogo ideale per tutti coloro che vogliono un garage super esclusivo\",\"publisher\":{\"@id\":\"https:\\\/\\\/www.garagemania.ch\\\/fr\\\/#organization\"},\"potentialAction\":[{\"@type\":\"SearchAction\",\"target\":{\"@type\":\"EntryPoint\",\"urlTemplate\":\"https:\\\/\\\/www.garagemania.ch\\\/fr\\\/?s={search_term_string}\"},\"query-input\":{\"@type\":\"PropertyValueSpecification\",\"valueRequired\":true,\"valueName\":\"search_term_string\"}}],\"inLanguage\":\"fr-FR\"},{\"@type\":\"Organization\",\"@id\":\"https:\\\/\\\/www.garagemania.ch\\\/fr\\\/#organization\",\"name\":\"GLADIATOR WORX SAGL\",\"url\":\"https:\\\/\\\/www.garagemania.ch\\\/fr\\\/\",\"logo\":{\"@type\":\"ImageObject\",\"inLanguage\":\"fr-FR\",\"@id\":\"https:\\\/\\\/www.garagemania.ch\\\/fr\\\/#\\\/schema\\\/logo\\\/image\\\/\",\"url\":\"https:\\\/\\\/www.garagemania.ch\\\/wp-content\\\/uploads\\\/2021\\\/03\\\/Logo-Garage-Mania.png\",\"contentUrl\":\"https:\\\/\\\/www.garagemania.ch\\\/wp-content\\\/uploads\\\/2021\\\/03\\\/Logo-Garage-Mania.png\",\"width\":300,\"height\":282,\"caption\":\"GLADIATOR WORX SAGL\"},\"image\":{\"@id\":\"https:\\\/\\\/www.garagemania.ch\\\/fr\\\/#\\\/schema\\\/logo\\\/image\\\/\"},\"sameAs\":[\"https:\\\/\\\/www.facebook.com\\\/garagemania.it\\\/\",\"https:\\\/\\\/www.instagram.com\\\/garagemania.it\\\/\"]}]}<\/script>\n<!-- \/ Yoast SEO Premium plugin. -->","yoast_head_json":{"title":"Porte bottes murale Gladiator\u00ae GAWA4PBSJG - Garage Mania","description":"Choisissez votre porte-bottes mural pour \u00e9viter d'ab\u00eemer vos bottes, et pour permettre une circulation d'air ais\u00e9e. Garage Mania","robots":{"index":"index","follow":"follow","max-snippet":"max-snippet:-1","max-image-preview":"max-image-preview:large","max-video-preview":"max-video-preview:-1"},"canonical":"https:\/\/www.garagemania.ch\/fr\/produit\/porte-bottes-murale-gladiator-gawa4pbsjg\/","og_locale":"fr_FR","og_type":"article","og_title":"Porte bottes murale Gladiator\u00ae GAWA4PBSJG - Garage Mania","og_description":"Choisissez votre porte-bottes mural pour \u00e9viter d'ab\u00eemer vos bottes, et pour permettre une circulation d'air ais\u00e9e. Garage Mania","og_url":"https:\/\/www.garagemania.ch\/fr\/produit\/porte-bottes-murale-gladiator-gawa4pbsjg\/","og_site_name":"Garage Mania","article_publisher":"https:\/\/www.facebook.com\/garagemania.it\/","article_modified_time":"2022-12-15T21:30:10+00:00","og_image":[{"url":"https:\/\/www.garagemania.ch\/wp-content\/uploads\/2021\/04\/PORTA-STIVALI-DA-APPENDERE-GARAGE-MANIA.jpg","type":"","width":"","height":""}],"twitter_card":"summary_large_image","twitter_title":"Porte bottes murale Gladiator\u00ae GAWA4PBSJG - Garage Mania","twitter_description":"Choisissez votre porte-bottes mural pour \u00e9viter d'ab\u00eemer vos bottes, et pour permettre une circulation d'air ais\u00e9e. Garage Mania","schema":{"@context":"https:\/\/schema.org","@graph":[{"@type":"WebPage","@id":"https:\/\/www.garagemania.ch\/fr\/produit\/porte-bottes-murale-gladiator-gawa4pbsjg\/","url":"https:\/\/www.garagemania.ch\/fr\/produit\/porte-bottes-murale-gladiator-gawa4pbsjg\/","name":"Porte bottes murale Gladiator\u00ae GAWA4PBSJG - Garage Mania","isPartOf":{"@id":"https:\/\/www.garagemania.ch\/fr\/#website"},"primaryImageOfPage":{"@id":"https:\/\/www.garagemania.ch\/fr\/produit\/porte-bottes-murale-gladiator-gawa4pbsjg\/#primaryimage"},"image":{"@id":"https:\/\/www.garagemania.ch\/fr\/produit\/porte-bottes-murale-gladiator-gawa4pbsjg\/#primaryimage"},"thumbnailUrl":"https:\/\/www.garagemania.ch\/wp-content\/uploads\/2021\/04\/Porta-stivali-da-parete-Gladiator-GAWA4PBSJG.jpg","datePublished":"2021-04-21T08:58:02+00:00","dateModified":"2022-12-15T21:30:10+00:00","description":"Choisissez votre porte-bottes mural pour \u00e9viter d'ab\u00eemer vos bottes, et pour permettre une circulation d'air ais\u00e9e. Garage Mania","breadcrumb":{"@id":"https:\/\/www.garagemania.ch\/fr\/produit\/porte-bottes-murale-gladiator-gawa4pbsjg\/#breadcrumb"},"inLanguage":"fr-FR","potentialAction":[{"@type":"ReadAction","target":["https:\/\/www.garagemania.ch\/fr\/produit\/porte-bottes-murale-gladiator-gawa4pbsjg\/"]}]},{"@type":"ImageObject","inLanguage":"fr-FR","@id":"https:\/\/www.garagemania.ch\/fr\/produit\/porte-bottes-murale-gladiator-gawa4pbsjg\/#primaryimage","url":"https:\/\/www.garagemania.ch\/wp-content\/uploads\/2021\/04\/Porta-stivali-da-parete-Gladiator-GAWA4PBSJG.jpg","contentUrl":"https:\/\/www.garagemania.ch\/wp-content\/uploads\/2021\/04\/Porta-stivali-da-parete-Gladiator-GAWA4PBSJG.jpg","width":600,"height":600},{"@type":"BreadcrumbList","@id":"https:\/\/www.garagemania.ch\/fr\/produit\/porte-bottes-murale-gladiator-gawa4pbsjg\/#breadcrumb","itemListElement":[{"@type":"ListItem","position":1,"name":"Home","item":"https:\/\/www.garagemania.ch\/fr\/homepage\/"},{"@type":"ListItem","position":2,"name":"Shop","item":"https:\/\/www.garagemania.ch\/fr\/page-shop-pour-les-rangements-garage-de-chez-garage-mania\/"},{"@type":"ListItem","position":3,"name":"Porte-bottes mural Gladiator\u00ae GAWA4PBSJG"}]},{"@type":"WebSite","@id":"https:\/\/www.garagemania.ch\/fr\/#website","url":"https:\/\/www.garagemania.ch\/fr\/","name":"Garage Mania","description":"Il luogo ideale per tutti coloro che vogliono un garage super esclusivo","publisher":{"@id":"https:\/\/www.garagemania.ch\/fr\/#organization"},"potentialAction":[{"@type":"SearchAction","target":{"@type":"EntryPoint","urlTemplate":"https:\/\/www.garagemania.ch\/fr\/?s={search_term_string}"},"query-input":{"@type":"PropertyValueSpecification","valueRequired":true,"valueName":"search_term_string"}}],"inLanguage":"fr-FR"},{"@type":"Organization","@id":"https:\/\/www.garagemania.ch\/fr\/#organization","name":"GLADIATOR WORX SAGL","url":"https:\/\/www.garagemania.ch\/fr\/","logo":{"@type":"ImageObject","inLanguage":"fr-FR","@id":"https:\/\/www.garagemania.ch\/fr\/#\/schema\/logo\/image\/","url":"https:\/\/www.garagemania.ch\/wp-content\/uploads\/2021\/03\/Logo-Garage-Mania.png","contentUrl":"https:\/\/www.garagemania.ch\/wp-content\/uploads\/2021\/03\/Logo-Garage-Mania.png","width":300,"height":282,"caption":"GLADIATOR WORX SAGL"},"image":{"@id":"https:\/\/www.garagemania.ch\/fr\/#\/schema\/logo\/image\/"},"sameAs":["https:\/\/www.facebook.com\/garagemania.it\/","https:\/\/www.instagram.com\/garagemania.it\/"]}]}},"_links":{"self":[{"href":"https:\/\/www.garagemania.ch\/fr\/wp-json\/wp\/v2\/product\/6781","targetHints":{"allow":["GET"]}}],"collection":[{"href":"https:\/\/www.garagemania.ch\/fr\/wp-json\/wp\/v2\/product"}],"about":[{"href":"https:\/\/www.garagemania.ch\/fr\/wp-json\/wp\/v2\/types\/product"}],"replies":[{"embeddable":true,"href":"https:\/\/www.garagemania.ch\/fr\/wp-json\/wp\/v2\/comments?post=6781"}],"version-history":[{"count":3,"href":"https:\/\/www.garagemania.ch\/fr\/wp-json\/wp\/v2\/product\/6781\/revisions"}],"predecessor-version":[{"id":11987,"href":"https:\/\/www.garagemania.ch\/fr\/wp-json\/wp\/v2\/product\/6781\/revisions\/11987"}],"wp:featuredmedia":[{"embeddable":true,"href":"https:\/\/www.garagemania.ch\/fr\/wp-json\/wp\/v2\/media\/16355"}],"wp:attachment":[{"href":"https:\/\/www.garagemania.ch\/fr\/wp-json\/wp\/v2\/media?parent=6781"}],"wp:term":[{"taxonomy":"product_brand","embeddable":true,"href":"https:\/\/www.garagemania.ch\/fr\/wp-json\/wp\/v2\/product_brand?post=6781"},{"taxonomy":"product_cat","embeddable":true,"href":"https:\/\/www.garagemania.ch\/fr\/wp-json\/wp\/v2\/product_cat?post=6781"},{"taxonomy":"product_tag","embeddable":true,"href":"https:\/\/www.garagemania.ch\/fr\/wp-json\/wp\/v2\/product_tag?post=6781"}],"curies":[{"name":"wp","href":"https:\/\/api.w.org\/{rel}","templated":true}]}}