{"id":6802,"date":"2021-04-20T17:37:41","date_gmt":"2021-04-20T15:37:41","guid":{"rendered":"https:\/\/www.garagemania.ch\/prodotto\/support-bac-de-rangement-gawuxxbmth\/"},"modified":"2023-09-27T15:14:52","modified_gmt":"2023-09-27T13:14:52","slug":"support-bac-de-rangement-gawuxxbmth","status":"publish","type":"product","link":"https:\/\/www.garagemania.ch\/fr\/produit\/support-bac-de-rangement-gawuxxbmth\/","title":{"rendered":"Support Bacs de rangement Gladiator\u00ae GAWUXXBMTH (pack de 2)"},"content":{"rendered":"","protected":false},"excerpt":{"rendered":"<p><span style=\"font-weight: 400\">D\u00e9couvrez les<\/span><span style=\"font-weight: 400\"> supports bac garage<\/span><span style=\"font-weight: 400\"> mural de Gladiator\u00ae GAWUXXBMTH (pack de 2) con\u00e7u pour accrocher ais\u00e9ment des bacs de rangement de diff\u00e9rentes tailles sur les murs de votre garage. <\/span><\/p>\n<p><span style=\"font-weight: 400\">Fabriqu\u00e9s en acier robuste, ces supports garantissent une r\u00e9sistance et une durabilit\u00e9 exceptionnelles. Le rembourrage en vinyle prot\u00e8ge vos outils des rayures et de l&rsquo;usure, tandis que les languettes de verrouillage assurent une fixation s\u00fbre au mur.<\/span><\/p>\n<p><span style=\"font-weight: 400\">L&rsquo;installation sur les syst\u00e8mes muraux Gladiator\u00ae est un jeu d&rsquo;enfant, offrant une solution rapide et pratique pour organiser votre espace de rangement. <\/span><\/p>\n<p><span style=\"font-weight: 400\">Chaque pack comprend 2 crochets pour bacs de rangement Gladiator\u00ae avec une charge maximale de 23 kg par paire, vous permettant de maximiser votre espace de stockage.<\/span><\/p>\n<p><span style=\"font-weight: 400\">Ne perdez plus de temps, cr\u00e9ez d\u00e8s maintenant votre solution murale id\u00e9ale avec les crochets Garage Mania ! Optez pour une organisation optimale de votre garage et retrouvez tous vos outils en un clin d&rsquo;\u0153il. <\/span><\/p>\n<p><span style=\"font-weight: 400\">Profitez de la qualit\u00e9 et de la fonctionnalit\u00e9 des supports Gladiator\u00ae pour une exp\u00e9rience de rangement in\u00e9gal\u00e9e. Commandez d\u00e8s aujourd&rsquo;hui et transformez votre garage en un espace de stockage efficace et bien ordonn\u00e9.<\/span><\/p>\n","protected":false},"featured_media":3215,"comment_status":"open","ping_status":"closed","template":"","meta":{"site-sidebar-layout":"default","site-content-layout":"default","ast-site-content-layout":"default","site-content-style":"default","site-sidebar-style":"default","ast-global-header-display":"","ast-banner-title-visibility":"","ast-main-header-display":"","ast-hfb-above-header-display":"","ast-hfb-below-header-display":"","ast-hfb-mobile-header-display":"","site-post-title":"","ast-breadcrumbs-content":"","ast-featured-img":"","footer-sml-layout":"","ast-disable-related-posts":"","theme-transparent-header-meta":"default","adv-header-id-meta":"","stick-header-meta":"","header-above-stick-meta":"","header-main-stick-meta":"","header-below-stick-meta":"","astra-migrate-meta-layouts":"set","ast-page-background-enabled":"default","ast-page-background-meta":{"desktop":{"background-color":"","background-image":"","background-repeat":"repeat","background-position":"center center","background-size":"auto","background-attachment":"scroll","background-type":"","background-media":"","overlay-type":"","overlay-color":"","overlay-opacity":"","overlay-gradient":""},"tablet":{"background-color":"","background-image":"","background-repeat":"repeat","background-position":"center center","background-size":"auto","background-attachment":"scroll","background-type":"","background-media":"","overlay-type":"","overlay-color":"","overlay-opacity":"","overlay-gradient":""},"mobile":{"background-color":"","background-image":"","background-repeat":"repeat","background-position":"center center","background-size":"auto","background-attachment":"scroll","background-type":"","background-media":"","overlay-type":"","overlay-color":"","overlay-opacity":"","overlay-gradient":""}},"ast-content-background-meta":{"desktop":{"background-color":"var(--ast-global-color-5)","background-image":"","background-repeat":"repeat","background-position":"center center","background-size":"auto","background-attachment":"scroll","background-type":"","background-media":"","overlay-type":"","overlay-color":"","overlay-opacity":"","overlay-gradient":""},"tablet":{"background-color":"var(--ast-global-color-5)","background-image":"","background-repeat":"repeat","background-position":"center center","background-size":"auto","background-attachment":"scroll","background-type":"","background-media":"","overlay-type":"","overlay-color":"","overlay-opacity":"","overlay-gradient":""},"mobile":{"background-color":"var(--ast-global-color-5)","background-image":"","background-repeat":"repeat","background-position":"center center","background-size":"auto","background-attachment":"scroll","background-type":"","background-media":"","overlay-type":"","overlay-color":"","overlay-opacity":"","overlay-gradient":""}}},"product_brand":[],"product_cat":[566],"product_tag":[448,471,567,1092],"class_list":{"0":"post-6802","1":"product","2":"type-product","3":"status-publish","4":"has-post-thumbnail","6":"product_cat-crochets","7":"product_tag-amenagement-garage","8":"product_tag-au-mur","9":"product_tag-crochet","10":"product_tag-gladiator-fr-2","11":"desktop-align-center","12":"tablet-align-center","13":"mobile-align-center","14":"ast-product-gallery-layout-horizontal-slider","15":"ast-magnify-disabled","16":"ast-qv-on-image","18":"first","19":"instock","20":"taxable","21":"shipping-taxable","22":"purchasable","23":"product-type-simple"},"bundled_by":[],"bundle_stock_status":"instock","bundle_stock_quantity":null,"bundle_virtual":false,"bundle_layout":"","bundle_add_to_cart_form_location":"","bundle_editable_in_cart":false,"bundle_sold_individually_context":"","bundle_item_grouping":"","bundle_min_size":"","bundle_max_size":"","bundle_price":[],"bundled_items":[],"bundle_sell_ids":[],"yoast_head":"<!-- This site is optimized with the Yoast SEO Premium plugin v27.3 (Yoast SEO v27.3) - https:\/\/yoast.com\/product\/yoast-seo-premium-wordpress\/ -->\n<title>Support Bac de rangement Gladiator\u00ae GAWUXXBMTH Garage Mania<\/title>\n<meta name=\"description\" content=\"Accrochez vos conteneurs au mur avec les crochets bac garage pour conteneurs de chez Garage Mania. Optimisez l&#039;espace du garage et \u00e9vitez la poussi\u00e8re au sol.\" \/>\n<meta name=\"robots\" content=\"index, follow, max-snippet:-1, max-image-preview:large, max-video-preview:-1\" \/>\n<link rel=\"canonical\" href=\"https:\/\/www.garagemania.ch\/fr\/produit\/support-bac-de-rangement-gawuxxbmth\/\" \/>\n<meta property=\"og:locale\" content=\"fr_FR\" \/>\n<meta property=\"og:type\" content=\"article\" \/>\n<meta property=\"og:title\" content=\"Support Bac de rangement Gladiator\u00ae GAWUXXBMTH - Garage Mania\" \/>\n<meta property=\"og:description\" content=\"Accrochez vos conteneurs au mur avec les crochets pour conteneurs de Garage Mania. Optimisez l&#039;espace et \u00e9vitez la poussi\u00e8re au sol\" \/>\n<meta property=\"og:url\" content=\"https:\/\/www.garagemania.ch\/fr\/produit\/support-bac-de-rangement-gawuxxbmth\/\" \/>\n<meta property=\"og:site_name\" content=\"Garage Mania\" \/>\n<meta property=\"article:publisher\" content=\"https:\/\/www.facebook.com\/garagemania.it\/\" \/>\n<meta property=\"article:modified_time\" content=\"2023-09-27T13:14:52+00:00\" \/>\n<meta property=\"og:image\" content=\"https:\/\/www.garagemania.ch\/wp-content\/uploads\/2021\/04\/GANCI-PER-CONTENITORI-SALVASPAZIO-GARAGE-MANIA.jpg\" \/>\n<meta name=\"twitter:card\" content=\"summary_large_image\" \/>\n<meta name=\"twitter:title\" content=\"Support Bac de rangement Gladiator\u00ae GAWUXXBMTH - Garage Mania\" \/>\n<meta name=\"twitter:description\" content=\"Accrochez vos conteneurs au mur avec les crochets pour conteneurs de Garage Mania. Optimisez l&#039;espace et \u00e9vitez la poussi\u00e8re au sol\" \/>\n<script type=\"application\/ld+json\" class=\"yoast-schema-graph\">{\"@context\":\"https:\\\/\\\/schema.org\",\"@graph\":[{\"@type\":\"WebPage\",\"@id\":\"https:\\\/\\\/www.garagemania.ch\\\/fr\\\/produit\\\/support-bac-de-rangement-gawuxxbmth\\\/\",\"url\":\"https:\\\/\\\/www.garagemania.ch\\\/fr\\\/produit\\\/support-bac-de-rangement-gawuxxbmth\\\/\",\"name\":\"Support Bac de rangement Gladiator\u00ae GAWUXXBMTH Garage Mania\",\"isPartOf\":{\"@id\":\"https:\\\/\\\/www.garagemania.ch\\\/fr\\\/#website\"},\"primaryImageOfPage\":{\"@id\":\"https:\\\/\\\/www.garagemania.ch\\\/fr\\\/produit\\\/support-bac-de-rangement-gawuxxbmth\\\/#primaryimage\"},\"image\":{\"@id\":\"https:\\\/\\\/www.garagemania.ch\\\/fr\\\/produit\\\/support-bac-de-rangement-gawuxxbmth\\\/#primaryimage\"},\"thumbnailUrl\":\"https:\\\/\\\/www.garagemania.ch\\\/wp-content\\\/uploads\\\/2021\\\/04\\\/Coppia-di-Ganci-per-contenitori-Garage-Mania-GAWUXXBMTH.jpg\",\"datePublished\":\"2021-04-20T15:37:41+00:00\",\"dateModified\":\"2023-09-27T13:14:52+00:00\",\"description\":\"Accrochez vos conteneurs au mur avec les crochets bac garage pour conteneurs de chez Garage Mania. Optimisez l'espace du garage et \u00e9vitez la poussi\u00e8re au sol.\",\"breadcrumb\":{\"@id\":\"https:\\\/\\\/www.garagemania.ch\\\/fr\\\/produit\\\/support-bac-de-rangement-gawuxxbmth\\\/#breadcrumb\"},\"inLanguage\":\"fr-FR\",\"potentialAction\":[{\"@type\":\"ReadAction\",\"target\":[\"https:\\\/\\\/www.garagemania.ch\\\/fr\\\/produit\\\/support-bac-de-rangement-gawuxxbmth\\\/\"]}]},{\"@type\":\"ImageObject\",\"inLanguage\":\"fr-FR\",\"@id\":\"https:\\\/\\\/www.garagemania.ch\\\/fr\\\/produit\\\/support-bac-de-rangement-gawuxxbmth\\\/#primaryimage\",\"url\":\"https:\\\/\\\/www.garagemania.ch\\\/wp-content\\\/uploads\\\/2021\\\/04\\\/Coppia-di-Ganci-per-contenitori-Garage-Mania-GAWUXXBMTH.jpg\",\"contentUrl\":\"https:\\\/\\\/www.garagemania.ch\\\/wp-content\\\/uploads\\\/2021\\\/04\\\/Coppia-di-Ganci-per-contenitori-Garage-Mania-GAWUXXBMTH.jpg\",\"width\":700,\"height\":700,\"caption\":\"Support Bac de rangement Garage Mania GAWUXXBMTH\"},{\"@type\":\"BreadcrumbList\",\"@id\":\"https:\\\/\\\/www.garagemania.ch\\\/fr\\\/produit\\\/support-bac-de-rangement-gawuxxbmth\\\/#breadcrumb\",\"itemListElement\":[{\"@type\":\"ListItem\",\"position\":1,\"name\":\"Home\",\"item\":\"https:\\\/\\\/www.garagemania.ch\\\/fr\\\/homepage\\\/\"},{\"@type\":\"ListItem\",\"position\":2,\"name\":\"Shop\",\"item\":\"https:\\\/\\\/www.garagemania.ch\\\/fr\\\/page-shop-pour-les-rangements-garage-de-chez-garage-mania\\\/\"},{\"@type\":\"ListItem\",\"position\":3,\"name\":\"Support Bacs de rangement Gladiator\u00ae GAWUXXBMTH (pack de 2)\"}]},{\"@type\":\"WebSite\",\"@id\":\"https:\\\/\\\/www.garagemania.ch\\\/fr\\\/#website\",\"url\":\"https:\\\/\\\/www.garagemania.ch\\\/fr\\\/\",\"name\":\"Garage Mania\",\"description\":\"Il luogo ideale per tutti coloro che vogliono un garage super esclusivo\",\"publisher\":{\"@id\":\"https:\\\/\\\/www.garagemania.ch\\\/fr\\\/#organization\"},\"potentialAction\":[{\"@type\":\"SearchAction\",\"target\":{\"@type\":\"EntryPoint\",\"urlTemplate\":\"https:\\\/\\\/www.garagemania.ch\\\/fr\\\/?s={search_term_string}\"},\"query-input\":{\"@type\":\"PropertyValueSpecification\",\"valueRequired\":true,\"valueName\":\"search_term_string\"}}],\"inLanguage\":\"fr-FR\"},{\"@type\":\"Organization\",\"@id\":\"https:\\\/\\\/www.garagemania.ch\\\/fr\\\/#organization\",\"name\":\"GLADIATOR WORX SAGL\",\"url\":\"https:\\\/\\\/www.garagemania.ch\\\/fr\\\/\",\"logo\":{\"@type\":\"ImageObject\",\"inLanguage\":\"fr-FR\",\"@id\":\"https:\\\/\\\/www.garagemania.ch\\\/fr\\\/#\\\/schema\\\/logo\\\/image\\\/\",\"url\":\"https:\\\/\\\/www.garagemania.ch\\\/wp-content\\\/uploads\\\/2021\\\/03\\\/Logo-Garage-Mania.png\",\"contentUrl\":\"https:\\\/\\\/www.garagemania.ch\\\/wp-content\\\/uploads\\\/2021\\\/03\\\/Logo-Garage-Mania.png\",\"width\":300,\"height\":282,\"caption\":\"GLADIATOR WORX SAGL\"},\"image\":{\"@id\":\"https:\\\/\\\/www.garagemania.ch\\\/fr\\\/#\\\/schema\\\/logo\\\/image\\\/\"},\"sameAs\":[\"https:\\\/\\\/www.facebook.com\\\/garagemania.it\\\/\",\"https:\\\/\\\/www.instagram.com\\\/garagemania.it\\\/\"]}]}<\/script>\n<!-- \/ Yoast SEO Premium plugin. -->","yoast_head_json":{"title":"Support Bac de rangement Gladiator\u00ae GAWUXXBMTH Garage Mania","description":"Accrochez vos conteneurs au mur avec les crochets bac garage pour conteneurs de chez Garage Mania. Optimisez l'espace du garage et \u00e9vitez la poussi\u00e8re au sol.","robots":{"index":"index","follow":"follow","max-snippet":"max-snippet:-1","max-image-preview":"max-image-preview:large","max-video-preview":"max-video-preview:-1"},"canonical":"https:\/\/www.garagemania.ch\/fr\/produit\/support-bac-de-rangement-gawuxxbmth\/","og_locale":"fr_FR","og_type":"article","og_title":"Support Bac de rangement Gladiator\u00ae GAWUXXBMTH - Garage Mania","og_description":"Accrochez vos conteneurs au mur avec les crochets pour conteneurs de Garage Mania. Optimisez l'espace et \u00e9vitez la poussi\u00e8re au sol","og_url":"https:\/\/www.garagemania.ch\/fr\/produit\/support-bac-de-rangement-gawuxxbmth\/","og_site_name":"Garage Mania","article_publisher":"https:\/\/www.facebook.com\/garagemania.it\/","article_modified_time":"2023-09-27T13:14:52+00:00","og_image":[{"url":"https:\/\/www.garagemania.ch\/wp-content\/uploads\/2021\/04\/GANCI-PER-CONTENITORI-SALVASPAZIO-GARAGE-MANIA.jpg","type":"","width":"","height":""}],"twitter_card":"summary_large_image","twitter_title":"Support Bac de rangement Gladiator\u00ae GAWUXXBMTH - Garage Mania","twitter_description":"Accrochez vos conteneurs au mur avec les crochets pour conteneurs de Garage Mania. Optimisez l'espace et \u00e9vitez la poussi\u00e8re au sol","schema":{"@context":"https:\/\/schema.org","@graph":[{"@type":"WebPage","@id":"https:\/\/www.garagemania.ch\/fr\/produit\/support-bac-de-rangement-gawuxxbmth\/","url":"https:\/\/www.garagemania.ch\/fr\/produit\/support-bac-de-rangement-gawuxxbmth\/","name":"Support Bac de rangement Gladiator\u00ae GAWUXXBMTH Garage Mania","isPartOf":{"@id":"https:\/\/www.garagemania.ch\/fr\/#website"},"primaryImageOfPage":{"@id":"https:\/\/www.garagemania.ch\/fr\/produit\/support-bac-de-rangement-gawuxxbmth\/#primaryimage"},"image":{"@id":"https:\/\/www.garagemania.ch\/fr\/produit\/support-bac-de-rangement-gawuxxbmth\/#primaryimage"},"thumbnailUrl":"https:\/\/www.garagemania.ch\/wp-content\/uploads\/2021\/04\/Coppia-di-Ganci-per-contenitori-Garage-Mania-GAWUXXBMTH.jpg","datePublished":"2021-04-20T15:37:41+00:00","dateModified":"2023-09-27T13:14:52+00:00","description":"Accrochez vos conteneurs au mur avec les crochets bac garage pour conteneurs de chez Garage Mania. Optimisez l'espace du garage et \u00e9vitez la poussi\u00e8re au sol.","breadcrumb":{"@id":"https:\/\/www.garagemania.ch\/fr\/produit\/support-bac-de-rangement-gawuxxbmth\/#breadcrumb"},"inLanguage":"fr-FR","potentialAction":[{"@type":"ReadAction","target":["https:\/\/www.garagemania.ch\/fr\/produit\/support-bac-de-rangement-gawuxxbmth\/"]}]},{"@type":"ImageObject","inLanguage":"fr-FR","@id":"https:\/\/www.garagemania.ch\/fr\/produit\/support-bac-de-rangement-gawuxxbmth\/#primaryimage","url":"https:\/\/www.garagemania.ch\/wp-content\/uploads\/2021\/04\/Coppia-di-Ganci-per-contenitori-Garage-Mania-GAWUXXBMTH.jpg","contentUrl":"https:\/\/www.garagemania.ch\/wp-content\/uploads\/2021\/04\/Coppia-di-Ganci-per-contenitori-Garage-Mania-GAWUXXBMTH.jpg","width":700,"height":700,"caption":"Support Bac de rangement Garage Mania GAWUXXBMTH"},{"@type":"BreadcrumbList","@id":"https:\/\/www.garagemania.ch\/fr\/produit\/support-bac-de-rangement-gawuxxbmth\/#breadcrumb","itemListElement":[{"@type":"ListItem","position":1,"name":"Home","item":"https:\/\/www.garagemania.ch\/fr\/homepage\/"},{"@type":"ListItem","position":2,"name":"Shop","item":"https:\/\/www.garagemania.ch\/fr\/page-shop-pour-les-rangements-garage-de-chez-garage-mania\/"},{"@type":"ListItem","position":3,"name":"Support Bacs de rangement Gladiator\u00ae GAWUXXBMTH (pack de 2)"}]},{"@type":"WebSite","@id":"https:\/\/www.garagemania.ch\/fr\/#website","url":"https:\/\/www.garagemania.ch\/fr\/","name":"Garage Mania","description":"Il luogo ideale per tutti coloro che vogliono un garage super esclusivo","publisher":{"@id":"https:\/\/www.garagemania.ch\/fr\/#organization"},"potentialAction":[{"@type":"SearchAction","target":{"@type":"EntryPoint","urlTemplate":"https:\/\/www.garagemania.ch\/fr\/?s={search_term_string}"},"query-input":{"@type":"PropertyValueSpecification","valueRequired":true,"valueName":"search_term_string"}}],"inLanguage":"fr-FR"},{"@type":"Organization","@id":"https:\/\/www.garagemania.ch\/fr\/#organization","name":"GLADIATOR WORX SAGL","url":"https:\/\/www.garagemania.ch\/fr\/","logo":{"@type":"ImageObject","inLanguage":"fr-FR","@id":"https:\/\/www.garagemania.ch\/fr\/#\/schema\/logo\/image\/","url":"https:\/\/www.garagemania.ch\/wp-content\/uploads\/2021\/03\/Logo-Garage-Mania.png","contentUrl":"https:\/\/www.garagemania.ch\/wp-content\/uploads\/2021\/03\/Logo-Garage-Mania.png","width":300,"height":282,"caption":"GLADIATOR WORX SAGL"},"image":{"@id":"https:\/\/www.garagemania.ch\/fr\/#\/schema\/logo\/image\/"},"sameAs":["https:\/\/www.facebook.com\/garagemania.it\/","https:\/\/www.instagram.com\/garagemania.it\/"]}]}},"_links":{"self":[{"href":"https:\/\/www.garagemania.ch\/fr\/wp-json\/wp\/v2\/product\/6802","targetHints":{"allow":["GET"]}}],"collection":[{"href":"https:\/\/www.garagemania.ch\/fr\/wp-json\/wp\/v2\/product"}],"about":[{"href":"https:\/\/www.garagemania.ch\/fr\/wp-json\/wp\/v2\/types\/product"}],"replies":[{"embeddable":true,"href":"https:\/\/www.garagemania.ch\/fr\/wp-json\/wp\/v2\/comments?post=6802"}],"version-history":[{"count":3,"href":"https:\/\/www.garagemania.ch\/fr\/wp-json\/wp\/v2\/product\/6802\/revisions"}],"predecessor-version":[{"id":14025,"href":"https:\/\/www.garagemania.ch\/fr\/wp-json\/wp\/v2\/product\/6802\/revisions\/14025"}],"wp:featuredmedia":[{"embeddable":true,"href":"https:\/\/www.garagemania.ch\/fr\/wp-json\/wp\/v2\/media\/3215"}],"wp:attachment":[{"href":"https:\/\/www.garagemania.ch\/fr\/wp-json\/wp\/v2\/media?parent=6802"}],"wp:term":[{"taxonomy":"product_brand","embeddable":true,"href":"https:\/\/www.garagemania.ch\/fr\/wp-json\/wp\/v2\/product_brand?post=6802"},{"taxonomy":"product_cat","embeddable":true,"href":"https:\/\/www.garagemania.ch\/fr\/wp-json\/wp\/v2\/product_cat?post=6802"},{"taxonomy":"product_tag","embeddable":true,"href":"https:\/\/www.garagemania.ch\/fr\/wp-json\/wp\/v2\/product_tag?post=6802"}],"curies":[{"name":"wp","href":"https:\/\/api.w.org\/{rel}","templated":true}]}}