{"id":6812,"date":"2021-04-20T17:28:47","date_gmt":"2021-04-20T15:28:47","guid":{"rendered":"https:\/\/www.garagemania.ch\/prodotto\/crochet-pour-canne-a-peche-gawvxxfhth\/"},"modified":"2024-01-17T10:01:00","modified_gmt":"2024-01-17T09:01:00","slug":"crochet-pour-canne-a-peche-gawvxxfhth","status":"publish","type":"product","link":"https:\/\/www.garagemania.ch\/fr\/produit\/crochet-pour-canne-a-peche-gawvxxfhth\/","title":{"rendered":"Crochet pour canne \u00e0 p\u00eache Gladiator\u00ae GAWVXXFHTH (2 paires)"},"content":{"rendered":"","protected":false},"excerpt":{"rendered":"<p><span style=\"font-weight: 400;\">D\u00e9couvrez le<\/span><span style=\"font-weight: 400;\"> Crochet canne \u00e0 p\u00eache<\/span><span style=\"font-weight: 400;\"> Gladiator\u00ae GAWVXXFHTH (2 paires) chez Garage Mania, une solution id\u00e9ale pour ranger vos cannes \u00e0 p\u00eache avec soin. Ces crochets, fabriqu\u00e9s en acier de haute qualit\u00e9, sont \u00e0 la fois solides et r\u00e9sistants, assurant la s\u00e9curit\u00e9 et la durabilit\u00e9 de votre \u00e9quipement.<\/span><\/p>\n<p><span style=\"font-weight: 400;\">Chaque Crochet est con\u00e7u avec un rembourrage en vinyle \u00e0 l&#8217;embout, offrant une protection suppl\u00e9mentaire contre les rayures et l&rsquo;usure. Ce d\u00e9tail est essentiel pour maintenir vos cannes \u00e0 p\u00eache en parfait \u00e9tat. De plus, les languettes de verrouillage int\u00e9gr\u00e9es garantissent une fixation s\u00fbre et fiable au mur.<\/span><\/p>\n<p><span style=\"font-weight: 400;\">Le pack inclus dans notre crochet comprend deux paires (soit quatre pi\u00e8ces au total), vous permettant d&rsquo;accrocher jusqu&rsquo;\u00e0 deux cannes \u00e0 p\u00eache au mur. Cette capacit\u00e9 rend l&rsquo;organisation de votre \u00e9quipement de p\u00eache \u00e0 la fois pratique et esth\u00e9tique.<\/span><\/p>\n<p><span style=\"font-weight: 400;\">Les <\/span><span style=\"font-weight: 400;\">crochets canne \u00e0 p\u00eache<\/span><span style=\"font-weight: 400;\"> Gladiator\u00ae sont remarquablement polyvalents. Vous avez le choix de stocker vos cannes \u00e0 p\u00eache soit horizontalement soit verticalement, s&rsquo;adaptant parfaitement aux syst\u00e8mes muraux Gladiator\u00ae. Cette flexibilit\u00e9 est id\u00e9ale pour les espaces de toutes tailles.<\/span><\/p>\n<p><span style=\"font-weight: 400;\">Alors, qu&rsquo;attendez-vous ? Cr\u00e9ez votre solution murale personnalis\u00e9e avec les crochets Garage Mania. Ils repr\u00e9sentent la solution parfaite pour tous les passionn\u00e9s de p\u00eache qui souhaitent organiser et prot\u00e9ger leur mat\u00e9riel.<\/span><\/p>\n","protected":false},"featured_media":3265,"comment_status":"open","ping_status":"closed","template":"","meta":{"site-sidebar-layout":"default","site-content-layout":"default","ast-site-content-layout":"default","site-content-style":"default","site-sidebar-style":"default","ast-global-header-display":"","ast-banner-title-visibility":"","ast-main-header-display":"","ast-hfb-above-header-display":"","ast-hfb-below-header-display":"","ast-hfb-mobile-header-display":"","site-post-title":"","ast-breadcrumbs-content":"","ast-featured-img":"","footer-sml-layout":"","ast-disable-related-posts":"","theme-transparent-header-meta":"default","adv-header-id-meta":"","stick-header-meta":"","header-above-stick-meta":"","header-main-stick-meta":"","header-below-stick-meta":"","astra-migrate-meta-layouts":"set","ast-page-background-enabled":"default","ast-page-background-meta":{"desktop":{"background-color":"","background-image":"","background-repeat":"repeat","background-position":"center center","background-size":"auto","background-attachment":"scroll","background-type":"","background-media":"","overlay-type":"","overlay-color":"","overlay-opacity":"","overlay-gradient":""},"tablet":{"background-color":"","background-image":"","background-repeat":"repeat","background-position":"center center","background-size":"auto","background-attachment":"scroll","background-type":"","background-media":"","overlay-type":"","overlay-color":"","overlay-opacity":"","overlay-gradient":""},"mobile":{"background-color":"","background-image":"","background-repeat":"repeat","background-position":"center center","background-size":"auto","background-attachment":"scroll","background-type":"","background-media":"","overlay-type":"","overlay-color":"","overlay-opacity":"","overlay-gradient":""}},"ast-content-background-meta":{"desktop":{"background-color":"var(--ast-global-color-5)","background-image":"","background-repeat":"repeat","background-position":"center center","background-size":"auto","background-attachment":"scroll","background-type":"","background-media":"","overlay-type":"","overlay-color":"","overlay-opacity":"","overlay-gradient":""},"tablet":{"background-color":"var(--ast-global-color-5)","background-image":"","background-repeat":"repeat","background-position":"center center","background-size":"auto","background-attachment":"scroll","background-type":"","background-media":"","overlay-type":"","overlay-color":"","overlay-opacity":"","overlay-gradient":""},"mobile":{"background-color":"var(--ast-global-color-5)","background-image":"","background-repeat":"repeat","background-position":"center center","background-size":"auto","background-attachment":"scroll","background-type":"","background-media":"","overlay-type":"","overlay-color":"","overlay-opacity":"","overlay-gradient":""}}},"product_brand":[],"product_cat":[566],"product_tag":[448,471,567,1092],"class_list":{"0":"post-6812","1":"product","2":"type-product","3":"status-publish","4":"has-post-thumbnail","6":"product_cat-crochets","7":"product_tag-amenagement-garage","8":"product_tag-au-mur","9":"product_tag-crochet","10":"product_tag-gladiator-fr-2","11":"desktop-align-center","12":"tablet-align-center","13":"mobile-align-center","14":"ast-product-gallery-layout-horizontal-slider","15":"ast-magnify-disabled","16":"ast-qv-on-image","18":"first","19":"instock","20":"taxable","21":"shipping-taxable","22":"purchasable","23":"product-type-simple"},"bundled_by":[],"bundle_stock_status":"instock","bundle_stock_quantity":null,"bundle_virtual":false,"bundle_layout":"","bundle_add_to_cart_form_location":"","bundle_editable_in_cart":false,"bundle_sold_individually_context":"","bundle_item_grouping":"","bundle_min_size":"","bundle_max_size":"","bundle_price":[],"bundled_items":[],"bundle_sell_ids":[],"yoast_head":"<!-- This site is optimized with the Yoast SEO Premium plugin v27.5 (Yoast SEO v27.5) - https:\/\/yoast.com\/product\/yoast-seo-premium-wordpress\/ -->\n<title>Rangement Crochet Canne \u00e0 P\u00eache Gladiator, Efficace &amp; Solide<\/title>\n<meta name=\"description\" content=\"Optimisez l&#039;ordre avec le Crochet canne \u00e0 p\u00eache Gladiator\u00ae de chez Garage Mania. Conception robuste et montage polyvalent. Prot\u00e9gez et exposez vos cannes !\" \/>\n<meta name=\"robots\" content=\"index, follow, max-snippet:-1, max-image-preview:large, max-video-preview:-1\" \/>\n<link rel=\"canonical\" href=\"https:\/\/www.garagemania.ch\/fr\/produit\/crochet-pour-canne-a-peche-gawvxxfhth\/\" \/>\n<meta property=\"og:locale\" content=\"fr_FR\" \/>\n<meta property=\"og:type\" content=\"article\" \/>\n<meta property=\"og:title\" content=\"Crochet pour canne \u00e0 p\u00eache Gladiator\u00ae GAWVXXFHTH - Garage Mania\" \/>\n<meta property=\"og:description\" content=\"Votre canne \u00e0 p\u00eache prend trop de place ? R\u00e9solution des probl\u00e8mes avec le crochet pour canne \u00e0 p\u00eache Gladiator. Facile \u00e0 installer sur le mur\" \/>\n<meta property=\"og:url\" content=\"https:\/\/www.garagemania.ch\/fr\/produit\/crochet-pour-canne-a-peche-gawvxxfhth\/\" \/>\n<meta property=\"og:site_name\" content=\"Garage Mania\" \/>\n<meta property=\"article:publisher\" content=\"https:\/\/www.facebook.com\/garagemania.it\/\" \/>\n<meta property=\"article:modified_time\" content=\"2024-01-17T09:01:00+00:00\" \/>\n<meta property=\"og:image\" content=\"https:\/\/www.garagemania.ch\/wp-content\/uploads\/2021\/04\/GLADIATOR-GANCIO-PER-CANNA-DA-PESCA.jpg\" \/>\n<meta name=\"twitter:card\" content=\"summary_large_image\" \/>\n<meta name=\"twitter:title\" content=\"Crochet pour canne \u00e0 p\u00eache Gladiator\u00ae GAWVXXFHTH - Garage Mania\" \/>\n<meta name=\"twitter:description\" content=\"Votre canne \u00e0 p\u00eache prend trop de place ? R\u00e9solution des probl\u00e8mes avec le crochet pour canne \u00e0 p\u00eache Gladiator. Facile \u00e0 installer sur le mur\" \/>\n<meta name=\"twitter:label1\" content=\"Dur\u00e9e de lecture estim\u00e9e\" \/>\n\t<meta name=\"twitter:data1\" content=\"1 minute\" \/>\n<script type=\"application\/ld+json\" class=\"yoast-schema-graph\">{\"@context\":\"https:\\\/\\\/schema.org\",\"@graph\":[{\"@type\":\"WebPage\",\"@id\":\"https:\\\/\\\/www.garagemania.ch\\\/fr\\\/produit\\\/crochet-pour-canne-a-peche-gawvxxfhth\\\/\",\"url\":\"https:\\\/\\\/www.garagemania.ch\\\/fr\\\/produit\\\/crochet-pour-canne-a-peche-gawvxxfhth\\\/\",\"name\":\"Rangement Crochet Canne \u00e0 P\u00eache Gladiator, Efficace & Solide\",\"isPartOf\":{\"@id\":\"https:\\\/\\\/www.garagemania.ch\\\/fr\\\/#website\"},\"primaryImageOfPage\":{\"@id\":\"https:\\\/\\\/www.garagemania.ch\\\/fr\\\/produit\\\/crochet-pour-canne-a-peche-gawvxxfhth\\\/#primaryimage\"},\"image\":{\"@id\":\"https:\\\/\\\/www.garagemania.ch\\\/fr\\\/produit\\\/crochet-pour-canne-a-peche-gawvxxfhth\\\/#primaryimage\"},\"thumbnailUrl\":\"https:\\\/\\\/www.garagemania.ch\\\/wp-content\\\/uploads\\\/2021\\\/04\\\/Gancio-per-canna-da-pesca-Garage-Mania-GAWVXXFHTH.jpg\",\"datePublished\":\"2021-04-20T15:28:47+00:00\",\"dateModified\":\"2024-01-17T09:01:00+00:00\",\"description\":\"Optimisez l'ordre avec le Crochet canne \u00e0 p\u00eache Gladiator\u00ae de chez Garage Mania. Conception robuste et montage polyvalent. Prot\u00e9gez et exposez vos cannes !\",\"breadcrumb\":{\"@id\":\"https:\\\/\\\/www.garagemania.ch\\\/fr\\\/produit\\\/crochet-pour-canne-a-peche-gawvxxfhth\\\/#breadcrumb\"},\"inLanguage\":\"fr-FR\",\"potentialAction\":[{\"@type\":\"ReadAction\",\"target\":[\"https:\\\/\\\/www.garagemania.ch\\\/fr\\\/produit\\\/crochet-pour-canne-a-peche-gawvxxfhth\\\/\"]}]},{\"@type\":\"ImageObject\",\"inLanguage\":\"fr-FR\",\"@id\":\"https:\\\/\\\/www.garagemania.ch\\\/fr\\\/produit\\\/crochet-pour-canne-a-peche-gawvxxfhth\\\/#primaryimage\",\"url\":\"https:\\\/\\\/www.garagemania.ch\\\/wp-content\\\/uploads\\\/2021\\\/04\\\/Gancio-per-canna-da-pesca-Garage-Mania-GAWVXXFHTH.jpg\",\"contentUrl\":\"https:\\\/\\\/www.garagemania.ch\\\/wp-content\\\/uploads\\\/2021\\\/04\\\/Gancio-per-canna-da-pesca-Garage-Mania-GAWVXXFHTH.jpg\",\"width\":700,\"height\":700,\"caption\":\"Crochet pour canne \u00e0 p\u00eache Garage Mania GAWVXXFHTH\"},{\"@type\":\"BreadcrumbList\",\"@id\":\"https:\\\/\\\/www.garagemania.ch\\\/fr\\\/produit\\\/crochet-pour-canne-a-peche-gawvxxfhth\\\/#breadcrumb\",\"itemListElement\":[{\"@type\":\"ListItem\",\"position\":1,\"name\":\"Home\",\"item\":\"https:\\\/\\\/www.garagemania.ch\\\/fr\\\/homepage\\\/\"},{\"@type\":\"ListItem\",\"position\":2,\"name\":\"Shop\",\"item\":\"https:\\\/\\\/www.garagemania.ch\\\/fr\\\/page-shop-pour-les-rangements-garage-de-chez-garage-mania\\\/\"},{\"@type\":\"ListItem\",\"position\":3,\"name\":\"Crochet pour canne \u00e0 p\u00eache Gladiator\u00ae GAWVXXFHTH (2 paires)\"}]},{\"@type\":\"WebSite\",\"@id\":\"https:\\\/\\\/www.garagemania.ch\\\/fr\\\/#website\",\"url\":\"https:\\\/\\\/www.garagemania.ch\\\/fr\\\/\",\"name\":\"Garage Mania\",\"description\":\"Il luogo ideale per tutti coloro che vogliono un garage super esclusivo\",\"publisher\":{\"@id\":\"https:\\\/\\\/www.garagemania.ch\\\/fr\\\/#organization\"},\"potentialAction\":[{\"@type\":\"SearchAction\",\"target\":{\"@type\":\"EntryPoint\",\"urlTemplate\":\"https:\\\/\\\/www.garagemania.ch\\\/fr\\\/?s={search_term_string}\"},\"query-input\":{\"@type\":\"PropertyValueSpecification\",\"valueRequired\":true,\"valueName\":\"search_term_string\"}}],\"inLanguage\":\"fr-FR\"},{\"@type\":\"Organization\",\"@id\":\"https:\\\/\\\/www.garagemania.ch\\\/fr\\\/#organization\",\"name\":\"GLADIATOR WORX SAGL\",\"url\":\"https:\\\/\\\/www.garagemania.ch\\\/fr\\\/\",\"logo\":{\"@type\":\"ImageObject\",\"inLanguage\":\"fr-FR\",\"@id\":\"https:\\\/\\\/www.garagemania.ch\\\/fr\\\/#\\\/schema\\\/logo\\\/image\\\/\",\"url\":\"https:\\\/\\\/www.garagemania.ch\\\/wp-content\\\/uploads\\\/2021\\\/03\\\/Logo-Garage-Mania.png\",\"contentUrl\":\"https:\\\/\\\/www.garagemania.ch\\\/wp-content\\\/uploads\\\/2021\\\/03\\\/Logo-Garage-Mania.png\",\"width\":300,\"height\":282,\"caption\":\"GLADIATOR WORX SAGL\"},\"image\":{\"@id\":\"https:\\\/\\\/www.garagemania.ch\\\/fr\\\/#\\\/schema\\\/logo\\\/image\\\/\"},\"sameAs\":[\"https:\\\/\\\/www.facebook.com\\\/garagemania.it\\\/\",\"https:\\\/\\\/www.instagram.com\\\/garagemania.it\\\/\"]}]}<\/script>\n<!-- \/ Yoast SEO Premium plugin. -->","yoast_head_json":{"title":"Rangement Crochet Canne \u00e0 P\u00eache Gladiator, Efficace & Solide","description":"Optimisez l'ordre avec le Crochet canne \u00e0 p\u00eache Gladiator\u00ae de chez Garage Mania. Conception robuste et montage polyvalent. Prot\u00e9gez et exposez vos cannes !","robots":{"index":"index","follow":"follow","max-snippet":"max-snippet:-1","max-image-preview":"max-image-preview:large","max-video-preview":"max-video-preview:-1"},"canonical":"https:\/\/www.garagemania.ch\/fr\/produit\/crochet-pour-canne-a-peche-gawvxxfhth\/","og_locale":"fr_FR","og_type":"article","og_title":"Crochet pour canne \u00e0 p\u00eache Gladiator\u00ae GAWVXXFHTH - Garage Mania","og_description":"Votre canne \u00e0 p\u00eache prend trop de place ? R\u00e9solution des probl\u00e8mes avec le crochet pour canne \u00e0 p\u00eache Gladiator. Facile \u00e0 installer sur le mur","og_url":"https:\/\/www.garagemania.ch\/fr\/produit\/crochet-pour-canne-a-peche-gawvxxfhth\/","og_site_name":"Garage Mania","article_publisher":"https:\/\/www.facebook.com\/garagemania.it\/","article_modified_time":"2024-01-17T09:01:00+00:00","og_image":[{"url":"https:\/\/www.garagemania.ch\/wp-content\/uploads\/2021\/04\/GLADIATOR-GANCIO-PER-CANNA-DA-PESCA.jpg","type":"","width":"","height":""}],"twitter_card":"summary_large_image","twitter_title":"Crochet pour canne \u00e0 p\u00eache Gladiator\u00ae GAWVXXFHTH - Garage Mania","twitter_description":"Votre canne \u00e0 p\u00eache prend trop de place ? R\u00e9solution des probl\u00e8mes avec le crochet pour canne \u00e0 p\u00eache Gladiator. Facile \u00e0 installer sur le mur","twitter_misc":{"Dur\u00e9e de lecture estim\u00e9e":"1 minute"},"schema":{"@context":"https:\/\/schema.org","@graph":[{"@type":"WebPage","@id":"https:\/\/www.garagemania.ch\/fr\/produit\/crochet-pour-canne-a-peche-gawvxxfhth\/","url":"https:\/\/www.garagemania.ch\/fr\/produit\/crochet-pour-canne-a-peche-gawvxxfhth\/","name":"Rangement Crochet Canne \u00e0 P\u00eache Gladiator, Efficace & Solide","isPartOf":{"@id":"https:\/\/www.garagemania.ch\/fr\/#website"},"primaryImageOfPage":{"@id":"https:\/\/www.garagemania.ch\/fr\/produit\/crochet-pour-canne-a-peche-gawvxxfhth\/#primaryimage"},"image":{"@id":"https:\/\/www.garagemania.ch\/fr\/produit\/crochet-pour-canne-a-peche-gawvxxfhth\/#primaryimage"},"thumbnailUrl":"https:\/\/www.garagemania.ch\/wp-content\/uploads\/2021\/04\/Gancio-per-canna-da-pesca-Garage-Mania-GAWVXXFHTH.jpg","datePublished":"2021-04-20T15:28:47+00:00","dateModified":"2024-01-17T09:01:00+00:00","description":"Optimisez l'ordre avec le Crochet canne \u00e0 p\u00eache Gladiator\u00ae de chez Garage Mania. Conception robuste et montage polyvalent. Prot\u00e9gez et exposez vos cannes !","breadcrumb":{"@id":"https:\/\/www.garagemania.ch\/fr\/produit\/crochet-pour-canne-a-peche-gawvxxfhth\/#breadcrumb"},"inLanguage":"fr-FR","potentialAction":[{"@type":"ReadAction","target":["https:\/\/www.garagemania.ch\/fr\/produit\/crochet-pour-canne-a-peche-gawvxxfhth\/"]}]},{"@type":"ImageObject","inLanguage":"fr-FR","@id":"https:\/\/www.garagemania.ch\/fr\/produit\/crochet-pour-canne-a-peche-gawvxxfhth\/#primaryimage","url":"https:\/\/www.garagemania.ch\/wp-content\/uploads\/2021\/04\/Gancio-per-canna-da-pesca-Garage-Mania-GAWVXXFHTH.jpg","contentUrl":"https:\/\/www.garagemania.ch\/wp-content\/uploads\/2021\/04\/Gancio-per-canna-da-pesca-Garage-Mania-GAWVXXFHTH.jpg","width":700,"height":700,"caption":"Crochet pour canne \u00e0 p\u00eache Garage Mania GAWVXXFHTH"},{"@type":"BreadcrumbList","@id":"https:\/\/www.garagemania.ch\/fr\/produit\/crochet-pour-canne-a-peche-gawvxxfhth\/#breadcrumb","itemListElement":[{"@type":"ListItem","position":1,"name":"Home","item":"https:\/\/www.garagemania.ch\/fr\/homepage\/"},{"@type":"ListItem","position":2,"name":"Shop","item":"https:\/\/www.garagemania.ch\/fr\/page-shop-pour-les-rangements-garage-de-chez-garage-mania\/"},{"@type":"ListItem","position":3,"name":"Crochet pour canne \u00e0 p\u00eache Gladiator\u00ae GAWVXXFHTH (2 paires)"}]},{"@type":"WebSite","@id":"https:\/\/www.garagemania.ch\/fr\/#website","url":"https:\/\/www.garagemania.ch\/fr\/","name":"Garage Mania","description":"Il luogo ideale per tutti coloro che vogliono un garage super esclusivo","publisher":{"@id":"https:\/\/www.garagemania.ch\/fr\/#organization"},"potentialAction":[{"@type":"SearchAction","target":{"@type":"EntryPoint","urlTemplate":"https:\/\/www.garagemania.ch\/fr\/?s={search_term_string}"},"query-input":{"@type":"PropertyValueSpecification","valueRequired":true,"valueName":"search_term_string"}}],"inLanguage":"fr-FR"},{"@type":"Organization","@id":"https:\/\/www.garagemania.ch\/fr\/#organization","name":"GLADIATOR WORX SAGL","url":"https:\/\/www.garagemania.ch\/fr\/","logo":{"@type":"ImageObject","inLanguage":"fr-FR","@id":"https:\/\/www.garagemania.ch\/fr\/#\/schema\/logo\/image\/","url":"https:\/\/www.garagemania.ch\/wp-content\/uploads\/2021\/03\/Logo-Garage-Mania.png","contentUrl":"https:\/\/www.garagemania.ch\/wp-content\/uploads\/2021\/03\/Logo-Garage-Mania.png","width":300,"height":282,"caption":"GLADIATOR WORX SAGL"},"image":{"@id":"https:\/\/www.garagemania.ch\/fr\/#\/schema\/logo\/image\/"},"sameAs":["https:\/\/www.facebook.com\/garagemania.it\/","https:\/\/www.instagram.com\/garagemania.it\/"]}]}},"_links":{"self":[{"href":"https:\/\/www.garagemania.ch\/fr\/wp-json\/wp\/v2\/product\/6812","targetHints":{"allow":["GET"]}}],"collection":[{"href":"https:\/\/www.garagemania.ch\/fr\/wp-json\/wp\/v2\/product"}],"about":[{"href":"https:\/\/www.garagemania.ch\/fr\/wp-json\/wp\/v2\/types\/product"}],"replies":[{"embeddable":true,"href":"https:\/\/www.garagemania.ch\/fr\/wp-json\/wp\/v2\/comments?post=6812"}],"version-history":[{"count":3,"href":"https:\/\/www.garagemania.ch\/fr\/wp-json\/wp\/v2\/product\/6812\/revisions"}],"predecessor-version":[{"id":14932,"href":"https:\/\/www.garagemania.ch\/fr\/wp-json\/wp\/v2\/product\/6812\/revisions\/14932"}],"wp:featuredmedia":[{"embeddable":true,"href":"https:\/\/www.garagemania.ch\/fr\/wp-json\/wp\/v2\/media\/3265"}],"wp:attachment":[{"href":"https:\/\/www.garagemania.ch\/fr\/wp-json\/wp\/v2\/media?parent=6812"}],"wp:term":[{"taxonomy":"product_brand","embeddable":true,"href":"https:\/\/www.garagemania.ch\/fr\/wp-json\/wp\/v2\/product_brand?post=6812"},{"taxonomy":"product_cat","embeddable":true,"href":"https:\/\/www.garagemania.ch\/fr\/wp-json\/wp\/v2\/product_cat?post=6812"},{"taxonomy":"product_tag","embeddable":true,"href":"https:\/\/www.garagemania.ch\/fr\/wp-json\/wp\/v2\/product_tag?post=6812"}],"curies":[{"name":"wp","href":"https:\/\/api.w.org\/{rel}","templated":true}]}}