{"id":6853,"date":"2021-04-20T15:45:33","date_gmt":"2021-04-20T13:45:33","guid":{"rendered":"https:\/\/www.garagemania.ch\/prodotto\/crochet-louche-gawuxxscrh\/"},"modified":"2023-09-27T15:07:46","modified_gmt":"2023-09-27T13:07:46","slug":"crochet-louche-gawuxxscrh","status":"publish","type":"product","link":"https:\/\/www.garagemania.ch\/fr\/produit\/crochet-louche-gawuxxscrh\/","title":{"rendered":"Crochet louche Gladiator\u00ae GAWUXXSCRH"},"content":{"rendered":"","protected":false},"excerpt":{"rendered":"<p><span style=\"font-weight: 400\">D\u00e9couvrez le Crochet Louche Gladiator\u00ae GAWUXXSCRH chez Garage Mania, l&rsquo;accessoire id\u00e9al pour un rangement mural efficace dans votre garage. Fabriqu\u00e9 en acier solide, ce crochet offre une charge maximale de 23 kg, assurant une suspension robuste pour vos outils.<\/span><\/p>\n<p><span style=\"font-weight: 400\">Gr\u00e2ce au rembourrage en vinyle sur l&#8217;embout, vos outils sont prot\u00e9g\u00e9s des rayures et de l&rsquo;usure gr\u00e2ce au <\/span><span style=\"font-weight: 400\">crochet mural garage<\/span><span style=\"font-weight: 400\">. Les languettes de verrouillage garantissent une fixation s\u00e9curis\u00e9e au mur, assurant une stabilit\u00e9 maximale pour les articles accroch\u00e9s.<\/span><\/p>\n<p><span style=\"font-weight: 400\">Ce crochet mural est parfait pour accrocher les planches \u00e0 roulettes, les pelles, les r\u00e2teaux, les pagaies de kayak et bien plus encore, vous permettant ainsi de lib\u00e9rer de l&rsquo;espace au sol et de garder votre garage bien rang\u00e9.<\/span><\/p>\n<p><span style=\"font-weight: 400\">L&rsquo;installation de ce crochet est rapide et facile sur les syst\u00e8mes muraux Gladiator\u00ae, offrant une compatibilit\u00e9 et une flexibilit\u00e9 totales pour votre organisation. Ne cherchez plus vos outils \u00e9parpill\u00e9s, utilisez les crochets de Garage Mania pour garder votre garage en ordre et fonctionnel. Commandez d\u00e8s maintenant et profitez d&rsquo;un garage parfaitement organis\u00e9 !<\/span><\/p>\n","protected":false},"featured_media":3247,"comment_status":"open","ping_status":"closed","template":"","meta":{"site-sidebar-layout":"default","site-content-layout":"default","ast-site-content-layout":"default","site-content-style":"default","site-sidebar-style":"default","ast-global-header-display":"","ast-banner-title-visibility":"","ast-main-header-display":"","ast-hfb-above-header-display":"","ast-hfb-below-header-display":"","ast-hfb-mobile-header-display":"","site-post-title":"","ast-breadcrumbs-content":"","ast-featured-img":"","footer-sml-layout":"","ast-disable-related-posts":"","theme-transparent-header-meta":"default","adv-header-id-meta":"","stick-header-meta":"","header-above-stick-meta":"","header-main-stick-meta":"","header-below-stick-meta":"","astra-migrate-meta-layouts":"set","ast-page-background-enabled":"default","ast-page-background-meta":{"desktop":{"background-color":"","background-image":"","background-repeat":"repeat","background-position":"center center","background-size":"auto","background-attachment":"scroll","background-type":"","background-media":"","overlay-type":"","overlay-color":"","overlay-opacity":"","overlay-gradient":""},"tablet":{"background-color":"","background-image":"","background-repeat":"repeat","background-position":"center center","background-size":"auto","background-attachment":"scroll","background-type":"","background-media":"","overlay-type":"","overlay-color":"","overlay-opacity":"","overlay-gradient":""},"mobile":{"background-color":"","background-image":"","background-repeat":"repeat","background-position":"center center","background-size":"auto","background-attachment":"scroll","background-type":"","background-media":"","overlay-type":"","overlay-color":"","overlay-opacity":"","overlay-gradient":""}},"ast-content-background-meta":{"desktop":{"background-color":"var(--ast-global-color-5)","background-image":"","background-repeat":"repeat","background-position":"center center","background-size":"auto","background-attachment":"scroll","background-type":"","background-media":"","overlay-type":"","overlay-color":"","overlay-opacity":"","overlay-gradient":""},"tablet":{"background-color":"var(--ast-global-color-5)","background-image":"","background-repeat":"repeat","background-position":"center center","background-size":"auto","background-attachment":"scroll","background-type":"","background-media":"","overlay-type":"","overlay-color":"","overlay-opacity":"","overlay-gradient":""},"mobile":{"background-color":"var(--ast-global-color-5)","background-image":"","background-repeat":"repeat","background-position":"center center","background-size":"auto","background-attachment":"scroll","background-type":"","background-media":"","overlay-type":"","overlay-color":"","overlay-opacity":"","overlay-gradient":""}}},"product_brand":[],"product_cat":[566],"product_tag":[448,471,567,1092],"class_list":{"0":"post-6853","1":"product","2":"type-product","3":"status-publish","4":"has-post-thumbnail","6":"product_cat-crochets","7":"product_tag-amenagement-garage","8":"product_tag-au-mur","9":"product_tag-crochet","10":"product_tag-gladiator-fr-2","11":"desktop-align-center","12":"tablet-align-center","13":"mobile-align-center","14":"ast-product-gallery-layout-horizontal-slider","15":"ast-magnify-disabled","16":"ast-qv-on-image","18":"first","19":"instock","20":"taxable","21":"shipping-taxable","22":"purchasable","23":"product-type-simple"},"bundled_by":["9043","9044"],"bundle_stock_status":"instock","bundle_stock_quantity":null,"bundle_virtual":false,"bundle_layout":"","bundle_add_to_cart_form_location":"","bundle_editable_in_cart":false,"bundle_sold_individually_context":"","bundle_item_grouping":"","bundle_min_size":"","bundle_max_size":"","bundle_price":[],"bundled_items":[],"bundle_sell_ids":[],"yoast_head":"<!-- This site is optimized with the Yoast SEO Premium plugin v27.4 (Yoast SEO v27.4) - https:\/\/yoast.com\/product\/yoast-seo-premium-wordpress\/ -->\n<title>Crochet mural pour garage de Gladiator\u00ae GAWUXXSCRH<\/title>\n<meta name=\"description\" content=\"Le crochet louche est une solution id\u00e9ale pour gagner de l&#039;espace dans le garage et accrocher des outils au mur. Profitez d&#039;une organisation optimale.\" \/>\n<meta name=\"robots\" content=\"index, follow, max-snippet:-1, max-image-preview:large, max-video-preview:-1\" \/>\n<link rel=\"canonical\" href=\"https:\/\/www.garagemania.ch\/fr\/produit\/crochet-louche-gawuxxscrh\/\" \/>\n<meta property=\"og:locale\" content=\"fr_FR\" \/>\n<meta property=\"og:type\" content=\"article\" \/>\n<meta property=\"og:title\" content=\"crochet louche Gladiator\u00ae GAWUXXSCRH - Garage Mania\" \/>\n<meta property=\"og:description\" content=\"Le crochet louche Garage Mania est la solution id\u00e9ale pour gagner de l&#039;espace dans le garage et accrocher des outils au mur\" \/>\n<meta property=\"og:url\" content=\"https:\/\/www.garagemania.ch\/fr\/produit\/crochet-louche-gawuxxscrh\/\" \/>\n<meta property=\"og:site_name\" content=\"Garage Mania\" \/>\n<meta property=\"article:publisher\" content=\"https:\/\/www.facebook.com\/garagemania.it\/\" \/>\n<meta property=\"article:modified_time\" content=\"2023-09-27T13:07:46+00:00\" \/>\n<meta property=\"og:image\" content=\"https:\/\/www.garagemania.ch\/wp-content\/uploads\/2021\/04\/GANCIO-A-MESTOLO-SINGOLO-porta-skateboard.jpg\" \/>\n<meta name=\"twitter:card\" content=\"summary_large_image\" \/>\n<meta name=\"twitter:title\" content=\"crochet louche Gladiator\u00ae GAWUXXSCRH - Garage Mania\" \/>\n<meta name=\"twitter:description\" content=\"Le crochet louche Garage Mania est la solution id\u00e9ale pour gagner de l&#039;espace dans le garage et accrocher des outils au mur\" \/>\n<script type=\"application\/ld+json\" class=\"yoast-schema-graph\">{\"@context\":\"https:\\\/\\\/schema.org\",\"@graph\":[{\"@type\":\"WebPage\",\"@id\":\"https:\\\/\\\/www.garagemania.ch\\\/fr\\\/produit\\\/crochet-louche-gawuxxscrh\\\/\",\"url\":\"https:\\\/\\\/www.garagemania.ch\\\/fr\\\/produit\\\/crochet-louche-gawuxxscrh\\\/\",\"name\":\"Crochet mural pour garage de Gladiator\u00ae GAWUXXSCRH\",\"isPartOf\":{\"@id\":\"https:\\\/\\\/www.garagemania.ch\\\/fr\\\/#website\"},\"primaryImageOfPage\":{\"@id\":\"https:\\\/\\\/www.garagemania.ch\\\/fr\\\/produit\\\/crochet-louche-gawuxxscrh\\\/#primaryimage\"},\"image\":{\"@id\":\"https:\\\/\\\/www.garagemania.ch\\\/fr\\\/produit\\\/crochet-louche-gawuxxscrh\\\/#primaryimage\"},\"thumbnailUrl\":\"https:\\\/\\\/www.garagemania.ch\\\/wp-content\\\/uploads\\\/2021\\\/04\\\/Gancio-a-mestolo-Garage-Mania-GAWUXXSCRH.jpg\",\"datePublished\":\"2021-04-20T13:45:33+00:00\",\"dateModified\":\"2023-09-27T13:07:46+00:00\",\"description\":\"Le crochet louche est une solution id\u00e9ale pour gagner de l'espace dans le garage et accrocher des outils au mur. Profitez d'une organisation optimale.\",\"breadcrumb\":{\"@id\":\"https:\\\/\\\/www.garagemania.ch\\\/fr\\\/produit\\\/crochet-louche-gawuxxscrh\\\/#breadcrumb\"},\"inLanguage\":\"fr-FR\",\"potentialAction\":[{\"@type\":\"ReadAction\",\"target\":[\"https:\\\/\\\/www.garagemania.ch\\\/fr\\\/produit\\\/crochet-louche-gawuxxscrh\\\/\"]}]},{\"@type\":\"ImageObject\",\"inLanguage\":\"fr-FR\",\"@id\":\"https:\\\/\\\/www.garagemania.ch\\\/fr\\\/produit\\\/crochet-louche-gawuxxscrh\\\/#primaryimage\",\"url\":\"https:\\\/\\\/www.garagemania.ch\\\/wp-content\\\/uploads\\\/2021\\\/04\\\/Gancio-a-mestolo-Garage-Mania-GAWUXXSCRH.jpg\",\"contentUrl\":\"https:\\\/\\\/www.garagemania.ch\\\/wp-content\\\/uploads\\\/2021\\\/04\\\/Gancio-a-mestolo-Garage-Mania-GAWUXXSCRH.jpg\",\"width\":700,\"height\":700,\"caption\":\"Crochet louche Garage Mania GAWUXXSCRH\"},{\"@type\":\"BreadcrumbList\",\"@id\":\"https:\\\/\\\/www.garagemania.ch\\\/fr\\\/produit\\\/crochet-louche-gawuxxscrh\\\/#breadcrumb\",\"itemListElement\":[{\"@type\":\"ListItem\",\"position\":1,\"name\":\"Home\",\"item\":\"https:\\\/\\\/www.garagemania.ch\\\/fr\\\/homepage\\\/\"},{\"@type\":\"ListItem\",\"position\":2,\"name\":\"Shop\",\"item\":\"https:\\\/\\\/www.garagemania.ch\\\/fr\\\/page-shop-pour-les-rangements-garage-de-chez-garage-mania\\\/\"},{\"@type\":\"ListItem\",\"position\":3,\"name\":\"Crochet louche Gladiator\u00ae GAWUXXSCRH\"}]},{\"@type\":\"WebSite\",\"@id\":\"https:\\\/\\\/www.garagemania.ch\\\/fr\\\/#website\",\"url\":\"https:\\\/\\\/www.garagemania.ch\\\/fr\\\/\",\"name\":\"Garage Mania\",\"description\":\"Il luogo ideale per tutti coloro che vogliono un garage super esclusivo\",\"publisher\":{\"@id\":\"https:\\\/\\\/www.garagemania.ch\\\/fr\\\/#organization\"},\"potentialAction\":[{\"@type\":\"SearchAction\",\"target\":{\"@type\":\"EntryPoint\",\"urlTemplate\":\"https:\\\/\\\/www.garagemania.ch\\\/fr\\\/?s={search_term_string}\"},\"query-input\":{\"@type\":\"PropertyValueSpecification\",\"valueRequired\":true,\"valueName\":\"search_term_string\"}}],\"inLanguage\":\"fr-FR\"},{\"@type\":\"Organization\",\"@id\":\"https:\\\/\\\/www.garagemania.ch\\\/fr\\\/#organization\",\"name\":\"GLADIATOR WORX SAGL\",\"url\":\"https:\\\/\\\/www.garagemania.ch\\\/fr\\\/\",\"logo\":{\"@type\":\"ImageObject\",\"inLanguage\":\"fr-FR\",\"@id\":\"https:\\\/\\\/www.garagemania.ch\\\/fr\\\/#\\\/schema\\\/logo\\\/image\\\/\",\"url\":\"https:\\\/\\\/www.garagemania.ch\\\/wp-content\\\/uploads\\\/2021\\\/03\\\/Logo-Garage-Mania.png\",\"contentUrl\":\"https:\\\/\\\/www.garagemania.ch\\\/wp-content\\\/uploads\\\/2021\\\/03\\\/Logo-Garage-Mania.png\",\"width\":300,\"height\":282,\"caption\":\"GLADIATOR WORX SAGL\"},\"image\":{\"@id\":\"https:\\\/\\\/www.garagemania.ch\\\/fr\\\/#\\\/schema\\\/logo\\\/image\\\/\"},\"sameAs\":[\"https:\\\/\\\/www.facebook.com\\\/garagemania.it\\\/\",\"https:\\\/\\\/www.instagram.com\\\/garagemania.it\\\/\"]}]}<\/script>\n<!-- \/ Yoast SEO Premium plugin. -->","yoast_head_json":{"title":"Crochet mural pour garage de Gladiator\u00ae GAWUXXSCRH","description":"Le crochet louche est une solution id\u00e9ale pour gagner de l'espace dans le garage et accrocher des outils au mur. Profitez d'une organisation optimale.","robots":{"index":"index","follow":"follow","max-snippet":"max-snippet:-1","max-image-preview":"max-image-preview:large","max-video-preview":"max-video-preview:-1"},"canonical":"https:\/\/www.garagemania.ch\/fr\/produit\/crochet-louche-gawuxxscrh\/","og_locale":"fr_FR","og_type":"article","og_title":"crochet louche Gladiator\u00ae GAWUXXSCRH - Garage Mania","og_description":"Le crochet louche Garage Mania est la solution id\u00e9ale pour gagner de l'espace dans le garage et accrocher des outils au mur","og_url":"https:\/\/www.garagemania.ch\/fr\/produit\/crochet-louche-gawuxxscrh\/","og_site_name":"Garage Mania","article_publisher":"https:\/\/www.facebook.com\/garagemania.it\/","article_modified_time":"2023-09-27T13:07:46+00:00","og_image":[{"url":"https:\/\/www.garagemania.ch\/wp-content\/uploads\/2021\/04\/GANCIO-A-MESTOLO-SINGOLO-porta-skateboard.jpg","type":"","width":"","height":""}],"twitter_card":"summary_large_image","twitter_title":"crochet louche Gladiator\u00ae GAWUXXSCRH - Garage Mania","twitter_description":"Le crochet louche Garage Mania est la solution id\u00e9ale pour gagner de l'espace dans le garage et accrocher des outils au mur","schema":{"@context":"https:\/\/schema.org","@graph":[{"@type":"WebPage","@id":"https:\/\/www.garagemania.ch\/fr\/produit\/crochet-louche-gawuxxscrh\/","url":"https:\/\/www.garagemania.ch\/fr\/produit\/crochet-louche-gawuxxscrh\/","name":"Crochet mural pour garage de Gladiator\u00ae GAWUXXSCRH","isPartOf":{"@id":"https:\/\/www.garagemania.ch\/fr\/#website"},"primaryImageOfPage":{"@id":"https:\/\/www.garagemania.ch\/fr\/produit\/crochet-louche-gawuxxscrh\/#primaryimage"},"image":{"@id":"https:\/\/www.garagemania.ch\/fr\/produit\/crochet-louche-gawuxxscrh\/#primaryimage"},"thumbnailUrl":"https:\/\/www.garagemania.ch\/wp-content\/uploads\/2021\/04\/Gancio-a-mestolo-Garage-Mania-GAWUXXSCRH.jpg","datePublished":"2021-04-20T13:45:33+00:00","dateModified":"2023-09-27T13:07:46+00:00","description":"Le crochet louche est une solution id\u00e9ale pour gagner de l'espace dans le garage et accrocher des outils au mur. Profitez d'une organisation optimale.","breadcrumb":{"@id":"https:\/\/www.garagemania.ch\/fr\/produit\/crochet-louche-gawuxxscrh\/#breadcrumb"},"inLanguage":"fr-FR","potentialAction":[{"@type":"ReadAction","target":["https:\/\/www.garagemania.ch\/fr\/produit\/crochet-louche-gawuxxscrh\/"]}]},{"@type":"ImageObject","inLanguage":"fr-FR","@id":"https:\/\/www.garagemania.ch\/fr\/produit\/crochet-louche-gawuxxscrh\/#primaryimage","url":"https:\/\/www.garagemania.ch\/wp-content\/uploads\/2021\/04\/Gancio-a-mestolo-Garage-Mania-GAWUXXSCRH.jpg","contentUrl":"https:\/\/www.garagemania.ch\/wp-content\/uploads\/2021\/04\/Gancio-a-mestolo-Garage-Mania-GAWUXXSCRH.jpg","width":700,"height":700,"caption":"Crochet louche Garage Mania GAWUXXSCRH"},{"@type":"BreadcrumbList","@id":"https:\/\/www.garagemania.ch\/fr\/produit\/crochet-louche-gawuxxscrh\/#breadcrumb","itemListElement":[{"@type":"ListItem","position":1,"name":"Home","item":"https:\/\/www.garagemania.ch\/fr\/homepage\/"},{"@type":"ListItem","position":2,"name":"Shop","item":"https:\/\/www.garagemania.ch\/fr\/page-shop-pour-les-rangements-garage-de-chez-garage-mania\/"},{"@type":"ListItem","position":3,"name":"Crochet louche Gladiator\u00ae GAWUXXSCRH"}]},{"@type":"WebSite","@id":"https:\/\/www.garagemania.ch\/fr\/#website","url":"https:\/\/www.garagemania.ch\/fr\/","name":"Garage Mania","description":"Il luogo ideale per tutti coloro che vogliono un garage super esclusivo","publisher":{"@id":"https:\/\/www.garagemania.ch\/fr\/#organization"},"potentialAction":[{"@type":"SearchAction","target":{"@type":"EntryPoint","urlTemplate":"https:\/\/www.garagemania.ch\/fr\/?s={search_term_string}"},"query-input":{"@type":"PropertyValueSpecification","valueRequired":true,"valueName":"search_term_string"}}],"inLanguage":"fr-FR"},{"@type":"Organization","@id":"https:\/\/www.garagemania.ch\/fr\/#organization","name":"GLADIATOR WORX SAGL","url":"https:\/\/www.garagemania.ch\/fr\/","logo":{"@type":"ImageObject","inLanguage":"fr-FR","@id":"https:\/\/www.garagemania.ch\/fr\/#\/schema\/logo\/image\/","url":"https:\/\/www.garagemania.ch\/wp-content\/uploads\/2021\/03\/Logo-Garage-Mania.png","contentUrl":"https:\/\/www.garagemania.ch\/wp-content\/uploads\/2021\/03\/Logo-Garage-Mania.png","width":300,"height":282,"caption":"GLADIATOR WORX SAGL"},"image":{"@id":"https:\/\/www.garagemania.ch\/fr\/#\/schema\/logo\/image\/"},"sameAs":["https:\/\/www.facebook.com\/garagemania.it\/","https:\/\/www.instagram.com\/garagemania.it\/"]}]}},"_links":{"self":[{"href":"https:\/\/www.garagemania.ch\/fr\/wp-json\/wp\/v2\/product\/6853","targetHints":{"allow":["GET"]}}],"collection":[{"href":"https:\/\/www.garagemania.ch\/fr\/wp-json\/wp\/v2\/product"}],"about":[{"href":"https:\/\/www.garagemania.ch\/fr\/wp-json\/wp\/v2\/types\/product"}],"replies":[{"embeddable":true,"href":"https:\/\/www.garagemania.ch\/fr\/wp-json\/wp\/v2\/comments?post=6853"}],"version-history":[{"count":4,"href":"https:\/\/www.garagemania.ch\/fr\/wp-json\/wp\/v2\/product\/6853\/revisions"}],"predecessor-version":[{"id":14023,"href":"https:\/\/www.garagemania.ch\/fr\/wp-json\/wp\/v2\/product\/6853\/revisions\/14023"}],"wp:featuredmedia":[{"embeddable":true,"href":"https:\/\/www.garagemania.ch\/fr\/wp-json\/wp\/v2\/media\/3247"}],"wp:attachment":[{"href":"https:\/\/www.garagemania.ch\/fr\/wp-json\/wp\/v2\/media?parent=6853"}],"wp:term":[{"taxonomy":"product_brand","embeddable":true,"href":"https:\/\/www.garagemania.ch\/fr\/wp-json\/wp\/v2\/product_brand?post=6853"},{"taxonomy":"product_cat","embeddable":true,"href":"https:\/\/www.garagemania.ch\/fr\/wp-json\/wp\/v2\/product_cat?post=6853"},{"taxonomy":"product_tag","embeddable":true,"href":"https:\/\/www.garagemania.ch\/fr\/wp-json\/wp\/v2\/product_tag?post=6853"}],"curies":[{"name":"wp","href":"https:\/\/api.w.org\/{rel}","templated":true}]}}