{"id":6886,"date":"2021-04-21T12:40:54","date_gmt":"2021-04-21T10:40:54","guid":{"rendered":"https:\/\/www.garagemania.ch\/prodotto\/etabli-en-bamboo-183x64-gawb06bazw\/"},"modified":"2023-09-27T15:23:47","modified_gmt":"2023-09-27T13:23:47","slug":"etabli-en-bamboo-183x64-gawb06bazw","status":"publish","type":"product","link":"https:\/\/www.garagemania.ch\/fr\/produit\/etabli-en-bamboo-183x64-gawb06bazw\/","title":{"rendered":"Etabli en Bambou 183&#215;64 Gladiator\u00ae GAWB06BAZW"},"content":{"rendered":"","protected":false},"excerpt":{"rendered":"<p><span style=\"font-weight: 400\">D\u00e9couvrez le <\/span><span style=\"font-weight: 400\">Plan de Travail en Bambou<\/span><span style=\"font-weight: 400\"> 183\u00d764 Gladiator\u00ae GAWB06BAZW chez Garage Mania, l&rsquo;accessoire id\u00e9al pour cr\u00e9er votre poste de travail personnalis\u00e9 dans votre garage. Dot\u00e9 d&rsquo;une structure solide en acier, ce plan de travail est \u00e9quip\u00e9 d&rsquo;un plateau en bambou r\u00e9sistant et de pieds r\u00e9glables en hauteur pour s&rsquo;adapter \u00e0 vos besoins.<\/span><\/p>\n<p><span style=\"font-weight: 400\">Avec une longueur de 183 cm, ce plan de travail offre amplement d&rsquo;espace pour vos projets et vos t\u00e2ches de bricolage. Vous pouvez facilement associer cet \u00e9tabli aux armoires et aux coffres \u00e0 outils Gladiator\u00ae pour cr\u00e9er un espace de travail complet et fonctionnel.<\/span><\/p>\n<p><span style=\"font-weight: 400\">Profitez d&rsquo;une surface de travail durable en bambou, offrant une r\u00e9sistance exceptionnelle pour manipuler vos outils et vos projets. Personnalisez votre garage en cr\u00e9ant un poste de travail sur mesure qui r\u00e9pond \u00e0 vos exigences pratiques.<\/span><\/p>\n<p><span style=\"font-weight: 400\">D\u00e9couvrez notre s\u00e9lection compl\u00e8te d&rsquo;\u00e9tablis soigneusement choisis par Garage Mania. Ne cherchez plus, trouvez l&rsquo;\u00e9tabli parfait pour vos besoins de bricolage et de travail dans le garage. Commandez d\u00e8s maintenant et am\u00e9nagez votre garage avec style et efficacit\u00e9 gr\u00e2ce au Plan de Travail en Bambou 183\u00d764 Gladiator\u00ae GAWB06BAZW.<\/span><\/p>\n","protected":false},"featured_media":6890,"comment_status":"open","ping_status":"closed","template":"","meta":{"site-sidebar-layout":"default","site-content-layout":"default","ast-site-content-layout":"default","site-content-style":"default","site-sidebar-style":"default","ast-global-header-display":"","ast-banner-title-visibility":"","ast-main-header-display":"","ast-hfb-above-header-display":"","ast-hfb-below-header-display":"","ast-hfb-mobile-header-display":"","site-post-title":"","ast-breadcrumbs-content":"","ast-featured-img":"","footer-sml-layout":"","ast-disable-related-posts":"","theme-transparent-header-meta":"default","adv-header-id-meta":"","stick-header-meta":"","header-above-stick-meta":"","header-main-stick-meta":"","header-below-stick-meta":"","astra-migrate-meta-layouts":"set","ast-page-background-enabled":"default","ast-page-background-meta":{"desktop":{"background-color":"","background-image":"","background-repeat":"repeat","background-position":"center center","background-size":"auto","background-attachment":"scroll","background-type":"","background-media":"","overlay-type":"","overlay-color":"","overlay-opacity":"","overlay-gradient":""},"tablet":{"background-color":"","background-image":"","background-repeat":"repeat","background-position":"center center","background-size":"auto","background-attachment":"scroll","background-type":"","background-media":"","overlay-type":"","overlay-color":"","overlay-opacity":"","overlay-gradient":""},"mobile":{"background-color":"","background-image":"","background-repeat":"repeat","background-position":"center center","background-size":"auto","background-attachment":"scroll","background-type":"","background-media":"","overlay-type":"","overlay-color":"","overlay-opacity":"","overlay-gradient":""}},"ast-content-background-meta":{"desktop":{"background-color":"var(--ast-global-color-5)","background-image":"","background-repeat":"repeat","background-position":"center center","background-size":"auto","background-attachment":"scroll","background-type":"","background-media":"","overlay-type":"","overlay-color":"","overlay-opacity":"","overlay-gradient":""},"tablet":{"background-color":"var(--ast-global-color-5)","background-image":"","background-repeat":"repeat","background-position":"center center","background-size":"auto","background-attachment":"scroll","background-type":"","background-media":"","overlay-type":"","overlay-color":"","overlay-opacity":"","overlay-gradient":""},"mobile":{"background-color":"var(--ast-global-color-5)","background-image":"","background-repeat":"repeat","background-position":"center center","background-size":"auto","background-attachment":"scroll","background-type":"","background-media":"","overlay-type":"","overlay-color":"","overlay-opacity":"","overlay-gradient":""}}},"product_brand":[],"product_cat":[552],"product_tag":[453,448,553,447,1092],"class_list":{"0":"post-6886","1":"product","2":"type-product","3":"status-publish","4":"has-post-thumbnail","6":"product_cat-etablis","7":"product_tag-a-assembler","8":"product_tag-amenagement-garage","9":"product_tag-etabli","10":"product_tag-etabli-de-travail","11":"product_tag-gladiator-fr-2","12":"desktop-align-center","13":"tablet-align-center","14":"mobile-align-center","15":"ast-product-gallery-layout-horizontal-slider","16":"ast-magnify-disabled","17":"ast-qv-on-image","19":"first","20":"instock","21":"taxable","22":"shipping-taxable","23":"purchasable","24":"product-type-simple"},"bundled_by":[],"bundle_stock_status":"instock","bundle_stock_quantity":2,"bundle_virtual":false,"bundle_layout":"","bundle_add_to_cart_form_location":"","bundle_editable_in_cart":false,"bundle_sold_individually_context":"","bundle_item_grouping":"","bundle_min_size":"","bundle_max_size":"","bundle_price":[],"bundled_items":[],"bundle_sell_ids":[],"yoast_head":"<!-- This site is optimized with the Yoast SEO Premium plugin v27.5 (Yoast SEO v27.5) - https:\/\/yoast.com\/product\/yoast-seo-premium-wordpress\/ -->\n<title>Plan de Travail Bambou 183x64 Gladiator\u00ae - Garage Mania<\/title>\n<meta name=\"description\" content=\"Avec le plan de travail bambou garage Gladiator, vous disposerez d&#039;un poste de travail solide, s\u00fbr et de qualit\u00e9. D\u00e9couvrez la s\u00e9lection de Garage Mania.\" \/>\n<meta name=\"robots\" content=\"index, follow, max-snippet:-1, max-image-preview:large, max-video-preview:-1\" \/>\n<link rel=\"canonical\" href=\"https:\/\/www.garagemania.ch\/fr\/produit\/etabli-en-bamboo-183x64-gawb06bazw\/\" \/>\n<meta property=\"og:locale\" content=\"fr_FR\" \/>\n<meta property=\"og:type\" content=\"article\" \/>\n<meta property=\"og:title\" content=\"etabli en bamboo 183x64 Gladiator\u00ae - Garage Mania\" \/>\n<meta property=\"og:description\" content=\"Avec le plan de travail en bambou Gladiator, vous disposerez d&#039;un poste de travail solide, sur et de qualit\u00e9. D\u00e9couvrez la s\u00e9lection de Garage Mania\" \/>\n<meta property=\"og:url\" content=\"https:\/\/www.garagemania.ch\/fr\/produit\/etabli-en-bamboo-183x64-gawb06bazw\/\" \/>\n<meta property=\"og:site_name\" content=\"Garage Mania\" \/>\n<meta property=\"article:publisher\" content=\"https:\/\/www.facebook.com\/garagemania.it\/\" \/>\n<meta property=\"article:modified_time\" content=\"2023-09-27T13:23:47+00:00\" \/>\n<meta property=\"og:image\" content=\"https:\/\/www.garagemania.ch\/wp-content\/uploads\/2021\/04\/GARAGE-MANIA-BANCO-DI-LAVORO-IN-BAMBOO.jpg\" \/>\n<meta name=\"twitter:card\" content=\"summary_large_image\" \/>\n<meta name=\"twitter:title\" content=\"etabli en bamboo 183x64 Gladiator\u00ae - Garage Mania\" \/>\n<meta name=\"twitter:description\" content=\"Avec le plan de travail en bambou Gladiator, vous disposerez d&#039;un poste de travail solide, sur et de qualit\u00e9. D\u00e9couvrez la s\u00e9lection de Garage Mania\" \/>\n<script type=\"application\/ld+json\" class=\"yoast-schema-graph\">{\"@context\":\"https:\\\/\\\/schema.org\",\"@graph\":[{\"@type\":\"WebPage\",\"@id\":\"https:\\\/\\\/www.garagemania.ch\\\/fr\\\/produit\\\/etabli-en-bamboo-183x64-gawb06bazw\\\/\",\"url\":\"https:\\\/\\\/www.garagemania.ch\\\/fr\\\/produit\\\/etabli-en-bamboo-183x64-gawb06bazw\\\/\",\"name\":\"Plan de Travail Bambou 183x64 Gladiator\u00ae - Garage Mania\",\"isPartOf\":{\"@id\":\"https:\\\/\\\/www.garagemania.ch\\\/fr\\\/#website\"},\"primaryImageOfPage\":{\"@id\":\"https:\\\/\\\/www.garagemania.ch\\\/fr\\\/produit\\\/etabli-en-bamboo-183x64-gawb06bazw\\\/#primaryimage\"},\"image\":{\"@id\":\"https:\\\/\\\/www.garagemania.ch\\\/fr\\\/produit\\\/etabli-en-bamboo-183x64-gawb06bazw\\\/#primaryimage\"},\"thumbnailUrl\":\"https:\\\/\\\/www.garagemania.ch\\\/wp-content\\\/uploads\\\/2021\\\/04\\\/GAWB06BAZG-GLADIATOR-PIANO-DI-LAVORO-IN-BAMBOO-GARAGE-MANIA.jpg\",\"datePublished\":\"2021-04-21T10:40:54+00:00\",\"dateModified\":\"2023-09-27T13:23:47+00:00\",\"description\":\"Avec le plan de travail bambou garage Gladiator, vous disposerez d'un poste de travail solide, s\u00fbr et de qualit\u00e9. D\u00e9couvrez la s\u00e9lection de Garage Mania.\",\"breadcrumb\":{\"@id\":\"https:\\\/\\\/www.garagemania.ch\\\/fr\\\/produit\\\/etabli-en-bamboo-183x64-gawb06bazw\\\/#breadcrumb\"},\"inLanguage\":\"fr-FR\",\"potentialAction\":[{\"@type\":\"ReadAction\",\"target\":[\"https:\\\/\\\/www.garagemania.ch\\\/fr\\\/produit\\\/etabli-en-bamboo-183x64-gawb06bazw\\\/\"]}]},{\"@type\":\"ImageObject\",\"inLanguage\":\"fr-FR\",\"@id\":\"https:\\\/\\\/www.garagemania.ch\\\/fr\\\/produit\\\/etabli-en-bamboo-183x64-gawb06bazw\\\/#primaryimage\",\"url\":\"https:\\\/\\\/www.garagemania.ch\\\/wp-content\\\/uploads\\\/2021\\\/04\\\/GAWB06BAZG-GLADIATOR-PIANO-DI-LAVORO-IN-BAMBOO-GARAGE-MANIA.jpg\",\"contentUrl\":\"https:\\\/\\\/www.garagemania.ch\\\/wp-content\\\/uploads\\\/2021\\\/04\\\/GAWB06BAZG-GLADIATOR-PIANO-DI-LAVORO-IN-BAMBOO-GARAGE-MANIA.jpg\",\"width\":700,\"height\":700,\"caption\":\"GAWB06BAZG GLADIATOR PLAN DE TRAVAIL EN BAMBOO GARAGE MANIA\"},{\"@type\":\"BreadcrumbList\",\"@id\":\"https:\\\/\\\/www.garagemania.ch\\\/fr\\\/produit\\\/etabli-en-bamboo-183x64-gawb06bazw\\\/#breadcrumb\",\"itemListElement\":[{\"@type\":\"ListItem\",\"position\":1,\"name\":\"Home\",\"item\":\"https:\\\/\\\/www.garagemania.ch\\\/fr\\\/homepage\\\/\"},{\"@type\":\"ListItem\",\"position\":2,\"name\":\"Shop\",\"item\":\"https:\\\/\\\/www.garagemania.ch\\\/fr\\\/page-shop-pour-les-rangements-garage-de-chez-garage-mania\\\/\"},{\"@type\":\"ListItem\",\"position\":3,\"name\":\"Etabli en Bambou 183&#215;64 Gladiator\u00ae GAWB06BAZW\"}]},{\"@type\":\"WebSite\",\"@id\":\"https:\\\/\\\/www.garagemania.ch\\\/fr\\\/#website\",\"url\":\"https:\\\/\\\/www.garagemania.ch\\\/fr\\\/\",\"name\":\"Garage Mania\",\"description\":\"Il luogo ideale per tutti coloro che vogliono un garage super esclusivo\",\"publisher\":{\"@id\":\"https:\\\/\\\/www.garagemania.ch\\\/fr\\\/#organization\"},\"potentialAction\":[{\"@type\":\"SearchAction\",\"target\":{\"@type\":\"EntryPoint\",\"urlTemplate\":\"https:\\\/\\\/www.garagemania.ch\\\/fr\\\/?s={search_term_string}\"},\"query-input\":{\"@type\":\"PropertyValueSpecification\",\"valueRequired\":true,\"valueName\":\"search_term_string\"}}],\"inLanguage\":\"fr-FR\"},{\"@type\":\"Organization\",\"@id\":\"https:\\\/\\\/www.garagemania.ch\\\/fr\\\/#organization\",\"name\":\"GLADIATOR WORX SAGL\",\"url\":\"https:\\\/\\\/www.garagemania.ch\\\/fr\\\/\",\"logo\":{\"@type\":\"ImageObject\",\"inLanguage\":\"fr-FR\",\"@id\":\"https:\\\/\\\/www.garagemania.ch\\\/fr\\\/#\\\/schema\\\/logo\\\/image\\\/\",\"url\":\"https:\\\/\\\/www.garagemania.ch\\\/wp-content\\\/uploads\\\/2021\\\/03\\\/Logo-Garage-Mania.png\",\"contentUrl\":\"https:\\\/\\\/www.garagemania.ch\\\/wp-content\\\/uploads\\\/2021\\\/03\\\/Logo-Garage-Mania.png\",\"width\":300,\"height\":282,\"caption\":\"GLADIATOR WORX SAGL\"},\"image\":{\"@id\":\"https:\\\/\\\/www.garagemania.ch\\\/fr\\\/#\\\/schema\\\/logo\\\/image\\\/\"},\"sameAs\":[\"https:\\\/\\\/www.facebook.com\\\/garagemania.it\\\/\",\"https:\\\/\\\/www.instagram.com\\\/garagemania.it\\\/\"]}]}<\/script>\n<!-- \/ Yoast SEO Premium plugin. -->","yoast_head_json":{"title":"Plan de Travail Bambou 183x64 Gladiator\u00ae - Garage Mania","description":"Avec le plan de travail bambou garage Gladiator, vous disposerez d'un poste de travail solide, s\u00fbr et de qualit\u00e9. D\u00e9couvrez la s\u00e9lection de Garage Mania.","robots":{"index":"index","follow":"follow","max-snippet":"max-snippet:-1","max-image-preview":"max-image-preview:large","max-video-preview":"max-video-preview:-1"},"canonical":"https:\/\/www.garagemania.ch\/fr\/produit\/etabli-en-bamboo-183x64-gawb06bazw\/","og_locale":"fr_FR","og_type":"article","og_title":"etabli en bamboo 183x64 Gladiator\u00ae - Garage Mania","og_description":"Avec le plan de travail en bambou Gladiator, vous disposerez d'un poste de travail solide, sur et de qualit\u00e9. D\u00e9couvrez la s\u00e9lection de Garage Mania","og_url":"https:\/\/www.garagemania.ch\/fr\/produit\/etabli-en-bamboo-183x64-gawb06bazw\/","og_site_name":"Garage Mania","article_publisher":"https:\/\/www.facebook.com\/garagemania.it\/","article_modified_time":"2023-09-27T13:23:47+00:00","og_image":[{"url":"https:\/\/www.garagemania.ch\/wp-content\/uploads\/2021\/04\/GARAGE-MANIA-BANCO-DI-LAVORO-IN-BAMBOO.jpg","type":"","width":"","height":""}],"twitter_card":"summary_large_image","twitter_title":"etabli en bamboo 183x64 Gladiator\u00ae - Garage Mania","twitter_description":"Avec le plan de travail en bambou Gladiator, vous disposerez d'un poste de travail solide, sur et de qualit\u00e9. D\u00e9couvrez la s\u00e9lection de Garage Mania","schema":{"@context":"https:\/\/schema.org","@graph":[{"@type":"WebPage","@id":"https:\/\/www.garagemania.ch\/fr\/produit\/etabli-en-bamboo-183x64-gawb06bazw\/","url":"https:\/\/www.garagemania.ch\/fr\/produit\/etabli-en-bamboo-183x64-gawb06bazw\/","name":"Plan de Travail Bambou 183x64 Gladiator\u00ae - Garage Mania","isPartOf":{"@id":"https:\/\/www.garagemania.ch\/fr\/#website"},"primaryImageOfPage":{"@id":"https:\/\/www.garagemania.ch\/fr\/produit\/etabli-en-bamboo-183x64-gawb06bazw\/#primaryimage"},"image":{"@id":"https:\/\/www.garagemania.ch\/fr\/produit\/etabli-en-bamboo-183x64-gawb06bazw\/#primaryimage"},"thumbnailUrl":"https:\/\/www.garagemania.ch\/wp-content\/uploads\/2021\/04\/GAWB06BAZG-GLADIATOR-PIANO-DI-LAVORO-IN-BAMBOO-GARAGE-MANIA.jpg","datePublished":"2021-04-21T10:40:54+00:00","dateModified":"2023-09-27T13:23:47+00:00","description":"Avec le plan de travail bambou garage Gladiator, vous disposerez d'un poste de travail solide, s\u00fbr et de qualit\u00e9. D\u00e9couvrez la s\u00e9lection de Garage Mania.","breadcrumb":{"@id":"https:\/\/www.garagemania.ch\/fr\/produit\/etabli-en-bamboo-183x64-gawb06bazw\/#breadcrumb"},"inLanguage":"fr-FR","potentialAction":[{"@type":"ReadAction","target":["https:\/\/www.garagemania.ch\/fr\/produit\/etabli-en-bamboo-183x64-gawb06bazw\/"]}]},{"@type":"ImageObject","inLanguage":"fr-FR","@id":"https:\/\/www.garagemania.ch\/fr\/produit\/etabli-en-bamboo-183x64-gawb06bazw\/#primaryimage","url":"https:\/\/www.garagemania.ch\/wp-content\/uploads\/2021\/04\/GAWB06BAZG-GLADIATOR-PIANO-DI-LAVORO-IN-BAMBOO-GARAGE-MANIA.jpg","contentUrl":"https:\/\/www.garagemania.ch\/wp-content\/uploads\/2021\/04\/GAWB06BAZG-GLADIATOR-PIANO-DI-LAVORO-IN-BAMBOO-GARAGE-MANIA.jpg","width":700,"height":700,"caption":"GAWB06BAZG GLADIATOR PLAN DE TRAVAIL EN BAMBOO GARAGE MANIA"},{"@type":"BreadcrumbList","@id":"https:\/\/www.garagemania.ch\/fr\/produit\/etabli-en-bamboo-183x64-gawb06bazw\/#breadcrumb","itemListElement":[{"@type":"ListItem","position":1,"name":"Home","item":"https:\/\/www.garagemania.ch\/fr\/homepage\/"},{"@type":"ListItem","position":2,"name":"Shop","item":"https:\/\/www.garagemania.ch\/fr\/page-shop-pour-les-rangements-garage-de-chez-garage-mania\/"},{"@type":"ListItem","position":3,"name":"Etabli en Bambou 183&#215;64 Gladiator\u00ae GAWB06BAZW"}]},{"@type":"WebSite","@id":"https:\/\/www.garagemania.ch\/fr\/#website","url":"https:\/\/www.garagemania.ch\/fr\/","name":"Garage Mania","description":"Il luogo ideale per tutti coloro che vogliono un garage super esclusivo","publisher":{"@id":"https:\/\/www.garagemania.ch\/fr\/#organization"},"potentialAction":[{"@type":"SearchAction","target":{"@type":"EntryPoint","urlTemplate":"https:\/\/www.garagemania.ch\/fr\/?s={search_term_string}"},"query-input":{"@type":"PropertyValueSpecification","valueRequired":true,"valueName":"search_term_string"}}],"inLanguage":"fr-FR"},{"@type":"Organization","@id":"https:\/\/www.garagemania.ch\/fr\/#organization","name":"GLADIATOR WORX SAGL","url":"https:\/\/www.garagemania.ch\/fr\/","logo":{"@type":"ImageObject","inLanguage":"fr-FR","@id":"https:\/\/www.garagemania.ch\/fr\/#\/schema\/logo\/image\/","url":"https:\/\/www.garagemania.ch\/wp-content\/uploads\/2021\/03\/Logo-Garage-Mania.png","contentUrl":"https:\/\/www.garagemania.ch\/wp-content\/uploads\/2021\/03\/Logo-Garage-Mania.png","width":300,"height":282,"caption":"GLADIATOR WORX SAGL"},"image":{"@id":"https:\/\/www.garagemania.ch\/fr\/#\/schema\/logo\/image\/"},"sameAs":["https:\/\/www.facebook.com\/garagemania.it\/","https:\/\/www.instagram.com\/garagemania.it\/"]}]}},"_links":{"self":[{"href":"https:\/\/www.garagemania.ch\/fr\/wp-json\/wp\/v2\/product\/6886","targetHints":{"allow":["GET"]}}],"collection":[{"href":"https:\/\/www.garagemania.ch\/fr\/wp-json\/wp\/v2\/product"}],"about":[{"href":"https:\/\/www.garagemania.ch\/fr\/wp-json\/wp\/v2\/types\/product"}],"replies":[{"embeddable":true,"href":"https:\/\/www.garagemania.ch\/fr\/wp-json\/wp\/v2\/comments?post=6886"}],"version-history":[{"count":4,"href":"https:\/\/www.garagemania.ch\/fr\/wp-json\/wp\/v2\/product\/6886\/revisions"}],"predecessor-version":[{"id":14027,"href":"https:\/\/www.garagemania.ch\/fr\/wp-json\/wp\/v2\/product\/6886\/revisions\/14027"}],"wp:featuredmedia":[{"embeddable":true,"href":"https:\/\/www.garagemania.ch\/fr\/wp-json\/wp\/v2\/media\/6890"}],"wp:attachment":[{"href":"https:\/\/www.garagemania.ch\/fr\/wp-json\/wp\/v2\/media?parent=6886"}],"wp:term":[{"taxonomy":"product_brand","embeddable":true,"href":"https:\/\/www.garagemania.ch\/fr\/wp-json\/wp\/v2\/product_brand?post=6886"},{"taxonomy":"product_cat","embeddable":true,"href":"https:\/\/www.garagemania.ch\/fr\/wp-json\/wp\/v2\/product_cat?post=6886"},{"taxonomy":"product_tag","embeddable":true,"href":"https:\/\/www.garagemania.ch\/fr\/wp-json\/wp\/v2\/product_tag?post=6886"}],"curies":[{"name":"wp","href":"https:\/\/api.w.org\/{rel}","templated":true}]}}