{"id":6897,"date":"2021-04-21T12:01:14","date_gmt":"2021-04-21T10:01:14","guid":{"rendered":"https:\/\/www.garagemania.ch\/prodotto\/etabli-en-bois-hardwood-gawb04hweg\/"},"modified":"2022-12-15T22:33:31","modified_gmt":"2022-12-15T21:33:31","slug":"etabli-en-bois-hardwood-gawb04hweg","status":"publish","type":"product","link":"https:\/\/www.garagemania.ch\/fr\/produit\/etabli-en-bois-hardwood-gawb04hweg\/","title":{"rendered":"Etabli Gladiator\u00ae en bois hardwood 122&#215;64 GAWB04HWEG"},"content":{"rendered":"","protected":false},"excerpt":{"rendered":"<p>Etabli en bois Hardwood Gladiator\u00ae 122&#215;64 GAWB04HWEG Garage Mania.<\/p>\n<p>Il est dot\u00e9 d\u2019une structure solide en acier et de pieds r\u00e9glables en hauteur. Il mesure 122 cm de longueur.<\/p>\n<p>Cr\u00e9ez votre poste de travail sur mesure, en associant cet \u00e9tabli aux armoires Gladiator\u00ae.<\/p>\n<p>D\u00e9couvrez toutes les \u00e9tablis s\u00e9lectionn\u00e9s pour vous par Garage Mania.<\/p>\n","protected":false},"featured_media":6898,"comment_status":"open","ping_status":"closed","template":"","meta":{"site-sidebar-layout":"default","site-content-layout":"default","ast-site-content-layout":"default","site-content-style":"default","site-sidebar-style":"default","ast-global-header-display":"","ast-banner-title-visibility":"","ast-main-header-display":"","ast-hfb-above-header-display":"","ast-hfb-below-header-display":"","ast-hfb-mobile-header-display":"","site-post-title":"","ast-breadcrumbs-content":"","ast-featured-img":"","footer-sml-layout":"","ast-disable-related-posts":"","theme-transparent-header-meta":"default","adv-header-id-meta":"","stick-header-meta":"","header-above-stick-meta":"","header-main-stick-meta":"","header-below-stick-meta":"","astra-migrate-meta-layouts":"default","ast-page-background-enabled":"default","ast-page-background-meta":{"desktop":{"background-color":"","background-image":"","background-repeat":"repeat","background-position":"center center","background-size":"auto","background-attachment":"scroll","background-type":"","background-media":"","overlay-type":"","overlay-color":"","overlay-opacity":"","overlay-gradient":""},"tablet":{"background-color":"","background-image":"","background-repeat":"repeat","background-position":"center center","background-size":"auto","background-attachment":"scroll","background-type":"","background-media":"","overlay-type":"","overlay-color":"","overlay-opacity":"","overlay-gradient":""},"mobile":{"background-color":"","background-image":"","background-repeat":"repeat","background-position":"center center","background-size":"auto","background-attachment":"scroll","background-type":"","background-media":"","overlay-type":"","overlay-color":"","overlay-opacity":"","overlay-gradient":""}},"ast-content-background-meta":{"desktop":{"background-color":"var(--ast-global-color-5)","background-image":"","background-repeat":"repeat","background-position":"center center","background-size":"auto","background-attachment":"scroll","background-type":"","background-media":"","overlay-type":"","overlay-color":"","overlay-opacity":"","overlay-gradient":""},"tablet":{"background-color":"var(--ast-global-color-5)","background-image":"","background-repeat":"repeat","background-position":"center center","background-size":"auto","background-attachment":"scroll","background-type":"","background-media":"","overlay-type":"","overlay-color":"","overlay-opacity":"","overlay-gradient":""},"mobile":{"background-color":"var(--ast-global-color-5)","background-image":"","background-repeat":"repeat","background-position":"center center","background-size":"auto","background-attachment":"scroll","background-type":"","background-media":"","overlay-type":"","overlay-color":"","overlay-opacity":"","overlay-gradient":""}}},"product_brand":[],"product_cat":[552],"product_tag":[453,448,553,447,1092],"class_list":{"0":"post-6897","1":"product","2":"type-product","3":"status-publish","4":"has-post-thumbnail","6":"product_cat-etablis","7":"product_tag-a-assembler","8":"product_tag-amenagement-garage","9":"product_tag-etabli","10":"product_tag-etabli-de-travail","11":"product_tag-gladiator-fr-2","12":"desktop-align-center","13":"tablet-align-center","14":"mobile-align-center","15":"ast-product-gallery-layout-horizontal-slider","16":"ast-magnify-disabled","17":"ast-qv-on-image","19":"first","20":"instock","21":"taxable","22":"shipping-taxable","23":"purchasable","24":"product-type-simple"},"bundled_by":[],"bundle_stock_status":"instock","bundle_stock_quantity":null,"bundle_virtual":false,"bundle_layout":"","bundle_add_to_cart_form_location":"","bundle_editable_in_cart":false,"bundle_sold_individually_context":"","bundle_item_grouping":"","bundle_min_size":"","bundle_max_size":"","bundle_price":[],"bundled_items":[],"bundle_sell_ids":[],"yoast_head":"<!-- This site is optimized with the Yoast SEO Premium plugin v27.3 (Yoast SEO v27.3) - https:\/\/yoast.com\/product\/yoast-seo-premium-wordpress\/ -->\n<title>Plan de travail Gladiator\u00ae en hardwood GAWB04HWEG - Garage Mania<\/title>\n<meta name=\"description\" content=\"Avec le plan de travail en bois hardwood Garage Mania, vous disposez d&#039;un \u00e9tabli solide et durable pour vos cr\u00e9ations\" \/>\n<meta name=\"robots\" content=\"index, follow, max-snippet:-1, max-image-preview:large, max-video-preview:-1\" \/>\n<link rel=\"canonical\" href=\"https:\/\/www.garagemania.ch\/fr\/produit\/etabli-en-bois-hardwood-gawb04hweg\/\" \/>\n<meta property=\"og:locale\" content=\"fr_FR\" \/>\n<meta property=\"og:type\" content=\"article\" \/>\n<meta property=\"og:title\" content=\"Plan de travail Gladiator\u00ae en hardwood GAWB04HWEG - Garage Mania\" \/>\n<meta property=\"og:description\" content=\"Avec le plan de travail en bois hardwood Garage Mania, vous disposez d&#039;un \u00e9tabli solide et durable pour vos cr\u00e9ations\" \/>\n<meta property=\"og:url\" content=\"https:\/\/www.garagemania.ch\/fr\/produit\/etabli-en-bois-hardwood-gawb04hweg\/\" \/>\n<meta property=\"og:site_name\" content=\"Garage Mania\" \/>\n<meta property=\"article:publisher\" content=\"https:\/\/www.facebook.com\/garagemania.it\/\" \/>\n<meta property=\"article:modified_time\" content=\"2022-12-15T21:33:31+00:00\" \/>\n<meta property=\"og:image\" content=\"https:\/\/www.garagemania.ch\/wp-content\/uploads\/2021\/04\/GAWB04HWEG-GLADIATOR-PIANO-DI-LAVORO-IN-ACERO-DA-122X64.jpg\" \/>\n\t<meta property=\"og:image:width\" content=\"700\" \/>\n\t<meta property=\"og:image:height\" content=\"700\" \/>\n\t<meta property=\"og:image:type\" content=\"image\/jpeg\" \/>\n<meta name=\"twitter:card\" content=\"summary_large_image\" \/>\n<meta name=\"twitter:title\" content=\"Plan de travail Gladiator\u00ae en hardwood GAWB04HWEG - Garage Mania\" \/>\n<meta name=\"twitter:description\" content=\"Avec le plan de travail en bois hardwood Garage Mania, vous disposez d&#039;un \u00e9tabli solide et durable pour vos cr\u00e9ations\" \/>\n<script type=\"application\/ld+json\" class=\"yoast-schema-graph\">{\"@context\":\"https:\\\/\\\/schema.org\",\"@graph\":[{\"@type\":\"WebPage\",\"@id\":\"https:\\\/\\\/www.garagemania.ch\\\/fr\\\/produit\\\/etabli-en-bois-hardwood-gawb04hweg\\\/\",\"url\":\"https:\\\/\\\/www.garagemania.ch\\\/fr\\\/produit\\\/etabli-en-bois-hardwood-gawb04hweg\\\/\",\"name\":\"Plan de travail Gladiator\u00ae en hardwood GAWB04HWEG - Garage Mania\",\"isPartOf\":{\"@id\":\"https:\\\/\\\/www.garagemania.ch\\\/fr\\\/#website\"},\"primaryImageOfPage\":{\"@id\":\"https:\\\/\\\/www.garagemania.ch\\\/fr\\\/produit\\\/etabli-en-bois-hardwood-gawb04hweg\\\/#primaryimage\"},\"image\":{\"@id\":\"https:\\\/\\\/www.garagemania.ch\\\/fr\\\/produit\\\/etabli-en-bois-hardwood-gawb04hweg\\\/#primaryimage\"},\"thumbnailUrl\":\"https:\\\/\\\/www.garagemania.ch\\\/wp-content\\\/uploads\\\/2021\\\/04\\\/GAWB04HWEG-GLADIATOR-PIANO-DI-LAVORO-IN-ACERO-DA-122X64.jpg\",\"datePublished\":\"2021-04-21T10:01:14+00:00\",\"dateModified\":\"2022-12-15T21:33:31+00:00\",\"description\":\"Avec le plan de travail en bois hardwood Garage Mania, vous disposez d'un \u00e9tabli solide et durable pour vos cr\u00e9ations\",\"breadcrumb\":{\"@id\":\"https:\\\/\\\/www.garagemania.ch\\\/fr\\\/produit\\\/etabli-en-bois-hardwood-gawb04hweg\\\/#breadcrumb\"},\"inLanguage\":\"fr-FR\",\"potentialAction\":[{\"@type\":\"ReadAction\",\"target\":[\"https:\\\/\\\/www.garagemania.ch\\\/fr\\\/produit\\\/etabli-en-bois-hardwood-gawb04hweg\\\/\"]}]},{\"@type\":\"ImageObject\",\"inLanguage\":\"fr-FR\",\"@id\":\"https:\\\/\\\/www.garagemania.ch\\\/fr\\\/produit\\\/etabli-en-bois-hardwood-gawb04hweg\\\/#primaryimage\",\"url\":\"https:\\\/\\\/www.garagemania.ch\\\/wp-content\\\/uploads\\\/2021\\\/04\\\/GAWB04HWEG-GLADIATOR-PIANO-DI-LAVORO-IN-ACERO-DA-122X64.jpg\",\"contentUrl\":\"https:\\\/\\\/www.garagemania.ch\\\/wp-content\\\/uploads\\\/2021\\\/04\\\/GAWB04HWEG-GLADIATOR-PIANO-DI-LAVORO-IN-ACERO-DA-122X64.jpg\",\"width\":700,\"height\":700,\"caption\":\"GAWB04HWEG GLADIATOR ETABLI EN HARDWOOD DE 122X64\"},{\"@type\":\"BreadcrumbList\",\"@id\":\"https:\\\/\\\/www.garagemania.ch\\\/fr\\\/produit\\\/etabli-en-bois-hardwood-gawb04hweg\\\/#breadcrumb\",\"itemListElement\":[{\"@type\":\"ListItem\",\"position\":1,\"name\":\"Home\",\"item\":\"https:\\\/\\\/www.garagemania.ch\\\/fr\\\/homepage\\\/\"},{\"@type\":\"ListItem\",\"position\":2,\"name\":\"Shop\",\"item\":\"https:\\\/\\\/www.garagemania.ch\\\/fr\\\/page-shop-pour-les-rangements-garage-de-chez-garage-mania\\\/\"},{\"@type\":\"ListItem\",\"position\":3,\"name\":\"Etabli Gladiator\u00ae en bois hardwood 122&#215;64 GAWB04HWEG\"}]},{\"@type\":\"WebSite\",\"@id\":\"https:\\\/\\\/www.garagemania.ch\\\/fr\\\/#website\",\"url\":\"https:\\\/\\\/www.garagemania.ch\\\/fr\\\/\",\"name\":\"Garage Mania\",\"description\":\"Il luogo ideale per tutti coloro che vogliono un garage super esclusivo\",\"publisher\":{\"@id\":\"https:\\\/\\\/www.garagemania.ch\\\/fr\\\/#organization\"},\"potentialAction\":[{\"@type\":\"SearchAction\",\"target\":{\"@type\":\"EntryPoint\",\"urlTemplate\":\"https:\\\/\\\/www.garagemania.ch\\\/fr\\\/?s={search_term_string}\"},\"query-input\":{\"@type\":\"PropertyValueSpecification\",\"valueRequired\":true,\"valueName\":\"search_term_string\"}}],\"inLanguage\":\"fr-FR\"},{\"@type\":\"Organization\",\"@id\":\"https:\\\/\\\/www.garagemania.ch\\\/fr\\\/#organization\",\"name\":\"GLADIATOR WORX SAGL\",\"url\":\"https:\\\/\\\/www.garagemania.ch\\\/fr\\\/\",\"logo\":{\"@type\":\"ImageObject\",\"inLanguage\":\"fr-FR\",\"@id\":\"https:\\\/\\\/www.garagemania.ch\\\/fr\\\/#\\\/schema\\\/logo\\\/image\\\/\",\"url\":\"https:\\\/\\\/www.garagemania.ch\\\/wp-content\\\/uploads\\\/2021\\\/03\\\/Logo-Garage-Mania.png\",\"contentUrl\":\"https:\\\/\\\/www.garagemania.ch\\\/wp-content\\\/uploads\\\/2021\\\/03\\\/Logo-Garage-Mania.png\",\"width\":300,\"height\":282,\"caption\":\"GLADIATOR WORX SAGL\"},\"image\":{\"@id\":\"https:\\\/\\\/www.garagemania.ch\\\/fr\\\/#\\\/schema\\\/logo\\\/image\\\/\"},\"sameAs\":[\"https:\\\/\\\/www.facebook.com\\\/garagemania.it\\\/\",\"https:\\\/\\\/www.instagram.com\\\/garagemania.it\\\/\"]}]}<\/script>\n<!-- \/ Yoast SEO Premium plugin. -->","yoast_head_json":{"title":"Plan de travail Gladiator\u00ae en hardwood GAWB04HWEG - Garage Mania","description":"Avec le plan de travail en bois hardwood Garage Mania, vous disposez d'un \u00e9tabli solide et durable pour vos cr\u00e9ations","robots":{"index":"index","follow":"follow","max-snippet":"max-snippet:-1","max-image-preview":"max-image-preview:large","max-video-preview":"max-video-preview:-1"},"canonical":"https:\/\/www.garagemania.ch\/fr\/produit\/etabli-en-bois-hardwood-gawb04hweg\/","og_locale":"fr_FR","og_type":"article","og_title":"Plan de travail Gladiator\u00ae en hardwood GAWB04HWEG - Garage Mania","og_description":"Avec le plan de travail en bois hardwood Garage Mania, vous disposez d'un \u00e9tabli solide et durable pour vos cr\u00e9ations","og_url":"https:\/\/www.garagemania.ch\/fr\/produit\/etabli-en-bois-hardwood-gawb04hweg\/","og_site_name":"Garage Mania","article_publisher":"https:\/\/www.facebook.com\/garagemania.it\/","article_modified_time":"2022-12-15T21:33:31+00:00","og_image":[{"width":700,"height":700,"url":"https:\/\/www.garagemania.ch\/wp-content\/uploads\/2021\/04\/GAWB04HWEG-GLADIATOR-PIANO-DI-LAVORO-IN-ACERO-DA-122X64.jpg","type":"image\/jpeg"}],"twitter_card":"summary_large_image","twitter_title":"Plan de travail Gladiator\u00ae en hardwood GAWB04HWEG - Garage Mania","twitter_description":"Avec le plan de travail en bois hardwood Garage Mania, vous disposez d'un \u00e9tabli solide et durable pour vos cr\u00e9ations","schema":{"@context":"https:\/\/schema.org","@graph":[{"@type":"WebPage","@id":"https:\/\/www.garagemania.ch\/fr\/produit\/etabli-en-bois-hardwood-gawb04hweg\/","url":"https:\/\/www.garagemania.ch\/fr\/produit\/etabli-en-bois-hardwood-gawb04hweg\/","name":"Plan de travail Gladiator\u00ae en hardwood GAWB04HWEG - Garage Mania","isPartOf":{"@id":"https:\/\/www.garagemania.ch\/fr\/#website"},"primaryImageOfPage":{"@id":"https:\/\/www.garagemania.ch\/fr\/produit\/etabli-en-bois-hardwood-gawb04hweg\/#primaryimage"},"image":{"@id":"https:\/\/www.garagemania.ch\/fr\/produit\/etabli-en-bois-hardwood-gawb04hweg\/#primaryimage"},"thumbnailUrl":"https:\/\/www.garagemania.ch\/wp-content\/uploads\/2021\/04\/GAWB04HWEG-GLADIATOR-PIANO-DI-LAVORO-IN-ACERO-DA-122X64.jpg","datePublished":"2021-04-21T10:01:14+00:00","dateModified":"2022-12-15T21:33:31+00:00","description":"Avec le plan de travail en bois hardwood Garage Mania, vous disposez d'un \u00e9tabli solide et durable pour vos cr\u00e9ations","breadcrumb":{"@id":"https:\/\/www.garagemania.ch\/fr\/produit\/etabli-en-bois-hardwood-gawb04hweg\/#breadcrumb"},"inLanguage":"fr-FR","potentialAction":[{"@type":"ReadAction","target":["https:\/\/www.garagemania.ch\/fr\/produit\/etabli-en-bois-hardwood-gawb04hweg\/"]}]},{"@type":"ImageObject","inLanguage":"fr-FR","@id":"https:\/\/www.garagemania.ch\/fr\/produit\/etabli-en-bois-hardwood-gawb04hweg\/#primaryimage","url":"https:\/\/www.garagemania.ch\/wp-content\/uploads\/2021\/04\/GAWB04HWEG-GLADIATOR-PIANO-DI-LAVORO-IN-ACERO-DA-122X64.jpg","contentUrl":"https:\/\/www.garagemania.ch\/wp-content\/uploads\/2021\/04\/GAWB04HWEG-GLADIATOR-PIANO-DI-LAVORO-IN-ACERO-DA-122X64.jpg","width":700,"height":700,"caption":"GAWB04HWEG GLADIATOR ETABLI EN HARDWOOD DE 122X64"},{"@type":"BreadcrumbList","@id":"https:\/\/www.garagemania.ch\/fr\/produit\/etabli-en-bois-hardwood-gawb04hweg\/#breadcrumb","itemListElement":[{"@type":"ListItem","position":1,"name":"Home","item":"https:\/\/www.garagemania.ch\/fr\/homepage\/"},{"@type":"ListItem","position":2,"name":"Shop","item":"https:\/\/www.garagemania.ch\/fr\/page-shop-pour-les-rangements-garage-de-chez-garage-mania\/"},{"@type":"ListItem","position":3,"name":"Etabli Gladiator\u00ae en bois hardwood 122&#215;64 GAWB04HWEG"}]},{"@type":"WebSite","@id":"https:\/\/www.garagemania.ch\/fr\/#website","url":"https:\/\/www.garagemania.ch\/fr\/","name":"Garage Mania","description":"Il luogo ideale per tutti coloro che vogliono un garage super esclusivo","publisher":{"@id":"https:\/\/www.garagemania.ch\/fr\/#organization"},"potentialAction":[{"@type":"SearchAction","target":{"@type":"EntryPoint","urlTemplate":"https:\/\/www.garagemania.ch\/fr\/?s={search_term_string}"},"query-input":{"@type":"PropertyValueSpecification","valueRequired":true,"valueName":"search_term_string"}}],"inLanguage":"fr-FR"},{"@type":"Organization","@id":"https:\/\/www.garagemania.ch\/fr\/#organization","name":"GLADIATOR WORX SAGL","url":"https:\/\/www.garagemania.ch\/fr\/","logo":{"@type":"ImageObject","inLanguage":"fr-FR","@id":"https:\/\/www.garagemania.ch\/fr\/#\/schema\/logo\/image\/","url":"https:\/\/www.garagemania.ch\/wp-content\/uploads\/2021\/03\/Logo-Garage-Mania.png","contentUrl":"https:\/\/www.garagemania.ch\/wp-content\/uploads\/2021\/03\/Logo-Garage-Mania.png","width":300,"height":282,"caption":"GLADIATOR WORX SAGL"},"image":{"@id":"https:\/\/www.garagemania.ch\/fr\/#\/schema\/logo\/image\/"},"sameAs":["https:\/\/www.facebook.com\/garagemania.it\/","https:\/\/www.instagram.com\/garagemania.it\/"]}]}},"_links":{"self":[{"href":"https:\/\/www.garagemania.ch\/fr\/wp-json\/wp\/v2\/product\/6897","targetHints":{"allow":["GET"]}}],"collection":[{"href":"https:\/\/www.garagemania.ch\/fr\/wp-json\/wp\/v2\/product"}],"about":[{"href":"https:\/\/www.garagemania.ch\/fr\/wp-json\/wp\/v2\/types\/product"}],"replies":[{"embeddable":true,"href":"https:\/\/www.garagemania.ch\/fr\/wp-json\/wp\/v2\/comments?post=6897"}],"version-history":[{"count":3,"href":"https:\/\/www.garagemania.ch\/fr\/wp-json\/wp\/v2\/product\/6897\/revisions"}],"predecessor-version":[{"id":12024,"href":"https:\/\/www.garagemania.ch\/fr\/wp-json\/wp\/v2\/product\/6897\/revisions\/12024"}],"wp:featuredmedia":[{"embeddable":true,"href":"https:\/\/www.garagemania.ch\/fr\/wp-json\/wp\/v2\/media\/6898"}],"wp:attachment":[{"href":"https:\/\/www.garagemania.ch\/fr\/wp-json\/wp\/v2\/media?parent=6897"}],"wp:term":[{"taxonomy":"product_brand","embeddable":true,"href":"https:\/\/www.garagemania.ch\/fr\/wp-json\/wp\/v2\/product_brand?post=6897"},{"taxonomy":"product_cat","embeddable":true,"href":"https:\/\/www.garagemania.ch\/fr\/wp-json\/wp\/v2\/product_cat?post=6897"},{"taxonomy":"product_tag","embeddable":true,"href":"https:\/\/www.garagemania.ch\/fr\/wp-json\/wp\/v2\/product_tag?post=6897"}],"curies":[{"name":"wp","href":"https:\/\/api.w.org\/{rel}","templated":true}]}}