{"id":6903,"date":"2021-06-22T08:12:35","date_gmt":"2021-06-22T06:12:35","guid":{"rendered":"https:\/\/www.garagemania.ch\/prodotto\/etagere-gladiator-76x30x6-gawa30sfrg-garage-mania\/"},"modified":"2023-07-05T09:06:22","modified_gmt":"2023-07-05T07:06:22","slug":"etagere-gladiator-76x30x6-gawa30sfrg-garage-mania","status":"publish","type":"product","link":"https:\/\/www.garagemania.ch\/fr\/produit\/etagere-gladiator-76x30x6-gawa30sfrg-garage-mania\/","title":{"rendered":"\u00c9tag\u00e8re anthracite Gladiator\u00ae 76X30 GAWA30SFRG Garage Mania"},"content":{"rendered":"","protected":false},"excerpt":{"rendered":"<p>\u00c9tag\u00e8re anthracite Gladiator\u00ae 76X30 GAWA30SFRG. Disponible chez Garage Mania, revendeur certifi\u00e9 Gladiator\u00ae.<\/p>\n<p>Dot\u00e9e d\u2019une structure en acier et de couleur anthracite, cette \u00e9tag\u00e8re de 76 cm x 30 cm est tr\u00e8s r\u00e9sistante. Charge maximale 23 kg.<\/p>\n<p>Id\u00e9ale pour garder vos petits objets \u00e0 port\u00e9e de main : produits de nettoyage, outils de bricolage, de jardinage ou de m\u00e9canique\u2026<\/p>\n<p>Compatible avec tous les syst\u00e8mes muraux Gladiator\u00ae pour une parfaite fixation au mur :<\/p>\n<p>Panneaux Gearwall\u00ae 122 cm<\/p>\n<p>Panneaux Gearwall\u00ae 244 cm<\/p>\n<p>Canaux GearTrack\u00ae<\/p>\n<p>Installation est simple et rapide.<\/p>\n<p>Choisissez les \u00e9tag\u00e8res Garage Mania, et gardez votre garage bien rang\u00e9 !<\/p>\n","protected":false},"featured_media":4216,"comment_status":"open","ping_status":"closed","template":"","meta":{"site-sidebar-layout":"default","site-content-layout":"default","ast-site-content-layout":"default","site-content-style":"default","site-sidebar-style":"default","ast-global-header-display":"","ast-banner-title-visibility":"","ast-main-header-display":"","ast-hfb-above-header-display":"","ast-hfb-below-header-display":"","ast-hfb-mobile-header-display":"","site-post-title":"","ast-breadcrumbs-content":"","ast-featured-img":"","footer-sml-layout":"","ast-disable-related-posts":"","theme-transparent-header-meta":"default","adv-header-id-meta":"","stick-header-meta":"","header-above-stick-meta":"","header-main-stick-meta":"","header-below-stick-meta":"","astra-migrate-meta-layouts":"default","ast-page-background-enabled":"default","ast-page-background-meta":{"desktop":{"background-color":"","background-image":"","background-repeat":"repeat","background-position":"center center","background-size":"auto","background-attachment":"scroll","background-type":"","background-media":"","overlay-type":"","overlay-color":"","overlay-opacity":"","overlay-gradient":""},"tablet":{"background-color":"","background-image":"","background-repeat":"repeat","background-position":"center center","background-size":"auto","background-attachment":"scroll","background-type":"","background-media":"","overlay-type":"","overlay-color":"","overlay-opacity":"","overlay-gradient":""},"mobile":{"background-color":"","background-image":"","background-repeat":"repeat","background-position":"center center","background-size":"auto","background-attachment":"scroll","background-type":"","background-media":"","overlay-type":"","overlay-color":"","overlay-opacity":"","overlay-gradient":""}},"ast-content-background-meta":{"desktop":{"background-color":"var(--ast-global-color-5)","background-image":"","background-repeat":"repeat","background-position":"center center","background-size":"auto","background-attachment":"scroll","background-type":"","background-media":"","overlay-type":"","overlay-color":"","overlay-opacity":"","overlay-gradient":""},"tablet":{"background-color":"var(--ast-global-color-5)","background-image":"","background-repeat":"repeat","background-position":"center center","background-size":"auto","background-attachment":"scroll","background-type":"","background-media":"","overlay-type":"","overlay-color":"","overlay-opacity":"","overlay-gradient":""},"mobile":{"background-color":"var(--ast-global-color-5)","background-image":"","background-repeat":"repeat","background-position":"center center","background-size":"auto","background-attachment":"scroll","background-type":"","background-media":"","overlay-type":"","overlay-color":"","overlay-opacity":"","overlay-gradient":""}}},"product_brand":[],"product_cat":[615],"product_tag":[448,471,616,1092],"class_list":{"0":"post-6903","1":"product","2":"type-product","3":"status-publish","4":"has-post-thumbnail","6":"product_cat-etageres-et-contenants","7":"product_tag-amenagement-garage","8":"product_tag-au-mur","9":"product_tag-etagere","10":"product_tag-gladiator-fr-2","11":"desktop-align-center","12":"tablet-align-center","13":"mobile-align-center","14":"ast-product-gallery-layout-horizontal-slider","15":"ast-magnify-disabled","16":"ast-qv-on-image","18":"first","19":"instock","20":"taxable","21":"shipping-taxable","22":"purchasable","23":"product-type-simple"},"bundled_by":[],"bundle_stock_status":"instock","bundle_stock_quantity":1,"bundle_virtual":false,"bundle_layout":"","bundle_add_to_cart_form_location":"","bundle_editable_in_cart":false,"bundle_sold_individually_context":"","bundle_item_grouping":"","bundle_min_size":"","bundle_max_size":"","bundle_price":[],"bundled_items":[],"bundle_sell_ids":[],"yoast_head":"<!-- This site is optimized with the Yoast SEO Premium plugin v27.5 (Yoast SEO v27.5) - https:\/\/yoast.com\/product\/yoast-seo-premium-wordpress\/ -->\n<title>\u00c9tag\u00e8re Gladiator 76X30X6 GAWA30SFRG - Garage Mania<\/title>\n<meta name=\"description\" content=\"Utilisez l&#039;\u00e9tag\u00e8re Gladiator\u00ae de 76 cm pour ranger le mat\u00e9riel de garage, les outils de travail, les produits de nettoyage, etc.\" \/>\n<meta name=\"robots\" content=\"index, follow, max-snippet:-1, max-image-preview:large, max-video-preview:-1\" \/>\n<link rel=\"canonical\" href=\"https:\/\/www.garagemania.ch\/fr\/produit\/etagere-gladiator-76x30x6-gawa30sfrg-garage-mania\/\" \/>\n<meta property=\"og:locale\" content=\"fr_FR\" \/>\n<meta property=\"og:type\" content=\"article\" \/>\n<meta property=\"og:title\" content=\"\u00c9tag\u00e8re Gladiator 76X30X6 GAWA30SFRG - Garage Mania\" \/>\n<meta property=\"og:description\" content=\"Utilisez l&#039;\u00e9tag\u00e8re Gladiator\u00ae de 76 cm pour ranger le mat\u00e9riel de garage, les outils de travail, les produits de nettoyage, etc.\" \/>\n<meta property=\"og:url\" content=\"https:\/\/www.garagemania.ch\/fr\/produit\/etagere-gladiator-76x30x6-gawa30sfrg-garage-mania\/\" \/>\n<meta property=\"og:site_name\" content=\"Garage Mania\" \/>\n<meta property=\"article:publisher\" content=\"https:\/\/www.facebook.com\/garagemania.it\/\" \/>\n<meta property=\"article:modified_time\" content=\"2023-07-05T07:06:22+00:00\" \/>\n<meta property=\"og:image\" content=\"https:\/\/www.garagemania.ch\/wp-content\/uploads\/2021\/06\/Mensola-antracite-Gladiator-GAWA30SFRG-a-parete-Garage-Mania.jpg\" \/>\n<meta name=\"twitter:card\" content=\"summary_large_image\" \/>\n<meta name=\"twitter:title\" content=\"\u00c9tag\u00e8re Gladiator 76X30X6 GAWA30SFRG - Garage Mania\" \/>\n<meta name=\"twitter:description\" content=\"Utilisez l&#039;\u00e9tag\u00e8re Gladiator\u00ae de 76 cm pour ranger le mat\u00e9riel de garage, les outils de travail, les produits de nettoyage, etc.\" \/>\n<script type=\"application\/ld+json\" class=\"yoast-schema-graph\">{\"@context\":\"https:\\\/\\\/schema.org\",\"@graph\":[{\"@type\":\"WebPage\",\"@id\":\"https:\\\/\\\/www.garagemania.ch\\\/fr\\\/produit\\\/etagere-gladiator-76x30x6-gawa30sfrg-garage-mania\\\/\",\"url\":\"https:\\\/\\\/www.garagemania.ch\\\/fr\\\/produit\\\/etagere-gladiator-76x30x6-gawa30sfrg-garage-mania\\\/\",\"name\":\"\u00c9tag\u00e8re Gladiator 76X30X6 GAWA30SFRG - Garage Mania\",\"isPartOf\":{\"@id\":\"https:\\\/\\\/www.garagemania.ch\\\/fr\\\/#website\"},\"primaryImageOfPage\":{\"@id\":\"https:\\\/\\\/www.garagemania.ch\\\/fr\\\/produit\\\/etagere-gladiator-76x30x6-gawa30sfrg-garage-mania\\\/#primaryimage\"},\"image\":{\"@id\":\"https:\\\/\\\/www.garagemania.ch\\\/fr\\\/produit\\\/etagere-gladiator-76x30x6-gawa30sfrg-garage-mania\\\/#primaryimage\"},\"thumbnailUrl\":\"https:\\\/\\\/www.garagemania.ch\\\/wp-content\\\/uploads\\\/2021\\\/06\\\/Mensola-antracite-Gladiator-GAWA30SFRG-Garage-Mania-1.jpg\",\"datePublished\":\"2021-06-22T06:12:35+00:00\",\"dateModified\":\"2023-07-05T07:06:22+00:00\",\"description\":\"Utilisez l'\u00e9tag\u00e8re Gladiator\u00ae de 76 cm pour ranger le mat\u00e9riel de garage, les outils de travail, les produits de nettoyage, etc.\",\"breadcrumb\":{\"@id\":\"https:\\\/\\\/www.garagemania.ch\\\/fr\\\/produit\\\/etagere-gladiator-76x30x6-gawa30sfrg-garage-mania\\\/#breadcrumb\"},\"inLanguage\":\"fr-FR\",\"potentialAction\":[{\"@type\":\"ReadAction\",\"target\":[\"https:\\\/\\\/www.garagemania.ch\\\/fr\\\/produit\\\/etagere-gladiator-76x30x6-gawa30sfrg-garage-mania\\\/\"]}]},{\"@type\":\"ImageObject\",\"inLanguage\":\"fr-FR\",\"@id\":\"https:\\\/\\\/www.garagemania.ch\\\/fr\\\/produit\\\/etagere-gladiator-76x30x6-gawa30sfrg-garage-mania\\\/#primaryimage\",\"url\":\"https:\\\/\\\/www.garagemania.ch\\\/wp-content\\\/uploads\\\/2021\\\/06\\\/Mensola-antracite-Gladiator-GAWA30SFRG-Garage-Mania-1.jpg\",\"contentUrl\":\"https:\\\/\\\/www.garagemania.ch\\\/wp-content\\\/uploads\\\/2021\\\/06\\\/Mensola-antracite-Gladiator-GAWA30SFRG-Garage-Mania-1.jpg\",\"width\":700,\"height\":700,\"caption\":\"\u00c9tag\u00e8re Gladiator GAWA30SFRG Garage Mania\"},{\"@type\":\"BreadcrumbList\",\"@id\":\"https:\\\/\\\/www.garagemania.ch\\\/fr\\\/produit\\\/etagere-gladiator-76x30x6-gawa30sfrg-garage-mania\\\/#breadcrumb\",\"itemListElement\":[{\"@type\":\"ListItem\",\"position\":1,\"name\":\"Home\",\"item\":\"https:\\\/\\\/www.garagemania.ch\\\/fr\\\/homepage\\\/\"},{\"@type\":\"ListItem\",\"position\":2,\"name\":\"Shop\",\"item\":\"https:\\\/\\\/www.garagemania.ch\\\/fr\\\/page-shop-pour-les-rangements-garage-de-chez-garage-mania\\\/\"},{\"@type\":\"ListItem\",\"position\":3,\"name\":\"\u00c9tag\u00e8re anthracite Gladiator\u00ae 76X30 GAWA30SFRG Garage Mania\"}]},{\"@type\":\"WebSite\",\"@id\":\"https:\\\/\\\/www.garagemania.ch\\\/fr\\\/#website\",\"url\":\"https:\\\/\\\/www.garagemania.ch\\\/fr\\\/\",\"name\":\"Garage Mania\",\"description\":\"Il luogo ideale per tutti coloro che vogliono un garage super esclusivo\",\"publisher\":{\"@id\":\"https:\\\/\\\/www.garagemania.ch\\\/fr\\\/#organization\"},\"potentialAction\":[{\"@type\":\"SearchAction\",\"target\":{\"@type\":\"EntryPoint\",\"urlTemplate\":\"https:\\\/\\\/www.garagemania.ch\\\/fr\\\/?s={search_term_string}\"},\"query-input\":{\"@type\":\"PropertyValueSpecification\",\"valueRequired\":true,\"valueName\":\"search_term_string\"}}],\"inLanguage\":\"fr-FR\"},{\"@type\":\"Organization\",\"@id\":\"https:\\\/\\\/www.garagemania.ch\\\/fr\\\/#organization\",\"name\":\"GLADIATOR WORX SAGL\",\"url\":\"https:\\\/\\\/www.garagemania.ch\\\/fr\\\/\",\"logo\":{\"@type\":\"ImageObject\",\"inLanguage\":\"fr-FR\",\"@id\":\"https:\\\/\\\/www.garagemania.ch\\\/fr\\\/#\\\/schema\\\/logo\\\/image\\\/\",\"url\":\"https:\\\/\\\/www.garagemania.ch\\\/wp-content\\\/uploads\\\/2021\\\/03\\\/Logo-Garage-Mania.png\",\"contentUrl\":\"https:\\\/\\\/www.garagemania.ch\\\/wp-content\\\/uploads\\\/2021\\\/03\\\/Logo-Garage-Mania.png\",\"width\":300,\"height\":282,\"caption\":\"GLADIATOR WORX SAGL\"},\"image\":{\"@id\":\"https:\\\/\\\/www.garagemania.ch\\\/fr\\\/#\\\/schema\\\/logo\\\/image\\\/\"},\"sameAs\":[\"https:\\\/\\\/www.facebook.com\\\/garagemania.it\\\/\",\"https:\\\/\\\/www.instagram.com\\\/garagemania.it\\\/\"]}]}<\/script>\n<!-- \/ Yoast SEO Premium plugin. -->","yoast_head_json":{"title":"\u00c9tag\u00e8re Gladiator 76X30X6 GAWA30SFRG - Garage Mania","description":"Utilisez l'\u00e9tag\u00e8re Gladiator\u00ae de 76 cm pour ranger le mat\u00e9riel de garage, les outils de travail, les produits de nettoyage, etc.","robots":{"index":"index","follow":"follow","max-snippet":"max-snippet:-1","max-image-preview":"max-image-preview:large","max-video-preview":"max-video-preview:-1"},"canonical":"https:\/\/www.garagemania.ch\/fr\/produit\/etagere-gladiator-76x30x6-gawa30sfrg-garage-mania\/","og_locale":"fr_FR","og_type":"article","og_title":"\u00c9tag\u00e8re Gladiator 76X30X6 GAWA30SFRG - Garage Mania","og_description":"Utilisez l'\u00e9tag\u00e8re Gladiator\u00ae de 76 cm pour ranger le mat\u00e9riel de garage, les outils de travail, les produits de nettoyage, etc.","og_url":"https:\/\/www.garagemania.ch\/fr\/produit\/etagere-gladiator-76x30x6-gawa30sfrg-garage-mania\/","og_site_name":"Garage Mania","article_publisher":"https:\/\/www.facebook.com\/garagemania.it\/","article_modified_time":"2023-07-05T07:06:22+00:00","og_image":[{"url":"https:\/\/www.garagemania.ch\/wp-content\/uploads\/2021\/06\/Mensola-antracite-Gladiator-GAWA30SFRG-a-parete-Garage-Mania.jpg","type":"","width":"","height":""}],"twitter_card":"summary_large_image","twitter_title":"\u00c9tag\u00e8re Gladiator 76X30X6 GAWA30SFRG - Garage Mania","twitter_description":"Utilisez l'\u00e9tag\u00e8re Gladiator\u00ae de 76 cm pour ranger le mat\u00e9riel de garage, les outils de travail, les produits de nettoyage, etc.","schema":{"@context":"https:\/\/schema.org","@graph":[{"@type":"WebPage","@id":"https:\/\/www.garagemania.ch\/fr\/produit\/etagere-gladiator-76x30x6-gawa30sfrg-garage-mania\/","url":"https:\/\/www.garagemania.ch\/fr\/produit\/etagere-gladiator-76x30x6-gawa30sfrg-garage-mania\/","name":"\u00c9tag\u00e8re Gladiator 76X30X6 GAWA30SFRG - Garage Mania","isPartOf":{"@id":"https:\/\/www.garagemania.ch\/fr\/#website"},"primaryImageOfPage":{"@id":"https:\/\/www.garagemania.ch\/fr\/produit\/etagere-gladiator-76x30x6-gawa30sfrg-garage-mania\/#primaryimage"},"image":{"@id":"https:\/\/www.garagemania.ch\/fr\/produit\/etagere-gladiator-76x30x6-gawa30sfrg-garage-mania\/#primaryimage"},"thumbnailUrl":"https:\/\/www.garagemania.ch\/wp-content\/uploads\/2021\/06\/Mensola-antracite-Gladiator-GAWA30SFRG-Garage-Mania-1.jpg","datePublished":"2021-06-22T06:12:35+00:00","dateModified":"2023-07-05T07:06:22+00:00","description":"Utilisez l'\u00e9tag\u00e8re Gladiator\u00ae de 76 cm pour ranger le mat\u00e9riel de garage, les outils de travail, les produits de nettoyage, etc.","breadcrumb":{"@id":"https:\/\/www.garagemania.ch\/fr\/produit\/etagere-gladiator-76x30x6-gawa30sfrg-garage-mania\/#breadcrumb"},"inLanguage":"fr-FR","potentialAction":[{"@type":"ReadAction","target":["https:\/\/www.garagemania.ch\/fr\/produit\/etagere-gladiator-76x30x6-gawa30sfrg-garage-mania\/"]}]},{"@type":"ImageObject","inLanguage":"fr-FR","@id":"https:\/\/www.garagemania.ch\/fr\/produit\/etagere-gladiator-76x30x6-gawa30sfrg-garage-mania\/#primaryimage","url":"https:\/\/www.garagemania.ch\/wp-content\/uploads\/2021\/06\/Mensola-antracite-Gladiator-GAWA30SFRG-Garage-Mania-1.jpg","contentUrl":"https:\/\/www.garagemania.ch\/wp-content\/uploads\/2021\/06\/Mensola-antracite-Gladiator-GAWA30SFRG-Garage-Mania-1.jpg","width":700,"height":700,"caption":"\u00c9tag\u00e8re Gladiator GAWA30SFRG Garage Mania"},{"@type":"BreadcrumbList","@id":"https:\/\/www.garagemania.ch\/fr\/produit\/etagere-gladiator-76x30x6-gawa30sfrg-garage-mania\/#breadcrumb","itemListElement":[{"@type":"ListItem","position":1,"name":"Home","item":"https:\/\/www.garagemania.ch\/fr\/homepage\/"},{"@type":"ListItem","position":2,"name":"Shop","item":"https:\/\/www.garagemania.ch\/fr\/page-shop-pour-les-rangements-garage-de-chez-garage-mania\/"},{"@type":"ListItem","position":3,"name":"\u00c9tag\u00e8re anthracite Gladiator\u00ae 76X30 GAWA30SFRG Garage Mania"}]},{"@type":"WebSite","@id":"https:\/\/www.garagemania.ch\/fr\/#website","url":"https:\/\/www.garagemania.ch\/fr\/","name":"Garage Mania","description":"Il luogo ideale per tutti coloro che vogliono un garage super esclusivo","publisher":{"@id":"https:\/\/www.garagemania.ch\/fr\/#organization"},"potentialAction":[{"@type":"SearchAction","target":{"@type":"EntryPoint","urlTemplate":"https:\/\/www.garagemania.ch\/fr\/?s={search_term_string}"},"query-input":{"@type":"PropertyValueSpecification","valueRequired":true,"valueName":"search_term_string"}}],"inLanguage":"fr-FR"},{"@type":"Organization","@id":"https:\/\/www.garagemania.ch\/fr\/#organization","name":"GLADIATOR WORX SAGL","url":"https:\/\/www.garagemania.ch\/fr\/","logo":{"@type":"ImageObject","inLanguage":"fr-FR","@id":"https:\/\/www.garagemania.ch\/fr\/#\/schema\/logo\/image\/","url":"https:\/\/www.garagemania.ch\/wp-content\/uploads\/2021\/03\/Logo-Garage-Mania.png","contentUrl":"https:\/\/www.garagemania.ch\/wp-content\/uploads\/2021\/03\/Logo-Garage-Mania.png","width":300,"height":282,"caption":"GLADIATOR WORX SAGL"},"image":{"@id":"https:\/\/www.garagemania.ch\/fr\/#\/schema\/logo\/image\/"},"sameAs":["https:\/\/www.facebook.com\/garagemania.it\/","https:\/\/www.instagram.com\/garagemania.it\/"]}]}},"_links":{"self":[{"href":"https:\/\/www.garagemania.ch\/fr\/wp-json\/wp\/v2\/product\/6903","targetHints":{"allow":["GET"]}}],"collection":[{"href":"https:\/\/www.garagemania.ch\/fr\/wp-json\/wp\/v2\/product"}],"about":[{"href":"https:\/\/www.garagemania.ch\/fr\/wp-json\/wp\/v2\/types\/product"}],"replies":[{"embeddable":true,"href":"https:\/\/www.garagemania.ch\/fr\/wp-json\/wp\/v2\/comments?post=6903"}],"version-history":[{"count":5,"href":"https:\/\/www.garagemania.ch\/fr\/wp-json\/wp\/v2\/product\/6903\/revisions"}],"predecessor-version":[{"id":12223,"href":"https:\/\/www.garagemania.ch\/fr\/wp-json\/wp\/v2\/product\/6903\/revisions\/12223"}],"wp:featuredmedia":[{"embeddable":true,"href":"https:\/\/www.garagemania.ch\/fr\/wp-json\/wp\/v2\/media\/4216"}],"wp:attachment":[{"href":"https:\/\/www.garagemania.ch\/fr\/wp-json\/wp\/v2\/media?parent=6903"}],"wp:term":[{"taxonomy":"product_brand","embeddable":true,"href":"https:\/\/www.garagemania.ch\/fr\/wp-json\/wp\/v2\/product_brand?post=6903"},{"taxonomy":"product_cat","embeddable":true,"href":"https:\/\/www.garagemania.ch\/fr\/wp-json\/wp\/v2\/product_cat?post=6903"},{"taxonomy":"product_tag","embeddable":true,"href":"https:\/\/www.garagemania.ch\/fr\/wp-json\/wp\/v2\/product_tag?post=6903"}],"curies":[{"name":"wp","href":"https:\/\/api.w.org\/{rel}","templated":true}]}}