{"id":6915,"date":"2021-06-16T16:22:11","date_gmt":"2021-06-16T14:22:11","guid":{"rendered":"https:\/\/www.garagemania.ch\/prodotto\/panier-en-tissu-gladiator-gawu24mbbh\/"},"modified":"2022-12-15T22:34:55","modified_gmt":"2022-12-15T21:34:55","slug":"panier-en-tissu-gladiator-gawu24mbbh","status":"publish","type":"product","link":"https:\/\/www.garagemania.ch\/fr\/produit\/panier-en-tissu-gladiator-gawu24mbbh\/","title":{"rendered":"Panier en tissu Gladiator\u00ae 61x32x34 GAWU24MBBH"},"content":{"rendered":"","protected":false},"excerpt":{"rendered":"<p>Panier en tissu 61x32x34 cm Gladiator\u00ae GAWU24MBBH Garage Mania.<\/p>\n<p>Id\u00e9al et pratique pour les \u00e9quipements sportifs, accessoires de voiture et autres objets encombrants difficiles \u00e0 ranger.<\/p>\n<p>Dot\u00e9 d\u2019une structure en acier, la charge maximale de ce panier en tissu est de 16 kg.<\/p>\n<p>Facile \u00e0 installer, il est compatible avec tous les syst\u00e8mes muraux Gladiator\u00ae : panneaux muraux GearWall\u00ae et canaux GearTrack\u00ae.<\/p>\n<p>Ne laissez pas votre garage en d\u00e9sordre ! Le panier mural Garage Mania est la solution parfaite !<\/p>\n","protected":false},"featured_media":4584,"comment_status":"open","ping_status":"closed","template":"","meta":{"site-sidebar-layout":"default","site-content-layout":"default","ast-site-content-layout":"default","site-content-style":"default","site-sidebar-style":"default","ast-global-header-display":"","ast-banner-title-visibility":"","ast-main-header-display":"","ast-hfb-above-header-display":"","ast-hfb-below-header-display":"","ast-hfb-mobile-header-display":"","site-post-title":"","ast-breadcrumbs-content":"","ast-featured-img":"","footer-sml-layout":"","ast-disable-related-posts":"","theme-transparent-header-meta":"default","adv-header-id-meta":"","stick-header-meta":"","header-above-stick-meta":"","header-main-stick-meta":"","header-below-stick-meta":"","astra-migrate-meta-layouts":"default","ast-page-background-enabled":"default","ast-page-background-meta":{"desktop":{"background-color":"","background-image":"","background-repeat":"repeat","background-position":"center center","background-size":"auto","background-attachment":"scroll","background-type":"","background-media":"","overlay-type":"","overlay-color":"","overlay-opacity":"","overlay-gradient":""},"tablet":{"background-color":"","background-image":"","background-repeat":"repeat","background-position":"center center","background-size":"auto","background-attachment":"scroll","background-type":"","background-media":"","overlay-type":"","overlay-color":"","overlay-opacity":"","overlay-gradient":""},"mobile":{"background-color":"","background-image":"","background-repeat":"repeat","background-position":"center center","background-size":"auto","background-attachment":"scroll","background-type":"","background-media":"","overlay-type":"","overlay-color":"","overlay-opacity":"","overlay-gradient":""}},"ast-content-background-meta":{"desktop":{"background-color":"var(--ast-global-color-5)","background-image":"","background-repeat":"repeat","background-position":"center center","background-size":"auto","background-attachment":"scroll","background-type":"","background-media":"","overlay-type":"","overlay-color":"","overlay-opacity":"","overlay-gradient":""},"tablet":{"background-color":"var(--ast-global-color-5)","background-image":"","background-repeat":"repeat","background-position":"center center","background-size":"auto","background-attachment":"scroll","background-type":"","background-media":"","overlay-type":"","overlay-color":"","overlay-opacity":"","overlay-gradient":""},"mobile":{"background-color":"var(--ast-global-color-5)","background-image":"","background-repeat":"repeat","background-position":"center center","background-size":"auto","background-attachment":"scroll","background-type":"","background-media":"","overlay-type":"","overlay-color":"","overlay-opacity":"","overlay-gradient":""}}},"product_brand":[],"product_cat":[615],"product_tag":[448,471,628,1092],"class_list":{"0":"post-6915","1":"product","2":"type-product","3":"status-publish","4":"has-post-thumbnail","6":"product_cat-etageres-et-contenants","7":"product_tag-amenagement-garage","8":"product_tag-au-mur","9":"product_tag-contenant","10":"product_tag-gladiator-fr-2","11":"desktop-align-center","12":"tablet-align-center","13":"mobile-align-center","14":"ast-product-gallery-layout-horizontal-slider","15":"ast-magnify-disabled","16":"ast-qv-on-image","18":"first","19":"onbackorder","20":"taxable","21":"shipping-taxable","22":"purchasable","23":"product-type-simple"},"bundled_by":["9043","9044"],"bundle_stock_status":"onbackorder","bundle_stock_quantity":null,"bundle_virtual":false,"bundle_layout":"","bundle_add_to_cart_form_location":"","bundle_editable_in_cart":false,"bundle_sold_individually_context":"","bundle_item_grouping":"","bundle_min_size":"","bundle_max_size":"","bundle_price":[],"bundled_items":[],"bundle_sell_ids":[],"yoast_head":"<!-- This site is optimized with the Yoast SEO Premium plugin v27.5 (Yoast SEO v27.5) - https:\/\/yoast.com\/product\/yoast-seo-premium-wordpress\/ -->\n<title>Cestino in rete Gladiator\u00ae 61x32x34 GAWU24MBBH - Garage Mania<\/title>\n<meta name=\"description\" content=\"Con questo cestino in rete Gladiator Garage Mania, puoi attrezzare la tua parete per riporre e sistemare anche gli oggetti pi\u00f9 ingombranti\" \/>\n<meta name=\"robots\" content=\"index, follow, max-snippet:-1, max-image-preview:large, max-video-preview:-1\" \/>\n<link rel=\"canonical\" href=\"https:\/\/www.garagemania.ch\/fr\/produit\/panier-en-tissu-gladiator-gawu24mbbh\/\" \/>\n<meta property=\"og:locale\" content=\"fr_FR\" \/>\n<meta property=\"og:type\" content=\"article\" \/>\n<meta property=\"og:title\" content=\"Contenitore in rete Gladiator\u00ae 61x32x34 GAWU24MBBH - Garage Mania\" \/>\n<meta property=\"og:description\" content=\"Con questo cestino in rete Garage Mania, puoi attrezzare la tua parete per riporre e sistemare anche gli oggetti pi\u00f9 ingombranti\" \/>\n<meta property=\"og:url\" content=\"https:\/\/www.garagemania.ch\/fr\/produit\/panier-en-tissu-gladiator-gawu24mbbh\/\" \/>\n<meta property=\"og:site_name\" content=\"Garage Mania\" \/>\n<meta property=\"article:publisher\" content=\"https:\/\/www.facebook.com\/garagemania.it\/\" \/>\n<meta property=\"article:modified_time\" content=\"2022-12-15T21:34:55+00:00\" \/>\n<meta property=\"og:image\" content=\"https:\/\/www.garagemania.ch\/wp-content\/uploads\/2021\/06\/Cestino-in-rete-portaoggetti-Garage-Mania-GAWU24MBBH.jpg\" \/>\n<meta name=\"twitter:card\" content=\"summary_large_image\" \/>\n<meta name=\"twitter:title\" content=\"Contenitore in rete Gladiator\u00ae 61x32x34 GAWU24MBBH - Garage Mania\" \/>\n<meta name=\"twitter:description\" content=\"Con questo cestino in rete Garage Mania, puoi attrezzare la tua parete per riporre e sistemare anche gli oggetti pi\u00f9 ingombranti\" \/>\n<script type=\"application\/ld+json\" class=\"yoast-schema-graph\">{\"@context\":\"https:\\\/\\\/schema.org\",\"@graph\":[{\"@type\":\"WebPage\",\"@id\":\"https:\\\/\\\/www.garagemania.ch\\\/fr\\\/produit\\\/panier-en-tissu-gladiator-gawu24mbbh\\\/\",\"url\":\"https:\\\/\\\/www.garagemania.ch\\\/fr\\\/produit\\\/panier-en-tissu-gladiator-gawu24mbbh\\\/\",\"name\":\"Cestino in rete Gladiator\u00ae 61x32x34 GAWU24MBBH - Garage Mania\",\"isPartOf\":{\"@id\":\"https:\\\/\\\/www.garagemania.ch\\\/fr\\\/#website\"},\"primaryImageOfPage\":{\"@id\":\"https:\\\/\\\/www.garagemania.ch\\\/fr\\\/produit\\\/panier-en-tissu-gladiator-gawu24mbbh\\\/#primaryimage\"},\"image\":{\"@id\":\"https:\\\/\\\/www.garagemania.ch\\\/fr\\\/produit\\\/panier-en-tissu-gladiator-gawu24mbbh\\\/#primaryimage\"},\"thumbnailUrl\":\"https:\\\/\\\/www.garagemania.ch\\\/wp-content\\\/uploads\\\/2021\\\/06\\\/Cestino-in-rete-Garage-Mania-GAWU24MBBH.jpg\",\"datePublished\":\"2021-06-16T14:22:11+00:00\",\"dateModified\":\"2022-12-15T21:34:55+00:00\",\"description\":\"Con questo cestino in rete Gladiator Garage Mania, puoi attrezzare la tua parete per riporre e sistemare anche gli oggetti pi\u00f9 ingombranti\",\"breadcrumb\":{\"@id\":\"https:\\\/\\\/www.garagemania.ch\\\/fr\\\/produit\\\/panier-en-tissu-gladiator-gawu24mbbh\\\/#breadcrumb\"},\"inLanguage\":\"fr-FR\",\"potentialAction\":[{\"@type\":\"ReadAction\",\"target\":[\"https:\\\/\\\/www.garagemania.ch\\\/fr\\\/produit\\\/panier-en-tissu-gladiator-gawu24mbbh\\\/\"]}]},{\"@type\":\"ImageObject\",\"inLanguage\":\"fr-FR\",\"@id\":\"https:\\\/\\\/www.garagemania.ch\\\/fr\\\/produit\\\/panier-en-tissu-gladiator-gawu24mbbh\\\/#primaryimage\",\"url\":\"https:\\\/\\\/www.garagemania.ch\\\/wp-content\\\/uploads\\\/2021\\\/06\\\/Cestino-in-rete-Garage-Mania-GAWU24MBBH.jpg\",\"contentUrl\":\"https:\\\/\\\/www.garagemania.ch\\\/wp-content\\\/uploads\\\/2021\\\/06\\\/Cestino-in-rete-Garage-Mania-GAWU24MBBH.jpg\",\"width\":700,\"height\":700,\"caption\":\"Panier en tissu Garage Mania GAWU24MBBH\"},{\"@type\":\"BreadcrumbList\",\"@id\":\"https:\\\/\\\/www.garagemania.ch\\\/fr\\\/produit\\\/panier-en-tissu-gladiator-gawu24mbbh\\\/#breadcrumb\",\"itemListElement\":[{\"@type\":\"ListItem\",\"position\":1,\"name\":\"Home\",\"item\":\"https:\\\/\\\/www.garagemania.ch\\\/fr\\\/homepage\\\/\"},{\"@type\":\"ListItem\",\"position\":2,\"name\":\"Shop\",\"item\":\"https:\\\/\\\/www.garagemania.ch\\\/fr\\\/page-shop-pour-les-rangements-garage-de-chez-garage-mania\\\/\"},{\"@type\":\"ListItem\",\"position\":3,\"name\":\"Panier en tissu Gladiator\u00ae 61x32x34 GAWU24MBBH\"}]},{\"@type\":\"WebSite\",\"@id\":\"https:\\\/\\\/www.garagemania.ch\\\/fr\\\/#website\",\"url\":\"https:\\\/\\\/www.garagemania.ch\\\/fr\\\/\",\"name\":\"Garage Mania\",\"description\":\"Il luogo ideale per tutti coloro che vogliono un garage super esclusivo\",\"publisher\":{\"@id\":\"https:\\\/\\\/www.garagemania.ch\\\/fr\\\/#organization\"},\"potentialAction\":[{\"@type\":\"SearchAction\",\"target\":{\"@type\":\"EntryPoint\",\"urlTemplate\":\"https:\\\/\\\/www.garagemania.ch\\\/fr\\\/?s={search_term_string}\"},\"query-input\":{\"@type\":\"PropertyValueSpecification\",\"valueRequired\":true,\"valueName\":\"search_term_string\"}}],\"inLanguage\":\"fr-FR\"},{\"@type\":\"Organization\",\"@id\":\"https:\\\/\\\/www.garagemania.ch\\\/fr\\\/#organization\",\"name\":\"GLADIATOR WORX SAGL\",\"url\":\"https:\\\/\\\/www.garagemania.ch\\\/fr\\\/\",\"logo\":{\"@type\":\"ImageObject\",\"inLanguage\":\"fr-FR\",\"@id\":\"https:\\\/\\\/www.garagemania.ch\\\/fr\\\/#\\\/schema\\\/logo\\\/image\\\/\",\"url\":\"https:\\\/\\\/www.garagemania.ch\\\/wp-content\\\/uploads\\\/2021\\\/03\\\/Logo-Garage-Mania.png\",\"contentUrl\":\"https:\\\/\\\/www.garagemania.ch\\\/wp-content\\\/uploads\\\/2021\\\/03\\\/Logo-Garage-Mania.png\",\"width\":300,\"height\":282,\"caption\":\"GLADIATOR WORX SAGL\"},\"image\":{\"@id\":\"https:\\\/\\\/www.garagemania.ch\\\/fr\\\/#\\\/schema\\\/logo\\\/image\\\/\"},\"sameAs\":[\"https:\\\/\\\/www.facebook.com\\\/garagemania.it\\\/\",\"https:\\\/\\\/www.instagram.com\\\/garagemania.it\\\/\"]}]}<\/script>\n<!-- \/ Yoast SEO Premium plugin. -->","yoast_head_json":{"title":"Cestino in rete Gladiator\u00ae 61x32x34 GAWU24MBBH - Garage Mania","description":"Con questo cestino in rete Gladiator Garage Mania, puoi attrezzare la tua parete per riporre e sistemare anche gli oggetti pi\u00f9 ingombranti","robots":{"index":"index","follow":"follow","max-snippet":"max-snippet:-1","max-image-preview":"max-image-preview:large","max-video-preview":"max-video-preview:-1"},"canonical":"https:\/\/www.garagemania.ch\/fr\/produit\/panier-en-tissu-gladiator-gawu24mbbh\/","og_locale":"fr_FR","og_type":"article","og_title":"Contenitore in rete Gladiator\u00ae 61x32x34 GAWU24MBBH - Garage Mania","og_description":"Con questo cestino in rete Garage Mania, puoi attrezzare la tua parete per riporre e sistemare anche gli oggetti pi\u00f9 ingombranti","og_url":"https:\/\/www.garagemania.ch\/fr\/produit\/panier-en-tissu-gladiator-gawu24mbbh\/","og_site_name":"Garage Mania","article_publisher":"https:\/\/www.facebook.com\/garagemania.it\/","article_modified_time":"2022-12-15T21:34:55+00:00","og_image":[{"url":"https:\/\/www.garagemania.ch\/wp-content\/uploads\/2021\/06\/Cestino-in-rete-portaoggetti-Garage-Mania-GAWU24MBBH.jpg","type":"","width":"","height":""}],"twitter_card":"summary_large_image","twitter_title":"Contenitore in rete Gladiator\u00ae 61x32x34 GAWU24MBBH - Garage Mania","twitter_description":"Con questo cestino in rete Garage Mania, puoi attrezzare la tua parete per riporre e sistemare anche gli oggetti pi\u00f9 ingombranti","schema":{"@context":"https:\/\/schema.org","@graph":[{"@type":"WebPage","@id":"https:\/\/www.garagemania.ch\/fr\/produit\/panier-en-tissu-gladiator-gawu24mbbh\/","url":"https:\/\/www.garagemania.ch\/fr\/produit\/panier-en-tissu-gladiator-gawu24mbbh\/","name":"Cestino in rete Gladiator\u00ae 61x32x34 GAWU24MBBH - Garage Mania","isPartOf":{"@id":"https:\/\/www.garagemania.ch\/fr\/#website"},"primaryImageOfPage":{"@id":"https:\/\/www.garagemania.ch\/fr\/produit\/panier-en-tissu-gladiator-gawu24mbbh\/#primaryimage"},"image":{"@id":"https:\/\/www.garagemania.ch\/fr\/produit\/panier-en-tissu-gladiator-gawu24mbbh\/#primaryimage"},"thumbnailUrl":"https:\/\/www.garagemania.ch\/wp-content\/uploads\/2021\/06\/Cestino-in-rete-Garage-Mania-GAWU24MBBH.jpg","datePublished":"2021-06-16T14:22:11+00:00","dateModified":"2022-12-15T21:34:55+00:00","description":"Con questo cestino in rete Gladiator Garage Mania, puoi attrezzare la tua parete per riporre e sistemare anche gli oggetti pi\u00f9 ingombranti","breadcrumb":{"@id":"https:\/\/www.garagemania.ch\/fr\/produit\/panier-en-tissu-gladiator-gawu24mbbh\/#breadcrumb"},"inLanguage":"fr-FR","potentialAction":[{"@type":"ReadAction","target":["https:\/\/www.garagemania.ch\/fr\/produit\/panier-en-tissu-gladiator-gawu24mbbh\/"]}]},{"@type":"ImageObject","inLanguage":"fr-FR","@id":"https:\/\/www.garagemania.ch\/fr\/produit\/panier-en-tissu-gladiator-gawu24mbbh\/#primaryimage","url":"https:\/\/www.garagemania.ch\/wp-content\/uploads\/2021\/06\/Cestino-in-rete-Garage-Mania-GAWU24MBBH.jpg","contentUrl":"https:\/\/www.garagemania.ch\/wp-content\/uploads\/2021\/06\/Cestino-in-rete-Garage-Mania-GAWU24MBBH.jpg","width":700,"height":700,"caption":"Panier en tissu Garage Mania GAWU24MBBH"},{"@type":"BreadcrumbList","@id":"https:\/\/www.garagemania.ch\/fr\/produit\/panier-en-tissu-gladiator-gawu24mbbh\/#breadcrumb","itemListElement":[{"@type":"ListItem","position":1,"name":"Home","item":"https:\/\/www.garagemania.ch\/fr\/homepage\/"},{"@type":"ListItem","position":2,"name":"Shop","item":"https:\/\/www.garagemania.ch\/fr\/page-shop-pour-les-rangements-garage-de-chez-garage-mania\/"},{"@type":"ListItem","position":3,"name":"Panier en tissu Gladiator\u00ae 61x32x34 GAWU24MBBH"}]},{"@type":"WebSite","@id":"https:\/\/www.garagemania.ch\/fr\/#website","url":"https:\/\/www.garagemania.ch\/fr\/","name":"Garage Mania","description":"Il luogo ideale per tutti coloro che vogliono un garage super esclusivo","publisher":{"@id":"https:\/\/www.garagemania.ch\/fr\/#organization"},"potentialAction":[{"@type":"SearchAction","target":{"@type":"EntryPoint","urlTemplate":"https:\/\/www.garagemania.ch\/fr\/?s={search_term_string}"},"query-input":{"@type":"PropertyValueSpecification","valueRequired":true,"valueName":"search_term_string"}}],"inLanguage":"fr-FR"},{"@type":"Organization","@id":"https:\/\/www.garagemania.ch\/fr\/#organization","name":"GLADIATOR WORX SAGL","url":"https:\/\/www.garagemania.ch\/fr\/","logo":{"@type":"ImageObject","inLanguage":"fr-FR","@id":"https:\/\/www.garagemania.ch\/fr\/#\/schema\/logo\/image\/","url":"https:\/\/www.garagemania.ch\/wp-content\/uploads\/2021\/03\/Logo-Garage-Mania.png","contentUrl":"https:\/\/www.garagemania.ch\/wp-content\/uploads\/2021\/03\/Logo-Garage-Mania.png","width":300,"height":282,"caption":"GLADIATOR WORX SAGL"},"image":{"@id":"https:\/\/www.garagemania.ch\/fr\/#\/schema\/logo\/image\/"},"sameAs":["https:\/\/www.facebook.com\/garagemania.it\/","https:\/\/www.instagram.com\/garagemania.it\/"]}]}},"_links":{"self":[{"href":"https:\/\/www.garagemania.ch\/fr\/wp-json\/wp\/v2\/product\/6915","targetHints":{"allow":["GET"]}}],"collection":[{"href":"https:\/\/www.garagemania.ch\/fr\/wp-json\/wp\/v2\/product"}],"about":[{"href":"https:\/\/www.garagemania.ch\/fr\/wp-json\/wp\/v2\/types\/product"}],"replies":[{"embeddable":true,"href":"https:\/\/www.garagemania.ch\/fr\/wp-json\/wp\/v2\/comments?post=6915"}],"version-history":[{"count":2,"href":"https:\/\/www.garagemania.ch\/fr\/wp-json\/wp\/v2\/product\/6915\/revisions"}],"predecessor-version":[{"id":12036,"href":"https:\/\/www.garagemania.ch\/fr\/wp-json\/wp\/v2\/product\/6915\/revisions\/12036"}],"wp:featuredmedia":[{"embeddable":true,"href":"https:\/\/www.garagemania.ch\/fr\/wp-json\/wp\/v2\/media\/4584"}],"wp:attachment":[{"href":"https:\/\/www.garagemania.ch\/fr\/wp-json\/wp\/v2\/media?parent=6915"}],"wp:term":[{"taxonomy":"product_brand","embeddable":true,"href":"https:\/\/www.garagemania.ch\/fr\/wp-json\/wp\/v2\/product_brand?post=6915"},{"taxonomy":"product_cat","embeddable":true,"href":"https:\/\/www.garagemania.ch\/fr\/wp-json\/wp\/v2\/product_cat?post=6915"},{"taxonomy":"product_tag","embeddable":true,"href":"https:\/\/www.garagemania.ch\/fr\/wp-json\/wp\/v2\/product_tag?post=6915"}],"curies":[{"name":"wp","href":"https:\/\/api.w.org\/{rel}","templated":true}]}}