{"id":6918,"date":"2021-04-14T11:34:49","date_gmt":"2021-04-14T09:34:49","guid":{"rendered":"https:\/\/www.garagemania.ch\/prodotto\/support-rouleaux-murale-gawu12cctg\/"},"modified":"2022-12-15T22:34:56","modified_gmt":"2022-12-15T21:34:56","slug":"support-rouleaux-murale-gawu12cctg","status":"publish","type":"product","link":"https:\/\/www.garagemania.ch\/fr\/produit\/support-rouleaux-murale-gawu12cctg\/","title":{"rendered":"Support Rouleaux Essuie-Tout Gladiator\u00ae GAWU12CCTG"},"content":{"rendered":"","protected":false},"excerpt":{"rendered":"<p>Support Rouleaux Essuie-Tout Gladiator\u00ae GAWU12CCTG Garage Mania.<\/p>\n<p>Le support porte-rouleaux Essuie-Tout est un indispensable pour garder son espace propre et rang\u00e9. Id\u00e9al aussi pour ranger les produits de nettoyage.<\/p>\n<p>Fabriqu\u00e9 en acier, la charge maximale de ce support est de 11 kg.<\/p>\n<p>Facile \u00e0 installer, il est compatible avec tous les syst\u00e8mes muraux Gladiator\u00ae : panneaux muraux GearWall\u00ae et canaux GearTrack\u00ae.<\/p>\n<p>D\u00e9couvrez les solutions de rangement s\u00e9lectionn\u00e9es pour vous par Garage Mania !<\/p>\n","protected":false},"featured_media":16364,"comment_status":"open","ping_status":"closed","template":"","meta":{"site-sidebar-layout":"default","site-content-layout":"default","ast-site-content-layout":"default","site-content-style":"default","site-sidebar-style":"default","ast-global-header-display":"","ast-banner-title-visibility":"","ast-main-header-display":"","ast-hfb-above-header-display":"","ast-hfb-below-header-display":"","ast-hfb-mobile-header-display":"","site-post-title":"","ast-breadcrumbs-content":"","ast-featured-img":"","footer-sml-layout":"","ast-disable-related-posts":"","theme-transparent-header-meta":"default","adv-header-id-meta":"","stick-header-meta":"","header-above-stick-meta":"","header-main-stick-meta":"","header-below-stick-meta":"","astra-migrate-meta-layouts":"default","ast-page-background-enabled":"default","ast-page-background-meta":{"desktop":{"background-color":"","background-image":"","background-repeat":"repeat","background-position":"center center","background-size":"auto","background-attachment":"scroll","background-type":"","background-media":"","overlay-type":"","overlay-color":"","overlay-opacity":"","overlay-gradient":""},"tablet":{"background-color":"","background-image":"","background-repeat":"repeat","background-position":"center center","background-size":"auto","background-attachment":"scroll","background-type":"","background-media":"","overlay-type":"","overlay-color":"","overlay-opacity":"","overlay-gradient":""},"mobile":{"background-color":"","background-image":"","background-repeat":"repeat","background-position":"center center","background-size":"auto","background-attachment":"scroll","background-type":"","background-media":"","overlay-type":"","overlay-color":"","overlay-opacity":"","overlay-gradient":""}},"ast-content-background-meta":{"desktop":{"background-color":"var(--ast-global-color-5)","background-image":"","background-repeat":"repeat","background-position":"center center","background-size":"auto","background-attachment":"scroll","background-type":"","background-media":"","overlay-type":"","overlay-color":"","overlay-opacity":"","overlay-gradient":""},"tablet":{"background-color":"var(--ast-global-color-5)","background-image":"","background-repeat":"repeat","background-position":"center center","background-size":"auto","background-attachment":"scroll","background-type":"","background-media":"","overlay-type":"","overlay-color":"","overlay-opacity":"","overlay-gradient":""},"mobile":{"background-color":"var(--ast-global-color-5)","background-image":"","background-repeat":"repeat","background-position":"center center","background-size":"auto","background-attachment":"scroll","background-type":"","background-media":"","overlay-type":"","overlay-color":"","overlay-opacity":"","overlay-gradient":""}}},"product_brand":[],"product_cat":[615],"product_tag":[453,448,471,567,616,1092],"class_list":{"0":"post-6918","1":"product","2":"type-product","3":"status-publish","4":"has-post-thumbnail","6":"product_cat-etageres-et-contenants","7":"product_tag-a-assembler","8":"product_tag-amenagement-garage","9":"product_tag-au-mur","10":"product_tag-crochet","11":"product_tag-etagere","12":"product_tag-gladiator-fr-2","13":"desktop-align-center","14":"tablet-align-center","15":"mobile-align-center","16":"ast-product-gallery-layout-horizontal-slider","17":"ast-magnify-disabled","18":"ast-qv-on-image","20":"first","21":"instock","22":"taxable","23":"shipping-taxable","24":"purchasable","25":"product-type-simple"},"bundled_by":[],"bundle_stock_status":"instock","bundle_stock_quantity":null,"bundle_virtual":false,"bundle_layout":"","bundle_add_to_cart_form_location":"","bundle_editable_in_cart":false,"bundle_sold_individually_context":"","bundle_item_grouping":"","bundle_min_size":"","bundle_max_size":"","bundle_price":[],"bundled_items":[],"bundle_sell_ids":[],"yoast_head":"<!-- This site is optimized with the Yoast SEO Premium plugin v27.4 (Yoast SEO v27.4) - https:\/\/yoast.com\/product\/yoast-seo-premium-wordpress\/ -->\n<title>Support rouleaux murale Gladiator\u00ae GAWU12CCTG - Garage Mania<\/title>\n<meta name=\"description\" content=\"Toute la qualit\u00e9 des produits Garage Mania dans le support porte-rouleau polyvalente. Fonctionnel et confortable, adapt\u00e9 \u00e0 tous les environnements de travail\" \/>\n<meta name=\"robots\" content=\"index, follow, max-snippet:-1, max-image-preview:large, max-video-preview:-1\" \/>\n<link rel=\"canonical\" href=\"https:\/\/www.garagemania.ch\/fr\/produit\/support-rouleaux-murale-gawu12cctg\/\" \/>\n<meta property=\"og:locale\" content=\"fr_FR\" \/>\n<meta property=\"og:type\" content=\"article\" \/>\n<meta property=\"og:title\" content=\"Support rouleaux murale Gladiator\u00ae GAWU12CCTG - Garage Mania\" \/>\n<meta property=\"og:description\" content=\"Toute la qualit\u00e9 des produits Garage Mania dans le support porte-rouleau polyvalente. Fonctionnel et confortable, adapt\u00e9 \u00e0 tous les environnements de travail\" \/>\n<meta property=\"og:url\" content=\"https:\/\/www.garagemania.ch\/fr\/produit\/support-rouleaux-murale-gawu12cctg\/\" \/>\n<meta property=\"og:site_name\" content=\"Garage Mania\" \/>\n<meta property=\"article:publisher\" content=\"https:\/\/www.facebook.com\/garagemania.it\/\" \/>\n<meta property=\"article:modified_time\" content=\"2022-12-15T21:34:56+00:00\" \/>\n<meta property=\"og:image\" content=\"https:\/\/www.garagemania.ch\/wp-content\/uploads\/2021\/04\/Mensola-porta-rotolo-Garage-Mania-GAWU12CCTG.jpg\" \/>\n<meta name=\"twitter:card\" content=\"summary_large_image\" \/>\n<meta name=\"twitter:title\" content=\"Support rouleaux murale Gladiator\u00ae GAWU12CCTG - Garage Mania\" \/>\n<meta name=\"twitter:description\" content=\"Toute la qualit\u00e9 des produits Garage Mania dans le support porte-rouleau polyvalente. Fonctionnel et confortable, adapt\u00e9 \u00e0 tous les environnements de travail\" \/>\n<script type=\"application\/ld+json\" class=\"yoast-schema-graph\">{\"@context\":\"https:\\\/\\\/schema.org\",\"@graph\":[{\"@type\":\"WebPage\",\"@id\":\"https:\\\/\\\/www.garagemania.ch\\\/fr\\\/produit\\\/support-rouleaux-murale-gawu12cctg\\\/\",\"url\":\"https:\\\/\\\/www.garagemania.ch\\\/fr\\\/produit\\\/support-rouleaux-murale-gawu12cctg\\\/\",\"name\":\"Support rouleaux murale Gladiator\u00ae GAWU12CCTG - Garage Mania\",\"isPartOf\":{\"@id\":\"https:\\\/\\\/www.garagemania.ch\\\/fr\\\/#website\"},\"primaryImageOfPage\":{\"@id\":\"https:\\\/\\\/www.garagemania.ch\\\/fr\\\/produit\\\/support-rouleaux-murale-gawu12cctg\\\/#primaryimage\"},\"image\":{\"@id\":\"https:\\\/\\\/www.garagemania.ch\\\/fr\\\/produit\\\/support-rouleaux-murale-gawu12cctg\\\/#primaryimage\"},\"thumbnailUrl\":\"https:\\\/\\\/www.garagemania.ch\\\/wp-content\\\/uploads\\\/2021\\\/04\\\/Mensola-porta-rotolo-a-parete-Gladiator-GAWU12CCTG.jpg\",\"datePublished\":\"2021-04-14T09:34:49+00:00\",\"dateModified\":\"2022-12-15T21:34:56+00:00\",\"description\":\"Toute la qualit\u00e9 des produits Garage Mania dans le support porte-rouleau polyvalente. Fonctionnel et confortable, adapt\u00e9 \u00e0 tous les environnements de travail\",\"breadcrumb\":{\"@id\":\"https:\\\/\\\/www.garagemania.ch\\\/fr\\\/produit\\\/support-rouleaux-murale-gawu12cctg\\\/#breadcrumb\"},\"inLanguage\":\"fr-FR\",\"potentialAction\":[{\"@type\":\"ReadAction\",\"target\":[\"https:\\\/\\\/www.garagemania.ch\\\/fr\\\/produit\\\/support-rouleaux-murale-gawu12cctg\\\/\"]}]},{\"@type\":\"ImageObject\",\"inLanguage\":\"fr-FR\",\"@id\":\"https:\\\/\\\/www.garagemania.ch\\\/fr\\\/produit\\\/support-rouleaux-murale-gawu12cctg\\\/#primaryimage\",\"url\":\"https:\\\/\\\/www.garagemania.ch\\\/wp-content\\\/uploads\\\/2021\\\/04\\\/Mensola-porta-rotolo-a-parete-Gladiator-GAWU12CCTG.jpg\",\"contentUrl\":\"https:\\\/\\\/www.garagemania.ch\\\/wp-content\\\/uploads\\\/2021\\\/04\\\/Mensola-porta-rotolo-a-parete-Gladiator-GAWU12CCTG.jpg\",\"width\":600,\"height\":600},{\"@type\":\"BreadcrumbList\",\"@id\":\"https:\\\/\\\/www.garagemania.ch\\\/fr\\\/produit\\\/support-rouleaux-murale-gawu12cctg\\\/#breadcrumb\",\"itemListElement\":[{\"@type\":\"ListItem\",\"position\":1,\"name\":\"Home\",\"item\":\"https:\\\/\\\/www.garagemania.ch\\\/fr\\\/homepage\\\/\"},{\"@type\":\"ListItem\",\"position\":2,\"name\":\"Shop\",\"item\":\"https:\\\/\\\/www.garagemania.ch\\\/fr\\\/page-shop-pour-les-rangements-garage-de-chez-garage-mania\\\/\"},{\"@type\":\"ListItem\",\"position\":3,\"name\":\"Support Rouleaux Essuie-Tout Gladiator\u00ae GAWU12CCTG\"}]},{\"@type\":\"WebSite\",\"@id\":\"https:\\\/\\\/www.garagemania.ch\\\/fr\\\/#website\",\"url\":\"https:\\\/\\\/www.garagemania.ch\\\/fr\\\/\",\"name\":\"Garage Mania\",\"description\":\"Il luogo ideale per tutti coloro che vogliono un garage super esclusivo\",\"publisher\":{\"@id\":\"https:\\\/\\\/www.garagemania.ch\\\/fr\\\/#organization\"},\"potentialAction\":[{\"@type\":\"SearchAction\",\"target\":{\"@type\":\"EntryPoint\",\"urlTemplate\":\"https:\\\/\\\/www.garagemania.ch\\\/fr\\\/?s={search_term_string}\"},\"query-input\":{\"@type\":\"PropertyValueSpecification\",\"valueRequired\":true,\"valueName\":\"search_term_string\"}}],\"inLanguage\":\"fr-FR\"},{\"@type\":\"Organization\",\"@id\":\"https:\\\/\\\/www.garagemania.ch\\\/fr\\\/#organization\",\"name\":\"GLADIATOR WORX SAGL\",\"url\":\"https:\\\/\\\/www.garagemania.ch\\\/fr\\\/\",\"logo\":{\"@type\":\"ImageObject\",\"inLanguage\":\"fr-FR\",\"@id\":\"https:\\\/\\\/www.garagemania.ch\\\/fr\\\/#\\\/schema\\\/logo\\\/image\\\/\",\"url\":\"https:\\\/\\\/www.garagemania.ch\\\/wp-content\\\/uploads\\\/2021\\\/03\\\/Logo-Garage-Mania.png\",\"contentUrl\":\"https:\\\/\\\/www.garagemania.ch\\\/wp-content\\\/uploads\\\/2021\\\/03\\\/Logo-Garage-Mania.png\",\"width\":300,\"height\":282,\"caption\":\"GLADIATOR WORX SAGL\"},\"image\":{\"@id\":\"https:\\\/\\\/www.garagemania.ch\\\/fr\\\/#\\\/schema\\\/logo\\\/image\\\/\"},\"sameAs\":[\"https:\\\/\\\/www.facebook.com\\\/garagemania.it\\\/\",\"https:\\\/\\\/www.instagram.com\\\/garagemania.it\\\/\"]}]}<\/script>\n<!-- \/ Yoast SEO Premium plugin. -->","yoast_head_json":{"title":"Support rouleaux murale Gladiator\u00ae GAWU12CCTG - Garage Mania","description":"Toute la qualit\u00e9 des produits Garage Mania dans le support porte-rouleau polyvalente. Fonctionnel et confortable, adapt\u00e9 \u00e0 tous les environnements de travail","robots":{"index":"index","follow":"follow","max-snippet":"max-snippet:-1","max-image-preview":"max-image-preview:large","max-video-preview":"max-video-preview:-1"},"canonical":"https:\/\/www.garagemania.ch\/fr\/produit\/support-rouleaux-murale-gawu12cctg\/","og_locale":"fr_FR","og_type":"article","og_title":"Support rouleaux murale Gladiator\u00ae GAWU12CCTG - Garage Mania","og_description":"Toute la qualit\u00e9 des produits Garage Mania dans le support porte-rouleau polyvalente. Fonctionnel et confortable, adapt\u00e9 \u00e0 tous les environnements de travail","og_url":"https:\/\/www.garagemania.ch\/fr\/produit\/support-rouleaux-murale-gawu12cctg\/","og_site_name":"Garage Mania","article_publisher":"https:\/\/www.facebook.com\/garagemania.it\/","article_modified_time":"2022-12-15T21:34:56+00:00","og_image":[{"url":"https:\/\/www.garagemania.ch\/wp-content\/uploads\/2021\/04\/Mensola-porta-rotolo-Garage-Mania-GAWU12CCTG.jpg","type":"","width":"","height":""}],"twitter_card":"summary_large_image","twitter_title":"Support rouleaux murale Gladiator\u00ae GAWU12CCTG - Garage Mania","twitter_description":"Toute la qualit\u00e9 des produits Garage Mania dans le support porte-rouleau polyvalente. Fonctionnel et confortable, adapt\u00e9 \u00e0 tous les environnements de travail","schema":{"@context":"https:\/\/schema.org","@graph":[{"@type":"WebPage","@id":"https:\/\/www.garagemania.ch\/fr\/produit\/support-rouleaux-murale-gawu12cctg\/","url":"https:\/\/www.garagemania.ch\/fr\/produit\/support-rouleaux-murale-gawu12cctg\/","name":"Support rouleaux murale Gladiator\u00ae GAWU12CCTG - Garage Mania","isPartOf":{"@id":"https:\/\/www.garagemania.ch\/fr\/#website"},"primaryImageOfPage":{"@id":"https:\/\/www.garagemania.ch\/fr\/produit\/support-rouleaux-murale-gawu12cctg\/#primaryimage"},"image":{"@id":"https:\/\/www.garagemania.ch\/fr\/produit\/support-rouleaux-murale-gawu12cctg\/#primaryimage"},"thumbnailUrl":"https:\/\/www.garagemania.ch\/wp-content\/uploads\/2021\/04\/Mensola-porta-rotolo-a-parete-Gladiator-GAWU12CCTG.jpg","datePublished":"2021-04-14T09:34:49+00:00","dateModified":"2022-12-15T21:34:56+00:00","description":"Toute la qualit\u00e9 des produits Garage Mania dans le support porte-rouleau polyvalente. Fonctionnel et confortable, adapt\u00e9 \u00e0 tous les environnements de travail","breadcrumb":{"@id":"https:\/\/www.garagemania.ch\/fr\/produit\/support-rouleaux-murale-gawu12cctg\/#breadcrumb"},"inLanguage":"fr-FR","potentialAction":[{"@type":"ReadAction","target":["https:\/\/www.garagemania.ch\/fr\/produit\/support-rouleaux-murale-gawu12cctg\/"]}]},{"@type":"ImageObject","inLanguage":"fr-FR","@id":"https:\/\/www.garagemania.ch\/fr\/produit\/support-rouleaux-murale-gawu12cctg\/#primaryimage","url":"https:\/\/www.garagemania.ch\/wp-content\/uploads\/2021\/04\/Mensola-porta-rotolo-a-parete-Gladiator-GAWU12CCTG.jpg","contentUrl":"https:\/\/www.garagemania.ch\/wp-content\/uploads\/2021\/04\/Mensola-porta-rotolo-a-parete-Gladiator-GAWU12CCTG.jpg","width":600,"height":600},{"@type":"BreadcrumbList","@id":"https:\/\/www.garagemania.ch\/fr\/produit\/support-rouleaux-murale-gawu12cctg\/#breadcrumb","itemListElement":[{"@type":"ListItem","position":1,"name":"Home","item":"https:\/\/www.garagemania.ch\/fr\/homepage\/"},{"@type":"ListItem","position":2,"name":"Shop","item":"https:\/\/www.garagemania.ch\/fr\/page-shop-pour-les-rangements-garage-de-chez-garage-mania\/"},{"@type":"ListItem","position":3,"name":"Support Rouleaux Essuie-Tout Gladiator\u00ae GAWU12CCTG"}]},{"@type":"WebSite","@id":"https:\/\/www.garagemania.ch\/fr\/#website","url":"https:\/\/www.garagemania.ch\/fr\/","name":"Garage Mania","description":"Il luogo ideale per tutti coloro che vogliono un garage super esclusivo","publisher":{"@id":"https:\/\/www.garagemania.ch\/fr\/#organization"},"potentialAction":[{"@type":"SearchAction","target":{"@type":"EntryPoint","urlTemplate":"https:\/\/www.garagemania.ch\/fr\/?s={search_term_string}"},"query-input":{"@type":"PropertyValueSpecification","valueRequired":true,"valueName":"search_term_string"}}],"inLanguage":"fr-FR"},{"@type":"Organization","@id":"https:\/\/www.garagemania.ch\/fr\/#organization","name":"GLADIATOR WORX SAGL","url":"https:\/\/www.garagemania.ch\/fr\/","logo":{"@type":"ImageObject","inLanguage":"fr-FR","@id":"https:\/\/www.garagemania.ch\/fr\/#\/schema\/logo\/image\/","url":"https:\/\/www.garagemania.ch\/wp-content\/uploads\/2021\/03\/Logo-Garage-Mania.png","contentUrl":"https:\/\/www.garagemania.ch\/wp-content\/uploads\/2021\/03\/Logo-Garage-Mania.png","width":300,"height":282,"caption":"GLADIATOR WORX SAGL"},"image":{"@id":"https:\/\/www.garagemania.ch\/fr\/#\/schema\/logo\/image\/"},"sameAs":["https:\/\/www.facebook.com\/garagemania.it\/","https:\/\/www.instagram.com\/garagemania.it\/"]}]}},"_links":{"self":[{"href":"https:\/\/www.garagemania.ch\/fr\/wp-json\/wp\/v2\/product\/6918","targetHints":{"allow":["GET"]}}],"collection":[{"href":"https:\/\/www.garagemania.ch\/fr\/wp-json\/wp\/v2\/product"}],"about":[{"href":"https:\/\/www.garagemania.ch\/fr\/wp-json\/wp\/v2\/types\/product"}],"replies":[{"embeddable":true,"href":"https:\/\/www.garagemania.ch\/fr\/wp-json\/wp\/v2\/comments?post=6918"}],"version-history":[{"count":2,"href":"https:\/\/www.garagemania.ch\/fr\/wp-json\/wp\/v2\/product\/6918\/revisions"}],"predecessor-version":[{"id":12038,"href":"https:\/\/www.garagemania.ch\/fr\/wp-json\/wp\/v2\/product\/6918\/revisions\/12038"}],"wp:featuredmedia":[{"embeddable":true,"href":"https:\/\/www.garagemania.ch\/fr\/wp-json\/wp\/v2\/media\/16364"}],"wp:attachment":[{"href":"https:\/\/www.garagemania.ch\/fr\/wp-json\/wp\/v2\/media?parent=6918"}],"wp:term":[{"taxonomy":"product_brand","embeddable":true,"href":"https:\/\/www.garagemania.ch\/fr\/wp-json\/wp\/v2\/product_brand?post=6918"},{"taxonomy":"product_cat","embeddable":true,"href":"https:\/\/www.garagemania.ch\/fr\/wp-json\/wp\/v2\/product_cat?post=6918"},{"taxonomy":"product_tag","embeddable":true,"href":"https:\/\/www.garagemania.ch\/fr\/wp-json\/wp\/v2\/product_tag?post=6918"}],"curies":[{"name":"wp","href":"https:\/\/api.w.org\/{rel}","templated":true}]}}