{"id":6927,"date":"2021-04-01T17:58:55","date_gmt":"2021-04-01T15:58:55","guid":{"rendered":"https:\/\/www.garagemania.ch\/prodotto\/conteneurs-pour-petits-objets-pack-de-3-gawesb3pgc\/"},"modified":"2022-12-15T22:34:56","modified_gmt":"2022-12-15T21:34:56","slug":"conteneurs-pour-petits-objets-pack-de-3-gawesb3pgc","status":"publish","type":"product","link":"https:\/\/www.garagemania.ch\/fr\/produit\/conteneurs-pour-petits-objets-pack-de-3-gawesb3pgc\/","title":{"rendered":"Set de bacs de rangement Gladiator\u00ae (pack de 3) GAWESB3PGC"},"content":{"rendered":"","protected":false},"excerpt":{"rendered":"<p>Set de bacs de rangement Gladiator\u00ae (pack de 3) GAWESB3PGC<\/p>\n<p>Ces 3 petits bacs sont con\u00e7us pour ranger principalement la quincaillerie : clous, vis, boulons\u2026<\/p>\n<p>Faciles \u00e0 installer, il sont compatibles avec tous les syst\u00e8mes muraux Gladiator\u00ae.<\/p>\n<p>Dot\u00e9s de pieds larges offrant une base stable, ils peuvent aussi \u00eatre pos\u00e9s sur n\u2019importe quel poste de travail ou dans une armoire.<\/p>\n<p>La grande ouverture frontale des bacs de rangement permet de voir et de prendre facilement son contenu.<\/p>\n<p>D\u00e9couvrez les solutions de rangement s\u00e9lectionn\u00e9es pour vous par Garage Mania !<\/p>\n","protected":false},"featured_media":4480,"comment_status":"open","ping_status":"closed","template":"","meta":{"site-sidebar-layout":"default","site-content-layout":"default","ast-site-content-layout":"default","site-content-style":"default","site-sidebar-style":"default","ast-global-header-display":"","ast-banner-title-visibility":"","ast-main-header-display":"","ast-hfb-above-header-display":"","ast-hfb-below-header-display":"","ast-hfb-mobile-header-display":"","site-post-title":"","ast-breadcrumbs-content":"","ast-featured-img":"","footer-sml-layout":"","ast-disable-related-posts":"","theme-transparent-header-meta":"default","adv-header-id-meta":"","stick-header-meta":"","header-above-stick-meta":"","header-main-stick-meta":"","header-below-stick-meta":"","astra-migrate-meta-layouts":"default","ast-page-background-enabled":"default","ast-page-background-meta":{"desktop":{"background-color":"","background-image":"","background-repeat":"repeat","background-position":"center center","background-size":"auto","background-attachment":"scroll","background-type":"","background-media":"","overlay-type":"","overlay-color":"","overlay-opacity":"","overlay-gradient":""},"tablet":{"background-color":"","background-image":"","background-repeat":"repeat","background-position":"center center","background-size":"auto","background-attachment":"scroll","background-type":"","background-media":"","overlay-type":"","overlay-color":"","overlay-opacity":"","overlay-gradient":""},"mobile":{"background-color":"","background-image":"","background-repeat":"repeat","background-position":"center center","background-size":"auto","background-attachment":"scroll","background-type":"","background-media":"","overlay-type":"","overlay-color":"","overlay-opacity":"","overlay-gradient":""}},"ast-content-background-meta":{"desktop":{"background-color":"var(--ast-global-color-5)","background-image":"","background-repeat":"repeat","background-position":"center center","background-size":"auto","background-attachment":"scroll","background-type":"","background-media":"","overlay-type":"","overlay-color":"","overlay-opacity":"","overlay-gradient":""},"tablet":{"background-color":"var(--ast-global-color-5)","background-image":"","background-repeat":"repeat","background-position":"center center","background-size":"auto","background-attachment":"scroll","background-type":"","background-media":"","overlay-type":"","overlay-color":"","overlay-opacity":"","overlay-gradient":""},"mobile":{"background-color":"var(--ast-global-color-5)","background-image":"","background-repeat":"repeat","background-position":"center center","background-size":"auto","background-attachment":"scroll","background-type":"","background-media":"","overlay-type":"","overlay-color":"","overlay-opacity":"","overlay-gradient":""}}},"product_brand":[],"product_cat":[615],"product_tag":[448,471,628,1092],"class_list":{"0":"post-6927","1":"product","2":"type-product","3":"status-publish","4":"has-post-thumbnail","6":"product_cat-etageres-et-contenants","7":"product_tag-amenagement-garage","8":"product_tag-au-mur","9":"product_tag-contenant","10":"product_tag-gladiator-fr-2","11":"desktop-align-center","12":"tablet-align-center","13":"mobile-align-center","14":"ast-product-gallery-layout-horizontal-slider","15":"ast-magnify-disabled","16":"ast-qv-on-image","18":"first","19":"instock","20":"taxable","21":"shipping-taxable","22":"purchasable","23":"product-type-simple"},"bundled_by":["9043","9044"],"bundle_stock_status":"instock","bundle_stock_quantity":null,"bundle_virtual":false,"bundle_layout":"","bundle_add_to_cart_form_location":"","bundle_editable_in_cart":false,"bundle_sold_individually_context":"","bundle_item_grouping":"","bundle_min_size":"","bundle_max_size":"","bundle_price":[],"bundled_items":[],"bundle_sell_ids":[],"yoast_head":"<!-- This site is optimized with the Yoast SEO Premium plugin v27.3 (Yoast SEO v27.3) - https:\/\/yoast.com\/product\/yoast-seo-premium-wordpress\/ -->\n<title>Conteneurs pour petits objets Gladiator\u00ae (3 pices) - Garage Mania<\/title>\n<meta name=\"description\" content=\"Utilisez ces conteneurs pour petits objets Garage Mania pour ranger les petits objets comme les vis et les clous\" \/>\n<meta name=\"robots\" content=\"index, follow, max-snippet:-1, max-image-preview:large, max-video-preview:-1\" \/>\n<link rel=\"canonical\" href=\"https:\/\/www.garagemania.ch\/fr\/produit\/conteneurs-pour-petits-objets-pack-de-3-gawesb3pgc\/\" \/>\n<meta property=\"og:locale\" content=\"fr_FR\" \/>\n<meta property=\"og:type\" content=\"article\" \/>\n<meta property=\"og:title\" content=\"Conteneurs pour petits objets Gladiator\u00ae (3 pices) - Garage Mania\" \/>\n<meta property=\"og:description\" content=\"Utilisez ces conteneurs pour petits objets Garage Mania pour ranger les petits objets comme les vis et les clous\" \/>\n<meta property=\"og:url\" content=\"https:\/\/www.garagemania.ch\/fr\/produit\/conteneurs-pour-petits-objets-pack-de-3-gawesb3pgc\/\" \/>\n<meta property=\"og:site_name\" content=\"Garage Mania\" \/>\n<meta property=\"article:publisher\" content=\"https:\/\/www.facebook.com\/garagemania.it\/\" \/>\n<meta property=\"article:modified_time\" content=\"2022-12-15T21:34:56+00:00\" \/>\n<meta property=\"og:image\" content=\"https:\/\/www.garagemania.ch\/wp-content\/uploads\/2021\/06\/Contenitori-per-piccoli-oggetti-Garage-Ma.jpg\" \/>\n\t<meta property=\"og:image:width\" content=\"700\" \/>\n\t<meta property=\"og:image:height\" content=\"700\" \/>\n\t<meta property=\"og:image:type\" content=\"image\/jpeg\" \/>\n<meta name=\"twitter:card\" content=\"summary_large_image\" \/>\n<meta name=\"twitter:title\" content=\"Conteneurs pour petits objets Gladiator\u00ae (3 pices) - Garage Mania\" \/>\n<meta name=\"twitter:description\" content=\"Utilisez ces conteneurs pour petits objets Garage Mania pour ranger les petits objets comme les vis et les clous\" \/>\n<script type=\"application\/ld+json\" class=\"yoast-schema-graph\">{\"@context\":\"https:\\\/\\\/schema.org\",\"@graph\":[{\"@type\":\"WebPage\",\"@id\":\"https:\\\/\\\/www.garagemania.ch\\\/fr\\\/produit\\\/conteneurs-pour-petits-objets-pack-de-3-gawesb3pgc\\\/\",\"url\":\"https:\\\/\\\/www.garagemania.ch\\\/fr\\\/produit\\\/conteneurs-pour-petits-objets-pack-de-3-gawesb3pgc\\\/\",\"name\":\"Conteneurs pour petits objets Gladiator\u00ae (3 pices) - Garage Mania\",\"isPartOf\":{\"@id\":\"https:\\\/\\\/www.garagemania.ch\\\/fr\\\/#website\"},\"primaryImageOfPage\":{\"@id\":\"https:\\\/\\\/www.garagemania.ch\\\/fr\\\/produit\\\/conteneurs-pour-petits-objets-pack-de-3-gawesb3pgc\\\/#primaryimage\"},\"image\":{\"@id\":\"https:\\\/\\\/www.garagemania.ch\\\/fr\\\/produit\\\/conteneurs-pour-petits-objets-pack-de-3-gawesb3pgc\\\/#primaryimage\"},\"thumbnailUrl\":\"https:\\\/\\\/www.garagemania.ch\\\/wp-content\\\/uploads\\\/2021\\\/06\\\/Contenitori-per-piccoli-oggetti-Garage-Ma.jpg\",\"datePublished\":\"2021-04-01T15:58:55+00:00\",\"dateModified\":\"2022-12-15T21:34:56+00:00\",\"description\":\"Utilisez ces conteneurs pour petits objets Garage Mania pour ranger les petits objets comme les vis et les clous\",\"breadcrumb\":{\"@id\":\"https:\\\/\\\/www.garagemania.ch\\\/fr\\\/produit\\\/conteneurs-pour-petits-objets-pack-de-3-gawesb3pgc\\\/#breadcrumb\"},\"inLanguage\":\"fr-FR\",\"potentialAction\":[{\"@type\":\"ReadAction\",\"target\":[\"https:\\\/\\\/www.garagemania.ch\\\/fr\\\/produit\\\/conteneurs-pour-petits-objets-pack-de-3-gawesb3pgc\\\/\"]}]},{\"@type\":\"ImageObject\",\"inLanguage\":\"fr-FR\",\"@id\":\"https:\\\/\\\/www.garagemania.ch\\\/fr\\\/produit\\\/conteneurs-pour-petits-objets-pack-de-3-gawesb3pgc\\\/#primaryimage\",\"url\":\"https:\\\/\\\/www.garagemania.ch\\\/wp-content\\\/uploads\\\/2021\\\/06\\\/Contenitori-per-piccoli-oggetti-Garage-Ma.jpg\",\"contentUrl\":\"https:\\\/\\\/www.garagemania.ch\\\/wp-content\\\/uploads\\\/2021\\\/06\\\/Contenitori-per-piccoli-oggetti-Garage-Ma.jpg\",\"width\":700,\"height\":700,\"caption\":\"Conteneurs pour petits objets Garage Mania\"},{\"@type\":\"BreadcrumbList\",\"@id\":\"https:\\\/\\\/www.garagemania.ch\\\/fr\\\/produit\\\/conteneurs-pour-petits-objets-pack-de-3-gawesb3pgc\\\/#breadcrumb\",\"itemListElement\":[{\"@type\":\"ListItem\",\"position\":1,\"name\":\"Home\",\"item\":\"https:\\\/\\\/www.garagemania.ch\\\/fr\\\/homepage\\\/\"},{\"@type\":\"ListItem\",\"position\":2,\"name\":\"Shop\",\"item\":\"https:\\\/\\\/www.garagemania.ch\\\/fr\\\/page-shop-pour-les-rangements-garage-de-chez-garage-mania\\\/\"},{\"@type\":\"ListItem\",\"position\":3,\"name\":\"Set de bacs de rangement Gladiator\u00ae (pack de 3) GAWESB3PGC\"}]},{\"@type\":\"WebSite\",\"@id\":\"https:\\\/\\\/www.garagemania.ch\\\/fr\\\/#website\",\"url\":\"https:\\\/\\\/www.garagemania.ch\\\/fr\\\/\",\"name\":\"Garage Mania\",\"description\":\"Il luogo ideale per tutti coloro che vogliono un garage super esclusivo\",\"publisher\":{\"@id\":\"https:\\\/\\\/www.garagemania.ch\\\/fr\\\/#organization\"},\"potentialAction\":[{\"@type\":\"SearchAction\",\"target\":{\"@type\":\"EntryPoint\",\"urlTemplate\":\"https:\\\/\\\/www.garagemania.ch\\\/fr\\\/?s={search_term_string}\"},\"query-input\":{\"@type\":\"PropertyValueSpecification\",\"valueRequired\":true,\"valueName\":\"search_term_string\"}}],\"inLanguage\":\"fr-FR\"},{\"@type\":\"Organization\",\"@id\":\"https:\\\/\\\/www.garagemania.ch\\\/fr\\\/#organization\",\"name\":\"GLADIATOR WORX SAGL\",\"url\":\"https:\\\/\\\/www.garagemania.ch\\\/fr\\\/\",\"logo\":{\"@type\":\"ImageObject\",\"inLanguage\":\"fr-FR\",\"@id\":\"https:\\\/\\\/www.garagemania.ch\\\/fr\\\/#\\\/schema\\\/logo\\\/image\\\/\",\"url\":\"https:\\\/\\\/www.garagemania.ch\\\/wp-content\\\/uploads\\\/2021\\\/03\\\/Logo-Garage-Mania.png\",\"contentUrl\":\"https:\\\/\\\/www.garagemania.ch\\\/wp-content\\\/uploads\\\/2021\\\/03\\\/Logo-Garage-Mania.png\",\"width\":300,\"height\":282,\"caption\":\"GLADIATOR WORX SAGL\"},\"image\":{\"@id\":\"https:\\\/\\\/www.garagemania.ch\\\/fr\\\/#\\\/schema\\\/logo\\\/image\\\/\"},\"sameAs\":[\"https:\\\/\\\/www.facebook.com\\\/garagemania.it\\\/\",\"https:\\\/\\\/www.instagram.com\\\/garagemania.it\\\/\"]}]}<\/script>\n<!-- \/ Yoast SEO Premium plugin. -->","yoast_head_json":{"title":"Conteneurs pour petits objets Gladiator\u00ae (3 pices) - Garage Mania","description":"Utilisez ces conteneurs pour petits objets Garage Mania pour ranger les petits objets comme les vis et les clous","robots":{"index":"index","follow":"follow","max-snippet":"max-snippet:-1","max-image-preview":"max-image-preview:large","max-video-preview":"max-video-preview:-1"},"canonical":"https:\/\/www.garagemania.ch\/fr\/produit\/conteneurs-pour-petits-objets-pack-de-3-gawesb3pgc\/","og_locale":"fr_FR","og_type":"article","og_title":"Conteneurs pour petits objets Gladiator\u00ae (3 pices) - Garage Mania","og_description":"Utilisez ces conteneurs pour petits objets Garage Mania pour ranger les petits objets comme les vis et les clous","og_url":"https:\/\/www.garagemania.ch\/fr\/produit\/conteneurs-pour-petits-objets-pack-de-3-gawesb3pgc\/","og_site_name":"Garage Mania","article_publisher":"https:\/\/www.facebook.com\/garagemania.it\/","article_modified_time":"2022-12-15T21:34:56+00:00","og_image":[{"width":700,"height":700,"url":"https:\/\/www.garagemania.ch\/wp-content\/uploads\/2021\/06\/Contenitori-per-piccoli-oggetti-Garage-Ma.jpg","type":"image\/jpeg"}],"twitter_card":"summary_large_image","twitter_title":"Conteneurs pour petits objets Gladiator\u00ae (3 pices) - Garage Mania","twitter_description":"Utilisez ces conteneurs pour petits objets Garage Mania pour ranger les petits objets comme les vis et les clous","schema":{"@context":"https:\/\/schema.org","@graph":[{"@type":"WebPage","@id":"https:\/\/www.garagemania.ch\/fr\/produit\/conteneurs-pour-petits-objets-pack-de-3-gawesb3pgc\/","url":"https:\/\/www.garagemania.ch\/fr\/produit\/conteneurs-pour-petits-objets-pack-de-3-gawesb3pgc\/","name":"Conteneurs pour petits objets Gladiator\u00ae (3 pices) - Garage Mania","isPartOf":{"@id":"https:\/\/www.garagemania.ch\/fr\/#website"},"primaryImageOfPage":{"@id":"https:\/\/www.garagemania.ch\/fr\/produit\/conteneurs-pour-petits-objets-pack-de-3-gawesb3pgc\/#primaryimage"},"image":{"@id":"https:\/\/www.garagemania.ch\/fr\/produit\/conteneurs-pour-petits-objets-pack-de-3-gawesb3pgc\/#primaryimage"},"thumbnailUrl":"https:\/\/www.garagemania.ch\/wp-content\/uploads\/2021\/06\/Contenitori-per-piccoli-oggetti-Garage-Ma.jpg","datePublished":"2021-04-01T15:58:55+00:00","dateModified":"2022-12-15T21:34:56+00:00","description":"Utilisez ces conteneurs pour petits objets Garage Mania pour ranger les petits objets comme les vis et les clous","breadcrumb":{"@id":"https:\/\/www.garagemania.ch\/fr\/produit\/conteneurs-pour-petits-objets-pack-de-3-gawesb3pgc\/#breadcrumb"},"inLanguage":"fr-FR","potentialAction":[{"@type":"ReadAction","target":["https:\/\/www.garagemania.ch\/fr\/produit\/conteneurs-pour-petits-objets-pack-de-3-gawesb3pgc\/"]}]},{"@type":"ImageObject","inLanguage":"fr-FR","@id":"https:\/\/www.garagemania.ch\/fr\/produit\/conteneurs-pour-petits-objets-pack-de-3-gawesb3pgc\/#primaryimage","url":"https:\/\/www.garagemania.ch\/wp-content\/uploads\/2021\/06\/Contenitori-per-piccoli-oggetti-Garage-Ma.jpg","contentUrl":"https:\/\/www.garagemania.ch\/wp-content\/uploads\/2021\/06\/Contenitori-per-piccoli-oggetti-Garage-Ma.jpg","width":700,"height":700,"caption":"Conteneurs pour petits objets Garage Mania"},{"@type":"BreadcrumbList","@id":"https:\/\/www.garagemania.ch\/fr\/produit\/conteneurs-pour-petits-objets-pack-de-3-gawesb3pgc\/#breadcrumb","itemListElement":[{"@type":"ListItem","position":1,"name":"Home","item":"https:\/\/www.garagemania.ch\/fr\/homepage\/"},{"@type":"ListItem","position":2,"name":"Shop","item":"https:\/\/www.garagemania.ch\/fr\/page-shop-pour-les-rangements-garage-de-chez-garage-mania\/"},{"@type":"ListItem","position":3,"name":"Set de bacs de rangement Gladiator\u00ae (pack de 3) GAWESB3PGC"}]},{"@type":"WebSite","@id":"https:\/\/www.garagemania.ch\/fr\/#website","url":"https:\/\/www.garagemania.ch\/fr\/","name":"Garage Mania","description":"Il luogo ideale per tutti coloro che vogliono un garage super esclusivo","publisher":{"@id":"https:\/\/www.garagemania.ch\/fr\/#organization"},"potentialAction":[{"@type":"SearchAction","target":{"@type":"EntryPoint","urlTemplate":"https:\/\/www.garagemania.ch\/fr\/?s={search_term_string}"},"query-input":{"@type":"PropertyValueSpecification","valueRequired":true,"valueName":"search_term_string"}}],"inLanguage":"fr-FR"},{"@type":"Organization","@id":"https:\/\/www.garagemania.ch\/fr\/#organization","name":"GLADIATOR WORX SAGL","url":"https:\/\/www.garagemania.ch\/fr\/","logo":{"@type":"ImageObject","inLanguage":"fr-FR","@id":"https:\/\/www.garagemania.ch\/fr\/#\/schema\/logo\/image\/","url":"https:\/\/www.garagemania.ch\/wp-content\/uploads\/2021\/03\/Logo-Garage-Mania.png","contentUrl":"https:\/\/www.garagemania.ch\/wp-content\/uploads\/2021\/03\/Logo-Garage-Mania.png","width":300,"height":282,"caption":"GLADIATOR WORX SAGL"},"image":{"@id":"https:\/\/www.garagemania.ch\/fr\/#\/schema\/logo\/image\/"},"sameAs":["https:\/\/www.facebook.com\/garagemania.it\/","https:\/\/www.instagram.com\/garagemania.it\/"]}]}},"_links":{"self":[{"href":"https:\/\/www.garagemania.ch\/fr\/wp-json\/wp\/v2\/product\/6927","targetHints":{"allow":["GET"]}}],"collection":[{"href":"https:\/\/www.garagemania.ch\/fr\/wp-json\/wp\/v2\/product"}],"about":[{"href":"https:\/\/www.garagemania.ch\/fr\/wp-json\/wp\/v2\/types\/product"}],"replies":[{"embeddable":true,"href":"https:\/\/www.garagemania.ch\/fr\/wp-json\/wp\/v2\/comments?post=6927"}],"version-history":[{"count":2,"href":"https:\/\/www.garagemania.ch\/fr\/wp-json\/wp\/v2\/product\/6927\/revisions"}],"predecessor-version":[{"id":12039,"href":"https:\/\/www.garagemania.ch\/fr\/wp-json\/wp\/v2\/product\/6927\/revisions\/12039"}],"wp:featuredmedia":[{"embeddable":true,"href":"https:\/\/www.garagemania.ch\/fr\/wp-json\/wp\/v2\/media\/4480"}],"wp:attachment":[{"href":"https:\/\/www.garagemania.ch\/fr\/wp-json\/wp\/v2\/media?parent=6927"}],"wp:term":[{"taxonomy":"product_brand","embeddable":true,"href":"https:\/\/www.garagemania.ch\/fr\/wp-json\/wp\/v2\/product_brand?post=6927"},{"taxonomy":"product_cat","embeddable":true,"href":"https:\/\/www.garagemania.ch\/fr\/wp-json\/wp\/v2\/product_cat?post=6927"},{"taxonomy":"product_tag","embeddable":true,"href":"https:\/\/www.garagemania.ch\/fr\/wp-json\/wp\/v2\/product_tag?post=6927"}],"curies":[{"name":"wp","href":"https:\/\/api.w.org\/{rel}","templated":true}]}}