{"id":6932,"date":"2021-02-28T18:03:25","date_gmt":"2021-02-28T17:03:25","guid":{"rendered":"https:\/\/www.garagemania.ch\/prodotto\/etagere-sacs-de-golf-avec-canaux-gakt32gfgg\/"},"modified":"2024-01-17T09:55:25","modified_gmt":"2024-01-17T08:55:25","slug":"etagere-sacs-de-golf-avec-canaux-gakt32gfgg","status":"publish","type":"product","link":"https:\/\/www.garagemania.ch\/fr\/produit\/etagere-sacs-de-golf-avec-canaux-gakt32gfgg\/","title":{"rendered":"Etag\u00e8re pour sacs de golf + 2 canaux de fixation Gladiator\u00ae GAKT32GFGG"},"content":{"rendered":"","protected":false},"excerpt":{"rendered":"<p><span style=\"font-weight: 400;\">D\u00e9couvrez notre <\/span><span style=\"font-weight: 400;\">\u00e9tag\u00e8re pour sacs de golf<\/span><span style=\"font-weight: 400;\"> + 2 canaux de fixation Gladiator\u00ae GAKT32GFGG, une solution de rangement id\u00e9ale propos\u00e9e par Garage Mania. Cette \u00e9tag\u00e8re robuste est sp\u00e9cialement con\u00e7ue pour les amateurs de golf.<\/span><\/p>\n<p><span style=\"font-weight: 400;\">Avec sa structure en acier durable, l&rsquo;<\/span><span style=\"font-weight: 400;\">\u00e9tag\u00e8re pour sacs de golf<\/span><span style=\"font-weight: 400;\"> offre une capacit\u00e9 de rangement exceptionnelle. Elle est assez spacieuse pour accueillir jusqu&rsquo;\u00e0 deux sacs de golf extra-larges, garantissant que votre \u00e9quipement reste organis\u00e9 et facilement accessible.<\/span><\/p>\n<p><span style=\"font-weight: 400;\">Le design de l&rsquo;\u00e9tag\u00e8re int\u00e8gre une \u00e9tag\u00e8re ajour\u00e9e au bas, parfaite pour ranger des accessoires suppl\u00e9mentaires tels que des balles de golf et des chaussures. Tout votre mat\u00e9riel de golf reste \u00e0 port\u00e9e de main, organis\u00e9 et prot\u00e9g\u00e9.<\/span><\/p>\n<p><span style=\"font-weight: 400;\">Le kit de cette \u00e9tag\u00e8re comprend tout le n\u00e9cessaire pour une installation murale facile et s\u00e9curis\u00e9e :<\/span><\/p>\n<ul>\n<li style=\"font-weight: 400;\" aria-level=\"1\"><span style=\"font-weight: 400;\">Deux supports muraux robustes<\/span><\/li>\n<li style=\"font-weight: 400;\" aria-level=\"1\"><span style=\"font-weight: 400;\">Deux canaux GearTrack\u00ae de 122 cm pour une fixation solide<\/span><\/li>\n<li style=\"font-weight: 400;\" aria-level=\"1\"><span style=\"font-weight: 400;\">Quatre embouts de finition pour un aspect esth\u00e9tique<\/span><\/li>\n<li style=\"font-weight: 400;\" aria-level=\"1\"><span style=\"font-weight: 400;\">Un pack de vis blanches pour une installation en toute simplicit\u00e9<\/span><\/li>\n<li style=\"font-weight: 400;\" aria-level=\"1\"><\/li>\n<\/ul>\n<p><span style=\"font-weight: 400;\">L&rsquo;\u00e9tag\u00e8re est con\u00e7ue pour supporter une charge maximale impressionnante de 92 kg, avec une capacit\u00e9 additionnelle de 48 kg sur l&rsquo;\u00e9tag\u00e8re du bas. Sa solidit\u00e9 est in\u00e9gal\u00e9e.<\/span><\/p>\n<p><span style=\"font-weight: 400;\">En choisissant cette \u00e9tag\u00e8re vous b\u00e9n\u00e9ficiez d&rsquo;une garantie \u00e0 vie, t\u00e9moignant de notre confiance en la qualit\u00e9 et la durabilit\u00e9 de ce produit.<\/span><\/p>\n<p><span style=\"font-weight: 400;\">Cette \u00e9tag\u00e8re est une s\u00e9lection exclusive de Garage Mania, con\u00e7ue pour r\u00e9pondre aux besoins sp\u00e9cifiques des golfeurs exigeants.<\/span><\/p>\n","protected":false},"featured_media":4097,"comment_status":"open","ping_status":"closed","template":"","meta":{"site-sidebar-layout":"default","site-content-layout":"default","ast-site-content-layout":"default","site-content-style":"default","site-sidebar-style":"default","ast-global-header-display":"","ast-banner-title-visibility":"","ast-main-header-display":"","ast-hfb-above-header-display":"","ast-hfb-below-header-display":"","ast-hfb-mobile-header-display":"","site-post-title":"","ast-breadcrumbs-content":"","ast-featured-img":"","footer-sml-layout":"","ast-disable-related-posts":"","theme-transparent-header-meta":"default","adv-header-id-meta":"","stick-header-meta":"","header-above-stick-meta":"","header-main-stick-meta":"","header-below-stick-meta":"","astra-migrate-meta-layouts":"set","ast-page-background-enabled":"default","ast-page-background-meta":{"desktop":{"background-color":"","background-image":"","background-repeat":"repeat","background-position":"center center","background-size":"auto","background-attachment":"scroll","background-type":"","background-media":"","overlay-type":"","overlay-color":"","overlay-opacity":"","overlay-gradient":""},"tablet":{"background-color":"","background-image":"","background-repeat":"repeat","background-position":"center center","background-size":"auto","background-attachment":"scroll","background-type":"","background-media":"","overlay-type":"","overlay-color":"","overlay-opacity":"","overlay-gradient":""},"mobile":{"background-color":"","background-image":"","background-repeat":"repeat","background-position":"center center","background-size":"auto","background-attachment":"scroll","background-type":"","background-media":"","overlay-type":"","overlay-color":"","overlay-opacity":"","overlay-gradient":""}},"ast-content-background-meta":{"desktop":{"background-color":"var(--ast-global-color-5)","background-image":"","background-repeat":"repeat","background-position":"center center","background-size":"auto","background-attachment":"scroll","background-type":"","background-media":"","overlay-type":"","overlay-color":"","overlay-opacity":"","overlay-gradient":""},"tablet":{"background-color":"var(--ast-global-color-5)","background-image":"","background-repeat":"repeat","background-position":"center center","background-size":"auto","background-attachment":"scroll","background-type":"","background-media":"","overlay-type":"","overlay-color":"","overlay-opacity":"","overlay-gradient":""},"mobile":{"background-color":"var(--ast-global-color-5)","background-image":"","background-repeat":"repeat","background-position":"center center","background-size":"auto","background-attachment":"scroll","background-type":"","background-media":"","overlay-type":"","overlay-color":"","overlay-opacity":"","overlay-gradient":""}}},"product_brand":[],"product_cat":[615],"product_tag":[453,471,616,1092],"class_list":{"0":"post-6932","1":"product","2":"type-product","3":"status-publish","4":"has-post-thumbnail","6":"product_cat-etageres-et-contenants","7":"product_tag-a-assembler","8":"product_tag-au-mur","9":"product_tag-etagere","10":"product_tag-gladiator-fr-2","11":"desktop-align-center","12":"tablet-align-center","13":"mobile-align-center","14":"ast-product-gallery-layout-horizontal-slider","15":"ast-magnify-disabled","16":"ast-qv-on-image","18":"first","19":"instock","20":"taxable","21":"shipping-taxable","22":"purchasable","23":"product-type-simple"},"bundled_by":[],"bundle_stock_status":"instock","bundle_stock_quantity":null,"bundle_virtual":false,"bundle_layout":"","bundle_add_to_cart_form_location":"","bundle_editable_in_cart":false,"bundle_sold_individually_context":"","bundle_item_grouping":"","bundle_min_size":"","bundle_max_size":"","bundle_price":[],"bundled_items":[],"bundle_sell_ids":[],"yoast_head":"<!-- This site is optimized with the Yoast SEO Premium plugin v27.6 (Yoast SEO v27.6) - https:\/\/yoast.com\/product\/yoast-seo-premium-wordpress\/ -->\n<title>\u00c9tag\u00e8re Golf Gladiator\u00ae - Rangement Pratique | Garage Mania<\/title>\n<meta name=\"description\" content=\"D\u00e9couvrez l&#039;\u00e9tag\u00e8re golf Gladiator\u00ae chez Garage Mania. Solution id\u00e9ale pour ranger sacs et accessoires de golf. Robuste, spacieuse et facile \u00e0 installer.\" \/>\n<meta name=\"robots\" content=\"index, follow, max-snippet:-1, max-image-preview:large, max-video-preview:-1\" \/>\n<link rel=\"canonical\" href=\"https:\/\/www.garagemania.ch\/fr\/produit\/etagere-sacs-de-golf-avec-canaux-gakt32gfgg\/\" \/>\n<meta property=\"og:locale\" content=\"fr_FR\" \/>\n<meta property=\"og:type\" content=\"article\" \/>\n<meta property=\"og:title\" content=\"Etag\u00e8re sacs de golf Gladiator\u00ae avec canaux - Garage Mania\" \/>\n<meta property=\"og:description\" content=\"Utilisez l&#039;etagere de golf Garage Mania pour ranger votre \u00e9quipement de golf. Y compris les chaussures et les balles! D\u00e9couvrez le Kit de Garage Mania !\" \/>\n<meta property=\"og:url\" content=\"https:\/\/www.garagemania.ch\/fr\/produit\/etagere-sacs-de-golf-avec-canaux-gakt32gfgg\/\" \/>\n<meta property=\"og:site_name\" content=\"Garage Mania\" \/>\n<meta property=\"article:publisher\" content=\"https:\/\/www.facebook.com\/garagemania.it\/\" \/>\n<meta property=\"article:modified_time\" content=\"2024-01-17T08:55:25+00:00\" \/>\n<meta property=\"og:image\" content=\"https:\/\/www.garagemania.ch\/wp-content\/uploads\/2021\/06\/Porta-sacche-da-golf-GAKT32GFGG-Garage-Mania-1.jpg\" \/>\n<meta name=\"twitter:card\" content=\"summary_large_image\" \/>\n<meta name=\"twitter:title\" content=\"Etag\u00e8re sacs de golf Gladiator\u00ae avec canaux - Garage Mania\" \/>\n<meta name=\"twitter:description\" content=\"Utilisez l&#039;etagere de golf Garage Mania pour ranger votre \u00e9quipement de golf. Y compris les chaussures et les balles! D\u00e9couvrez le Kit de Garage Mania !\" \/>\n<meta name=\"twitter:label1\" content=\"Dur\u00e9e de lecture estim\u00e9e\" \/>\n\t<meta name=\"twitter:data1\" content=\"1 minute\" \/>\n<script type=\"application\/ld+json\" class=\"yoast-schema-graph\">{\"@context\":\"https:\\\/\\\/schema.org\",\"@graph\":[{\"@type\":\"WebPage\",\"@id\":\"https:\\\/\\\/www.garagemania.ch\\\/fr\\\/produit\\\/etagere-sacs-de-golf-avec-canaux-gakt32gfgg\\\/\",\"url\":\"https:\\\/\\\/www.garagemania.ch\\\/fr\\\/produit\\\/etagere-sacs-de-golf-avec-canaux-gakt32gfgg\\\/\",\"name\":\"\u00c9tag\u00e8re Golf Gladiator\u00ae - Rangement Pratique | Garage Mania\",\"isPartOf\":{\"@id\":\"https:\\\/\\\/www.garagemania.ch\\\/fr\\\/#website\"},\"primaryImageOfPage\":{\"@id\":\"https:\\\/\\\/www.garagemania.ch\\\/fr\\\/produit\\\/etagere-sacs-de-golf-avec-canaux-gakt32gfgg\\\/#primaryimage\"},\"image\":{\"@id\":\"https:\\\/\\\/www.garagemania.ch\\\/fr\\\/produit\\\/etagere-sacs-de-golf-avec-canaux-gakt32gfgg\\\/#primaryimage\"},\"thumbnailUrl\":\"https:\\\/\\\/www.garagemania.ch\\\/wp-content\\\/uploads\\\/2021\\\/06\\\/Porta-sacche-da-golf-con-guide-a-muro-GAKT32GFGG.jpg\",\"datePublished\":\"2021-02-28T17:03:25+00:00\",\"dateModified\":\"2024-01-17T08:55:25+00:00\",\"description\":\"D\u00e9couvrez l'\u00e9tag\u00e8re golf Gladiator\u00ae chez Garage Mania. Solution id\u00e9ale pour ranger sacs et accessoires de golf. Robuste, spacieuse et facile \u00e0 installer.\",\"breadcrumb\":{\"@id\":\"https:\\\/\\\/www.garagemania.ch\\\/fr\\\/produit\\\/etagere-sacs-de-golf-avec-canaux-gakt32gfgg\\\/#breadcrumb\"},\"inLanguage\":\"fr-FR\",\"potentialAction\":[{\"@type\":\"ReadAction\",\"target\":[\"https:\\\/\\\/www.garagemania.ch\\\/fr\\\/produit\\\/etagere-sacs-de-golf-avec-canaux-gakt32gfgg\\\/\"]}]},{\"@type\":\"ImageObject\",\"inLanguage\":\"fr-FR\",\"@id\":\"https:\\\/\\\/www.garagemania.ch\\\/fr\\\/produit\\\/etagere-sacs-de-golf-avec-canaux-gakt32gfgg\\\/#primaryimage\",\"url\":\"https:\\\/\\\/www.garagemania.ch\\\/wp-content\\\/uploads\\\/2021\\\/06\\\/Porta-sacche-da-golf-con-guide-a-muro-GAKT32GFGG.jpg\",\"contentUrl\":\"https:\\\/\\\/www.garagemania.ch\\\/wp-content\\\/uploads\\\/2021\\\/06\\\/Porta-sacche-da-golf-con-guide-a-muro-GAKT32GFGG.jpg\",\"width\":700,\"height\":700,\"caption\":\"Etag\u00e8re sacs de golf avec canaux GAKT32GFGG\"},{\"@type\":\"BreadcrumbList\",\"@id\":\"https:\\\/\\\/www.garagemania.ch\\\/fr\\\/produit\\\/etagere-sacs-de-golf-avec-canaux-gakt32gfgg\\\/#breadcrumb\",\"itemListElement\":[{\"@type\":\"ListItem\",\"position\":1,\"name\":\"Home\",\"item\":\"https:\\\/\\\/www.garagemania.ch\\\/fr\\\/homepage\\\/\"},{\"@type\":\"ListItem\",\"position\":2,\"name\":\"Shop\",\"item\":\"https:\\\/\\\/www.garagemania.ch\\\/fr\\\/page-shop-pour-les-rangements-garage-de-chez-garage-mania\\\/\"},{\"@type\":\"ListItem\",\"position\":3,\"name\":\"Etag\u00e8re pour sacs de golf + 2 canaux de fixation Gladiator\u00ae GAKT32GFGG\"}]},{\"@type\":\"WebSite\",\"@id\":\"https:\\\/\\\/www.garagemania.ch\\\/fr\\\/#website\",\"url\":\"https:\\\/\\\/www.garagemania.ch\\\/fr\\\/\",\"name\":\"Garage Mania\",\"description\":\"Il luogo ideale per tutti coloro che vogliono un garage super esclusivo\",\"publisher\":{\"@id\":\"https:\\\/\\\/www.garagemania.ch\\\/fr\\\/#organization\"},\"potentialAction\":[{\"@type\":\"SearchAction\",\"target\":{\"@type\":\"EntryPoint\",\"urlTemplate\":\"https:\\\/\\\/www.garagemania.ch\\\/fr\\\/?s={search_term_string}\"},\"query-input\":{\"@type\":\"PropertyValueSpecification\",\"valueRequired\":true,\"valueName\":\"search_term_string\"}}],\"inLanguage\":\"fr-FR\"},{\"@type\":\"Organization\",\"@id\":\"https:\\\/\\\/www.garagemania.ch\\\/fr\\\/#organization\",\"name\":\"GLADIATOR WORX SAGL\",\"url\":\"https:\\\/\\\/www.garagemania.ch\\\/fr\\\/\",\"logo\":{\"@type\":\"ImageObject\",\"inLanguage\":\"fr-FR\",\"@id\":\"https:\\\/\\\/www.garagemania.ch\\\/fr\\\/#\\\/schema\\\/logo\\\/image\\\/\",\"url\":\"https:\\\/\\\/www.garagemania.ch\\\/wp-content\\\/uploads\\\/2021\\\/03\\\/Logo-Garage-Mania.png\",\"contentUrl\":\"https:\\\/\\\/www.garagemania.ch\\\/wp-content\\\/uploads\\\/2021\\\/03\\\/Logo-Garage-Mania.png\",\"width\":300,\"height\":282,\"caption\":\"GLADIATOR WORX SAGL\"},\"image\":{\"@id\":\"https:\\\/\\\/www.garagemania.ch\\\/fr\\\/#\\\/schema\\\/logo\\\/image\\\/\"},\"sameAs\":[\"https:\\\/\\\/www.facebook.com\\\/garagemania.it\\\/\",\"https:\\\/\\\/www.instagram.com\\\/garagemania.it\\\/\"]}]}<\/script>\n<!-- \/ Yoast SEO Premium plugin. -->","yoast_head_json":{"title":"\u00c9tag\u00e8re Golf Gladiator\u00ae - Rangement Pratique | Garage Mania","description":"D\u00e9couvrez l'\u00e9tag\u00e8re golf Gladiator\u00ae chez Garage Mania. Solution id\u00e9ale pour ranger sacs et accessoires de golf. Robuste, spacieuse et facile \u00e0 installer.","robots":{"index":"index","follow":"follow","max-snippet":"max-snippet:-1","max-image-preview":"max-image-preview:large","max-video-preview":"max-video-preview:-1"},"canonical":"https:\/\/www.garagemania.ch\/fr\/produit\/etagere-sacs-de-golf-avec-canaux-gakt32gfgg\/","og_locale":"fr_FR","og_type":"article","og_title":"Etag\u00e8re sacs de golf Gladiator\u00ae avec canaux - Garage Mania","og_description":"Utilisez l'etagere de golf Garage Mania pour ranger votre \u00e9quipement de golf. Y compris les chaussures et les balles! D\u00e9couvrez le Kit de Garage Mania !","og_url":"https:\/\/www.garagemania.ch\/fr\/produit\/etagere-sacs-de-golf-avec-canaux-gakt32gfgg\/","og_site_name":"Garage Mania","article_publisher":"https:\/\/www.facebook.com\/garagemania.it\/","article_modified_time":"2024-01-17T08:55:25+00:00","og_image":[{"url":"https:\/\/www.garagemania.ch\/wp-content\/uploads\/2021\/06\/Porta-sacche-da-golf-GAKT32GFGG-Garage-Mania-1.jpg","type":"","width":"","height":""}],"twitter_card":"summary_large_image","twitter_title":"Etag\u00e8re sacs de golf Gladiator\u00ae avec canaux - Garage Mania","twitter_description":"Utilisez l'etagere de golf Garage Mania pour ranger votre \u00e9quipement de golf. Y compris les chaussures et les balles! D\u00e9couvrez le Kit de Garage Mania !","twitter_misc":{"Dur\u00e9e de lecture estim\u00e9e":"1 minute"},"schema":{"@context":"https:\/\/schema.org","@graph":[{"@type":"WebPage","@id":"https:\/\/www.garagemania.ch\/fr\/produit\/etagere-sacs-de-golf-avec-canaux-gakt32gfgg\/","url":"https:\/\/www.garagemania.ch\/fr\/produit\/etagere-sacs-de-golf-avec-canaux-gakt32gfgg\/","name":"\u00c9tag\u00e8re Golf Gladiator\u00ae - Rangement Pratique | Garage Mania","isPartOf":{"@id":"https:\/\/www.garagemania.ch\/fr\/#website"},"primaryImageOfPage":{"@id":"https:\/\/www.garagemania.ch\/fr\/produit\/etagere-sacs-de-golf-avec-canaux-gakt32gfgg\/#primaryimage"},"image":{"@id":"https:\/\/www.garagemania.ch\/fr\/produit\/etagere-sacs-de-golf-avec-canaux-gakt32gfgg\/#primaryimage"},"thumbnailUrl":"https:\/\/www.garagemania.ch\/wp-content\/uploads\/2021\/06\/Porta-sacche-da-golf-con-guide-a-muro-GAKT32GFGG.jpg","datePublished":"2021-02-28T17:03:25+00:00","dateModified":"2024-01-17T08:55:25+00:00","description":"D\u00e9couvrez l'\u00e9tag\u00e8re golf Gladiator\u00ae chez Garage Mania. Solution id\u00e9ale pour ranger sacs et accessoires de golf. Robuste, spacieuse et facile \u00e0 installer.","breadcrumb":{"@id":"https:\/\/www.garagemania.ch\/fr\/produit\/etagere-sacs-de-golf-avec-canaux-gakt32gfgg\/#breadcrumb"},"inLanguage":"fr-FR","potentialAction":[{"@type":"ReadAction","target":["https:\/\/www.garagemania.ch\/fr\/produit\/etagere-sacs-de-golf-avec-canaux-gakt32gfgg\/"]}]},{"@type":"ImageObject","inLanguage":"fr-FR","@id":"https:\/\/www.garagemania.ch\/fr\/produit\/etagere-sacs-de-golf-avec-canaux-gakt32gfgg\/#primaryimage","url":"https:\/\/www.garagemania.ch\/wp-content\/uploads\/2021\/06\/Porta-sacche-da-golf-con-guide-a-muro-GAKT32GFGG.jpg","contentUrl":"https:\/\/www.garagemania.ch\/wp-content\/uploads\/2021\/06\/Porta-sacche-da-golf-con-guide-a-muro-GAKT32GFGG.jpg","width":700,"height":700,"caption":"Etag\u00e8re sacs de golf avec canaux GAKT32GFGG"},{"@type":"BreadcrumbList","@id":"https:\/\/www.garagemania.ch\/fr\/produit\/etagere-sacs-de-golf-avec-canaux-gakt32gfgg\/#breadcrumb","itemListElement":[{"@type":"ListItem","position":1,"name":"Home","item":"https:\/\/www.garagemania.ch\/fr\/homepage\/"},{"@type":"ListItem","position":2,"name":"Shop","item":"https:\/\/www.garagemania.ch\/fr\/page-shop-pour-les-rangements-garage-de-chez-garage-mania\/"},{"@type":"ListItem","position":3,"name":"Etag\u00e8re pour sacs de golf + 2 canaux de fixation Gladiator\u00ae GAKT32GFGG"}]},{"@type":"WebSite","@id":"https:\/\/www.garagemania.ch\/fr\/#website","url":"https:\/\/www.garagemania.ch\/fr\/","name":"Garage Mania","description":"Il luogo ideale per tutti coloro che vogliono un garage super esclusivo","publisher":{"@id":"https:\/\/www.garagemania.ch\/fr\/#organization"},"potentialAction":[{"@type":"SearchAction","target":{"@type":"EntryPoint","urlTemplate":"https:\/\/www.garagemania.ch\/fr\/?s={search_term_string}"},"query-input":{"@type":"PropertyValueSpecification","valueRequired":true,"valueName":"search_term_string"}}],"inLanguage":"fr-FR"},{"@type":"Organization","@id":"https:\/\/www.garagemania.ch\/fr\/#organization","name":"GLADIATOR WORX SAGL","url":"https:\/\/www.garagemania.ch\/fr\/","logo":{"@type":"ImageObject","inLanguage":"fr-FR","@id":"https:\/\/www.garagemania.ch\/fr\/#\/schema\/logo\/image\/","url":"https:\/\/www.garagemania.ch\/wp-content\/uploads\/2021\/03\/Logo-Garage-Mania.png","contentUrl":"https:\/\/www.garagemania.ch\/wp-content\/uploads\/2021\/03\/Logo-Garage-Mania.png","width":300,"height":282,"caption":"GLADIATOR WORX SAGL"},"image":{"@id":"https:\/\/www.garagemania.ch\/fr\/#\/schema\/logo\/image\/"},"sameAs":["https:\/\/www.facebook.com\/garagemania.it\/","https:\/\/www.instagram.com\/garagemania.it\/"]}]}},"_links":{"self":[{"href":"https:\/\/www.garagemania.ch\/fr\/wp-json\/wp\/v2\/product\/6932","targetHints":{"allow":["GET"]}}],"collection":[{"href":"https:\/\/www.garagemania.ch\/fr\/wp-json\/wp\/v2\/product"}],"about":[{"href":"https:\/\/www.garagemania.ch\/fr\/wp-json\/wp\/v2\/types\/product"}],"replies":[{"embeddable":true,"href":"https:\/\/www.garagemania.ch\/fr\/wp-json\/wp\/v2\/comments?post=6932"}],"version-history":[{"count":3,"href":"https:\/\/www.garagemania.ch\/fr\/wp-json\/wp\/v2\/product\/6932\/revisions"}],"predecessor-version":[{"id":14930,"href":"https:\/\/www.garagemania.ch\/fr\/wp-json\/wp\/v2\/product\/6932\/revisions\/14930"}],"wp:featuredmedia":[{"embeddable":true,"href":"https:\/\/www.garagemania.ch\/fr\/wp-json\/wp\/v2\/media\/4097"}],"wp:attachment":[{"href":"https:\/\/www.garagemania.ch\/fr\/wp-json\/wp\/v2\/media?parent=6932"}],"wp:term":[{"taxonomy":"product_brand","embeddable":true,"href":"https:\/\/www.garagemania.ch\/fr\/wp-json\/wp\/v2\/product_brand?post=6932"},{"taxonomy":"product_cat","embeddable":true,"href":"https:\/\/www.garagemania.ch\/fr\/wp-json\/wp\/v2\/product_cat?post=6932"},{"taxonomy":"product_tag","embeddable":true,"href":"https:\/\/www.garagemania.ch\/fr\/wp-json\/wp\/v2\/product_tag?post=6932"}],"curies":[{"name":"wp","href":"https:\/\/api.w.org\/{rel}","templated":true}]}}