{"id":6936,"date":"2021-04-22T17:54:09","date_gmt":"2021-04-22T15:54:09","guid":{"rendered":"https:\/\/www.garagemania.ch\/prodotto\/kit-lateral-pour-etagere-gagp24wrhy\/"},"modified":"2022-12-16T19:05:01","modified_gmt":"2022-12-16T18:05:01","slug":"kit-lateral-pour-etagere-gagp24wrhy","status":"publish","type":"product","link":"https:\/\/www.garagemania.ch\/fr\/produit\/kit-lateral-pour-etagere-gagp24wrhy\/","title":{"rendered":"Kit pour \u00e9tag\u00e8re Gladiator\u00ae GAGP24WRHY"},"content":{"rendered":"","protected":false},"excerpt":{"rendered":"<p>Kit pour \u00e9tag\u00e8re Gladiator\u00ae GAGP24WRHY<\/p>\n<p>Compatible avec les etageres GARS774XEG et GARA904XIG, le kit contient :<\/p>\n<p>1 canal GearTrack\u00ae de 61 cm<\/p>\n<p>1 crochet\u00a0 louche<\/p>\n<p>1 crochet jumeaux<\/p>\n<p>1 crochet L<\/p>\n<p>2 supports<\/p>\n<p>2 embouts<\/p>\n<p>2 vis<\/p>\n<p>Installation facile et rapide.<\/p>\n<p>Am\u00e9nagez, rangez et gagnez de l\u2019espace dans votre garage avec les solutions sur mesure de Garage Mania !<\/p>\n","protected":false},"featured_media":6937,"comment_status":"open","ping_status":"closed","template":"","meta":{"site-sidebar-layout":"default","site-content-layout":"default","ast-site-content-layout":"default","site-content-style":"default","site-sidebar-style":"default","ast-global-header-display":"","ast-banner-title-visibility":"","ast-main-header-display":"","ast-hfb-above-header-display":"","ast-hfb-below-header-display":"","ast-hfb-mobile-header-display":"","site-post-title":"","ast-breadcrumbs-content":"","ast-featured-img":"","footer-sml-layout":"","ast-disable-related-posts":"","theme-transparent-header-meta":"default","adv-header-id-meta":"","stick-header-meta":"","header-above-stick-meta":"","header-main-stick-meta":"","header-below-stick-meta":"","astra-migrate-meta-layouts":"default","ast-page-background-enabled":"default","ast-page-background-meta":{"desktop":{"background-color":"","background-image":"","background-repeat":"repeat","background-position":"center center","background-size":"auto","background-attachment":"scroll","background-type":"","background-media":"","overlay-type":"","overlay-color":"","overlay-opacity":"","overlay-gradient":""},"tablet":{"background-color":"","background-image":"","background-repeat":"repeat","background-position":"center center","background-size":"auto","background-attachment":"scroll","background-type":"","background-media":"","overlay-type":"","overlay-color":"","overlay-opacity":"","overlay-gradient":""},"mobile":{"background-color":"","background-image":"","background-repeat":"repeat","background-position":"center center","background-size":"auto","background-attachment":"scroll","background-type":"","background-media":"","overlay-type":"","overlay-color":"","overlay-opacity":"","overlay-gradient":""}},"ast-content-background-meta":{"desktop":{"background-color":"var(--ast-global-color-5)","background-image":"","background-repeat":"repeat","background-position":"center center","background-size":"auto","background-attachment":"scroll","background-type":"","background-media":"","overlay-type":"","overlay-color":"","overlay-opacity":"","overlay-gradient":""},"tablet":{"background-color":"var(--ast-global-color-5)","background-image":"","background-repeat":"repeat","background-position":"center center","background-size":"auto","background-attachment":"scroll","background-type":"","background-media":"","overlay-type":"","overlay-color":"","overlay-opacity":"","overlay-gradient":""},"mobile":{"background-color":"var(--ast-global-color-5)","background-image":"","background-repeat":"repeat","background-position":"center center","background-size":"auto","background-attachment":"scroll","background-type":"","background-media":"","overlay-type":"","overlay-color":"","overlay-opacity":"","overlay-gradient":""}}},"product_brand":[],"product_cat":[506],"product_tag":[471,1092,481],"class_list":{"0":"post-6936","1":"product","2":"type-product","3":"status-publish","4":"has-post-thumbnail","6":"product_cat-rayonnages","7":"product_tag-au-mur","8":"product_tag-gladiator-fr-2","9":"product_tag-rayonnages","10":"desktop-align-center","11":"tablet-align-center","12":"mobile-align-center","13":"ast-product-gallery-layout-horizontal-slider","14":"ast-magnify-disabled","15":"ast-qv-on-image","17":"first","18":"onbackorder","19":"taxable","20":"shipping-taxable","21":"purchasable","22":"product-type-simple"},"bundled_by":[],"bundle_stock_status":"onbackorder","bundle_stock_quantity":null,"bundle_virtual":false,"bundle_layout":"","bundle_add_to_cart_form_location":"","bundle_editable_in_cart":false,"bundle_sold_individually_context":"","bundle_item_grouping":"","bundle_min_size":"","bundle_max_size":"","bundle_price":[],"bundled_items":[],"bundle_sell_ids":[],"yoast_head":"<!-- This site is optimized with the Yoast SEO Premium plugin v27.3 (Yoast SEO v27.3) - https:\/\/yoast.com\/product\/yoast-seo-premium-wordpress\/ -->\n<title>Kit lat\u00e9ral pour \u00e9tag\u00e8re Gladiator\u00ae - Garage Mania<\/title>\n<meta name=\"description\" content=\"Kit lat\u00e9ral pour \u00e9tag\u00e8re Gladiator Garage Mania. R\u00e9cup\u00e9rez de l&#039;espace au sol avec ce kit pour \u00e9tag\u00e8re\" \/>\n<meta name=\"robots\" content=\"index, follow, max-snippet:-1, max-image-preview:large, max-video-preview:-1\" \/>\n<link rel=\"canonical\" href=\"https:\/\/www.garagemania.ch\/fr\/produit\/kit-lateral-pour-etagere-gagp24wrhy\/\" \/>\n<meta property=\"og:locale\" content=\"fr_FR\" \/>\n<meta property=\"og:type\" content=\"article\" \/>\n<meta property=\"og:title\" content=\"Kit lat\u00e9ral pour \u00e9tag\u00e8re Gladiator Garage Mania. R\u00e9cup\u00e9rez de l&#039;espace au sol avec ce kit pour \u00e9tag\u00e8re\" \/>\n<meta property=\"og:description\" content=\"Kit lat\u00e9ral pour \u00e9tag\u00e8re Gladiator Garage Mania. R\u00e9cup\u00e9rez de l&#039;espace au sol avec ce kit pour \u00e9tag\u00e8re\" \/>\n<meta property=\"og:url\" content=\"https:\/\/www.garagemania.ch\/fr\/produit\/kit-lateral-pour-etagere-gagp24wrhy\/\" \/>\n<meta property=\"og:site_name\" content=\"Garage Mania\" \/>\n<meta property=\"article:publisher\" content=\"https:\/\/www.facebook.com\/garagemania.it\/\" \/>\n<meta property=\"article:modified_time\" content=\"2022-12-16T18:05:01+00:00\" \/>\n<meta property=\"og:image\" content=\"https:\/\/www.garagemania.ch\/wp-content\/uploads\/2021\/04\/GAGP24WRHY-KIT-LATERALE-PER-GARS774XEG-E-GARA904XIG.jpg\" \/>\n\t<meta property=\"og:image:width\" content=\"700\" \/>\n\t<meta property=\"og:image:height\" content=\"700\" \/>\n\t<meta property=\"og:image:type\" content=\"image\/jpeg\" \/>\n<meta name=\"twitter:card\" content=\"summary_large_image\" \/>\n<meta name=\"twitter:title\" content=\"Kit lat\u00e9ral pour \u00e9tag\u00e8re Gladiator Garage Mania. R\u00e9cup\u00e9rez de l&#039;espace au sol avec ce kit pour \u00e9tag\u00e8re\" \/>\n<meta name=\"twitter:description\" content=\"Kit lat\u00e9ral pour \u00e9tag\u00e8re Gladiator Garage Mania. R\u00e9cup\u00e9rez de l&#039;espace au sol avec ce kit pour \u00e9tag\u00e8re\" \/>\n<script type=\"application\/ld+json\" class=\"yoast-schema-graph\">{\"@context\":\"https:\\\/\\\/schema.org\",\"@graph\":[{\"@type\":\"WebPage\",\"@id\":\"https:\\\/\\\/www.garagemania.ch\\\/fr\\\/produit\\\/kit-lateral-pour-etagere-gagp24wrhy\\\/\",\"url\":\"https:\\\/\\\/www.garagemania.ch\\\/fr\\\/produit\\\/kit-lateral-pour-etagere-gagp24wrhy\\\/\",\"name\":\"Kit lat\u00e9ral pour \u00e9tag\u00e8re Gladiator\u00ae - Garage Mania\",\"isPartOf\":{\"@id\":\"https:\\\/\\\/www.garagemania.ch\\\/fr\\\/#website\"},\"primaryImageOfPage\":{\"@id\":\"https:\\\/\\\/www.garagemania.ch\\\/fr\\\/produit\\\/kit-lateral-pour-etagere-gagp24wrhy\\\/#primaryimage\"},\"image\":{\"@id\":\"https:\\\/\\\/www.garagemania.ch\\\/fr\\\/produit\\\/kit-lateral-pour-etagere-gagp24wrhy\\\/#primaryimage\"},\"thumbnailUrl\":\"https:\\\/\\\/www.garagemania.ch\\\/wp-content\\\/uploads\\\/2021\\\/04\\\/GAGP24WRHY-KIT-LATERALE-PER-GARS774XEG-E-GARA904XIG.jpg\",\"datePublished\":\"2021-04-22T15:54:09+00:00\",\"dateModified\":\"2022-12-16T18:05:01+00:00\",\"description\":\"Kit lat\u00e9ral pour \u00e9tag\u00e8re Gladiator Garage Mania. R\u00e9cup\u00e9rez de l'espace au sol avec ce kit pour \u00e9tag\u00e8re\",\"breadcrumb\":{\"@id\":\"https:\\\/\\\/www.garagemania.ch\\\/fr\\\/produit\\\/kit-lateral-pour-etagere-gagp24wrhy\\\/#breadcrumb\"},\"inLanguage\":\"fr-FR\",\"potentialAction\":[{\"@type\":\"ReadAction\",\"target\":[\"https:\\\/\\\/www.garagemania.ch\\\/fr\\\/produit\\\/kit-lateral-pour-etagere-gagp24wrhy\\\/\"]}]},{\"@type\":\"ImageObject\",\"inLanguage\":\"fr-FR\",\"@id\":\"https:\\\/\\\/www.garagemania.ch\\\/fr\\\/produit\\\/kit-lateral-pour-etagere-gagp24wrhy\\\/#primaryimage\",\"url\":\"https:\\\/\\\/www.garagemania.ch\\\/wp-content\\\/uploads\\\/2021\\\/04\\\/GAGP24WRHY-KIT-LATERALE-PER-GARS774XEG-E-GARA904XIG.jpg\",\"contentUrl\":\"https:\\\/\\\/www.garagemania.ch\\\/wp-content\\\/uploads\\\/2021\\\/04\\\/GAGP24WRHY-KIT-LATERALE-PER-GARS774XEG-E-GARA904XIG.jpg\",\"width\":700,\"height\":700,\"caption\":\"GAGP24WRHY KIT LATERALE POUR GARS774XEG E GARA904XIG\"},{\"@type\":\"BreadcrumbList\",\"@id\":\"https:\\\/\\\/www.garagemania.ch\\\/fr\\\/produit\\\/kit-lateral-pour-etagere-gagp24wrhy\\\/#breadcrumb\",\"itemListElement\":[{\"@type\":\"ListItem\",\"position\":1,\"name\":\"Home\",\"item\":\"https:\\\/\\\/www.garagemania.ch\\\/fr\\\/homepage\\\/\"},{\"@type\":\"ListItem\",\"position\":2,\"name\":\"Shop\",\"item\":\"https:\\\/\\\/www.garagemania.ch\\\/fr\\\/page-shop-pour-les-rangements-garage-de-chez-garage-mania\\\/\"},{\"@type\":\"ListItem\",\"position\":3,\"name\":\"Kit pour \u00e9tag\u00e8re Gladiator\u00ae GAGP24WRHY\"}]},{\"@type\":\"WebSite\",\"@id\":\"https:\\\/\\\/www.garagemania.ch\\\/fr\\\/#website\",\"url\":\"https:\\\/\\\/www.garagemania.ch\\\/fr\\\/\",\"name\":\"Garage Mania\",\"description\":\"Il luogo ideale per tutti coloro che vogliono un garage super esclusivo\",\"publisher\":{\"@id\":\"https:\\\/\\\/www.garagemania.ch\\\/fr\\\/#organization\"},\"potentialAction\":[{\"@type\":\"SearchAction\",\"target\":{\"@type\":\"EntryPoint\",\"urlTemplate\":\"https:\\\/\\\/www.garagemania.ch\\\/fr\\\/?s={search_term_string}\"},\"query-input\":{\"@type\":\"PropertyValueSpecification\",\"valueRequired\":true,\"valueName\":\"search_term_string\"}}],\"inLanguage\":\"fr-FR\"},{\"@type\":\"Organization\",\"@id\":\"https:\\\/\\\/www.garagemania.ch\\\/fr\\\/#organization\",\"name\":\"GLADIATOR WORX SAGL\",\"url\":\"https:\\\/\\\/www.garagemania.ch\\\/fr\\\/\",\"logo\":{\"@type\":\"ImageObject\",\"inLanguage\":\"fr-FR\",\"@id\":\"https:\\\/\\\/www.garagemania.ch\\\/fr\\\/#\\\/schema\\\/logo\\\/image\\\/\",\"url\":\"https:\\\/\\\/www.garagemania.ch\\\/wp-content\\\/uploads\\\/2021\\\/03\\\/Logo-Garage-Mania.png\",\"contentUrl\":\"https:\\\/\\\/www.garagemania.ch\\\/wp-content\\\/uploads\\\/2021\\\/03\\\/Logo-Garage-Mania.png\",\"width\":300,\"height\":282,\"caption\":\"GLADIATOR WORX SAGL\"},\"image\":{\"@id\":\"https:\\\/\\\/www.garagemania.ch\\\/fr\\\/#\\\/schema\\\/logo\\\/image\\\/\"},\"sameAs\":[\"https:\\\/\\\/www.facebook.com\\\/garagemania.it\\\/\",\"https:\\\/\\\/www.instagram.com\\\/garagemania.it\\\/\"]}]}<\/script>\n<!-- \/ Yoast SEO Premium plugin. -->","yoast_head_json":{"title":"Kit lat\u00e9ral pour \u00e9tag\u00e8re Gladiator\u00ae - Garage Mania","description":"Kit lat\u00e9ral pour \u00e9tag\u00e8re Gladiator Garage Mania. R\u00e9cup\u00e9rez de l'espace au sol avec ce kit pour \u00e9tag\u00e8re","robots":{"index":"index","follow":"follow","max-snippet":"max-snippet:-1","max-image-preview":"max-image-preview:large","max-video-preview":"max-video-preview:-1"},"canonical":"https:\/\/www.garagemania.ch\/fr\/produit\/kit-lateral-pour-etagere-gagp24wrhy\/","og_locale":"fr_FR","og_type":"article","og_title":"Kit lat\u00e9ral pour \u00e9tag\u00e8re Gladiator Garage Mania. R\u00e9cup\u00e9rez de l'espace au sol avec ce kit pour \u00e9tag\u00e8re","og_description":"Kit lat\u00e9ral pour \u00e9tag\u00e8re Gladiator Garage Mania. R\u00e9cup\u00e9rez de l'espace au sol avec ce kit pour \u00e9tag\u00e8re","og_url":"https:\/\/www.garagemania.ch\/fr\/produit\/kit-lateral-pour-etagere-gagp24wrhy\/","og_site_name":"Garage Mania","article_publisher":"https:\/\/www.facebook.com\/garagemania.it\/","article_modified_time":"2022-12-16T18:05:01+00:00","og_image":[{"width":700,"height":700,"url":"https:\/\/www.garagemania.ch\/wp-content\/uploads\/2021\/04\/GAGP24WRHY-KIT-LATERALE-PER-GARS774XEG-E-GARA904XIG.jpg","type":"image\/jpeg"}],"twitter_card":"summary_large_image","twitter_title":"Kit lat\u00e9ral pour \u00e9tag\u00e8re Gladiator Garage Mania. R\u00e9cup\u00e9rez de l'espace au sol avec ce kit pour \u00e9tag\u00e8re","twitter_description":"Kit lat\u00e9ral pour \u00e9tag\u00e8re Gladiator Garage Mania. R\u00e9cup\u00e9rez de l'espace au sol avec ce kit pour \u00e9tag\u00e8re","schema":{"@context":"https:\/\/schema.org","@graph":[{"@type":"WebPage","@id":"https:\/\/www.garagemania.ch\/fr\/produit\/kit-lateral-pour-etagere-gagp24wrhy\/","url":"https:\/\/www.garagemania.ch\/fr\/produit\/kit-lateral-pour-etagere-gagp24wrhy\/","name":"Kit lat\u00e9ral pour \u00e9tag\u00e8re Gladiator\u00ae - Garage Mania","isPartOf":{"@id":"https:\/\/www.garagemania.ch\/fr\/#website"},"primaryImageOfPage":{"@id":"https:\/\/www.garagemania.ch\/fr\/produit\/kit-lateral-pour-etagere-gagp24wrhy\/#primaryimage"},"image":{"@id":"https:\/\/www.garagemania.ch\/fr\/produit\/kit-lateral-pour-etagere-gagp24wrhy\/#primaryimage"},"thumbnailUrl":"https:\/\/www.garagemania.ch\/wp-content\/uploads\/2021\/04\/GAGP24WRHY-KIT-LATERALE-PER-GARS774XEG-E-GARA904XIG.jpg","datePublished":"2021-04-22T15:54:09+00:00","dateModified":"2022-12-16T18:05:01+00:00","description":"Kit lat\u00e9ral pour \u00e9tag\u00e8re Gladiator Garage Mania. R\u00e9cup\u00e9rez de l'espace au sol avec ce kit pour \u00e9tag\u00e8re","breadcrumb":{"@id":"https:\/\/www.garagemania.ch\/fr\/produit\/kit-lateral-pour-etagere-gagp24wrhy\/#breadcrumb"},"inLanguage":"fr-FR","potentialAction":[{"@type":"ReadAction","target":["https:\/\/www.garagemania.ch\/fr\/produit\/kit-lateral-pour-etagere-gagp24wrhy\/"]}]},{"@type":"ImageObject","inLanguage":"fr-FR","@id":"https:\/\/www.garagemania.ch\/fr\/produit\/kit-lateral-pour-etagere-gagp24wrhy\/#primaryimage","url":"https:\/\/www.garagemania.ch\/wp-content\/uploads\/2021\/04\/GAGP24WRHY-KIT-LATERALE-PER-GARS774XEG-E-GARA904XIG.jpg","contentUrl":"https:\/\/www.garagemania.ch\/wp-content\/uploads\/2021\/04\/GAGP24WRHY-KIT-LATERALE-PER-GARS774XEG-E-GARA904XIG.jpg","width":700,"height":700,"caption":"GAGP24WRHY KIT LATERALE POUR GARS774XEG E GARA904XIG"},{"@type":"BreadcrumbList","@id":"https:\/\/www.garagemania.ch\/fr\/produit\/kit-lateral-pour-etagere-gagp24wrhy\/#breadcrumb","itemListElement":[{"@type":"ListItem","position":1,"name":"Home","item":"https:\/\/www.garagemania.ch\/fr\/homepage\/"},{"@type":"ListItem","position":2,"name":"Shop","item":"https:\/\/www.garagemania.ch\/fr\/page-shop-pour-les-rangements-garage-de-chez-garage-mania\/"},{"@type":"ListItem","position":3,"name":"Kit pour \u00e9tag\u00e8re Gladiator\u00ae GAGP24WRHY"}]},{"@type":"WebSite","@id":"https:\/\/www.garagemania.ch\/fr\/#website","url":"https:\/\/www.garagemania.ch\/fr\/","name":"Garage Mania","description":"Il luogo ideale per tutti coloro che vogliono un garage super esclusivo","publisher":{"@id":"https:\/\/www.garagemania.ch\/fr\/#organization"},"potentialAction":[{"@type":"SearchAction","target":{"@type":"EntryPoint","urlTemplate":"https:\/\/www.garagemania.ch\/fr\/?s={search_term_string}"},"query-input":{"@type":"PropertyValueSpecification","valueRequired":true,"valueName":"search_term_string"}}],"inLanguage":"fr-FR"},{"@type":"Organization","@id":"https:\/\/www.garagemania.ch\/fr\/#organization","name":"GLADIATOR WORX SAGL","url":"https:\/\/www.garagemania.ch\/fr\/","logo":{"@type":"ImageObject","inLanguage":"fr-FR","@id":"https:\/\/www.garagemania.ch\/fr\/#\/schema\/logo\/image\/","url":"https:\/\/www.garagemania.ch\/wp-content\/uploads\/2021\/03\/Logo-Garage-Mania.png","contentUrl":"https:\/\/www.garagemania.ch\/wp-content\/uploads\/2021\/03\/Logo-Garage-Mania.png","width":300,"height":282,"caption":"GLADIATOR WORX SAGL"},"image":{"@id":"https:\/\/www.garagemania.ch\/fr\/#\/schema\/logo\/image\/"},"sameAs":["https:\/\/www.facebook.com\/garagemania.it\/","https:\/\/www.instagram.com\/garagemania.it\/"]}]}},"_links":{"self":[{"href":"https:\/\/www.garagemania.ch\/fr\/wp-json\/wp\/v2\/product\/6936","targetHints":{"allow":["GET"]}}],"collection":[{"href":"https:\/\/www.garagemania.ch\/fr\/wp-json\/wp\/v2\/product"}],"about":[{"href":"https:\/\/www.garagemania.ch\/fr\/wp-json\/wp\/v2\/types\/product"}],"replies":[{"embeddable":true,"href":"https:\/\/www.garagemania.ch\/fr\/wp-json\/wp\/v2\/comments?post=6936"}],"version-history":[{"count":3,"href":"https:\/\/www.garagemania.ch\/fr\/wp-json\/wp\/v2\/product\/6936\/revisions"}],"predecessor-version":[{"id":12093,"href":"https:\/\/www.garagemania.ch\/fr\/wp-json\/wp\/v2\/product\/6936\/revisions\/12093"}],"wp:featuredmedia":[{"embeddable":true,"href":"https:\/\/www.garagemania.ch\/fr\/wp-json\/wp\/v2\/media\/6937"}],"wp:attachment":[{"href":"https:\/\/www.garagemania.ch\/fr\/wp-json\/wp\/v2\/media?parent=6936"}],"wp:term":[{"taxonomy":"product_brand","embeddable":true,"href":"https:\/\/www.garagemania.ch\/fr\/wp-json\/wp\/v2\/product_brand?post=6936"},{"taxonomy":"product_cat","embeddable":true,"href":"https:\/\/www.garagemania.ch\/fr\/wp-json\/wp\/v2\/product_cat?post=6936"},{"taxonomy":"product_tag","embeddable":true,"href":"https:\/\/www.garagemania.ch\/fr\/wp-json\/wp\/v2\/product_tag?post=6936"}],"curies":[{"name":"wp","href":"https:\/\/api.w.org\/{rel}","templated":true}]}}