{"id":6948,"date":"2021-10-02T16:56:09","date_gmt":"2021-10-02T14:56:09","guid":{"rendered":"https:\/\/www.garagemania.ch\/prodotto\/support-murale-velo-gakt48bkgy\/"},"modified":"2023-03-02T09:07:55","modified_gmt":"2023-03-02T08:07:55","slug":"support-murale-velo-gakt48bkgy","status":"publish","type":"product","link":"https:\/\/www.garagemania.ch\/fr\/produit\/support-murale-velo-gakt48bkgy\/","title":{"rendered":"Kit pour 4 v\u00e9los Gladiator\u00ae GAKT48BKGY"},"content":{"rendered":"","protected":false},"excerpt":{"rendered":"<p>Kit pour v\u00e9lo Gladiator\u00ae GAKT48BKGY<\/p>\n<p>Le kit de fixation murale Gladiator\u00ae pour 4 v\u00e9los contient :<\/p>\n<ul>\n<li>2 crochets porte-v\u00e9lo verticaux<\/li>\n<li>2 crochets porte-v\u00e9lo verticaux<\/li>\n<li>1 pack de crochets J&amp;L<\/li>\n<li>2 canaux de fixation de 122 cm<\/li>\n<li>4 embouts<\/li>\n<li>1 pack de 32 vis<\/li>\n<\/ul>\n<p>Gr\u00e2ce au syst\u00e8me de serrage du Gladiator\u00ae , accrocher vos v\u00e9los au mur devient un jeu d\u2019enfants.<\/p>\n<p>Cette solution murale est id\u00e9ale pour ranger vos 4 v\u00e9los et casques en toute s\u00e9curit\u00e9.<\/p>\n<p>Installation simple et rapide. Charge maximale 111 kg\/ml.<\/p>\n<p>Am\u00e9nagez, rangez et gagnez de l\u2019espace dans votre garage avec les solutions sur mesure de Garage Mania !<\/p>\n","protected":false},"featured_media":3606,"comment_status":"open","ping_status":"closed","template":"","meta":{"site-sidebar-layout":"default","site-content-layout":"default","ast-site-content-layout":"default","site-content-style":"default","site-sidebar-style":"default","ast-global-header-display":"","ast-banner-title-visibility":"","ast-main-header-display":"","ast-hfb-above-header-display":"","ast-hfb-below-header-display":"","ast-hfb-mobile-header-display":"","site-post-title":"","ast-breadcrumbs-content":"","ast-featured-img":"","footer-sml-layout":"","ast-disable-related-posts":"","theme-transparent-header-meta":"default","adv-header-id-meta":"","stick-header-meta":"","header-above-stick-meta":"","header-main-stick-meta":"","header-below-stick-meta":"","astra-migrate-meta-layouts":"default","ast-page-background-enabled":"default","ast-page-background-meta":{"desktop":{"background-color":"","background-image":"","background-repeat":"repeat","background-position":"center center","background-size":"auto","background-attachment":"scroll","background-type":"","background-media":"","overlay-type":"","overlay-color":"","overlay-opacity":"","overlay-gradient":""},"tablet":{"background-color":"","background-image":"","background-repeat":"repeat","background-position":"center center","background-size":"auto","background-attachment":"scroll","background-type":"","background-media":"","overlay-type":"","overlay-color":"","overlay-opacity":"","overlay-gradient":""},"mobile":{"background-color":"","background-image":"","background-repeat":"repeat","background-position":"center center","background-size":"auto","background-attachment":"scroll","background-type":"","background-media":"","overlay-type":"","overlay-color":"","overlay-opacity":"","overlay-gradient":""}},"ast-content-background-meta":{"desktop":{"background-color":"var(--ast-global-color-5)","background-image":"","background-repeat":"repeat","background-position":"center center","background-size":"auto","background-attachment":"scroll","background-type":"","background-media":"","overlay-type":"","overlay-color":"","overlay-opacity":"","overlay-gradient":""},"tablet":{"background-color":"var(--ast-global-color-5)","background-image":"","background-repeat":"repeat","background-position":"center center","background-size":"auto","background-attachment":"scroll","background-type":"","background-media":"","overlay-type":"","overlay-color":"","overlay-opacity":"","overlay-gradient":""},"mobile":{"background-color":"var(--ast-global-color-5)","background-image":"","background-repeat":"repeat","background-position":"center center","background-size":"auto","background-attachment":"scroll","background-type":"","background-media":"","overlay-type":"","overlay-color":"","overlay-opacity":"","overlay-gradient":""}}},"product_brand":[],"product_cat":[566],"product_tag":[453,471,1092],"class_list":{"0":"post-6948","1":"product","2":"type-product","3":"status-publish","4":"has-post-thumbnail","6":"product_cat-crochets","7":"product_tag-a-assembler","8":"product_tag-au-mur","9":"product_tag-gladiator-fr-2","10":"desktop-align-center","11":"tablet-align-center","12":"mobile-align-center","13":"ast-product-gallery-layout-horizontal-slider","14":"ast-magnify-disabled","15":"ast-qv-on-image","17":"first","18":"instock","19":"taxable","20":"shipping-taxable","21":"purchasable","22":"product-type-simple"},"bundled_by":[],"bundle_stock_status":"instock","bundle_stock_quantity":null,"bundle_virtual":false,"bundle_layout":"","bundle_add_to_cart_form_location":"","bundle_editable_in_cart":false,"bundle_sold_individually_context":"","bundle_item_grouping":"","bundle_min_size":"","bundle_max_size":"","bundle_price":[],"bundled_items":[],"bundle_sell_ids":[],"yoast_head":"<!-- This site is optimized with the Yoast SEO Premium plugin v27.5 (Yoast SEO v27.5) - https:\/\/yoast.com\/product\/yoast-seo-premium-wordpress\/ -->\n<title>Support murale v\u00e9lo Gladiator\u00ae - Garage Mania<\/title>\n<meta name=\"description\" content=\"Utilisez le support v\u00e9lo pour accrocher jusqu&#039;\u00e0 4 v\u00e9los au mur. Avec Garage Mania, tous les objets trouvent leur place dans le garage !\" \/>\n<meta name=\"robots\" content=\"index, follow, max-snippet:-1, max-image-preview:large, max-video-preview:-1\" \/>\n<link rel=\"canonical\" href=\"https:\/\/www.garagemania.ch\/fr\/produit\/support-murale-velo-gakt48bkgy\/\" \/>\n<meta property=\"og:locale\" content=\"fr_FR\" \/>\n<meta property=\"og:type\" content=\"article\" \/>\n<meta property=\"og:title\" content=\"Support murale v\u00e9lo Gladiator\u00ae - Garage Mania\" \/>\n<meta property=\"og:description\" content=\"Utilisez le support v\u00e9lo pour accrocher jusqu&#039;\u00e0 4 v\u00e9los au mur. Avec Garage Mania, tous les objets trouvent leur place dans le garage !\" \/>\n<meta property=\"og:url\" content=\"https:\/\/www.garagemania.ch\/fr\/produit\/support-murale-velo-gakt48bkgy\/\" \/>\n<meta property=\"og:site_name\" content=\"Garage Mania\" \/>\n<meta property=\"article:publisher\" content=\"https:\/\/www.facebook.com\/garagemania.it\/\" \/>\n<meta property=\"article:modified_time\" content=\"2023-03-02T08:07:55+00:00\" \/>\n<meta property=\"og:image\" content=\"https:\/\/www.garagemania.ch\/wp-content\/uploads\/2021\/04\/Kit-per-aggancio-4-biciclette-a-parete-Garage-Mania-GAKT48BKGY.jpg\" \/>\n<meta name=\"twitter:card\" content=\"summary_large_image\" \/>\n<meta name=\"twitter:title\" content=\"Support murale v\u00e9lo Gladiator\u00ae - Garage Mania\" \/>\n<meta name=\"twitter:description\" content=\"Utilisez le support v\u00e9lo pour accrocher jusqu&#039;\u00e0 4 v\u00e9los au mur. Avec Garage Mania, tous les objets trouvent leur place dans le garage !\" \/>\n<meta name=\"twitter:image\" content=\"https:\/\/www.garagemania.ch\/wp-content\/uploads\/2021\/04\/Kit-per-aggancio-4-biciclette-a-parete-Garage-Mania-GAKT48BKGY.jpg\" \/>\n<script type=\"application\/ld+json\" class=\"yoast-schema-graph\">{\"@context\":\"https:\\\/\\\/schema.org\",\"@graph\":[{\"@type\":\"WebPage\",\"@id\":\"https:\\\/\\\/www.garagemania.ch\\\/fr\\\/produit\\\/support-murale-velo-gakt48bkgy\\\/\",\"url\":\"https:\\\/\\\/www.garagemania.ch\\\/fr\\\/produit\\\/support-murale-velo-gakt48bkgy\\\/\",\"name\":\"Support murale v\u00e9lo Gladiator\u00ae - Garage Mania\",\"isPartOf\":{\"@id\":\"https:\\\/\\\/www.garagemania.ch\\\/fr\\\/#website\"},\"primaryImageOfPage\":{\"@id\":\"https:\\\/\\\/www.garagemania.ch\\\/fr\\\/produit\\\/support-murale-velo-gakt48bkgy\\\/#primaryimage\"},\"image\":{\"@id\":\"https:\\\/\\\/www.garagemania.ch\\\/fr\\\/produit\\\/support-murale-velo-gakt48bkgy\\\/#primaryimage\"},\"thumbnailUrl\":\"https:\\\/\\\/www.garagemania.ch\\\/wp-content\\\/uploads\\\/2021\\\/04\\\/Kit-per-aggancio-4-biciclette-a-parete-GAKT48BKGY-Garage-Mania.jpg\",\"datePublished\":\"2021-10-02T14:56:09+00:00\",\"dateModified\":\"2023-03-02T08:07:55+00:00\",\"description\":\"Utilisez le support v\u00e9lo pour accrocher jusqu'\u00e0 4 v\u00e9los au mur. Avec Garage Mania, tous les objets trouvent leur place dans le garage !\",\"breadcrumb\":{\"@id\":\"https:\\\/\\\/www.garagemania.ch\\\/fr\\\/produit\\\/support-murale-velo-gakt48bkgy\\\/#breadcrumb\"},\"inLanguage\":\"fr-FR\",\"potentialAction\":[{\"@type\":\"ReadAction\",\"target\":[\"https:\\\/\\\/www.garagemania.ch\\\/fr\\\/produit\\\/support-murale-velo-gakt48bkgy\\\/\"]}]},{\"@type\":\"ImageObject\",\"inLanguage\":\"fr-FR\",\"@id\":\"https:\\\/\\\/www.garagemania.ch\\\/fr\\\/produit\\\/support-murale-velo-gakt48bkgy\\\/#primaryimage\",\"url\":\"https:\\\/\\\/www.garagemania.ch\\\/wp-content\\\/uploads\\\/2021\\\/04\\\/Kit-per-aggancio-4-biciclette-a-parete-GAKT48BKGY-Garage-Mania.jpg\",\"contentUrl\":\"https:\\\/\\\/www.garagemania.ch\\\/wp-content\\\/uploads\\\/2021\\\/04\\\/Kit-per-aggancio-4-biciclette-a-parete-GAKT48BKGY-Garage-Mania.jpg\",\"width\":700,\"height\":700,\"caption\":\"Support murale v\u00e9lo GAKT48BKGY Garage Mania\"},{\"@type\":\"BreadcrumbList\",\"@id\":\"https:\\\/\\\/www.garagemania.ch\\\/fr\\\/produit\\\/support-murale-velo-gakt48bkgy\\\/#breadcrumb\",\"itemListElement\":[{\"@type\":\"ListItem\",\"position\":1,\"name\":\"Home\",\"item\":\"https:\\\/\\\/www.garagemania.ch\\\/fr\\\/homepage\\\/\"},{\"@type\":\"ListItem\",\"position\":2,\"name\":\"Shop\",\"item\":\"https:\\\/\\\/www.garagemania.ch\\\/fr\\\/page-shop-pour-les-rangements-garage-de-chez-garage-mania\\\/\"},{\"@type\":\"ListItem\",\"position\":3,\"name\":\"Kit pour 4 v\u00e9los Gladiator\u00ae GAKT48BKGY\"}]},{\"@type\":\"WebSite\",\"@id\":\"https:\\\/\\\/www.garagemania.ch\\\/fr\\\/#website\",\"url\":\"https:\\\/\\\/www.garagemania.ch\\\/fr\\\/\",\"name\":\"Garage Mania\",\"description\":\"Il luogo ideale per tutti coloro che vogliono un garage super esclusivo\",\"publisher\":{\"@id\":\"https:\\\/\\\/www.garagemania.ch\\\/fr\\\/#organization\"},\"potentialAction\":[{\"@type\":\"SearchAction\",\"target\":{\"@type\":\"EntryPoint\",\"urlTemplate\":\"https:\\\/\\\/www.garagemania.ch\\\/fr\\\/?s={search_term_string}\"},\"query-input\":{\"@type\":\"PropertyValueSpecification\",\"valueRequired\":true,\"valueName\":\"search_term_string\"}}],\"inLanguage\":\"fr-FR\"},{\"@type\":\"Organization\",\"@id\":\"https:\\\/\\\/www.garagemania.ch\\\/fr\\\/#organization\",\"name\":\"GLADIATOR WORX SAGL\",\"url\":\"https:\\\/\\\/www.garagemania.ch\\\/fr\\\/\",\"logo\":{\"@type\":\"ImageObject\",\"inLanguage\":\"fr-FR\",\"@id\":\"https:\\\/\\\/www.garagemania.ch\\\/fr\\\/#\\\/schema\\\/logo\\\/image\\\/\",\"url\":\"https:\\\/\\\/www.garagemania.ch\\\/wp-content\\\/uploads\\\/2021\\\/03\\\/Logo-Garage-Mania.png\",\"contentUrl\":\"https:\\\/\\\/www.garagemania.ch\\\/wp-content\\\/uploads\\\/2021\\\/03\\\/Logo-Garage-Mania.png\",\"width\":300,\"height\":282,\"caption\":\"GLADIATOR WORX SAGL\"},\"image\":{\"@id\":\"https:\\\/\\\/www.garagemania.ch\\\/fr\\\/#\\\/schema\\\/logo\\\/image\\\/\"},\"sameAs\":[\"https:\\\/\\\/www.facebook.com\\\/garagemania.it\\\/\",\"https:\\\/\\\/www.instagram.com\\\/garagemania.it\\\/\"]}]}<\/script>\n<!-- \/ Yoast SEO Premium plugin. -->","yoast_head_json":{"title":"Support murale v\u00e9lo Gladiator\u00ae - Garage Mania","description":"Utilisez le support v\u00e9lo pour accrocher jusqu'\u00e0 4 v\u00e9los au mur. Avec Garage Mania, tous les objets trouvent leur place dans le garage !","robots":{"index":"index","follow":"follow","max-snippet":"max-snippet:-1","max-image-preview":"max-image-preview:large","max-video-preview":"max-video-preview:-1"},"canonical":"https:\/\/www.garagemania.ch\/fr\/produit\/support-murale-velo-gakt48bkgy\/","og_locale":"fr_FR","og_type":"article","og_title":"Support murale v\u00e9lo Gladiator\u00ae - Garage Mania","og_description":"Utilisez le support v\u00e9lo pour accrocher jusqu'\u00e0 4 v\u00e9los au mur. Avec Garage Mania, tous les objets trouvent leur place dans le garage !","og_url":"https:\/\/www.garagemania.ch\/fr\/produit\/support-murale-velo-gakt48bkgy\/","og_site_name":"Garage Mania","article_publisher":"https:\/\/www.facebook.com\/garagemania.it\/","article_modified_time":"2023-03-02T08:07:55+00:00","og_image":[{"url":"https:\/\/www.garagemania.ch\/wp-content\/uploads\/2021\/04\/Kit-per-aggancio-4-biciclette-a-parete-Garage-Mania-GAKT48BKGY.jpg","type":"","width":"","height":""}],"twitter_card":"summary_large_image","twitter_title":"Support murale v\u00e9lo Gladiator\u00ae - Garage Mania","twitter_description":"Utilisez le support v\u00e9lo pour accrocher jusqu'\u00e0 4 v\u00e9los au mur. Avec Garage Mania, tous les objets trouvent leur place dans le garage !","twitter_image":"https:\/\/www.garagemania.ch\/wp-content\/uploads\/2021\/04\/Kit-per-aggancio-4-biciclette-a-parete-Garage-Mania-GAKT48BKGY.jpg","schema":{"@context":"https:\/\/schema.org","@graph":[{"@type":"WebPage","@id":"https:\/\/www.garagemania.ch\/fr\/produit\/support-murale-velo-gakt48bkgy\/","url":"https:\/\/www.garagemania.ch\/fr\/produit\/support-murale-velo-gakt48bkgy\/","name":"Support murale v\u00e9lo Gladiator\u00ae - Garage Mania","isPartOf":{"@id":"https:\/\/www.garagemania.ch\/fr\/#website"},"primaryImageOfPage":{"@id":"https:\/\/www.garagemania.ch\/fr\/produit\/support-murale-velo-gakt48bkgy\/#primaryimage"},"image":{"@id":"https:\/\/www.garagemania.ch\/fr\/produit\/support-murale-velo-gakt48bkgy\/#primaryimage"},"thumbnailUrl":"https:\/\/www.garagemania.ch\/wp-content\/uploads\/2021\/04\/Kit-per-aggancio-4-biciclette-a-parete-GAKT48BKGY-Garage-Mania.jpg","datePublished":"2021-10-02T14:56:09+00:00","dateModified":"2023-03-02T08:07:55+00:00","description":"Utilisez le support v\u00e9lo pour accrocher jusqu'\u00e0 4 v\u00e9los au mur. Avec Garage Mania, tous les objets trouvent leur place dans le garage !","breadcrumb":{"@id":"https:\/\/www.garagemania.ch\/fr\/produit\/support-murale-velo-gakt48bkgy\/#breadcrumb"},"inLanguage":"fr-FR","potentialAction":[{"@type":"ReadAction","target":["https:\/\/www.garagemania.ch\/fr\/produit\/support-murale-velo-gakt48bkgy\/"]}]},{"@type":"ImageObject","inLanguage":"fr-FR","@id":"https:\/\/www.garagemania.ch\/fr\/produit\/support-murale-velo-gakt48bkgy\/#primaryimage","url":"https:\/\/www.garagemania.ch\/wp-content\/uploads\/2021\/04\/Kit-per-aggancio-4-biciclette-a-parete-GAKT48BKGY-Garage-Mania.jpg","contentUrl":"https:\/\/www.garagemania.ch\/wp-content\/uploads\/2021\/04\/Kit-per-aggancio-4-biciclette-a-parete-GAKT48BKGY-Garage-Mania.jpg","width":700,"height":700,"caption":"Support murale v\u00e9lo GAKT48BKGY Garage Mania"},{"@type":"BreadcrumbList","@id":"https:\/\/www.garagemania.ch\/fr\/produit\/support-murale-velo-gakt48bkgy\/#breadcrumb","itemListElement":[{"@type":"ListItem","position":1,"name":"Home","item":"https:\/\/www.garagemania.ch\/fr\/homepage\/"},{"@type":"ListItem","position":2,"name":"Shop","item":"https:\/\/www.garagemania.ch\/fr\/page-shop-pour-les-rangements-garage-de-chez-garage-mania\/"},{"@type":"ListItem","position":3,"name":"Kit pour 4 v\u00e9los Gladiator\u00ae GAKT48BKGY"}]},{"@type":"WebSite","@id":"https:\/\/www.garagemania.ch\/fr\/#website","url":"https:\/\/www.garagemania.ch\/fr\/","name":"Garage Mania","description":"Il luogo ideale per tutti coloro che vogliono un garage super esclusivo","publisher":{"@id":"https:\/\/www.garagemania.ch\/fr\/#organization"},"potentialAction":[{"@type":"SearchAction","target":{"@type":"EntryPoint","urlTemplate":"https:\/\/www.garagemania.ch\/fr\/?s={search_term_string}"},"query-input":{"@type":"PropertyValueSpecification","valueRequired":true,"valueName":"search_term_string"}}],"inLanguage":"fr-FR"},{"@type":"Organization","@id":"https:\/\/www.garagemania.ch\/fr\/#organization","name":"GLADIATOR WORX SAGL","url":"https:\/\/www.garagemania.ch\/fr\/","logo":{"@type":"ImageObject","inLanguage":"fr-FR","@id":"https:\/\/www.garagemania.ch\/fr\/#\/schema\/logo\/image\/","url":"https:\/\/www.garagemania.ch\/wp-content\/uploads\/2021\/03\/Logo-Garage-Mania.png","contentUrl":"https:\/\/www.garagemania.ch\/wp-content\/uploads\/2021\/03\/Logo-Garage-Mania.png","width":300,"height":282,"caption":"GLADIATOR WORX SAGL"},"image":{"@id":"https:\/\/www.garagemania.ch\/fr\/#\/schema\/logo\/image\/"},"sameAs":["https:\/\/www.facebook.com\/garagemania.it\/","https:\/\/www.instagram.com\/garagemania.it\/"]}]}},"_links":{"self":[{"href":"https:\/\/www.garagemania.ch\/fr\/wp-json\/wp\/v2\/product\/6948","targetHints":{"allow":["GET"]}}],"collection":[{"href":"https:\/\/www.garagemania.ch\/fr\/wp-json\/wp\/v2\/product"}],"about":[{"href":"https:\/\/www.garagemania.ch\/fr\/wp-json\/wp\/v2\/types\/product"}],"replies":[{"embeddable":true,"href":"https:\/\/www.garagemania.ch\/fr\/wp-json\/wp\/v2\/comments?post=6948"}],"version-history":[{"count":5,"href":"https:\/\/www.garagemania.ch\/fr\/wp-json\/wp\/v2\/product\/6948\/revisions"}],"predecessor-version":[{"id":12691,"href":"https:\/\/www.garagemania.ch\/fr\/wp-json\/wp\/v2\/product\/6948\/revisions\/12691"}],"wp:featuredmedia":[{"embeddable":true,"href":"https:\/\/www.garagemania.ch\/fr\/wp-json\/wp\/v2\/media\/3606"}],"wp:attachment":[{"href":"https:\/\/www.garagemania.ch\/fr\/wp-json\/wp\/v2\/media?parent=6948"}],"wp:term":[{"taxonomy":"product_brand","embeddable":true,"href":"https:\/\/www.garagemania.ch\/fr\/wp-json\/wp\/v2\/product_brand?post=6948"},{"taxonomy":"product_cat","embeddable":true,"href":"https:\/\/www.garagemania.ch\/fr\/wp-json\/wp\/v2\/product_cat?post=6948"},{"taxonomy":"product_tag","embeddable":true,"href":"https:\/\/www.garagemania.ch\/fr\/wp-json\/wp\/v2\/product_tag?post=6948"}],"curies":[{"name":"wp","href":"https:\/\/api.w.org\/{rel}","templated":true}]}}