{"id":6968,"date":"2021-04-22T17:06:57","date_gmt":"2021-04-22T15:06:57","guid":{"rendered":"https:\/\/www.garagemania.ch\/prodotto\/rayonnage-en-metal-gladiator-122x61x183-gark485xgg\/"},"modified":"2022-12-15T22:03:58","modified_gmt":"2022-12-15T21:03:58","slug":"rayonnage-en-metal-gladiator-122x61x183-gark485xgg","status":"publish","type":"product","link":"https:\/\/www.garagemania.ch\/fr\/produit\/rayonnage-en-metal-gladiator-122x61x183-gark485xgg\/","title":{"rendered":"Rayonnage en m\u00e9tal 122x183x61 Gladiator\u00ae GARK485XGG"},"content":{"rendered":"","protected":false},"excerpt":{"rendered":"<p>Rayonnage en m\u00e9tal 122x183x61 Gladiator\u00ae GARK485XGG Garage Mania<\/p>\n<p>Dimensions : 122 cm de long x 183 cm de haut x 61 cm de profondeur. Existe dans d\u2019autres tailles.<\/p>\n<p>Ce rayonnage est dot\u00e9 d\u2019une structure en acier et de 5 \u00e9tag\u00e8res en stratifi\u00e9 faciles \u00e0 nettoyer.<\/p>\n<p>Charge maximale par \u00e9tag\u00e8re 454 kg.<\/p>\n<p>Assemblage simple, rapide et sans outil gr\u00e2ce \u00e0 la technologie EZ Connect de Gladiator\u00ae et son syst\u00e8me innovant \u00ab\u00a0click &#038; lock\u00a0\u00bb.<\/p>\n<p>Certifi\u00e9 NSF \u00ae pour la conservation des aliments.<\/p>\n<p>Garantie 10 ans.<\/p>\n<p>Optimisez votre espace de garage avec les rayonnages Garage Mania !<\/p>\n","protected":false},"featured_media":6969,"comment_status":"open","ping_status":"closed","template":"","meta":{"site-sidebar-layout":"default","site-content-layout":"default","ast-site-content-layout":"default","site-content-style":"default","site-sidebar-style":"default","ast-global-header-display":"","ast-banner-title-visibility":"","ast-main-header-display":"","ast-hfb-above-header-display":"","ast-hfb-below-header-display":"","ast-hfb-mobile-header-display":"","site-post-title":"","ast-breadcrumbs-content":"","ast-featured-img":"","footer-sml-layout":"","ast-disable-related-posts":"","theme-transparent-header-meta":"default","adv-header-id-meta":"","stick-header-meta":"","header-above-stick-meta":"","header-main-stick-meta":"","header-below-stick-meta":"","astra-migrate-meta-layouts":"default","ast-page-background-enabled":"default","ast-page-background-meta":{"desktop":{"background-color":"","background-image":"","background-repeat":"repeat","background-position":"center center","background-size":"auto","background-attachment":"scroll","background-type":"","background-media":"","overlay-type":"","overlay-color":"","overlay-opacity":"","overlay-gradient":""},"tablet":{"background-color":"","background-image":"","background-repeat":"repeat","background-position":"center center","background-size":"auto","background-attachment":"scroll","background-type":"","background-media":"","overlay-type":"","overlay-color":"","overlay-opacity":"","overlay-gradient":""},"mobile":{"background-color":"","background-image":"","background-repeat":"repeat","background-position":"center center","background-size":"auto","background-attachment":"scroll","background-type":"","background-media":"","overlay-type":"","overlay-color":"","overlay-opacity":"","overlay-gradient":""}},"ast-content-background-meta":{"desktop":{"background-color":"var(--ast-global-color-5)","background-image":"","background-repeat":"repeat","background-position":"center center","background-size":"auto","background-attachment":"scroll","background-type":"","background-media":"","overlay-type":"","overlay-color":"","overlay-opacity":"","overlay-gradient":""},"tablet":{"background-color":"var(--ast-global-color-5)","background-image":"","background-repeat":"repeat","background-position":"center center","background-size":"auto","background-attachment":"scroll","background-type":"","background-media":"","overlay-type":"","overlay-color":"","overlay-opacity":"","overlay-gradient":""},"mobile":{"background-color":"var(--ast-global-color-5)","background-image":"","background-repeat":"repeat","background-position":"center center","background-size":"auto","background-attachment":"scroll","background-type":"","background-media":"","overlay-type":"","overlay-color":"","overlay-opacity":"","overlay-gradient":""}}},"product_brand":[],"product_cat":[506],"product_tag":[453,448,512,481],"class_list":{"0":"post-6968","1":"product","2":"type-product","3":"status-publish","4":"has-post-thumbnail","6":"product_cat-rayonnages","7":"product_tag-a-assembler","8":"product_tag-amenagement-garage","9":"product_tag-au-sol","10":"product_tag-rayonnages","11":"desktop-align-center","12":"tablet-align-center","13":"mobile-align-center","14":"ast-product-gallery-layout-horizontal-slider","15":"ast-magnify-disabled","16":"ast-qv-on-image","18":"first","19":"instock","20":"taxable","21":"shipping-taxable","22":"purchasable","23":"product-type-simple"},"bundled_by":[],"bundle_stock_status":"instock","bundle_stock_quantity":null,"bundle_virtual":false,"bundle_layout":"","bundle_add_to_cart_form_location":"","bundle_editable_in_cart":false,"bundle_sold_individually_context":"","bundle_item_grouping":"","bundle_min_size":"","bundle_max_size":"","bundle_price":[],"bundled_items":[],"bundle_sell_ids":[],"yoast_head":"<!-- This site is optimized with the Yoast SEO Premium plugin v27.3 (Yoast SEO v27.3) - https:\/\/yoast.com\/product\/yoast-seo-premium-wordpress\/ -->\n<title>Rayonnage en metal Gladiator 122X61X183 GARK485XGG - Garage Mania<\/title>\n<meta name=\"description\" content=\"Rayonnage Gladiator en m\u00e9tal . Cette solution peu encombrante est id\u00e9ale pour ranger les outils de travail dans n&#039;importe quel environnement\" \/>\n<meta name=\"robots\" content=\"index, follow, max-snippet:-1, max-image-preview:large, max-video-preview:-1\" \/>\n<link rel=\"canonical\" href=\"https:\/\/www.garagemania.ch\/fr\/produit\/rayonnage-en-metal-gladiator-122x61x183-gark485xgg\/\" \/>\n<meta property=\"og:locale\" content=\"fr_FR\" \/>\n<meta property=\"og:type\" content=\"article\" \/>\n<meta property=\"og:title\" content=\"Rayonnage en metal Gladiator 122X61X183 GARK485XGG - Garage Mania\" \/>\n<meta property=\"og:description\" content=\"Rayonnage Gladiator en m\u00e9tal . Cette solution peu encombrante est id\u00e9ale pour ranger les outils de travail dans n&#039;importe quel environnement\" \/>\n<meta property=\"og:url\" content=\"https:\/\/www.garagemania.ch\/fr\/produit\/rayonnage-en-metal-gladiator-122x61x183-gark485xgg\/\" \/>\n<meta property=\"og:site_name\" content=\"Garage Mania\" \/>\n<meta property=\"article:publisher\" content=\"https:\/\/www.facebook.com\/garagemania.it\/\" \/>\n<meta property=\"article:modified_time\" content=\"2022-12-15T21:03:58+00:00\" \/>\n<meta property=\"og:image\" content=\"https:\/\/www.garagemania.ch\/wp-content\/uploads\/2021\/04\/ARREDAMENTO-GARAGE-SCAFFALE-ACCIAIO-PER-BOX-OFFICINA-HANGAR.jpg\" \/>\n<meta name=\"twitter:card\" content=\"summary_large_image\" \/>\n<meta name=\"twitter:title\" content=\"Rayonnage en metal Gladiator 122X61X183 GARK485XGG - Garage Mania\" \/>\n<meta name=\"twitter:description\" content=\"Rayonnage Gladiator en m\u00e9tal . Cette solution peu encombrante est id\u00e9ale pour ranger les outils de travail dans n&#039;importe quel environnement\" \/>\n<script type=\"application\/ld+json\" class=\"yoast-schema-graph\">{\"@context\":\"https:\\\/\\\/schema.org\",\"@graph\":[{\"@type\":\"WebPage\",\"@id\":\"https:\\\/\\\/www.garagemania.ch\\\/fr\\\/produit\\\/rayonnage-en-metal-gladiator-122x61x183-gark485xgg\\\/\",\"url\":\"https:\\\/\\\/www.garagemania.ch\\\/fr\\\/produit\\\/rayonnage-en-metal-gladiator-122x61x183-gark485xgg\\\/\",\"name\":\"Rayonnage en metal Gladiator 122X61X183 GARK485XGG - Garage Mania\",\"isPartOf\":{\"@id\":\"https:\\\/\\\/www.garagemania.ch\\\/fr\\\/#website\"},\"primaryImageOfPage\":{\"@id\":\"https:\\\/\\\/www.garagemania.ch\\\/fr\\\/produit\\\/rayonnage-en-metal-gladiator-122x61x183-gark485xgg\\\/#primaryimage\"},\"image\":{\"@id\":\"https:\\\/\\\/www.garagemania.ch\\\/fr\\\/produit\\\/rayonnage-en-metal-gladiator-122x61x183-gark485xgg\\\/#primaryimage\"},\"thumbnailUrl\":\"https:\\\/\\\/www.garagemania.ch\\\/wp-content\\\/uploads\\\/2021\\\/04\\\/GARK485XGG-SCAFFALE-IN-METALLO-GARAGE-MANIA-122X61X183.jpg\",\"datePublished\":\"2021-04-22T15:06:57+00:00\",\"dateModified\":\"2022-12-15T21:03:58+00:00\",\"description\":\"Rayonnage Gladiator en m\u00e9tal . Cette solution peu encombrante est id\u00e9ale pour ranger les outils de travail dans n'importe quel environnement\",\"breadcrumb\":{\"@id\":\"https:\\\/\\\/www.garagemania.ch\\\/fr\\\/produit\\\/rayonnage-en-metal-gladiator-122x61x183-gark485xgg\\\/#breadcrumb\"},\"inLanguage\":\"fr-FR\",\"potentialAction\":[{\"@type\":\"ReadAction\",\"target\":[\"https:\\\/\\\/www.garagemania.ch\\\/fr\\\/produit\\\/rayonnage-en-metal-gladiator-122x61x183-gark485xgg\\\/\"]}]},{\"@type\":\"ImageObject\",\"inLanguage\":\"fr-FR\",\"@id\":\"https:\\\/\\\/www.garagemania.ch\\\/fr\\\/produit\\\/rayonnage-en-metal-gladiator-122x61x183-gark485xgg\\\/#primaryimage\",\"url\":\"https:\\\/\\\/www.garagemania.ch\\\/wp-content\\\/uploads\\\/2021\\\/04\\\/GARK485XGG-SCAFFALE-IN-METALLO-GARAGE-MANIA-122X61X183.jpg\",\"contentUrl\":\"https:\\\/\\\/www.garagemania.ch\\\/wp-content\\\/uploads\\\/2021\\\/04\\\/GARK485XGG-SCAFFALE-IN-METALLO-GARAGE-MANIA-122X61X183.jpg\",\"width\":700,\"height\":700,\"caption\":\"GARK485XGG RAYONNAGE EN METAL GARAGE MANIA 122X61X183\"},{\"@type\":\"BreadcrumbList\",\"@id\":\"https:\\\/\\\/www.garagemania.ch\\\/fr\\\/produit\\\/rayonnage-en-metal-gladiator-122x61x183-gark485xgg\\\/#breadcrumb\",\"itemListElement\":[{\"@type\":\"ListItem\",\"position\":1,\"name\":\"Home\",\"item\":\"https:\\\/\\\/www.garagemania.ch\\\/fr\\\/homepage\\\/\"},{\"@type\":\"ListItem\",\"position\":2,\"name\":\"Shop\",\"item\":\"https:\\\/\\\/www.garagemania.ch\\\/fr\\\/page-shop-pour-les-rangements-garage-de-chez-garage-mania\\\/\"},{\"@type\":\"ListItem\",\"position\":3,\"name\":\"Rayonnage en m\u00e9tal 122x183x61 Gladiator\u00ae GARK485XGG\"}]},{\"@type\":\"WebSite\",\"@id\":\"https:\\\/\\\/www.garagemania.ch\\\/fr\\\/#website\",\"url\":\"https:\\\/\\\/www.garagemania.ch\\\/fr\\\/\",\"name\":\"Garage Mania\",\"description\":\"Il luogo ideale per tutti coloro che vogliono un garage super esclusivo\",\"publisher\":{\"@id\":\"https:\\\/\\\/www.garagemania.ch\\\/fr\\\/#organization\"},\"potentialAction\":[{\"@type\":\"SearchAction\",\"target\":{\"@type\":\"EntryPoint\",\"urlTemplate\":\"https:\\\/\\\/www.garagemania.ch\\\/fr\\\/?s={search_term_string}\"},\"query-input\":{\"@type\":\"PropertyValueSpecification\",\"valueRequired\":true,\"valueName\":\"search_term_string\"}}],\"inLanguage\":\"fr-FR\"},{\"@type\":\"Organization\",\"@id\":\"https:\\\/\\\/www.garagemania.ch\\\/fr\\\/#organization\",\"name\":\"GLADIATOR WORX SAGL\",\"url\":\"https:\\\/\\\/www.garagemania.ch\\\/fr\\\/\",\"logo\":{\"@type\":\"ImageObject\",\"inLanguage\":\"fr-FR\",\"@id\":\"https:\\\/\\\/www.garagemania.ch\\\/fr\\\/#\\\/schema\\\/logo\\\/image\\\/\",\"url\":\"https:\\\/\\\/www.garagemania.ch\\\/wp-content\\\/uploads\\\/2021\\\/03\\\/Logo-Garage-Mania.png\",\"contentUrl\":\"https:\\\/\\\/www.garagemania.ch\\\/wp-content\\\/uploads\\\/2021\\\/03\\\/Logo-Garage-Mania.png\",\"width\":300,\"height\":282,\"caption\":\"GLADIATOR WORX SAGL\"},\"image\":{\"@id\":\"https:\\\/\\\/www.garagemania.ch\\\/fr\\\/#\\\/schema\\\/logo\\\/image\\\/\"},\"sameAs\":[\"https:\\\/\\\/www.facebook.com\\\/garagemania.it\\\/\",\"https:\\\/\\\/www.instagram.com\\\/garagemania.it\\\/\"]}]}<\/script>\n<!-- \/ Yoast SEO Premium plugin. -->","yoast_head_json":{"title":"Rayonnage en metal Gladiator 122X61X183 GARK485XGG - Garage Mania","description":"Rayonnage Gladiator en m\u00e9tal . Cette solution peu encombrante est id\u00e9ale pour ranger les outils de travail dans n'importe quel environnement","robots":{"index":"index","follow":"follow","max-snippet":"max-snippet:-1","max-image-preview":"max-image-preview:large","max-video-preview":"max-video-preview:-1"},"canonical":"https:\/\/www.garagemania.ch\/fr\/produit\/rayonnage-en-metal-gladiator-122x61x183-gark485xgg\/","og_locale":"fr_FR","og_type":"article","og_title":"Rayonnage en metal Gladiator 122X61X183 GARK485XGG - Garage Mania","og_description":"Rayonnage Gladiator en m\u00e9tal . Cette solution peu encombrante est id\u00e9ale pour ranger les outils de travail dans n'importe quel environnement","og_url":"https:\/\/www.garagemania.ch\/fr\/produit\/rayonnage-en-metal-gladiator-122x61x183-gark485xgg\/","og_site_name":"Garage Mania","article_publisher":"https:\/\/www.facebook.com\/garagemania.it\/","article_modified_time":"2022-12-15T21:03:58+00:00","og_image":[{"url":"https:\/\/www.garagemania.ch\/wp-content\/uploads\/2021\/04\/ARREDAMENTO-GARAGE-SCAFFALE-ACCIAIO-PER-BOX-OFFICINA-HANGAR.jpg","type":"","width":"","height":""}],"twitter_card":"summary_large_image","twitter_title":"Rayonnage en metal Gladiator 122X61X183 GARK485XGG - Garage Mania","twitter_description":"Rayonnage Gladiator en m\u00e9tal . Cette solution peu encombrante est id\u00e9ale pour ranger les outils de travail dans n'importe quel environnement","schema":{"@context":"https:\/\/schema.org","@graph":[{"@type":"WebPage","@id":"https:\/\/www.garagemania.ch\/fr\/produit\/rayonnage-en-metal-gladiator-122x61x183-gark485xgg\/","url":"https:\/\/www.garagemania.ch\/fr\/produit\/rayonnage-en-metal-gladiator-122x61x183-gark485xgg\/","name":"Rayonnage en metal Gladiator 122X61X183 GARK485XGG - Garage Mania","isPartOf":{"@id":"https:\/\/www.garagemania.ch\/fr\/#website"},"primaryImageOfPage":{"@id":"https:\/\/www.garagemania.ch\/fr\/produit\/rayonnage-en-metal-gladiator-122x61x183-gark485xgg\/#primaryimage"},"image":{"@id":"https:\/\/www.garagemania.ch\/fr\/produit\/rayonnage-en-metal-gladiator-122x61x183-gark485xgg\/#primaryimage"},"thumbnailUrl":"https:\/\/www.garagemania.ch\/wp-content\/uploads\/2021\/04\/GARK485XGG-SCAFFALE-IN-METALLO-GARAGE-MANIA-122X61X183.jpg","datePublished":"2021-04-22T15:06:57+00:00","dateModified":"2022-12-15T21:03:58+00:00","description":"Rayonnage Gladiator en m\u00e9tal . Cette solution peu encombrante est id\u00e9ale pour ranger les outils de travail dans n'importe quel environnement","breadcrumb":{"@id":"https:\/\/www.garagemania.ch\/fr\/produit\/rayonnage-en-metal-gladiator-122x61x183-gark485xgg\/#breadcrumb"},"inLanguage":"fr-FR","potentialAction":[{"@type":"ReadAction","target":["https:\/\/www.garagemania.ch\/fr\/produit\/rayonnage-en-metal-gladiator-122x61x183-gark485xgg\/"]}]},{"@type":"ImageObject","inLanguage":"fr-FR","@id":"https:\/\/www.garagemania.ch\/fr\/produit\/rayonnage-en-metal-gladiator-122x61x183-gark485xgg\/#primaryimage","url":"https:\/\/www.garagemania.ch\/wp-content\/uploads\/2021\/04\/GARK485XGG-SCAFFALE-IN-METALLO-GARAGE-MANIA-122X61X183.jpg","contentUrl":"https:\/\/www.garagemania.ch\/wp-content\/uploads\/2021\/04\/GARK485XGG-SCAFFALE-IN-METALLO-GARAGE-MANIA-122X61X183.jpg","width":700,"height":700,"caption":"GARK485XGG RAYONNAGE EN METAL GARAGE MANIA 122X61X183"},{"@type":"BreadcrumbList","@id":"https:\/\/www.garagemania.ch\/fr\/produit\/rayonnage-en-metal-gladiator-122x61x183-gark485xgg\/#breadcrumb","itemListElement":[{"@type":"ListItem","position":1,"name":"Home","item":"https:\/\/www.garagemania.ch\/fr\/homepage\/"},{"@type":"ListItem","position":2,"name":"Shop","item":"https:\/\/www.garagemania.ch\/fr\/page-shop-pour-les-rangements-garage-de-chez-garage-mania\/"},{"@type":"ListItem","position":3,"name":"Rayonnage en m\u00e9tal 122x183x61 Gladiator\u00ae GARK485XGG"}]},{"@type":"WebSite","@id":"https:\/\/www.garagemania.ch\/fr\/#website","url":"https:\/\/www.garagemania.ch\/fr\/","name":"Garage Mania","description":"Il luogo ideale per tutti coloro che vogliono un garage super esclusivo","publisher":{"@id":"https:\/\/www.garagemania.ch\/fr\/#organization"},"potentialAction":[{"@type":"SearchAction","target":{"@type":"EntryPoint","urlTemplate":"https:\/\/www.garagemania.ch\/fr\/?s={search_term_string}"},"query-input":{"@type":"PropertyValueSpecification","valueRequired":true,"valueName":"search_term_string"}}],"inLanguage":"fr-FR"},{"@type":"Organization","@id":"https:\/\/www.garagemania.ch\/fr\/#organization","name":"GLADIATOR WORX SAGL","url":"https:\/\/www.garagemania.ch\/fr\/","logo":{"@type":"ImageObject","inLanguage":"fr-FR","@id":"https:\/\/www.garagemania.ch\/fr\/#\/schema\/logo\/image\/","url":"https:\/\/www.garagemania.ch\/wp-content\/uploads\/2021\/03\/Logo-Garage-Mania.png","contentUrl":"https:\/\/www.garagemania.ch\/wp-content\/uploads\/2021\/03\/Logo-Garage-Mania.png","width":300,"height":282,"caption":"GLADIATOR WORX SAGL"},"image":{"@id":"https:\/\/www.garagemania.ch\/fr\/#\/schema\/logo\/image\/"},"sameAs":["https:\/\/www.facebook.com\/garagemania.it\/","https:\/\/www.instagram.com\/garagemania.it\/"]}]}},"_links":{"self":[{"href":"https:\/\/www.garagemania.ch\/fr\/wp-json\/wp\/v2\/product\/6968","targetHints":{"allow":["GET"]}}],"collection":[{"href":"https:\/\/www.garagemania.ch\/fr\/wp-json\/wp\/v2\/product"}],"about":[{"href":"https:\/\/www.garagemania.ch\/fr\/wp-json\/wp\/v2\/types\/product"}],"replies":[{"embeddable":true,"href":"https:\/\/www.garagemania.ch\/fr\/wp-json\/wp\/v2\/comments?post=6968"}],"version-history":[{"count":2,"href":"https:\/\/www.garagemania.ch\/fr\/wp-json\/wp\/v2\/product\/6968\/revisions"}],"predecessor-version":[{"id":11965,"href":"https:\/\/www.garagemania.ch\/fr\/wp-json\/wp\/v2\/product\/6968\/revisions\/11965"}],"wp:featuredmedia":[{"embeddable":true,"href":"https:\/\/www.garagemania.ch\/fr\/wp-json\/wp\/v2\/media\/6969"}],"wp:attachment":[{"href":"https:\/\/www.garagemania.ch\/fr\/wp-json\/wp\/v2\/media?parent=6968"}],"wp:term":[{"taxonomy":"product_brand","embeddable":true,"href":"https:\/\/www.garagemania.ch\/fr\/wp-json\/wp\/v2\/product_brand?post=6968"},{"taxonomy":"product_cat","embeddable":true,"href":"https:\/\/www.garagemania.ch\/fr\/wp-json\/wp\/v2\/product_cat?post=6968"},{"taxonomy":"product_tag","embeddable":true,"href":"https:\/\/www.garagemania.ch\/fr\/wp-json\/wp\/v2\/product_tag?post=6968"}],"curies":[{"name":"wp","href":"https:\/\/api.w.org\/{rel}","templated":true}]}}