{"id":6994,"date":"2021-04-20T12:02:43","date_gmt":"2021-04-20T10:02:43","guid":{"rendered":"https:\/\/www.garagemania.ch\/prodotto\/etagere-a-plafond-gladiator-gals44m2kg\/"},"modified":"2024-05-29T11:47:23","modified_gmt":"2024-05-29T09:47:23","slug":"etagere-a-plafond-gladiator-gals44m2kg","status":"publish","type":"product","link":"https:\/\/www.garagemania.ch\/fr\/produit\/etagere-a-plafond-gladiator-gals44m2kg\/","title":{"rendered":"\u00c9tag\u00e8re de plafond 122&#215;122 Gladiator\u00ae GALS44M2KG"},"content":{"rendered":"","protected":false},"excerpt":{"rendered":"<p><span style=\"font-weight: 400;\">D\u00e9couvrez l<\/span><span style=\"font-weight: 400;\">&lsquo;\u00e9tag\u00e8re de plafond<\/span><span style=\"font-weight: 400;\"> Gladiator\u00ae 122\u00d7122 GALS44M2KG chez Garage Mania, la solution parfaite pour optimiser l&rsquo;espace dans votre garage. Cette<\/span><span style=\"font-weight: 400;\"> \u00e9tag\u00e8re de plafond<\/span><span style=\"font-weight: 400;\"> robuste offre une alternative ing\u00e9nieuse pour ranger vos objets volumineux et encombrants, en les pla\u00e7ant de mani\u00e8re s\u00e9curis\u00e9e en hauteur.<\/span><\/p>\n<p><span style=\"font-weight: 400;\">Mesurant 122 cm de long, 122 cm de large et avec une hauteur r\u00e9glable de 58 cm \u00e0 94 cm, l&rsquo;\u00e9tag\u00e8re de plafond Gladiator\u00ae est con\u00e7ue pour s&rsquo;adapter \u00e0 diverses configurations de garage. Gr\u00e2ce \u00e0 son espace de stockage maximal de 1,41 m\u00b3, elle vous permet de d\u00e9gager le sol et d&rsquo;organiser efficacement vos affaires.<\/span><\/p>\n<p><span style=\"font-weight: 400;\">L\u2019\u00e9tag\u00e8re supporte jusqu&rsquo;\u00e0 159 kg. Ainsi, elle est parfaite pour stocker des \u00e9quipements lourds ou de gros outils.<\/span><\/p>\n<p><span style=\"font-weight: 400;\">L&rsquo;installation de l&rsquo;\u00e9tag\u00e8re\u00a0 est un jeu d&rsquo;enfant gr\u00e2ce \u00e0 notre technologie EZ Connect. Cette caract\u00e9ristique garantit un assemblage rapide et sans tracas, vous permettant de profiter de votre nouvel espace de rangement en un rien de temps.<\/span><\/p>\n<p><span style=\"font-weight: 400;\">En plus de sa fonctionnalit\u00e9, l&rsquo;\u00e9tag\u00e8re Gladiator\u00ae est \u00e9galement un choix durable. Avec une garantie de 10 ans, vous pouvez \u00eatre s\u00fbr de la fiabilit\u00e9 et de la long\u00e9vit\u00e9 de votre investissement.<\/span><\/p>\n<p><span style=\"font-weight: 400;\">Choisir l&rsquo;\u00e9tag\u00e8re de Garage Mania, c&rsquo;est choisir une organisation intelligente et \u00e9l\u00e9gante de votre espace.<\/span><\/p>\n<p style=\"text-align: center;\"><a href=\"https:\/\/www.garagemania.ch\/wp-content\/uploads\/2024\/05\/Istruzioni-scaffalature-a-soffito.pdf\" target=\"_blank\" rel=\"noopener\" data-cmp-ab=\"2\"><strong>\u2b95 Cliquez ici pour t\u00e9l\u00e9charger les instructions \u2b05<\/strong><\/a><\/p>\n","protected":false},"featured_media":14892,"comment_status":"open","ping_status":"closed","template":"","meta":{"site-sidebar-layout":"default","site-content-layout":"default","ast-site-content-layout":"default","site-content-style":"default","site-sidebar-style":"default","ast-global-header-display":"","ast-banner-title-visibility":"","ast-main-header-display":"","ast-hfb-above-header-display":"","ast-hfb-below-header-display":"","ast-hfb-mobile-header-display":"","site-post-title":"","ast-breadcrumbs-content":"","ast-featured-img":"","footer-sml-layout":"","ast-disable-related-posts":"","theme-transparent-header-meta":"default","adv-header-id-meta":"","stick-header-meta":"","header-above-stick-meta":"","header-main-stick-meta":"","header-below-stick-meta":"","astra-migrate-meta-layouts":"set","ast-page-background-enabled":"default","ast-page-background-meta":{"desktop":{"background-color":"","background-image":"","background-repeat":"repeat","background-position":"center center","background-size":"auto","background-attachment":"scroll","background-type":"","background-media":"","overlay-type":"","overlay-color":"","overlay-opacity":"","overlay-gradient":""},"tablet":{"background-color":"","background-image":"","background-repeat":"repeat","background-position":"center center","background-size":"auto","background-attachment":"scroll","background-type":"","background-media":"","overlay-type":"","overlay-color":"","overlay-opacity":"","overlay-gradient":""},"mobile":{"background-color":"","background-image":"","background-repeat":"repeat","background-position":"center center","background-size":"auto","background-attachment":"scroll","background-type":"","background-media":"","overlay-type":"","overlay-color":"","overlay-opacity":"","overlay-gradient":""}},"ast-content-background-meta":{"desktop":{"background-color":"var(--ast-global-color-5)","background-image":"","background-repeat":"repeat","background-position":"center center","background-size":"auto","background-attachment":"scroll","background-type":"","background-media":"","overlay-type":"","overlay-color":"","overlay-opacity":"","overlay-gradient":""},"tablet":{"background-color":"var(--ast-global-color-5)","background-image":"","background-repeat":"repeat","background-position":"center center","background-size":"auto","background-attachment":"scroll","background-type":"","background-media":"","overlay-type":"","overlay-color":"","overlay-opacity":"","overlay-gradient":""},"mobile":{"background-color":"var(--ast-global-color-5)","background-image":"","background-repeat":"repeat","background-position":"center center","background-size":"auto","background-attachment":"scroll","background-type":"","background-media":"","overlay-type":"","overlay-color":"","overlay-opacity":"","overlay-gradient":""}}},"product_brand":[],"product_cat":[1452],"product_tag":[453,671,448,1092,481],"class_list":{"0":"post-6994","1":"product","2":"type-product","3":"status-publish","4":"has-post-thumbnail","6":"product_cat-rayonnage-au-plafond","7":"product_tag-a-assembler","8":"product_tag-a-plafond","9":"product_tag-amenagement-garage","10":"product_tag-gladiator-fr-2","11":"product_tag-rayonnages","12":"desktop-align-center","13":"tablet-align-center","14":"mobile-align-center","15":"ast-product-gallery-layout-horizontal-slider","16":"ast-magnify-disabled","17":"ast-qv-on-image","19":"first","20":"onbackorder","21":"taxable","22":"shipping-taxable","23":"purchasable","24":"product-type-simple"},"bundled_by":[],"bundle_stock_status":"onbackorder","bundle_stock_quantity":null,"bundle_virtual":false,"bundle_layout":"","bundle_add_to_cart_form_location":"","bundle_editable_in_cart":false,"bundle_sold_individually_context":"","bundle_item_grouping":"","bundle_min_size":"","bundle_max_size":"","bundle_price":[],"bundled_items":[],"bundle_sell_ids":[],"yoast_head":"<!-- This site is optimized with the Yoast SEO Premium plugin v27.3 (Yoast SEO v27.3) - https:\/\/yoast.com\/product\/yoast-seo-premium-wordpress\/ -->\n<title>\u00c9tag\u00e8re Plafond Gladiator\u00ae - Gain d&#039;Espace | Garage Mania<\/title>\n<meta name=\"description\" content=\"Optimisez votre garage avec l&#039;\u00e9tag\u00e8re plafond Gladiator\u00ae 122\u00d7122 de chez Garage Mania. \u00c9tag\u00e8re robuste, r\u00e9glable et facile \u00e0 installer. Capacit\u00e9: 159 kg.\" \/>\n<meta name=\"robots\" content=\"index, follow, max-snippet:-1, max-image-preview:large, max-video-preview:-1\" \/>\n<link rel=\"canonical\" href=\"https:\/\/www.garagemania.ch\/fr\/produit\/etagere-a-plafond-gladiator-gals44m2kg\/\" \/>\n<meta property=\"og:locale\" content=\"fr_FR\" \/>\n<meta property=\"og:type\" content=\"article\" \/>\n<meta property=\"og:title\" content=\"\u00c9tag\u00e8re \u00e0 plafond Gladiator\u00ae GALS44M2KG - Garage Mania\" \/>\n<meta property=\"og:description\" content=\"Cette \u00e9tag\u00e8re \u00e0 plafond Gladiator\u00ae est id\u00e9ale pour ceux qui recherchent une solution peu encombrante\" \/>\n<meta property=\"og:url\" content=\"https:\/\/www.garagemania.ch\/fr\/produit\/etagere-a-plafond-gladiator-gals44m2kg\/\" \/>\n<meta property=\"og:site_name\" content=\"Garage Mania\" \/>\n<meta property=\"article:publisher\" content=\"https:\/\/www.facebook.com\/garagemania.it\/\" \/>\n<meta property=\"article:modified_time\" content=\"2024-05-29T09:47:23+00:00\" \/>\n<meta property=\"og:image\" content=\"https:\/\/www.garagemania.ch\/wp-content\/uploads\/2021\/04\/Scaffalatura-a-soffitto-Garage-Mania-GALS44M2KG.jpg\" \/>\n\t<meta property=\"og:image:width\" content=\"600\" \/>\n\t<meta property=\"og:image:height\" content=\"600\" \/>\n\t<meta property=\"og:image:type\" content=\"image\/jpeg\" \/>\n<meta name=\"twitter:card\" content=\"summary_large_image\" \/>\n<meta name=\"twitter:title\" content=\"\u00c9tag\u00e8re \u00e0 plafond Gladiator\u00ae GALS44M2KG - Garage Mania\" \/>\n<meta name=\"twitter:description\" content=\"Cette \u00e9tag\u00e8re \u00e0 plafond Gladiator\u00ae est id\u00e9ale pour ceux qui recherchent une solution peu encombrante\" \/>\n<meta name=\"twitter:label1\" content=\"Dur\u00e9e de lecture estim\u00e9e\" \/>\n\t<meta name=\"twitter:data1\" content=\"1 minute\" \/>\n<script type=\"application\/ld+json\" class=\"yoast-schema-graph\">{\"@context\":\"https:\\\/\\\/schema.org\",\"@graph\":[{\"@type\":\"WebPage\",\"@id\":\"https:\\\/\\\/www.garagemania.ch\\\/fr\\\/produit\\\/etagere-a-plafond-gladiator-gals44m2kg\\\/\",\"url\":\"https:\\\/\\\/www.garagemania.ch\\\/fr\\\/produit\\\/etagere-a-plafond-gladiator-gals44m2kg\\\/\",\"name\":\"\u00c9tag\u00e8re Plafond Gladiator\u00ae - Gain d'Espace | Garage Mania\",\"isPartOf\":{\"@id\":\"https:\\\/\\\/www.garagemania.ch\\\/fr\\\/#website\"},\"primaryImageOfPage\":{\"@id\":\"https:\\\/\\\/www.garagemania.ch\\\/fr\\\/produit\\\/etagere-a-plafond-gladiator-gals44m2kg\\\/#primaryimage\"},\"image\":{\"@id\":\"https:\\\/\\\/www.garagemania.ch\\\/fr\\\/produit\\\/etagere-a-plafond-gladiator-gals44m2kg\\\/#primaryimage\"},\"thumbnailUrl\":\"https:\\\/\\\/www.garagemania.ch\\\/wp-content\\\/uploads\\\/2021\\\/04\\\/Scaffalatura-a-soffitto-Garage-Mania-GALS44M2KG.jpg\",\"datePublished\":\"2021-04-20T10:02:43+00:00\",\"dateModified\":\"2024-05-29T09:47:23+00:00\",\"description\":\"Optimisez votre garage avec l'\u00e9tag\u00e8re plafond Gladiator\u00ae 122\u00d7122 de chez Garage Mania. \u00c9tag\u00e8re robuste, r\u00e9glable et facile \u00e0 installer. Capacit\u00e9: 159 kg.\",\"breadcrumb\":{\"@id\":\"https:\\\/\\\/www.garagemania.ch\\\/fr\\\/produit\\\/etagere-a-plafond-gladiator-gals44m2kg\\\/#breadcrumb\"},\"inLanguage\":\"fr-FR\",\"potentialAction\":[{\"@type\":\"ReadAction\",\"target\":[\"https:\\\/\\\/www.garagemania.ch\\\/fr\\\/produit\\\/etagere-a-plafond-gladiator-gals44m2kg\\\/\"]}]},{\"@type\":\"ImageObject\",\"inLanguage\":\"fr-FR\",\"@id\":\"https:\\\/\\\/www.garagemania.ch\\\/fr\\\/produit\\\/etagere-a-plafond-gladiator-gals44m2kg\\\/#primaryimage\",\"url\":\"https:\\\/\\\/www.garagemania.ch\\\/wp-content\\\/uploads\\\/2021\\\/04\\\/Scaffalatura-a-soffitto-Garage-Mania-GALS44M2KG.jpg\",\"contentUrl\":\"https:\\\/\\\/www.garagemania.ch\\\/wp-content\\\/uploads\\\/2021\\\/04\\\/Scaffalatura-a-soffitto-Garage-Mania-GALS44M2KG.jpg\",\"width\":600,\"height\":600,\"caption\":\"Scaffalatura a soffitto Garage Mania GALS44M2KG\"},{\"@type\":\"BreadcrumbList\",\"@id\":\"https:\\\/\\\/www.garagemania.ch\\\/fr\\\/produit\\\/etagere-a-plafond-gladiator-gals44m2kg\\\/#breadcrumb\",\"itemListElement\":[{\"@type\":\"ListItem\",\"position\":1,\"name\":\"Home\",\"item\":\"https:\\\/\\\/www.garagemania.ch\\\/fr\\\/homepage\\\/\"},{\"@type\":\"ListItem\",\"position\":2,\"name\":\"Shop\",\"item\":\"https:\\\/\\\/www.garagemania.ch\\\/fr\\\/page-shop-pour-les-rangements-garage-de-chez-garage-mania\\\/\"},{\"@type\":\"ListItem\",\"position\":3,\"name\":\"\u00c9tag\u00e8re de plafond 122&#215;122 Gladiator\u00ae GALS44M2KG\"}]},{\"@type\":\"WebSite\",\"@id\":\"https:\\\/\\\/www.garagemania.ch\\\/fr\\\/#website\",\"url\":\"https:\\\/\\\/www.garagemania.ch\\\/fr\\\/\",\"name\":\"Garage Mania\",\"description\":\"Il luogo ideale per tutti coloro che vogliono un garage super esclusivo\",\"publisher\":{\"@id\":\"https:\\\/\\\/www.garagemania.ch\\\/fr\\\/#organization\"},\"potentialAction\":[{\"@type\":\"SearchAction\",\"target\":{\"@type\":\"EntryPoint\",\"urlTemplate\":\"https:\\\/\\\/www.garagemania.ch\\\/fr\\\/?s={search_term_string}\"},\"query-input\":{\"@type\":\"PropertyValueSpecification\",\"valueRequired\":true,\"valueName\":\"search_term_string\"}}],\"inLanguage\":\"fr-FR\"},{\"@type\":\"Organization\",\"@id\":\"https:\\\/\\\/www.garagemania.ch\\\/fr\\\/#organization\",\"name\":\"GLADIATOR WORX SAGL\",\"url\":\"https:\\\/\\\/www.garagemania.ch\\\/fr\\\/\",\"logo\":{\"@type\":\"ImageObject\",\"inLanguage\":\"fr-FR\",\"@id\":\"https:\\\/\\\/www.garagemania.ch\\\/fr\\\/#\\\/schema\\\/logo\\\/image\\\/\",\"url\":\"https:\\\/\\\/www.garagemania.ch\\\/wp-content\\\/uploads\\\/2021\\\/03\\\/Logo-Garage-Mania.png\",\"contentUrl\":\"https:\\\/\\\/www.garagemania.ch\\\/wp-content\\\/uploads\\\/2021\\\/03\\\/Logo-Garage-Mania.png\",\"width\":300,\"height\":282,\"caption\":\"GLADIATOR WORX SAGL\"},\"image\":{\"@id\":\"https:\\\/\\\/www.garagemania.ch\\\/fr\\\/#\\\/schema\\\/logo\\\/image\\\/\"},\"sameAs\":[\"https:\\\/\\\/www.facebook.com\\\/garagemania.it\\\/\",\"https:\\\/\\\/www.instagram.com\\\/garagemania.it\\\/\"]}]}<\/script>\n<!-- \/ Yoast SEO Premium plugin. -->","yoast_head_json":{"title":"\u00c9tag\u00e8re Plafond Gladiator\u00ae - Gain d'Espace | Garage Mania","description":"Optimisez votre garage avec l'\u00e9tag\u00e8re plafond Gladiator\u00ae 122\u00d7122 de chez Garage Mania. \u00c9tag\u00e8re robuste, r\u00e9glable et facile \u00e0 installer. Capacit\u00e9: 159 kg.","robots":{"index":"index","follow":"follow","max-snippet":"max-snippet:-1","max-image-preview":"max-image-preview:large","max-video-preview":"max-video-preview:-1"},"canonical":"https:\/\/www.garagemania.ch\/fr\/produit\/etagere-a-plafond-gladiator-gals44m2kg\/","og_locale":"fr_FR","og_type":"article","og_title":"\u00c9tag\u00e8re \u00e0 plafond Gladiator\u00ae GALS44M2KG - Garage Mania","og_description":"Cette \u00e9tag\u00e8re \u00e0 plafond Gladiator\u00ae est id\u00e9ale pour ceux qui recherchent une solution peu encombrante","og_url":"https:\/\/www.garagemania.ch\/fr\/produit\/etagere-a-plafond-gladiator-gals44m2kg\/","og_site_name":"Garage Mania","article_publisher":"https:\/\/www.facebook.com\/garagemania.it\/","article_modified_time":"2024-05-29T09:47:23+00:00","og_image":[{"width":600,"height":600,"url":"https:\/\/www.garagemania.ch\/wp-content\/uploads\/2021\/04\/Scaffalatura-a-soffitto-Garage-Mania-GALS44M2KG.jpg","type":"image\/jpeg"}],"twitter_card":"summary_large_image","twitter_title":"\u00c9tag\u00e8re \u00e0 plafond Gladiator\u00ae GALS44M2KG - Garage Mania","twitter_description":"Cette \u00e9tag\u00e8re \u00e0 plafond Gladiator\u00ae est id\u00e9ale pour ceux qui recherchent une solution peu encombrante","twitter_misc":{"Dur\u00e9e de lecture estim\u00e9e":"1 minute"},"schema":{"@context":"https:\/\/schema.org","@graph":[{"@type":"WebPage","@id":"https:\/\/www.garagemania.ch\/fr\/produit\/etagere-a-plafond-gladiator-gals44m2kg\/","url":"https:\/\/www.garagemania.ch\/fr\/produit\/etagere-a-plafond-gladiator-gals44m2kg\/","name":"\u00c9tag\u00e8re Plafond Gladiator\u00ae - Gain d'Espace | Garage Mania","isPartOf":{"@id":"https:\/\/www.garagemania.ch\/fr\/#website"},"primaryImageOfPage":{"@id":"https:\/\/www.garagemania.ch\/fr\/produit\/etagere-a-plafond-gladiator-gals44m2kg\/#primaryimage"},"image":{"@id":"https:\/\/www.garagemania.ch\/fr\/produit\/etagere-a-plafond-gladiator-gals44m2kg\/#primaryimage"},"thumbnailUrl":"https:\/\/www.garagemania.ch\/wp-content\/uploads\/2021\/04\/Scaffalatura-a-soffitto-Garage-Mania-GALS44M2KG.jpg","datePublished":"2021-04-20T10:02:43+00:00","dateModified":"2024-05-29T09:47:23+00:00","description":"Optimisez votre garage avec l'\u00e9tag\u00e8re plafond Gladiator\u00ae 122\u00d7122 de chez Garage Mania. \u00c9tag\u00e8re robuste, r\u00e9glable et facile \u00e0 installer. Capacit\u00e9: 159 kg.","breadcrumb":{"@id":"https:\/\/www.garagemania.ch\/fr\/produit\/etagere-a-plafond-gladiator-gals44m2kg\/#breadcrumb"},"inLanguage":"fr-FR","potentialAction":[{"@type":"ReadAction","target":["https:\/\/www.garagemania.ch\/fr\/produit\/etagere-a-plafond-gladiator-gals44m2kg\/"]}]},{"@type":"ImageObject","inLanguage":"fr-FR","@id":"https:\/\/www.garagemania.ch\/fr\/produit\/etagere-a-plafond-gladiator-gals44m2kg\/#primaryimage","url":"https:\/\/www.garagemania.ch\/wp-content\/uploads\/2021\/04\/Scaffalatura-a-soffitto-Garage-Mania-GALS44M2KG.jpg","contentUrl":"https:\/\/www.garagemania.ch\/wp-content\/uploads\/2021\/04\/Scaffalatura-a-soffitto-Garage-Mania-GALS44M2KG.jpg","width":600,"height":600,"caption":"Scaffalatura a soffitto Garage Mania GALS44M2KG"},{"@type":"BreadcrumbList","@id":"https:\/\/www.garagemania.ch\/fr\/produit\/etagere-a-plafond-gladiator-gals44m2kg\/#breadcrumb","itemListElement":[{"@type":"ListItem","position":1,"name":"Home","item":"https:\/\/www.garagemania.ch\/fr\/homepage\/"},{"@type":"ListItem","position":2,"name":"Shop","item":"https:\/\/www.garagemania.ch\/fr\/page-shop-pour-les-rangements-garage-de-chez-garage-mania\/"},{"@type":"ListItem","position":3,"name":"\u00c9tag\u00e8re de plafond 122&#215;122 Gladiator\u00ae GALS44M2KG"}]},{"@type":"WebSite","@id":"https:\/\/www.garagemania.ch\/fr\/#website","url":"https:\/\/www.garagemania.ch\/fr\/","name":"Garage Mania","description":"Il luogo ideale per tutti coloro che vogliono un garage super esclusivo","publisher":{"@id":"https:\/\/www.garagemania.ch\/fr\/#organization"},"potentialAction":[{"@type":"SearchAction","target":{"@type":"EntryPoint","urlTemplate":"https:\/\/www.garagemania.ch\/fr\/?s={search_term_string}"},"query-input":{"@type":"PropertyValueSpecification","valueRequired":true,"valueName":"search_term_string"}}],"inLanguage":"fr-FR"},{"@type":"Organization","@id":"https:\/\/www.garagemania.ch\/fr\/#organization","name":"GLADIATOR WORX SAGL","url":"https:\/\/www.garagemania.ch\/fr\/","logo":{"@type":"ImageObject","inLanguage":"fr-FR","@id":"https:\/\/www.garagemania.ch\/fr\/#\/schema\/logo\/image\/","url":"https:\/\/www.garagemania.ch\/wp-content\/uploads\/2021\/03\/Logo-Garage-Mania.png","contentUrl":"https:\/\/www.garagemania.ch\/wp-content\/uploads\/2021\/03\/Logo-Garage-Mania.png","width":300,"height":282,"caption":"GLADIATOR WORX SAGL"},"image":{"@id":"https:\/\/www.garagemania.ch\/fr\/#\/schema\/logo\/image\/"},"sameAs":["https:\/\/www.facebook.com\/garagemania.it\/","https:\/\/www.instagram.com\/garagemania.it\/"]}]}},"_links":{"self":[{"href":"https:\/\/www.garagemania.ch\/fr\/wp-json\/wp\/v2\/product\/6994","targetHints":{"allow":["GET"]}}],"collection":[{"href":"https:\/\/www.garagemania.ch\/fr\/wp-json\/wp\/v2\/product"}],"about":[{"href":"https:\/\/www.garagemania.ch\/fr\/wp-json\/wp\/v2\/types\/product"}],"replies":[{"embeddable":true,"href":"https:\/\/www.garagemania.ch\/fr\/wp-json\/wp\/v2\/comments?post=6994"}],"version-history":[{"count":7,"href":"https:\/\/www.garagemania.ch\/fr\/wp-json\/wp\/v2\/product\/6994\/revisions"}],"predecessor-version":[{"id":15312,"href":"https:\/\/www.garagemania.ch\/fr\/wp-json\/wp\/v2\/product\/6994\/revisions\/15312"}],"wp:featuredmedia":[{"embeddable":true,"href":"https:\/\/www.garagemania.ch\/fr\/wp-json\/wp\/v2\/media\/14892"}],"wp:attachment":[{"href":"https:\/\/www.garagemania.ch\/fr\/wp-json\/wp\/v2\/media?parent=6994"}],"wp:term":[{"taxonomy":"product_brand","embeddable":true,"href":"https:\/\/www.garagemania.ch\/fr\/wp-json\/wp\/v2\/product_brand?post=6994"},{"taxonomy":"product_cat","embeddable":true,"href":"https:\/\/www.garagemania.ch\/fr\/wp-json\/wp\/v2\/product_cat?post=6994"},{"taxonomy":"product_tag","embeddable":true,"href":"https:\/\/www.garagemania.ch\/fr\/wp-json\/wp\/v2\/product_tag?post=6994"}],"curies":[{"name":"wp","href":"https:\/\/api.w.org\/{rel}","templated":true}]}}