{"id":7012,"date":"2021-06-23T15:30:04","date_gmt":"2021-06-23T13:30:04","guid":{"rendered":"https:\/\/www.garagemania.ch\/prodotto\/dalles-diamond-black-gwe48blk\/"},"modified":"2024-11-02T12:28:37","modified_gmt":"2024-11-02T11:28:37","slug":"dalles-diamond-black-gwe48blk","status":"publish","type":"product","link":"https:\/\/www.garagemania.ch\/fr\/produit\/dalles-diamond-black-gwe48blk\/","title":{"rendered":"Dalles Diamond Black GWE48BLK RaceDeck\u00ae (Pack 48 pz. Mq 4,47)"},"content":{"rendered":"","protected":false},"excerpt":{"rendered":"<p><span style=\"font-weight: 400;\">Dalles Diamond Black RaceDeck\u00ae (Pack de 48 pi\u00e8ces) GWE48BLK.<\/span><\/p>\n<p><span style=\"font-weight: 400;\">La structure brevet\u00e9e RaceDeck\u00ae assure une ventilation continue, minimisant le risque de moisissure, et elle est compatible avec les environnements humides. Les connecteurs Interlock renforcent le sol, le rendant bien plus r\u00e9sistant qu&rsquo;un sol traditionnel.<\/span><\/p>\n<p><span style=\"font-weight: 400;\">Les dalles de sol GWE Diamond RaceDeck\u00ae se r\u00e9v\u00e8lent \u00eatre la solution parfaite pour les garages, les sous-sols, les hangars, et les salles d&rsquo;exposition professionnels. Leur installation est ais\u00e9e, sans besoin de colles ni de produits chimiques.<\/span><\/p>\n<p><span style=\"font-weight: 400;\">Les dalles RaceDeck\u00ae Diamond, leaders du march\u00e9, se distinguent par leur solidit\u00e9, leur durabilit\u00e9 et leur conception adapt\u00e9e \u00e0 un usage intensif, ce qui s\u00e9duit autant les concessionnaires que les garagistes. Disponible en 10 couleurs standard ou personnalis\u00e9es, avec la possibilit\u00e9 d&rsquo;ajouter un logo sur demande.<\/span><\/p>\n<p><span style=\"font-weight: 400;\">Ce mod\u00e8le, multi-brevet\u00e9 et le plus populaire au monde, est facile \u00e0 nettoyer gr\u00e2ce \u00e0 son design. Les dalles mesurent 30,5 cm x 30,5 cm, supportant des charges de v\u00e9hicules en mouvement jusqu&rsquo;\u00e0 35 tonnes. Elles sont r\u00e9sistantes \u00e0 la plupart des produits chimiques, 100% imperm\u00e9ables, anti-t\u00e2ches et d&rsquo;entretien facile. Optez pour le meilleur avec les dalles de garage Diamond Black RaceDeck\u00ae de chez Garage Mania.<\/span><\/p>\n","protected":false},"featured_media":5242,"comment_status":"open","ping_status":"closed","template":"","meta":{"site-sidebar-layout":"default","site-content-layout":"default","ast-site-content-layout":"default","site-content-style":"default","site-sidebar-style":"default","ast-global-header-display":"","ast-banner-title-visibility":"","ast-main-header-display":"","ast-hfb-above-header-display":"","ast-hfb-below-header-display":"","ast-hfb-mobile-header-display":"","site-post-title":"","ast-breadcrumbs-content":"","ast-featured-img":"","footer-sml-layout":"","ast-disable-related-posts":"","theme-transparent-header-meta":"default","adv-header-id-meta":"","stick-header-meta":"","header-above-stick-meta":"","header-main-stick-meta":"","header-below-stick-meta":"","astra-migrate-meta-layouts":"set","ast-page-background-enabled":"default","ast-page-background-meta":{"desktop":{"background-color":"","background-image":"","background-repeat":"repeat","background-position":"center center","background-size":"auto","background-attachment":"scroll","background-type":"","background-media":"","overlay-type":"","overlay-color":"","overlay-opacity":"","overlay-gradient":""},"tablet":{"background-color":"","background-image":"","background-repeat":"repeat","background-position":"center center","background-size":"auto","background-attachment":"scroll","background-type":"","background-media":"","overlay-type":"","overlay-color":"","overlay-opacity":"","overlay-gradient":""},"mobile":{"background-color":"","background-image":"","background-repeat":"repeat","background-position":"center center","background-size":"auto","background-attachment":"scroll","background-type":"","background-media":"","overlay-type":"","overlay-color":"","overlay-opacity":"","overlay-gradient":""}},"ast-content-background-meta":{"desktop":{"background-color":"var(--ast-global-color-5)","background-image":"","background-repeat":"repeat","background-position":"center center","background-size":"auto","background-attachment":"scroll","background-type":"","background-media":"","overlay-type":"","overlay-color":"","overlay-opacity":"","overlay-gradient":""},"tablet":{"background-color":"var(--ast-global-color-5)","background-image":"","background-repeat":"repeat","background-position":"center center","background-size":"auto","background-attachment":"scroll","background-type":"","background-media":"","overlay-type":"","overlay-color":"","overlay-opacity":"","overlay-gradient":""},"mobile":{"background-color":"var(--ast-global-color-5)","background-image":"","background-repeat":"repeat","background-position":"center center","background-size":"auto","background-attachment":"scroll","background-type":"","background-media":"","overlay-type":"","overlay-color":"","overlay-opacity":"","overlay-gradient":""}}},"product_brand":[],"product_cat":[684],"product_tag":[448,512,685,686],"class_list":{"0":"post-7012","1":"product","2":"type-product","3":"status-publish","4":"has-post-thumbnail","6":"product_cat-dalles-de-sol","7":"product_tag-amenagement-garage","8":"product_tag-au-sol","9":"product_tag-dalle","10":"product_tag-racedeck-fr","11":"desktop-align-center","12":"tablet-align-center","13":"mobile-align-center","14":"ast-product-gallery-layout-horizontal-slider","15":"ast-magnify-disabled","16":"ast-qv-on-image","18":"first","19":"instock","20":"taxable","21":"shipping-taxable","22":"purchasable","23":"product-type-simple"},"bundled_by":[],"bundle_stock_status":"instock","bundle_stock_quantity":10,"bundle_virtual":false,"bundle_layout":"","bundle_add_to_cart_form_location":"","bundle_editable_in_cart":false,"bundle_sold_individually_context":"","bundle_item_grouping":"","bundle_min_size":"","bundle_max_size":"","bundle_price":[],"bundled_items":[],"bundle_sell_ids":[],"yoast_head":"<!-- This site is optimized with the Yoast SEO Premium plugin v27.4 (Yoast SEO v27.4) - https:\/\/yoast.com\/product\/yoast-seo-premium-wordpress\/ -->\n<title>Dalles de Garage Black - Solution robuste et sol durable.<\/title>\n<meta name=\"description\" content=\"Optimisez votre garage avec les Dalles de garage Diamond Black RaceDeck\u00ae. Une solution r\u00e9sistante, facile \u00e0 installer, et adapt\u00e9e \u00e0 un usage intensif.\" \/>\n<meta name=\"robots\" content=\"index, follow, max-snippet:-1, max-image-preview:large, max-video-preview:-1\" \/>\n<link rel=\"canonical\" href=\"https:\/\/www.garagemania.ch\/fr\/produit\/dalles-diamond-black-gwe48blk\/\" \/>\n<meta property=\"og:locale\" content=\"fr_FR\" \/>\n<meta property=\"og:type\" content=\"article\" \/>\n<meta property=\"og:title\" content=\"Dalles Diamond Black RaceDeck\u00ae Garage Mania\" \/>\n<meta property=\"og:description\" content=\"Les dalles Diamond Black RaceDeck\u00ae est durable. Id\u00e9al pour le sol d&#039;un garage de design, d&#039;un concessionnaire automobile ou d&#039;un hangar\" \/>\n<meta property=\"og:url\" content=\"https:\/\/www.garagemania.ch\/fr\/produit\/dalles-diamond-black-gwe48blk\/\" \/>\n<meta property=\"og:site_name\" content=\"Garage Mania\" \/>\n<meta property=\"article:publisher\" content=\"https:\/\/www.facebook.com\/garagemania.it\/\" \/>\n<meta property=\"article:modified_time\" content=\"2024-11-02T11:28:37+00:00\" \/>\n<meta property=\"og:image\" content=\"https:\/\/www.garagemania.ch\/wp-content\/uploads\/2021\/06\/Pavimento-rosso-e-nero-con-piastrella-di.jpg\" \/>\n<meta name=\"twitter:card\" content=\"summary_large_image\" \/>\n<meta name=\"twitter:title\" content=\"Dalles Diamond Black RaceDeck GWE48BLK Garage Mania\" \/>\n<meta name=\"twitter:description\" content=\"Les dalles Diamond Black RaceDeck\u00ae est durable. Id\u00e9al pour le sol d&#039;un garage de design, d&#039;un concessionnaire automobile ou d&#039;un hangar\" \/>\n<meta name=\"twitter:label1\" content=\"Dur\u00e9e de lecture estim\u00e9e\" \/>\n\t<meta name=\"twitter:data1\" content=\"1 minute\" \/>\n<script type=\"application\/ld+json\" class=\"yoast-schema-graph\">{\"@context\":\"https:\\\/\\\/schema.org\",\"@graph\":[{\"@type\":\"WebPage\",\"@id\":\"https:\\\/\\\/www.garagemania.ch\\\/fr\\\/produit\\\/dalles-diamond-black-gwe48blk\\\/\",\"url\":\"https:\\\/\\\/www.garagemania.ch\\\/fr\\\/produit\\\/dalles-diamond-black-gwe48blk\\\/\",\"name\":\"Dalles de Garage Black - Solution robuste et sol durable.\",\"isPartOf\":{\"@id\":\"https:\\\/\\\/www.garagemania.ch\\\/fr\\\/#website\"},\"primaryImageOfPage\":{\"@id\":\"https:\\\/\\\/www.garagemania.ch\\\/fr\\\/produit\\\/dalles-diamond-black-gwe48blk\\\/#primaryimage\"},\"image\":{\"@id\":\"https:\\\/\\\/www.garagemania.ch\\\/fr\\\/produit\\\/dalles-diamond-black-gwe48blk\\\/#primaryimage\"},\"thumbnailUrl\":\"https:\\\/\\\/www.garagemania.ch\\\/wp-content\\\/uploads\\\/2021\\\/06\\\/GWE48BLK-PIASTRELLE-PAVIMENTO-DIAMOND-BLACK.jpg\",\"datePublished\":\"2021-06-23T13:30:04+00:00\",\"dateModified\":\"2024-11-02T11:28:37+00:00\",\"description\":\"Optimisez votre garage avec les Dalles de garage Diamond Black RaceDeck\u00ae. Une solution r\u00e9sistante, facile \u00e0 installer, et adapt\u00e9e \u00e0 un usage intensif.\",\"breadcrumb\":{\"@id\":\"https:\\\/\\\/www.garagemania.ch\\\/fr\\\/produit\\\/dalles-diamond-black-gwe48blk\\\/#breadcrumb\"},\"inLanguage\":\"fr-FR\",\"potentialAction\":[{\"@type\":\"ReadAction\",\"target\":[\"https:\\\/\\\/www.garagemania.ch\\\/fr\\\/produit\\\/dalles-diamond-black-gwe48blk\\\/\"]}]},{\"@type\":\"ImageObject\",\"inLanguage\":\"fr-FR\",\"@id\":\"https:\\\/\\\/www.garagemania.ch\\\/fr\\\/produit\\\/dalles-diamond-black-gwe48blk\\\/#primaryimage\",\"url\":\"https:\\\/\\\/www.garagemania.ch\\\/wp-content\\\/uploads\\\/2021\\\/06\\\/GWE48BLK-PIASTRELLE-PAVIMENTO-DIAMOND-BLACK.jpg\",\"contentUrl\":\"https:\\\/\\\/www.garagemania.ch\\\/wp-content\\\/uploads\\\/2021\\\/06\\\/GWE48BLK-PIASTRELLE-PAVIMENTO-DIAMOND-BLACK.jpg\",\"width\":700,\"height\":700,\"caption\":\"GWE48BLK DALLES DIAMOND BLACK GARAGE MANIA\"},{\"@type\":\"BreadcrumbList\",\"@id\":\"https:\\\/\\\/www.garagemania.ch\\\/fr\\\/produit\\\/dalles-diamond-black-gwe48blk\\\/#breadcrumb\",\"itemListElement\":[{\"@type\":\"ListItem\",\"position\":1,\"name\":\"Home\",\"item\":\"https:\\\/\\\/www.garagemania.ch\\\/fr\\\/homepage\\\/\"},{\"@type\":\"ListItem\",\"position\":2,\"name\":\"Shop\",\"item\":\"https:\\\/\\\/www.garagemania.ch\\\/fr\\\/page-shop-pour-les-rangements-garage-de-chez-garage-mania\\\/\"},{\"@type\":\"ListItem\",\"position\":3,\"name\":\"Dalles Diamond Black GWE48BLK RaceDeck\u00ae (Pack 48 pz. Mq 4,47)\"}]},{\"@type\":\"WebSite\",\"@id\":\"https:\\\/\\\/www.garagemania.ch\\\/fr\\\/#website\",\"url\":\"https:\\\/\\\/www.garagemania.ch\\\/fr\\\/\",\"name\":\"Garage Mania\",\"description\":\"Il luogo ideale per tutti coloro che vogliono un garage super esclusivo\",\"publisher\":{\"@id\":\"https:\\\/\\\/www.garagemania.ch\\\/fr\\\/#organization\"},\"potentialAction\":[{\"@type\":\"SearchAction\",\"target\":{\"@type\":\"EntryPoint\",\"urlTemplate\":\"https:\\\/\\\/www.garagemania.ch\\\/fr\\\/?s={search_term_string}\"},\"query-input\":{\"@type\":\"PropertyValueSpecification\",\"valueRequired\":true,\"valueName\":\"search_term_string\"}}],\"inLanguage\":\"fr-FR\"},{\"@type\":\"Organization\",\"@id\":\"https:\\\/\\\/www.garagemania.ch\\\/fr\\\/#organization\",\"name\":\"GLADIATOR WORX SAGL\",\"url\":\"https:\\\/\\\/www.garagemania.ch\\\/fr\\\/\",\"logo\":{\"@type\":\"ImageObject\",\"inLanguage\":\"fr-FR\",\"@id\":\"https:\\\/\\\/www.garagemania.ch\\\/fr\\\/#\\\/schema\\\/logo\\\/image\\\/\",\"url\":\"https:\\\/\\\/www.garagemania.ch\\\/wp-content\\\/uploads\\\/2021\\\/03\\\/Logo-Garage-Mania.png\",\"contentUrl\":\"https:\\\/\\\/www.garagemania.ch\\\/wp-content\\\/uploads\\\/2021\\\/03\\\/Logo-Garage-Mania.png\",\"width\":300,\"height\":282,\"caption\":\"GLADIATOR WORX SAGL\"},\"image\":{\"@id\":\"https:\\\/\\\/www.garagemania.ch\\\/fr\\\/#\\\/schema\\\/logo\\\/image\\\/\"},\"sameAs\":[\"https:\\\/\\\/www.facebook.com\\\/garagemania.it\\\/\",\"https:\\\/\\\/www.instagram.com\\\/garagemania.it\\\/\"]}]}<\/script>\n<!-- \/ Yoast SEO Premium plugin. -->","yoast_head_json":{"title":"Dalles de Garage Black - Solution robuste et sol durable.","description":"Optimisez votre garage avec les Dalles de garage Diamond Black RaceDeck\u00ae. Une solution r\u00e9sistante, facile \u00e0 installer, et adapt\u00e9e \u00e0 un usage intensif.","robots":{"index":"index","follow":"follow","max-snippet":"max-snippet:-1","max-image-preview":"max-image-preview:large","max-video-preview":"max-video-preview:-1"},"canonical":"https:\/\/www.garagemania.ch\/fr\/produit\/dalles-diamond-black-gwe48blk\/","og_locale":"fr_FR","og_type":"article","og_title":"Dalles Diamond Black RaceDeck\u00ae Garage Mania","og_description":"Les dalles Diamond Black RaceDeck\u00ae est durable. Id\u00e9al pour le sol d'un garage de design, d'un concessionnaire automobile ou d'un hangar","og_url":"https:\/\/www.garagemania.ch\/fr\/produit\/dalles-diamond-black-gwe48blk\/","og_site_name":"Garage Mania","article_publisher":"https:\/\/www.facebook.com\/garagemania.it\/","article_modified_time":"2024-11-02T11:28:37+00:00","og_image":[{"url":"https:\/\/www.garagemania.ch\/wp-content\/uploads\/2021\/06\/Pavimento-rosso-e-nero-con-piastrella-di.jpg","type":"","width":"","height":""}],"twitter_card":"summary_large_image","twitter_title":"Dalles Diamond Black RaceDeck GWE48BLK Garage Mania","twitter_description":"Les dalles Diamond Black RaceDeck\u00ae est durable. Id\u00e9al pour le sol d'un garage de design, d'un concessionnaire automobile ou d'un hangar","twitter_misc":{"Dur\u00e9e de lecture estim\u00e9e":"1 minute"},"schema":{"@context":"https:\/\/schema.org","@graph":[{"@type":"WebPage","@id":"https:\/\/www.garagemania.ch\/fr\/produit\/dalles-diamond-black-gwe48blk\/","url":"https:\/\/www.garagemania.ch\/fr\/produit\/dalles-diamond-black-gwe48blk\/","name":"Dalles de Garage Black - Solution robuste et sol durable.","isPartOf":{"@id":"https:\/\/www.garagemania.ch\/fr\/#website"},"primaryImageOfPage":{"@id":"https:\/\/www.garagemania.ch\/fr\/produit\/dalles-diamond-black-gwe48blk\/#primaryimage"},"image":{"@id":"https:\/\/www.garagemania.ch\/fr\/produit\/dalles-diamond-black-gwe48blk\/#primaryimage"},"thumbnailUrl":"https:\/\/www.garagemania.ch\/wp-content\/uploads\/2021\/06\/GWE48BLK-PIASTRELLE-PAVIMENTO-DIAMOND-BLACK.jpg","datePublished":"2021-06-23T13:30:04+00:00","dateModified":"2024-11-02T11:28:37+00:00","description":"Optimisez votre garage avec les Dalles de garage Diamond Black RaceDeck\u00ae. Une solution r\u00e9sistante, facile \u00e0 installer, et adapt\u00e9e \u00e0 un usage intensif.","breadcrumb":{"@id":"https:\/\/www.garagemania.ch\/fr\/produit\/dalles-diamond-black-gwe48blk\/#breadcrumb"},"inLanguage":"fr-FR","potentialAction":[{"@type":"ReadAction","target":["https:\/\/www.garagemania.ch\/fr\/produit\/dalles-diamond-black-gwe48blk\/"]}]},{"@type":"ImageObject","inLanguage":"fr-FR","@id":"https:\/\/www.garagemania.ch\/fr\/produit\/dalles-diamond-black-gwe48blk\/#primaryimage","url":"https:\/\/www.garagemania.ch\/wp-content\/uploads\/2021\/06\/GWE48BLK-PIASTRELLE-PAVIMENTO-DIAMOND-BLACK.jpg","contentUrl":"https:\/\/www.garagemania.ch\/wp-content\/uploads\/2021\/06\/GWE48BLK-PIASTRELLE-PAVIMENTO-DIAMOND-BLACK.jpg","width":700,"height":700,"caption":"GWE48BLK DALLES DIAMOND BLACK GARAGE MANIA"},{"@type":"BreadcrumbList","@id":"https:\/\/www.garagemania.ch\/fr\/produit\/dalles-diamond-black-gwe48blk\/#breadcrumb","itemListElement":[{"@type":"ListItem","position":1,"name":"Home","item":"https:\/\/www.garagemania.ch\/fr\/homepage\/"},{"@type":"ListItem","position":2,"name":"Shop","item":"https:\/\/www.garagemania.ch\/fr\/page-shop-pour-les-rangements-garage-de-chez-garage-mania\/"},{"@type":"ListItem","position":3,"name":"Dalles Diamond Black GWE48BLK RaceDeck\u00ae (Pack 48 pz. Mq 4,47)"}]},{"@type":"WebSite","@id":"https:\/\/www.garagemania.ch\/fr\/#website","url":"https:\/\/www.garagemania.ch\/fr\/","name":"Garage Mania","description":"Il luogo ideale per tutti coloro che vogliono un garage super esclusivo","publisher":{"@id":"https:\/\/www.garagemania.ch\/fr\/#organization"},"potentialAction":[{"@type":"SearchAction","target":{"@type":"EntryPoint","urlTemplate":"https:\/\/www.garagemania.ch\/fr\/?s={search_term_string}"},"query-input":{"@type":"PropertyValueSpecification","valueRequired":true,"valueName":"search_term_string"}}],"inLanguage":"fr-FR"},{"@type":"Organization","@id":"https:\/\/www.garagemania.ch\/fr\/#organization","name":"GLADIATOR WORX SAGL","url":"https:\/\/www.garagemania.ch\/fr\/","logo":{"@type":"ImageObject","inLanguage":"fr-FR","@id":"https:\/\/www.garagemania.ch\/fr\/#\/schema\/logo\/image\/","url":"https:\/\/www.garagemania.ch\/wp-content\/uploads\/2021\/03\/Logo-Garage-Mania.png","contentUrl":"https:\/\/www.garagemania.ch\/wp-content\/uploads\/2021\/03\/Logo-Garage-Mania.png","width":300,"height":282,"caption":"GLADIATOR WORX SAGL"},"image":{"@id":"https:\/\/www.garagemania.ch\/fr\/#\/schema\/logo\/image\/"},"sameAs":["https:\/\/www.facebook.com\/garagemania.it\/","https:\/\/www.instagram.com\/garagemania.it\/"]}]}},"_links":{"self":[{"href":"https:\/\/www.garagemania.ch\/fr\/wp-json\/wp\/v2\/product\/7012","targetHints":{"allow":["GET"]}}],"collection":[{"href":"https:\/\/www.garagemania.ch\/fr\/wp-json\/wp\/v2\/product"}],"about":[{"href":"https:\/\/www.garagemania.ch\/fr\/wp-json\/wp\/v2\/types\/product"}],"replies":[{"embeddable":true,"href":"https:\/\/www.garagemania.ch\/fr\/wp-json\/wp\/v2\/comments?post=7012"}],"version-history":[{"count":7,"href":"https:\/\/www.garagemania.ch\/fr\/wp-json\/wp\/v2\/product\/7012\/revisions"}],"predecessor-version":[{"id":15765,"href":"https:\/\/www.garagemania.ch\/fr\/wp-json\/wp\/v2\/product\/7012\/revisions\/15765"}],"wp:featuredmedia":[{"embeddable":true,"href":"https:\/\/www.garagemania.ch\/fr\/wp-json\/wp\/v2\/media\/5242"}],"wp:attachment":[{"href":"https:\/\/www.garagemania.ch\/fr\/wp-json\/wp\/v2\/media?parent=7012"}],"wp:term":[{"taxonomy":"product_brand","embeddable":true,"href":"https:\/\/www.garagemania.ch\/fr\/wp-json\/wp\/v2\/product_brand?post=7012"},{"taxonomy":"product_cat","embeddable":true,"href":"https:\/\/www.garagemania.ch\/fr\/wp-json\/wp\/v2\/product_cat?post=7012"},{"taxonomy":"product_tag","embeddable":true,"href":"https:\/\/www.garagemania.ch\/fr\/wp-json\/wp\/v2\/product_tag?post=7012"}],"curies":[{"name":"wp","href":"https:\/\/api.w.org\/{rel}","templated":true}]}}