{"id":7017,"date":"2021-06-07T17:02:11","date_gmt":"2021-06-07T15:02:11","guid":{"rendered":"https:\/\/www.garagemania.ch\/prodotto\/dalles-orange-racedeck-gwe48org\/"},"modified":"2024-11-02T12:32:10","modified_gmt":"2024-11-02T11:32:10","slug":"dalles-orange-racedeck-gwe48org","status":"publish","type":"product","link":"https:\/\/www.garagemania.ch\/fr\/produit\/dalles-orange-racedeck-gwe48org\/","title":{"rendered":"Dalles Diamond Orange GWE48ORG RaceDeck\u00ae (Pack 48 pz. Mq 4,47)"},"content":{"rendered":"","protected":false},"excerpt":{"rendered":"<p>Dalles Diamond Orange RaceDeck\u00ae (Pack de 48 pi\u00e8ces) GWE48ORG.<\/p>\n<p>La structure brevet\u00e9e RaceDeck\u00ae garantit une ventilation continue, minimisant le risque de moisissure, compatible ainsi avec les environnements humides.<\/p>\n<p>Les connecteurs Interlock rendent le sol beaucoup plus r\u00e9sistant qu\u2019un sol traditionnel.<\/p>\n<p>Les dalles de sol GWE Diamond RaceDeck\u00ae sont la solution id\u00e9ale pour les garages, les sous-sols, les hangars, les salles d\u2019exposition professionnels\u2026<\/p>\n<p>L\u2019installation est simple, car elle ne n\u00e9cessite pas l\u2019utilisation de colles ou de produits chimiques.<\/p>\n<p>Les dalles RaceDeck\u00ae Diamond sont les dalles de sol les plus vendues sur le march\u00e9.<\/p>\n<p>Solides, durables et con\u00e7ues pour un usage intensif, leurs finitions de haute technologie sont appr\u00e9ci\u00e9es aussi par les concessionnaires et les garagistes.<\/p>\n<p>Disponibles en 10 couleurs standard ou personnalis\u00e9es, possible d\u2019ajouter un logo sur demande.<\/p>\n<p>Ce mod\u00e8le est le plus populaire au monde, multi-brevet\u00e9.<\/p>\n<p>Facile \u00e0 nettoyer gr\u00e2ce \u00e0 son design.<\/p>\n<p>Disponible au format 30,5 cm x 30,5 cm<\/p>\n<p>Supporte des charges de v\u00e9hicules en mouvement jusqu\u2019\u00e0 35 tonnes.<\/p>\n<p>R\u00e9sistant \u00e0 la plupart des produits chimiques.<\/p>\n<p>100% imperm\u00e9able.<\/p>\n<p>Anti-t\u00e2ches et facile \u00e0 nettoyer.<\/p>\n","protected":false},"featured_media":4068,"comment_status":"open","ping_status":"closed","template":"","meta":{"site-sidebar-layout":"default","site-content-layout":"default","ast-site-content-layout":"default","site-content-style":"default","site-sidebar-style":"default","ast-global-header-display":"","ast-banner-title-visibility":"","ast-main-header-display":"","ast-hfb-above-header-display":"","ast-hfb-below-header-display":"","ast-hfb-mobile-header-display":"","site-post-title":"","ast-breadcrumbs-content":"","ast-featured-img":"","footer-sml-layout":"","ast-disable-related-posts":"","theme-transparent-header-meta":"default","adv-header-id-meta":"","stick-header-meta":"","header-above-stick-meta":"","header-main-stick-meta":"","header-below-stick-meta":"","astra-migrate-meta-layouts":"set","ast-page-background-enabled":"default","ast-page-background-meta":{"desktop":{"background-color":"","background-image":"","background-repeat":"repeat","background-position":"center center","background-size":"auto","background-attachment":"scroll","background-type":"","background-media":"","overlay-type":"","overlay-color":"","overlay-opacity":"","overlay-gradient":""},"tablet":{"background-color":"","background-image":"","background-repeat":"repeat","background-position":"center center","background-size":"auto","background-attachment":"scroll","background-type":"","background-media":"","overlay-type":"","overlay-color":"","overlay-opacity":"","overlay-gradient":""},"mobile":{"background-color":"","background-image":"","background-repeat":"repeat","background-position":"center center","background-size":"auto","background-attachment":"scroll","background-type":"","background-media":"","overlay-type":"","overlay-color":"","overlay-opacity":"","overlay-gradient":""}},"ast-content-background-meta":{"desktop":{"background-color":"var(--ast-global-color-5)","background-image":"","background-repeat":"repeat","background-position":"center center","background-size":"auto","background-attachment":"scroll","background-type":"","background-media":"","overlay-type":"","overlay-color":"","overlay-opacity":"","overlay-gradient":""},"tablet":{"background-color":"var(--ast-global-color-5)","background-image":"","background-repeat":"repeat","background-position":"center center","background-size":"auto","background-attachment":"scroll","background-type":"","background-media":"","overlay-type":"","overlay-color":"","overlay-opacity":"","overlay-gradient":""},"mobile":{"background-color":"var(--ast-global-color-5)","background-image":"","background-repeat":"repeat","background-position":"center center","background-size":"auto","background-attachment":"scroll","background-type":"","background-media":"","overlay-type":"","overlay-color":"","overlay-opacity":"","overlay-gradient":""}}},"product_brand":[],"product_cat":[684],"product_tag":[448,512,685,686],"class_list":{"0":"post-7017","1":"product","2":"type-product","3":"status-publish","4":"has-post-thumbnail","6":"product_cat-dalles-de-sol","7":"product_tag-amenagement-garage","8":"product_tag-au-sol","9":"product_tag-dalle","10":"product_tag-racedeck-fr","11":"desktop-align-center","12":"tablet-align-center","13":"mobile-align-center","14":"ast-product-gallery-layout-horizontal-slider","15":"ast-magnify-disabled","16":"ast-qv-on-image","18":"first","19":"instock","20":"taxable","21":"shipping-taxable","22":"purchasable","23":"product-type-simple"},"bundled_by":[],"bundle_stock_status":"instock","bundle_stock_quantity":5,"bundle_virtual":false,"bundle_layout":"","bundle_add_to_cart_form_location":"","bundle_editable_in_cart":false,"bundle_sold_individually_context":"","bundle_item_grouping":"","bundle_min_size":"","bundle_max_size":"","bundle_price":[],"bundled_items":[],"bundle_sell_ids":[],"yoast_head":"<!-- This site is optimized with the Yoast SEO Premium plugin v27.3 (Yoast SEO v27.3) - https:\/\/yoast.com\/product\/yoast-seo-premium-wordpress\/ -->\n<title>Dalles Orange RaceDeck\u00ae GWE48ORG - Garage Mania<\/title>\n<meta name=\"description\" content=\"Avec les dalles de sol de garage Diamond Orange de RaceDeck\u00ae Garage Mania, vous rendrez votre sol de garage unique et moderne\" \/>\n<meta name=\"robots\" content=\"index, follow, max-snippet:-1, max-image-preview:large, max-video-preview:-1\" \/>\n<link rel=\"canonical\" href=\"https:\/\/www.garagemania.ch\/fr\/produit\/dalles-orange-racedeck-gwe48org\/\" \/>\n<meta property=\"og:locale\" content=\"fr_FR\" \/>\n<meta property=\"og:type\" content=\"article\" \/>\n<meta property=\"og:title\" content=\"Dalles Orange RaceDeck\u00ae GWE48ORG - Garage Mania\" \/>\n<meta property=\"og:description\" content=\"Avec les dalles de sol de garage Diamond Orange de RaceDeck\u00ae Garage Mania, vous rendrez votre sol de garage unique et moderne\" \/>\n<meta property=\"og:url\" content=\"https:\/\/www.garagemania.ch\/fr\/produit\/dalles-orange-racedeck-gwe48org\/\" \/>\n<meta property=\"og:site_name\" content=\"Garage Mania\" \/>\n<meta property=\"article:publisher\" content=\"https:\/\/www.facebook.com\/garagemania.it\/\" \/>\n<meta property=\"article:modified_time\" content=\"2024-11-02T11:32:10+00:00\" \/>\n<meta property=\"og:image\" content=\"https:\/\/www.garagemania.ch\/wp-content\/uploads\/2021\/06\/Pavimento-Garage-Mania-arancione.jpg\" \/>\n<meta name=\"twitter:card\" content=\"summary_large_image\" \/>\n<meta name=\"twitter:title\" content=\"Dalles Orange RaceDeck\u00ae GWE48ORG - Garage Mania\" \/>\n<meta name=\"twitter:description\" content=\"Avec les dalles de sol de garage Diamond Orange de RaceDeck\u00ae Garage Mania, vous rendrez votre sol de garage unique et moderne\" \/>\n<meta name=\"twitter:label1\" content=\"Dur\u00e9e de lecture estim\u00e9e\" \/>\n\t<meta name=\"twitter:data1\" content=\"1 minute\" \/>\n<script type=\"application\/ld+json\" class=\"yoast-schema-graph\">{\"@context\":\"https:\\\/\\\/schema.org\",\"@graph\":[{\"@type\":\"WebPage\",\"@id\":\"https:\\\/\\\/www.garagemania.ch\\\/fr\\\/produit\\\/dalles-orange-racedeck-gwe48org\\\/\",\"url\":\"https:\\\/\\\/www.garagemania.ch\\\/fr\\\/produit\\\/dalles-orange-racedeck-gwe48org\\\/\",\"name\":\"Dalles Orange RaceDeck\u00ae GWE48ORG - Garage Mania\",\"isPartOf\":{\"@id\":\"https:\\\/\\\/www.garagemania.ch\\\/fr\\\/#website\"},\"primaryImageOfPage\":{\"@id\":\"https:\\\/\\\/www.garagemania.ch\\\/fr\\\/produit\\\/dalles-orange-racedeck-gwe48org\\\/#primaryimage\"},\"image\":{\"@id\":\"https:\\\/\\\/www.garagemania.ch\\\/fr\\\/produit\\\/dalles-orange-racedeck-gwe48org\\\/#primaryimage\"},\"thumbnailUrl\":\"https:\\\/\\\/www.garagemania.ch\\\/wp-content\\\/uploads\\\/2021\\\/06\\\/Piastrella-Pavimento-Diamond-Orange-GWE48ORG.jpg\",\"datePublished\":\"2021-06-07T15:02:11+00:00\",\"dateModified\":\"2024-11-02T11:32:10+00:00\",\"description\":\"Avec les dalles de sol de garage Diamond Orange de RaceDeck\u00ae Garage Mania, vous rendrez votre sol de garage unique et moderne\",\"breadcrumb\":{\"@id\":\"https:\\\/\\\/www.garagemania.ch\\\/fr\\\/produit\\\/dalles-orange-racedeck-gwe48org\\\/#breadcrumb\"},\"inLanguage\":\"fr-FR\",\"potentialAction\":[{\"@type\":\"ReadAction\",\"target\":[\"https:\\\/\\\/www.garagemania.ch\\\/fr\\\/produit\\\/dalles-orange-racedeck-gwe48org\\\/\"]}]},{\"@type\":\"ImageObject\",\"inLanguage\":\"fr-FR\",\"@id\":\"https:\\\/\\\/www.garagemania.ch\\\/fr\\\/produit\\\/dalles-orange-racedeck-gwe48org\\\/#primaryimage\",\"url\":\"https:\\\/\\\/www.garagemania.ch\\\/wp-content\\\/uploads\\\/2021\\\/06\\\/Piastrella-Pavimento-Diamond-Orange-GWE48ORG.jpg\",\"contentUrl\":\"https:\\\/\\\/www.garagemania.ch\\\/wp-content\\\/uploads\\\/2021\\\/06\\\/Piastrella-Pavimento-Diamond-Orange-GWE48ORG.jpg\",\"width\":700,\"height\":700,\"caption\":\"Dalles Diamond Orange GWE48ORG\"},{\"@type\":\"BreadcrumbList\",\"@id\":\"https:\\\/\\\/www.garagemania.ch\\\/fr\\\/produit\\\/dalles-orange-racedeck-gwe48org\\\/#breadcrumb\",\"itemListElement\":[{\"@type\":\"ListItem\",\"position\":1,\"name\":\"Home\",\"item\":\"https:\\\/\\\/www.garagemania.ch\\\/fr\\\/homepage\\\/\"},{\"@type\":\"ListItem\",\"position\":2,\"name\":\"Shop\",\"item\":\"https:\\\/\\\/www.garagemania.ch\\\/fr\\\/page-shop-pour-les-rangements-garage-de-chez-garage-mania\\\/\"},{\"@type\":\"ListItem\",\"position\":3,\"name\":\"Dalles Diamond Orange GWE48ORG RaceDeck\u00ae (Pack 48 pz. Mq 4,47)\"}]},{\"@type\":\"WebSite\",\"@id\":\"https:\\\/\\\/www.garagemania.ch\\\/fr\\\/#website\",\"url\":\"https:\\\/\\\/www.garagemania.ch\\\/fr\\\/\",\"name\":\"Garage Mania\",\"description\":\"Il luogo ideale per tutti coloro che vogliono un garage super esclusivo\",\"publisher\":{\"@id\":\"https:\\\/\\\/www.garagemania.ch\\\/fr\\\/#organization\"},\"potentialAction\":[{\"@type\":\"SearchAction\",\"target\":{\"@type\":\"EntryPoint\",\"urlTemplate\":\"https:\\\/\\\/www.garagemania.ch\\\/fr\\\/?s={search_term_string}\"},\"query-input\":{\"@type\":\"PropertyValueSpecification\",\"valueRequired\":true,\"valueName\":\"search_term_string\"}}],\"inLanguage\":\"fr-FR\"},{\"@type\":\"Organization\",\"@id\":\"https:\\\/\\\/www.garagemania.ch\\\/fr\\\/#organization\",\"name\":\"GLADIATOR WORX SAGL\",\"url\":\"https:\\\/\\\/www.garagemania.ch\\\/fr\\\/\",\"logo\":{\"@type\":\"ImageObject\",\"inLanguage\":\"fr-FR\",\"@id\":\"https:\\\/\\\/www.garagemania.ch\\\/fr\\\/#\\\/schema\\\/logo\\\/image\\\/\",\"url\":\"https:\\\/\\\/www.garagemania.ch\\\/wp-content\\\/uploads\\\/2021\\\/03\\\/Logo-Garage-Mania.png\",\"contentUrl\":\"https:\\\/\\\/www.garagemania.ch\\\/wp-content\\\/uploads\\\/2021\\\/03\\\/Logo-Garage-Mania.png\",\"width\":300,\"height\":282,\"caption\":\"GLADIATOR WORX SAGL\"},\"image\":{\"@id\":\"https:\\\/\\\/www.garagemania.ch\\\/fr\\\/#\\\/schema\\\/logo\\\/image\\\/\"},\"sameAs\":[\"https:\\\/\\\/www.facebook.com\\\/garagemania.it\\\/\",\"https:\\\/\\\/www.instagram.com\\\/garagemania.it\\\/\"]}]}<\/script>\n<!-- \/ Yoast SEO Premium plugin. -->","yoast_head_json":{"title":"Dalles Orange RaceDeck\u00ae GWE48ORG - Garage Mania","description":"Avec les dalles de sol de garage Diamond Orange de RaceDeck\u00ae Garage Mania, vous rendrez votre sol de garage unique et moderne","robots":{"index":"index","follow":"follow","max-snippet":"max-snippet:-1","max-image-preview":"max-image-preview:large","max-video-preview":"max-video-preview:-1"},"canonical":"https:\/\/www.garagemania.ch\/fr\/produit\/dalles-orange-racedeck-gwe48org\/","og_locale":"fr_FR","og_type":"article","og_title":"Dalles Orange RaceDeck\u00ae GWE48ORG - Garage Mania","og_description":"Avec les dalles de sol de garage Diamond Orange de RaceDeck\u00ae Garage Mania, vous rendrez votre sol de garage unique et moderne","og_url":"https:\/\/www.garagemania.ch\/fr\/produit\/dalles-orange-racedeck-gwe48org\/","og_site_name":"Garage Mania","article_publisher":"https:\/\/www.facebook.com\/garagemania.it\/","article_modified_time":"2024-11-02T11:32:10+00:00","og_image":[{"url":"https:\/\/www.garagemania.ch\/wp-content\/uploads\/2021\/06\/Pavimento-Garage-Mania-arancione.jpg","type":"","width":"","height":""}],"twitter_card":"summary_large_image","twitter_title":"Dalles Orange RaceDeck\u00ae GWE48ORG - Garage Mania","twitter_description":"Avec les dalles de sol de garage Diamond Orange de RaceDeck\u00ae Garage Mania, vous rendrez votre sol de garage unique et moderne","twitter_misc":{"Dur\u00e9e de lecture estim\u00e9e":"1 minute"},"schema":{"@context":"https:\/\/schema.org","@graph":[{"@type":"WebPage","@id":"https:\/\/www.garagemania.ch\/fr\/produit\/dalles-orange-racedeck-gwe48org\/","url":"https:\/\/www.garagemania.ch\/fr\/produit\/dalles-orange-racedeck-gwe48org\/","name":"Dalles Orange RaceDeck\u00ae GWE48ORG - Garage Mania","isPartOf":{"@id":"https:\/\/www.garagemania.ch\/fr\/#website"},"primaryImageOfPage":{"@id":"https:\/\/www.garagemania.ch\/fr\/produit\/dalles-orange-racedeck-gwe48org\/#primaryimage"},"image":{"@id":"https:\/\/www.garagemania.ch\/fr\/produit\/dalles-orange-racedeck-gwe48org\/#primaryimage"},"thumbnailUrl":"https:\/\/www.garagemania.ch\/wp-content\/uploads\/2021\/06\/Piastrella-Pavimento-Diamond-Orange-GWE48ORG.jpg","datePublished":"2021-06-07T15:02:11+00:00","dateModified":"2024-11-02T11:32:10+00:00","description":"Avec les dalles de sol de garage Diamond Orange de RaceDeck\u00ae Garage Mania, vous rendrez votre sol de garage unique et moderne","breadcrumb":{"@id":"https:\/\/www.garagemania.ch\/fr\/produit\/dalles-orange-racedeck-gwe48org\/#breadcrumb"},"inLanguage":"fr-FR","potentialAction":[{"@type":"ReadAction","target":["https:\/\/www.garagemania.ch\/fr\/produit\/dalles-orange-racedeck-gwe48org\/"]}]},{"@type":"ImageObject","inLanguage":"fr-FR","@id":"https:\/\/www.garagemania.ch\/fr\/produit\/dalles-orange-racedeck-gwe48org\/#primaryimage","url":"https:\/\/www.garagemania.ch\/wp-content\/uploads\/2021\/06\/Piastrella-Pavimento-Diamond-Orange-GWE48ORG.jpg","contentUrl":"https:\/\/www.garagemania.ch\/wp-content\/uploads\/2021\/06\/Piastrella-Pavimento-Diamond-Orange-GWE48ORG.jpg","width":700,"height":700,"caption":"Dalles Diamond Orange GWE48ORG"},{"@type":"BreadcrumbList","@id":"https:\/\/www.garagemania.ch\/fr\/produit\/dalles-orange-racedeck-gwe48org\/#breadcrumb","itemListElement":[{"@type":"ListItem","position":1,"name":"Home","item":"https:\/\/www.garagemania.ch\/fr\/homepage\/"},{"@type":"ListItem","position":2,"name":"Shop","item":"https:\/\/www.garagemania.ch\/fr\/page-shop-pour-les-rangements-garage-de-chez-garage-mania\/"},{"@type":"ListItem","position":3,"name":"Dalles Diamond Orange GWE48ORG RaceDeck\u00ae (Pack 48 pz. Mq 4,47)"}]},{"@type":"WebSite","@id":"https:\/\/www.garagemania.ch\/fr\/#website","url":"https:\/\/www.garagemania.ch\/fr\/","name":"Garage Mania","description":"Il luogo ideale per tutti coloro che vogliono un garage super esclusivo","publisher":{"@id":"https:\/\/www.garagemania.ch\/fr\/#organization"},"potentialAction":[{"@type":"SearchAction","target":{"@type":"EntryPoint","urlTemplate":"https:\/\/www.garagemania.ch\/fr\/?s={search_term_string}"},"query-input":{"@type":"PropertyValueSpecification","valueRequired":true,"valueName":"search_term_string"}}],"inLanguage":"fr-FR"},{"@type":"Organization","@id":"https:\/\/www.garagemania.ch\/fr\/#organization","name":"GLADIATOR WORX SAGL","url":"https:\/\/www.garagemania.ch\/fr\/","logo":{"@type":"ImageObject","inLanguage":"fr-FR","@id":"https:\/\/www.garagemania.ch\/fr\/#\/schema\/logo\/image\/","url":"https:\/\/www.garagemania.ch\/wp-content\/uploads\/2021\/03\/Logo-Garage-Mania.png","contentUrl":"https:\/\/www.garagemania.ch\/wp-content\/uploads\/2021\/03\/Logo-Garage-Mania.png","width":300,"height":282,"caption":"GLADIATOR WORX SAGL"},"image":{"@id":"https:\/\/www.garagemania.ch\/fr\/#\/schema\/logo\/image\/"},"sameAs":["https:\/\/www.facebook.com\/garagemania.it\/","https:\/\/www.instagram.com\/garagemania.it\/"]}]}},"_links":{"self":[{"href":"https:\/\/www.garagemania.ch\/fr\/wp-json\/wp\/v2\/product\/7017","targetHints":{"allow":["GET"]}}],"collection":[{"href":"https:\/\/www.garagemania.ch\/fr\/wp-json\/wp\/v2\/product"}],"about":[{"href":"https:\/\/www.garagemania.ch\/fr\/wp-json\/wp\/v2\/types\/product"}],"replies":[{"embeddable":true,"href":"https:\/\/www.garagemania.ch\/fr\/wp-json\/wp\/v2\/comments?post=7017"}],"version-history":[{"count":6,"href":"https:\/\/www.garagemania.ch\/fr\/wp-json\/wp\/v2\/product\/7017\/revisions"}],"predecessor-version":[{"id":15768,"href":"https:\/\/www.garagemania.ch\/fr\/wp-json\/wp\/v2\/product\/7017\/revisions\/15768"}],"wp:featuredmedia":[{"embeddable":true,"href":"https:\/\/www.garagemania.ch\/fr\/wp-json\/wp\/v2\/media\/4068"}],"wp:attachment":[{"href":"https:\/\/www.garagemania.ch\/fr\/wp-json\/wp\/v2\/media?parent=7017"}],"wp:term":[{"taxonomy":"product_brand","embeddable":true,"href":"https:\/\/www.garagemania.ch\/fr\/wp-json\/wp\/v2\/product_brand?post=7017"},{"taxonomy":"product_cat","embeddable":true,"href":"https:\/\/www.garagemania.ch\/fr\/wp-json\/wp\/v2\/product_cat?post=7017"},{"taxonomy":"product_tag","embeddable":true,"href":"https:\/\/www.garagemania.ch\/fr\/wp-json\/wp\/v2\/product_tag?post=7017"}],"curies":[{"name":"wp","href":"https:\/\/api.w.org\/{rel}","templated":true}]}}