{"id":7031,"date":"2021-04-20T14:37:41","date_gmt":"2021-04-20T12:37:41","guid":{"rendered":"https:\/\/www.garagemania.ch\/prodotto\/bordures-de-finition-emboitable-anthracite-racedeck-male-e3fblk22k\/"},"modified":"2024-02-01T18:09:22","modified_gmt":"2024-02-01T17:09:22","slug":"bordures-de-finition-emboitable-anthracite-racedeck-male-e3fblk22k","status":"publish","type":"product","link":"https:\/\/www.garagemania.ch\/fr\/produit\/bordures-de-finition-emboitable-anthracite-racedeck-male-e3fblk22k\/","title":{"rendered":"Bordures de finition Femelle  E3FBLK22K RaceDeck\u00ae"},"content":{"rendered":"","protected":false},"excerpt":{"rendered":"<p>Bordures de finition M\u00e2les E3FBLK22K Garage Mania.<\/p>\n<p>Mod\u00e8le M\u00e2le E3FBLK22K. Couleur noir.<\/p>\n<p>Des bordures \u00e0 embo\u00eeter pour une finition parfaite de votre sol ! Le colis comporte 20 pi\u00e8ces 30,5 x 7,5 cm et 2 angles.<\/p>\n<p>D\u00e9couvrez la gamme RaceDeck\u00ae, vendue en exclusivit\u00e9 par Garage Mania en Suisse et en Italie\u00a0 !<\/p>\n","protected":false},"featured_media":7032,"comment_status":"open","ping_status":"closed","template":"","meta":{"site-sidebar-layout":"default","site-content-layout":"default","ast-site-content-layout":"default","site-content-style":"default","site-sidebar-style":"default","ast-global-header-display":"","ast-banner-title-visibility":"","ast-main-header-display":"","ast-hfb-above-header-display":"","ast-hfb-below-header-display":"","ast-hfb-mobile-header-display":"","site-post-title":"","ast-breadcrumbs-content":"","ast-featured-img":"","footer-sml-layout":"","ast-disable-related-posts":"","theme-transparent-header-meta":"default","adv-header-id-meta":"","stick-header-meta":"","header-above-stick-meta":"","header-main-stick-meta":"","header-below-stick-meta":"","astra-migrate-meta-layouts":"set","ast-page-background-enabled":"default","ast-page-background-meta":{"desktop":{"background-color":"","background-image":"","background-repeat":"repeat","background-position":"center center","background-size":"auto","background-attachment":"scroll","background-type":"","background-media":"","overlay-type":"","overlay-color":"","overlay-opacity":"","overlay-gradient":""},"tablet":{"background-color":"","background-image":"","background-repeat":"repeat","background-position":"center center","background-size":"auto","background-attachment":"scroll","background-type":"","background-media":"","overlay-type":"","overlay-color":"","overlay-opacity":"","overlay-gradient":""},"mobile":{"background-color":"","background-image":"","background-repeat":"repeat","background-position":"center center","background-size":"auto","background-attachment":"scroll","background-type":"","background-media":"","overlay-type":"","overlay-color":"","overlay-opacity":"","overlay-gradient":""}},"ast-content-background-meta":{"desktop":{"background-color":"var(--ast-global-color-5)","background-image":"","background-repeat":"repeat","background-position":"center center","background-size":"auto","background-attachment":"scroll","background-type":"","background-media":"","overlay-type":"","overlay-color":"","overlay-opacity":"","overlay-gradient":""},"tablet":{"background-color":"var(--ast-global-color-5)","background-image":"","background-repeat":"repeat","background-position":"center center","background-size":"auto","background-attachment":"scroll","background-type":"","background-media":"","overlay-type":"","overlay-color":"","overlay-opacity":"","overlay-gradient":""},"mobile":{"background-color":"var(--ast-global-color-5)","background-image":"","background-repeat":"repeat","background-position":"center center","background-size":"auto","background-attachment":"scroll","background-type":"","background-media":"","overlay-type":"","overlay-color":"","overlay-opacity":"","overlay-gradient":""}}},"product_brand":[],"product_cat":[684],"product_tag":[512,685,686],"class_list":{"0":"post-7031","1":"product","2":"type-product","3":"status-publish","4":"has-post-thumbnail","6":"product_cat-dalles-de-sol","7":"product_tag-au-sol","8":"product_tag-dalle","9":"product_tag-racedeck-fr","10":"desktop-align-center","11":"tablet-align-center","12":"mobile-align-center","13":"ast-product-gallery-layout-horizontal-slider","14":"ast-magnify-disabled","15":"ast-qv-on-image","17":"first","18":"onbackorder","19":"taxable","20":"shipping-taxable","21":"purchasable","22":"product-type-simple"},"bundled_by":[],"bundle_stock_status":"onbackorder","bundle_stock_quantity":null,"bundle_virtual":false,"bundle_layout":"","bundle_add_to_cart_form_location":"","bundle_editable_in_cart":false,"bundle_sold_individually_context":"","bundle_item_grouping":"","bundle_min_size":"","bundle_max_size":"","bundle_price":[],"bundled_items":[],"bundle_sell_ids":[],"yoast_head":"<!-- This site is optimized with the Yoast SEO Premium plugin v27.4 (Yoast SEO v27.4) - https:\/\/yoast.com\/product\/yoast-seo-premium-wordpress\/ -->\n<title>Bordures de finition embo\u00eetable Male RaceDeck\u00ae<\/title>\n<meta name=\"description\" content=\"Utilisez le bordures de finition RaceDeck pour le sol du garage. Ordre et qualit\u00e8 dans votre environnement de travail\" \/>\n<meta name=\"robots\" content=\"index, follow, max-snippet:-1, max-image-preview:large, max-video-preview:-1\" \/>\n<link rel=\"canonical\" href=\"https:\/\/www.garagemania.ch\/fr\/produit\/bordures-de-finition-emboitable-anthracite-racedeck-male-e3fblk22k\/\" \/>\n<meta property=\"og:locale\" content=\"fr_FR\" \/>\n<meta property=\"og:type\" content=\"article\" \/>\n<meta property=\"og:title\" content=\"Bordures de finition embo\u00eetable Male RaceDeck\u00ae\" \/>\n<meta property=\"og:description\" content=\"Utilisez le bordures de finition RaceDeck pour le sol du garage. Ordre et qualit\u00e8 dans votre environnement de travail\" \/>\n<meta property=\"og:url\" content=\"https:\/\/www.garagemania.ch\/fr\/produit\/bordures-de-finition-emboitable-anthracite-racedeck-male-e3fblk22k\/\" \/>\n<meta property=\"og:site_name\" content=\"Garage Mania\" \/>\n<meta property=\"article:publisher\" content=\"https:\/\/www.facebook.com\/garagemania.it\/\" \/>\n<meta property=\"article:modified_time\" content=\"2024-02-01T17:09:22+00:00\" \/>\n<meta property=\"og:image\" content=\"https:\/\/www.garagemania.ch\/wp-content\/uploads\/2021\/04\/PROFILO-PERIMETRALE-PAVIMENTO-GARAGE-MANIA.jpg\" \/>\n<meta name=\"twitter:card\" content=\"summary_large_image\" \/>\n<meta name=\"twitter:title\" content=\"Bordures de finition embo\u00eetable Male RaceDeck\u00ae\" \/>\n<meta name=\"twitter:description\" content=\"Utilisez le bordures de finition RaceDeck pour le sol du garage. Ordre et qualit\u00e8 dans votre environnement de travail\" \/>\n<meta name=\"twitter:label1\" content=\"Dur\u00e9e de lecture estim\u00e9e\" \/>\n\t<meta name=\"twitter:data1\" content=\"1 minute\" \/>\n<script type=\"application\/ld+json\" class=\"yoast-schema-graph\">{\"@context\":\"https:\\\/\\\/schema.org\",\"@graph\":[{\"@type\":\"WebPage\",\"@id\":\"https:\\\/\\\/www.garagemania.ch\\\/fr\\\/produit\\\/bordures-de-finition-emboitable-anthracite-racedeck-male-e3fblk22k\\\/\",\"url\":\"https:\\\/\\\/www.garagemania.ch\\\/fr\\\/produit\\\/bordures-de-finition-emboitable-anthracite-racedeck-male-e3fblk22k\\\/\",\"name\":\"Bordures de finition embo\u00eetable Male RaceDeck\u00ae\",\"isPartOf\":{\"@id\":\"https:\\\/\\\/www.garagemania.ch\\\/fr\\\/#website\"},\"primaryImageOfPage\":{\"@id\":\"https:\\\/\\\/www.garagemania.ch\\\/fr\\\/produit\\\/bordures-de-finition-emboitable-anthracite-racedeck-male-e3fblk22k\\\/#primaryimage\"},\"image\":{\"@id\":\"https:\\\/\\\/www.garagemania.ch\\\/fr\\\/produit\\\/bordures-de-finition-emboitable-anthracite-racedeck-male-e3fblk22k\\\/#primaryimage\"},\"thumbnailUrl\":\"https:\\\/\\\/www.garagemania.ch\\\/wp-content\\\/uploads\\\/2021\\\/04\\\/E3FBLK22K-PROFILO-PERIMETRALE-PAVIMENTO-ANTRACITE.jpg\",\"datePublished\":\"2021-04-20T12:37:41+00:00\",\"dateModified\":\"2024-02-01T17:09:22+00:00\",\"description\":\"Utilisez le bordures de finition RaceDeck pour le sol du garage. Ordre et qualit\u00e8 dans votre environnement de travail\",\"breadcrumb\":{\"@id\":\"https:\\\/\\\/www.garagemania.ch\\\/fr\\\/produit\\\/bordures-de-finition-emboitable-anthracite-racedeck-male-e3fblk22k\\\/#breadcrumb\"},\"inLanguage\":\"fr-FR\",\"potentialAction\":[{\"@type\":\"ReadAction\",\"target\":[\"https:\\\/\\\/www.garagemania.ch\\\/fr\\\/produit\\\/bordures-de-finition-emboitable-anthracite-racedeck-male-e3fblk22k\\\/\"]}]},{\"@type\":\"ImageObject\",\"inLanguage\":\"fr-FR\",\"@id\":\"https:\\\/\\\/www.garagemania.ch\\\/fr\\\/produit\\\/bordures-de-finition-emboitable-anthracite-racedeck-male-e3fblk22k\\\/#primaryimage\",\"url\":\"https:\\\/\\\/www.garagemania.ch\\\/wp-content\\\/uploads\\\/2021\\\/04\\\/E3FBLK22K-PROFILO-PERIMETRALE-PAVIMENTO-ANTRACITE.jpg\",\"contentUrl\":\"https:\\\/\\\/www.garagemania.ch\\\/wp-content\\\/uploads\\\/2021\\\/04\\\/E3FBLK22K-PROFILO-PERIMETRALE-PAVIMENTO-ANTRACITE.jpg\",\"width\":700,\"height\":700,\"caption\":\"E3FBLK22K BORDURES DE FINITION NOIR\"},{\"@type\":\"BreadcrumbList\",\"@id\":\"https:\\\/\\\/www.garagemania.ch\\\/fr\\\/produit\\\/bordures-de-finition-emboitable-anthracite-racedeck-male-e3fblk22k\\\/#breadcrumb\",\"itemListElement\":[{\"@type\":\"ListItem\",\"position\":1,\"name\":\"Home\",\"item\":\"https:\\\/\\\/www.garagemania.ch\\\/fr\\\/homepage\\\/\"},{\"@type\":\"ListItem\",\"position\":2,\"name\":\"Shop\",\"item\":\"https:\\\/\\\/www.garagemania.ch\\\/fr\\\/page-shop-pour-les-rangements-garage-de-chez-garage-mania\\\/\"},{\"@type\":\"ListItem\",\"position\":3,\"name\":\"Bordures de finition Femelle E3FBLK22K RaceDeck\u00ae\"}]},{\"@type\":\"WebSite\",\"@id\":\"https:\\\/\\\/www.garagemania.ch\\\/fr\\\/#website\",\"url\":\"https:\\\/\\\/www.garagemania.ch\\\/fr\\\/\",\"name\":\"Garage Mania\",\"description\":\"Il luogo ideale per tutti coloro che vogliono un garage super esclusivo\",\"publisher\":{\"@id\":\"https:\\\/\\\/www.garagemania.ch\\\/fr\\\/#organization\"},\"potentialAction\":[{\"@type\":\"SearchAction\",\"target\":{\"@type\":\"EntryPoint\",\"urlTemplate\":\"https:\\\/\\\/www.garagemania.ch\\\/fr\\\/?s={search_term_string}\"},\"query-input\":{\"@type\":\"PropertyValueSpecification\",\"valueRequired\":true,\"valueName\":\"search_term_string\"}}],\"inLanguage\":\"fr-FR\"},{\"@type\":\"Organization\",\"@id\":\"https:\\\/\\\/www.garagemania.ch\\\/fr\\\/#organization\",\"name\":\"GLADIATOR WORX SAGL\",\"url\":\"https:\\\/\\\/www.garagemania.ch\\\/fr\\\/\",\"logo\":{\"@type\":\"ImageObject\",\"inLanguage\":\"fr-FR\",\"@id\":\"https:\\\/\\\/www.garagemania.ch\\\/fr\\\/#\\\/schema\\\/logo\\\/image\\\/\",\"url\":\"https:\\\/\\\/www.garagemania.ch\\\/wp-content\\\/uploads\\\/2021\\\/03\\\/Logo-Garage-Mania.png\",\"contentUrl\":\"https:\\\/\\\/www.garagemania.ch\\\/wp-content\\\/uploads\\\/2021\\\/03\\\/Logo-Garage-Mania.png\",\"width\":300,\"height\":282,\"caption\":\"GLADIATOR WORX SAGL\"},\"image\":{\"@id\":\"https:\\\/\\\/www.garagemania.ch\\\/fr\\\/#\\\/schema\\\/logo\\\/image\\\/\"},\"sameAs\":[\"https:\\\/\\\/www.facebook.com\\\/garagemania.it\\\/\",\"https:\\\/\\\/www.instagram.com\\\/garagemania.it\\\/\"]}]}<\/script>\n<!-- \/ Yoast SEO Premium plugin. -->","yoast_head_json":{"title":"Bordures de finition embo\u00eetable Male RaceDeck\u00ae","description":"Utilisez le bordures de finition RaceDeck pour le sol du garage. Ordre et qualit\u00e8 dans votre environnement de travail","robots":{"index":"index","follow":"follow","max-snippet":"max-snippet:-1","max-image-preview":"max-image-preview:large","max-video-preview":"max-video-preview:-1"},"canonical":"https:\/\/www.garagemania.ch\/fr\/produit\/bordures-de-finition-emboitable-anthracite-racedeck-male-e3fblk22k\/","og_locale":"fr_FR","og_type":"article","og_title":"Bordures de finition embo\u00eetable Male RaceDeck\u00ae","og_description":"Utilisez le bordures de finition RaceDeck pour le sol du garage. Ordre et qualit\u00e8 dans votre environnement de travail","og_url":"https:\/\/www.garagemania.ch\/fr\/produit\/bordures-de-finition-emboitable-anthracite-racedeck-male-e3fblk22k\/","og_site_name":"Garage Mania","article_publisher":"https:\/\/www.facebook.com\/garagemania.it\/","article_modified_time":"2024-02-01T17:09:22+00:00","og_image":[{"url":"https:\/\/www.garagemania.ch\/wp-content\/uploads\/2021\/04\/PROFILO-PERIMETRALE-PAVIMENTO-GARAGE-MANIA.jpg","type":"","width":"","height":""}],"twitter_card":"summary_large_image","twitter_title":"Bordures de finition embo\u00eetable Male RaceDeck\u00ae","twitter_description":"Utilisez le bordures de finition RaceDeck pour le sol du garage. Ordre et qualit\u00e8 dans votre environnement de travail","twitter_misc":{"Dur\u00e9e de lecture estim\u00e9e":"1 minute"},"schema":{"@context":"https:\/\/schema.org","@graph":[{"@type":"WebPage","@id":"https:\/\/www.garagemania.ch\/fr\/produit\/bordures-de-finition-emboitable-anthracite-racedeck-male-e3fblk22k\/","url":"https:\/\/www.garagemania.ch\/fr\/produit\/bordures-de-finition-emboitable-anthracite-racedeck-male-e3fblk22k\/","name":"Bordures de finition embo\u00eetable Male RaceDeck\u00ae","isPartOf":{"@id":"https:\/\/www.garagemania.ch\/fr\/#website"},"primaryImageOfPage":{"@id":"https:\/\/www.garagemania.ch\/fr\/produit\/bordures-de-finition-emboitable-anthracite-racedeck-male-e3fblk22k\/#primaryimage"},"image":{"@id":"https:\/\/www.garagemania.ch\/fr\/produit\/bordures-de-finition-emboitable-anthracite-racedeck-male-e3fblk22k\/#primaryimage"},"thumbnailUrl":"https:\/\/www.garagemania.ch\/wp-content\/uploads\/2021\/04\/E3FBLK22K-PROFILO-PERIMETRALE-PAVIMENTO-ANTRACITE.jpg","datePublished":"2021-04-20T12:37:41+00:00","dateModified":"2024-02-01T17:09:22+00:00","description":"Utilisez le bordures de finition RaceDeck pour le sol du garage. Ordre et qualit\u00e8 dans votre environnement de travail","breadcrumb":{"@id":"https:\/\/www.garagemania.ch\/fr\/produit\/bordures-de-finition-emboitable-anthracite-racedeck-male-e3fblk22k\/#breadcrumb"},"inLanguage":"fr-FR","potentialAction":[{"@type":"ReadAction","target":["https:\/\/www.garagemania.ch\/fr\/produit\/bordures-de-finition-emboitable-anthracite-racedeck-male-e3fblk22k\/"]}]},{"@type":"ImageObject","inLanguage":"fr-FR","@id":"https:\/\/www.garagemania.ch\/fr\/produit\/bordures-de-finition-emboitable-anthracite-racedeck-male-e3fblk22k\/#primaryimage","url":"https:\/\/www.garagemania.ch\/wp-content\/uploads\/2021\/04\/E3FBLK22K-PROFILO-PERIMETRALE-PAVIMENTO-ANTRACITE.jpg","contentUrl":"https:\/\/www.garagemania.ch\/wp-content\/uploads\/2021\/04\/E3FBLK22K-PROFILO-PERIMETRALE-PAVIMENTO-ANTRACITE.jpg","width":700,"height":700,"caption":"E3FBLK22K BORDURES DE FINITION NOIR"},{"@type":"BreadcrumbList","@id":"https:\/\/www.garagemania.ch\/fr\/produit\/bordures-de-finition-emboitable-anthracite-racedeck-male-e3fblk22k\/#breadcrumb","itemListElement":[{"@type":"ListItem","position":1,"name":"Home","item":"https:\/\/www.garagemania.ch\/fr\/homepage\/"},{"@type":"ListItem","position":2,"name":"Shop","item":"https:\/\/www.garagemania.ch\/fr\/page-shop-pour-les-rangements-garage-de-chez-garage-mania\/"},{"@type":"ListItem","position":3,"name":"Bordures de finition Femelle E3FBLK22K RaceDeck\u00ae"}]},{"@type":"WebSite","@id":"https:\/\/www.garagemania.ch\/fr\/#website","url":"https:\/\/www.garagemania.ch\/fr\/","name":"Garage Mania","description":"Il luogo ideale per tutti coloro che vogliono un garage super esclusivo","publisher":{"@id":"https:\/\/www.garagemania.ch\/fr\/#organization"},"potentialAction":[{"@type":"SearchAction","target":{"@type":"EntryPoint","urlTemplate":"https:\/\/www.garagemania.ch\/fr\/?s={search_term_string}"},"query-input":{"@type":"PropertyValueSpecification","valueRequired":true,"valueName":"search_term_string"}}],"inLanguage":"fr-FR"},{"@type":"Organization","@id":"https:\/\/www.garagemania.ch\/fr\/#organization","name":"GLADIATOR WORX SAGL","url":"https:\/\/www.garagemania.ch\/fr\/","logo":{"@type":"ImageObject","inLanguage":"fr-FR","@id":"https:\/\/www.garagemania.ch\/fr\/#\/schema\/logo\/image\/","url":"https:\/\/www.garagemania.ch\/wp-content\/uploads\/2021\/03\/Logo-Garage-Mania.png","contentUrl":"https:\/\/www.garagemania.ch\/wp-content\/uploads\/2021\/03\/Logo-Garage-Mania.png","width":300,"height":282,"caption":"GLADIATOR WORX SAGL"},"image":{"@id":"https:\/\/www.garagemania.ch\/fr\/#\/schema\/logo\/image\/"},"sameAs":["https:\/\/www.facebook.com\/garagemania.it\/","https:\/\/www.instagram.com\/garagemania.it\/"]}]}},"_links":{"self":[{"href":"https:\/\/www.garagemania.ch\/fr\/wp-json\/wp\/v2\/product\/7031","targetHints":{"allow":["GET"]}}],"collection":[{"href":"https:\/\/www.garagemania.ch\/fr\/wp-json\/wp\/v2\/product"}],"about":[{"href":"https:\/\/www.garagemania.ch\/fr\/wp-json\/wp\/v2\/types\/product"}],"replies":[{"embeddable":true,"href":"https:\/\/www.garagemania.ch\/fr\/wp-json\/wp\/v2\/comments?post=7031"}],"version-history":[{"count":6,"href":"https:\/\/www.garagemania.ch\/fr\/wp-json\/wp\/v2\/product\/7031\/revisions"}],"predecessor-version":[{"id":15002,"href":"https:\/\/www.garagemania.ch\/fr\/wp-json\/wp\/v2\/product\/7031\/revisions\/15002"}],"wp:featuredmedia":[{"embeddable":true,"href":"https:\/\/www.garagemania.ch\/fr\/wp-json\/wp\/v2\/media\/7032"}],"wp:attachment":[{"href":"https:\/\/www.garagemania.ch\/fr\/wp-json\/wp\/v2\/media?parent=7031"}],"wp:term":[{"taxonomy":"product_brand","embeddable":true,"href":"https:\/\/www.garagemania.ch\/fr\/wp-json\/wp\/v2\/product_brand?post=7031"},{"taxonomy":"product_cat","embeddable":true,"href":"https:\/\/www.garagemania.ch\/fr\/wp-json\/wp\/v2\/product_cat?post=7031"},{"taxonomy":"product_tag","embeddable":true,"href":"https:\/\/www.garagemania.ch\/fr\/wp-json\/wp\/v2\/product_tag?post=7031"}],"curies":[{"name":"wp","href":"https:\/\/api.w.org\/{rel}","templated":true}]}}