{"id":9591,"date":"2022-02-22T13:07:54","date_gmt":"2022-02-22T12:07:54","guid":{"rendered":"https:\/\/www.garagemania.ch\/?post_type=product&#038;p=9591"},"modified":"2024-10-22T17:16:09","modified_gmt":"2024-10-22T15:16:09","slug":"banc-de-rangement-chaussures-gagb54sbjg","status":"publish","type":"product","link":"https:\/\/www.garagemania.ch\/fr\/produit\/banc-de-rangement-chaussures-gagb54sbjg\/","title":{"rendered":"NEW Banc de rangement chaussures GAGB54SBJG 137 x 45 x 50 h"},"content":{"rendered":"","protected":false},"excerpt":{"rendered":"<p>Banc de rangement pour chaussures GAGB54SBJG Garage Mania.<\/p>\n<p>Capacit\u00e9 315 kg, 15 kg par \u00e9tag\u00e8re, 45 kg poids du banc.<\/p>\n<p>La caract\u00e9ristique de ce banc est la structure en acier robuste sur pieds r\u00e9glables, avec deux \u00e9tag\u00e8res internes et des portes coulissantes en m\u00e9tal.<\/p>\n<p>Gr\u00e2ce au plateau robuste et solide en bois massif, vous pouvez vous asseoir et ranger des objets sur le banc.<\/p>\n<p>Cadre en acier avec portes coulissantes pour ranger les chaussures et les produits de nettoyage.<\/p>\n<p>Assemblage rapide et facile.<\/p>\n<p>Notre service client est disponible pour vous proposer la solution la mieux adapt\u00e9e \u00e0 vos besoins.<\/p>\n","protected":false},"featured_media":9596,"comment_status":"open","ping_status":"closed","template":"","meta":{"site-sidebar-layout":"default","site-content-layout":"default","ast-site-content-layout":"default","site-content-style":"default","site-sidebar-style":"default","ast-global-header-display":"","ast-banner-title-visibility":"","ast-main-header-display":"","ast-hfb-above-header-display":"","ast-hfb-below-header-display":"","ast-hfb-mobile-header-display":"","site-post-title":"","ast-breadcrumbs-content":"","ast-featured-img":"","footer-sml-layout":"","ast-disable-related-posts":"","theme-transparent-header-meta":"default","adv-header-id-meta":"","stick-header-meta":"","header-above-stick-meta":"","header-main-stick-meta":"","header-below-stick-meta":"","astra-migrate-meta-layouts":"set","ast-page-background-enabled":"default","ast-page-background-meta":{"desktop":{"background-color":"","background-image":"","background-repeat":"repeat","background-position":"center center","background-size":"auto","background-attachment":"scroll","background-type":"","background-media":"","overlay-type":"","overlay-color":"","overlay-opacity":"","overlay-gradient":""},"tablet":{"background-color":"","background-image":"","background-repeat":"repeat","background-position":"center center","background-size":"auto","background-attachment":"scroll","background-type":"","background-media":"","overlay-type":"","overlay-color":"","overlay-opacity":"","overlay-gradient":""},"mobile":{"background-color":"","background-image":"","background-repeat":"repeat","background-position":"center center","background-size":"auto","background-attachment":"scroll","background-type":"","background-media":"","overlay-type":"","overlay-color":"","overlay-opacity":"","overlay-gradient":""}},"ast-content-background-meta":{"desktop":{"background-color":"var(--ast-global-color-5)","background-image":"","background-repeat":"repeat","background-position":"center center","background-size":"auto","background-attachment":"scroll","background-type":"","background-media":"","overlay-type":"","overlay-color":"","overlay-opacity":"","overlay-gradient":""},"tablet":{"background-color":"var(--ast-global-color-5)","background-image":"","background-repeat":"repeat","background-position":"center center","background-size":"auto","background-attachment":"scroll","background-type":"","background-media":"","overlay-type":"","overlay-color":"","overlay-opacity":"","overlay-gradient":""},"mobile":{"background-color":"var(--ast-global-color-5)","background-image":"","background-repeat":"repeat","background-position":"center center","background-size":"auto","background-attachment":"scroll","background-type":"","background-media":"","overlay-type":"","overlay-color":"","overlay-opacity":"","overlay-gradient":""}}},"product_brand":[],"product_cat":[511,452],"product_tag":[453,448,512,1092],"class_list":{"0":"post-9591","1":"product","2":"type-product","3":"status-publish","4":"has-post-thumbnail","6":"product_cat-armoires","7":"product_cat-petites-armoires","8":"product_tag-a-assembler","9":"product_tag-amenagement-garage","10":"product_tag-au-sol","11":"product_tag-gladiator-fr-2","12":"desktop-align-center","13":"tablet-align-center","14":"mobile-align-center","15":"ast-product-gallery-layout-horizontal-slider","16":"ast-magnify-disabled","17":"ast-qv-on-image","19":"first","20":"instock","21":"taxable","22":"shipping-taxable","23":"purchasable","24":"product-type-simple"},"bundled_by":[],"bundle_stock_status":"instock","bundle_stock_quantity":null,"bundle_virtual":false,"bundle_layout":"","bundle_add_to_cart_form_location":"","bundle_editable_in_cart":false,"bundle_sold_individually_context":"","bundle_item_grouping":"","bundle_min_size":"","bundle_max_size":"","bundle_price":[],"bundled_items":[],"bundle_sell_ids":[],"yoast_head":"<!-- This site is optimized with the Yoast SEO Premium plugin v27.5 (Yoast SEO v27.5) - https:\/\/yoast.com\/product\/yoast-seo-premium-wordpress\/ -->\n<title>Garage Mania | Banc de rangement chaussures GAGB54SBJG<\/title>\n<meta name=\"description\" content=\"Banc de rangement pour chaussures Gladiator de Garage Mania avec portes coulissantes en m\u00e9tal. Pour mieux organiser vos chaussures.\" \/>\n<meta name=\"robots\" content=\"index, follow, max-snippet:-1, max-image-preview:large, max-video-preview:-1\" \/>\n<link rel=\"canonical\" href=\"https:\/\/www.garagemania.ch\/fr\/produit\/banc-de-rangement-chaussures-gagb54sbjg\/\" \/>\n<meta property=\"og:locale\" content=\"fr_FR\" \/>\n<meta property=\"og:type\" content=\"article\" \/>\n<meta property=\"og:title\" content=\"Garage mania I Banc de rangement chaussures GAGB54SBJG\" \/>\n<meta property=\"og:description\" content=\"Garage Mania avec portes coulissantes en m\u00e9tal. Pour mieux organiser vos chaussures.\" \/>\n<meta property=\"og:url\" content=\"https:\/\/www.garagemania.ch\/fr\/produit\/banc-de-rangement-chaussures-gagb54sbjg\/\" \/>\n<meta property=\"og:site_name\" content=\"Garage Mania\" \/>\n<meta property=\"article:publisher\" content=\"https:\/\/www.facebook.com\/garagemania.it\/\" \/>\n<meta property=\"article:modified_time\" content=\"2024-10-22T15:16:09+00:00\" \/>\n<meta property=\"og:image\" content=\"https:\/\/www.garagemania.ch\/wp-content\/uploads\/2021\/05\/GALG36CKXG-1.jpg\" \/>\n<meta name=\"twitter:card\" content=\"summary_large_image\" \/>\n<meta name=\"twitter:title\" content=\"Garage mania I Banc de rangement chaussures GAGB54SBJG\" \/>\n<meta name=\"twitter:description\" content=\"Garage Mania avec portes coulissantes en m\u00e9tal. Pour mieux organiser vos chaussures.\" \/>\n<meta name=\"twitter:image\" content=\"https:\/\/www.garagemania.ch\/wp-content\/uploads\/2021\/05\/GALG36CKXG-1.jpg\" \/>\n<meta name=\"twitter:label1\" content=\"Dur\u00e9e de lecture estim\u00e9e\" \/>\n\t<meta name=\"twitter:data1\" content=\"1 minute\" \/>\n<script type=\"application\/ld+json\" class=\"yoast-schema-graph\">{\"@context\":\"https:\\\/\\\/schema.org\",\"@graph\":[{\"@type\":\"WebPage\",\"@id\":\"https:\\\/\\\/www.garagemania.ch\\\/fr\\\/produit\\\/banc-de-rangement-chaussures-gagb54sbjg\\\/\",\"url\":\"https:\\\/\\\/www.garagemania.ch\\\/fr\\\/produit\\\/banc-de-rangement-chaussures-gagb54sbjg\\\/\",\"name\":\"Garage Mania | Banc de rangement chaussures GAGB54SBJG\",\"isPartOf\":{\"@id\":\"https:\\\/\\\/www.garagemania.ch\\\/fr\\\/#website\"},\"primaryImageOfPage\":{\"@id\":\"https:\\\/\\\/www.garagemania.ch\\\/fr\\\/produit\\\/banc-de-rangement-chaussures-gagb54sbjg\\\/#primaryimage\"},\"image\":{\"@id\":\"https:\\\/\\\/www.garagemania.ch\\\/fr\\\/produit\\\/banc-de-rangement-chaussures-gagb54sbjg\\\/#primaryimage\"},\"thumbnailUrl\":\"https:\\\/\\\/www.garagemania.ch\\\/wp-content\\\/uploads\\\/2022\\\/02\\\/Panca-stoccaggio-scarpe-Gladiator-GAGB54SBJG-Garage-Mania.jpg\",\"datePublished\":\"2022-02-22T12:07:54+00:00\",\"dateModified\":\"2024-10-22T15:16:09+00:00\",\"description\":\"Banc de rangement pour chaussures Gladiator de Garage Mania avec portes coulissantes en m\u00e9tal. Pour mieux organiser vos chaussures.\",\"breadcrumb\":{\"@id\":\"https:\\\/\\\/www.garagemania.ch\\\/fr\\\/produit\\\/banc-de-rangement-chaussures-gagb54sbjg\\\/#breadcrumb\"},\"inLanguage\":\"fr-FR\",\"potentialAction\":[{\"@type\":\"ReadAction\",\"target\":[\"https:\\\/\\\/www.garagemania.ch\\\/fr\\\/produit\\\/banc-de-rangement-chaussures-gagb54sbjg\\\/\"]}]},{\"@type\":\"ImageObject\",\"inLanguage\":\"fr-FR\",\"@id\":\"https:\\\/\\\/www.garagemania.ch\\\/fr\\\/produit\\\/banc-de-rangement-chaussures-gagb54sbjg\\\/#primaryimage\",\"url\":\"https:\\\/\\\/www.garagemania.ch\\\/wp-content\\\/uploads\\\/2022\\\/02\\\/Panca-stoccaggio-scarpe-Gladiator-GAGB54SBJG-Garage-Mania.jpg\",\"contentUrl\":\"https:\\\/\\\/www.garagemania.ch\\\/wp-content\\\/uploads\\\/2022\\\/02\\\/Panca-stoccaggio-scarpe-Gladiator-GAGB54SBJG-Garage-Mania.jpg\",\"width\":700,\"height\":700,\"caption\":\"Banc de rangement chaussures Gladiator GAGB54SBJG Garage Mania\"},{\"@type\":\"BreadcrumbList\",\"@id\":\"https:\\\/\\\/www.garagemania.ch\\\/fr\\\/produit\\\/banc-de-rangement-chaussures-gagb54sbjg\\\/#breadcrumb\",\"itemListElement\":[{\"@type\":\"ListItem\",\"position\":1,\"name\":\"Home\",\"item\":\"https:\\\/\\\/www.garagemania.ch\\\/fr\\\/homepage\\\/\"},{\"@type\":\"ListItem\",\"position\":2,\"name\":\"Shop\",\"item\":\"https:\\\/\\\/www.garagemania.ch\\\/fr\\\/page-shop-pour-les-rangements-garage-de-chez-garage-mania\\\/\"},{\"@type\":\"ListItem\",\"position\":3,\"name\":\"NEW Banc de rangement chaussures GAGB54SBJG 137 x 45 x 50 h\"}]},{\"@type\":\"WebSite\",\"@id\":\"https:\\\/\\\/www.garagemania.ch\\\/fr\\\/#website\",\"url\":\"https:\\\/\\\/www.garagemania.ch\\\/fr\\\/\",\"name\":\"Garage Mania\",\"description\":\"Il luogo ideale per tutti coloro che vogliono un garage super esclusivo\",\"publisher\":{\"@id\":\"https:\\\/\\\/www.garagemania.ch\\\/fr\\\/#organization\"},\"potentialAction\":[{\"@type\":\"SearchAction\",\"target\":{\"@type\":\"EntryPoint\",\"urlTemplate\":\"https:\\\/\\\/www.garagemania.ch\\\/fr\\\/?s={search_term_string}\"},\"query-input\":{\"@type\":\"PropertyValueSpecification\",\"valueRequired\":true,\"valueName\":\"search_term_string\"}}],\"inLanguage\":\"fr-FR\"},{\"@type\":\"Organization\",\"@id\":\"https:\\\/\\\/www.garagemania.ch\\\/fr\\\/#organization\",\"name\":\"GLADIATOR WORX SAGL\",\"url\":\"https:\\\/\\\/www.garagemania.ch\\\/fr\\\/\",\"logo\":{\"@type\":\"ImageObject\",\"inLanguage\":\"fr-FR\",\"@id\":\"https:\\\/\\\/www.garagemania.ch\\\/fr\\\/#\\\/schema\\\/logo\\\/image\\\/\",\"url\":\"https:\\\/\\\/www.garagemania.ch\\\/wp-content\\\/uploads\\\/2021\\\/03\\\/Logo-Garage-Mania.png\",\"contentUrl\":\"https:\\\/\\\/www.garagemania.ch\\\/wp-content\\\/uploads\\\/2021\\\/03\\\/Logo-Garage-Mania.png\",\"width\":300,\"height\":282,\"caption\":\"GLADIATOR WORX SAGL\"},\"image\":{\"@id\":\"https:\\\/\\\/www.garagemania.ch\\\/fr\\\/#\\\/schema\\\/logo\\\/image\\\/\"},\"sameAs\":[\"https:\\\/\\\/www.facebook.com\\\/garagemania.it\\\/\",\"https:\\\/\\\/www.instagram.com\\\/garagemania.it\\\/\"]}]}<\/script>\n<!-- \/ Yoast SEO Premium plugin. -->","yoast_head_json":{"title":"Garage Mania | Banc de rangement chaussures GAGB54SBJG","description":"Banc de rangement pour chaussures Gladiator de Garage Mania avec portes coulissantes en m\u00e9tal. Pour mieux organiser vos chaussures.","robots":{"index":"index","follow":"follow","max-snippet":"max-snippet:-1","max-image-preview":"max-image-preview:large","max-video-preview":"max-video-preview:-1"},"canonical":"https:\/\/www.garagemania.ch\/fr\/produit\/banc-de-rangement-chaussures-gagb54sbjg\/","og_locale":"fr_FR","og_type":"article","og_title":"Garage mania I Banc de rangement chaussures GAGB54SBJG","og_description":"Garage Mania avec portes coulissantes en m\u00e9tal. Pour mieux organiser vos chaussures.","og_url":"https:\/\/www.garagemania.ch\/fr\/produit\/banc-de-rangement-chaussures-gagb54sbjg\/","og_site_name":"Garage Mania","article_publisher":"https:\/\/www.facebook.com\/garagemania.it\/","article_modified_time":"2024-10-22T15:16:09+00:00","og_image":[{"url":"https:\/\/www.garagemania.ch\/wp-content\/uploads\/2021\/05\/GALG36CKXG-1.jpg","type":"","width":"","height":""}],"twitter_card":"summary_large_image","twitter_title":"Garage mania I Banc de rangement chaussures GAGB54SBJG","twitter_description":"Garage Mania avec portes coulissantes en m\u00e9tal. Pour mieux organiser vos chaussures.","twitter_image":"https:\/\/www.garagemania.ch\/wp-content\/uploads\/2021\/05\/GALG36CKXG-1.jpg","twitter_misc":{"Dur\u00e9e de lecture estim\u00e9e":"1 minute"},"schema":{"@context":"https:\/\/schema.org","@graph":[{"@type":"WebPage","@id":"https:\/\/www.garagemania.ch\/fr\/produit\/banc-de-rangement-chaussures-gagb54sbjg\/","url":"https:\/\/www.garagemania.ch\/fr\/produit\/banc-de-rangement-chaussures-gagb54sbjg\/","name":"Garage Mania | Banc de rangement chaussures GAGB54SBJG","isPartOf":{"@id":"https:\/\/www.garagemania.ch\/fr\/#website"},"primaryImageOfPage":{"@id":"https:\/\/www.garagemania.ch\/fr\/produit\/banc-de-rangement-chaussures-gagb54sbjg\/#primaryimage"},"image":{"@id":"https:\/\/www.garagemania.ch\/fr\/produit\/banc-de-rangement-chaussures-gagb54sbjg\/#primaryimage"},"thumbnailUrl":"https:\/\/www.garagemania.ch\/wp-content\/uploads\/2022\/02\/Panca-stoccaggio-scarpe-Gladiator-GAGB54SBJG-Garage-Mania.jpg","datePublished":"2022-02-22T12:07:54+00:00","dateModified":"2024-10-22T15:16:09+00:00","description":"Banc de rangement pour chaussures Gladiator de Garage Mania avec portes coulissantes en m\u00e9tal. Pour mieux organiser vos chaussures.","breadcrumb":{"@id":"https:\/\/www.garagemania.ch\/fr\/produit\/banc-de-rangement-chaussures-gagb54sbjg\/#breadcrumb"},"inLanguage":"fr-FR","potentialAction":[{"@type":"ReadAction","target":["https:\/\/www.garagemania.ch\/fr\/produit\/banc-de-rangement-chaussures-gagb54sbjg\/"]}]},{"@type":"ImageObject","inLanguage":"fr-FR","@id":"https:\/\/www.garagemania.ch\/fr\/produit\/banc-de-rangement-chaussures-gagb54sbjg\/#primaryimage","url":"https:\/\/www.garagemania.ch\/wp-content\/uploads\/2022\/02\/Panca-stoccaggio-scarpe-Gladiator-GAGB54SBJG-Garage-Mania.jpg","contentUrl":"https:\/\/www.garagemania.ch\/wp-content\/uploads\/2022\/02\/Panca-stoccaggio-scarpe-Gladiator-GAGB54SBJG-Garage-Mania.jpg","width":700,"height":700,"caption":"Banc de rangement chaussures Gladiator GAGB54SBJG Garage Mania"},{"@type":"BreadcrumbList","@id":"https:\/\/www.garagemania.ch\/fr\/produit\/banc-de-rangement-chaussures-gagb54sbjg\/#breadcrumb","itemListElement":[{"@type":"ListItem","position":1,"name":"Home","item":"https:\/\/www.garagemania.ch\/fr\/homepage\/"},{"@type":"ListItem","position":2,"name":"Shop","item":"https:\/\/www.garagemania.ch\/fr\/page-shop-pour-les-rangements-garage-de-chez-garage-mania\/"},{"@type":"ListItem","position":3,"name":"NEW Banc de rangement chaussures GAGB54SBJG 137 x 45 x 50 h"}]},{"@type":"WebSite","@id":"https:\/\/www.garagemania.ch\/fr\/#website","url":"https:\/\/www.garagemania.ch\/fr\/","name":"Garage Mania","description":"Il luogo ideale per tutti coloro che vogliono un garage super esclusivo","publisher":{"@id":"https:\/\/www.garagemania.ch\/fr\/#organization"},"potentialAction":[{"@type":"SearchAction","target":{"@type":"EntryPoint","urlTemplate":"https:\/\/www.garagemania.ch\/fr\/?s={search_term_string}"},"query-input":{"@type":"PropertyValueSpecification","valueRequired":true,"valueName":"search_term_string"}}],"inLanguage":"fr-FR"},{"@type":"Organization","@id":"https:\/\/www.garagemania.ch\/fr\/#organization","name":"GLADIATOR WORX SAGL","url":"https:\/\/www.garagemania.ch\/fr\/","logo":{"@type":"ImageObject","inLanguage":"fr-FR","@id":"https:\/\/www.garagemania.ch\/fr\/#\/schema\/logo\/image\/","url":"https:\/\/www.garagemania.ch\/wp-content\/uploads\/2021\/03\/Logo-Garage-Mania.png","contentUrl":"https:\/\/www.garagemania.ch\/wp-content\/uploads\/2021\/03\/Logo-Garage-Mania.png","width":300,"height":282,"caption":"GLADIATOR WORX SAGL"},"image":{"@id":"https:\/\/www.garagemania.ch\/fr\/#\/schema\/logo\/image\/"},"sameAs":["https:\/\/www.facebook.com\/garagemania.it\/","https:\/\/www.instagram.com\/garagemania.it\/"]}]}},"_links":{"self":[{"href":"https:\/\/www.garagemania.ch\/fr\/wp-json\/wp\/v2\/product\/9591","targetHints":{"allow":["GET"]}}],"collection":[{"href":"https:\/\/www.garagemania.ch\/fr\/wp-json\/wp\/v2\/product"}],"about":[{"href":"https:\/\/www.garagemania.ch\/fr\/wp-json\/wp\/v2\/types\/product"}],"replies":[{"embeddable":true,"href":"https:\/\/www.garagemania.ch\/fr\/wp-json\/wp\/v2\/comments?post=9591"}],"version-history":[{"count":6,"href":"https:\/\/www.garagemania.ch\/fr\/wp-json\/wp\/v2\/product\/9591\/revisions"}],"predecessor-version":[{"id":15469,"href":"https:\/\/www.garagemania.ch\/fr\/wp-json\/wp\/v2\/product\/9591\/revisions\/15469"}],"wp:featuredmedia":[{"embeddable":true,"href":"https:\/\/www.garagemania.ch\/fr\/wp-json\/wp\/v2\/media\/9596"}],"wp:attachment":[{"href":"https:\/\/www.garagemania.ch\/fr\/wp-json\/wp\/v2\/media?parent=9591"}],"wp:term":[{"taxonomy":"product_brand","embeddable":true,"href":"https:\/\/www.garagemania.ch\/fr\/wp-json\/wp\/v2\/product_brand?post=9591"},{"taxonomy":"product_cat","embeddable":true,"href":"https:\/\/www.garagemania.ch\/fr\/wp-json\/wp\/v2\/product_cat?post=9591"},{"taxonomy":"product_tag","embeddable":true,"href":"https:\/\/www.garagemania.ch\/fr\/wp-json\/wp\/v2\/product_tag?post=9591"}],"curies":[{"name":"wp","href":"https:\/\/api.w.org\/{rel}","templated":true}]}}